{"id":274,"date":"2021-02-23T13:51:33","date_gmt":"2021-02-23T12:51:33","guid":{"rendered":"https:\/\/twp-strafrecht.de\/?page_id=274"},"modified":"2026-03-19T12:01:02","modified_gmt":"2026-03-19T11:01:02","slug":"home","status":"publish","type":"page","link":"https:\/\/defenza.de\/de_de\/","title":{"rendered":"Home"},"content":{"rendered":"<p>[et_pb_section fb_built=&#8220;1&#8243; custom_padding_last_edited=&#8220;on|phone&#8220; admin_label=&#8220;Page Title Section&#8220; _builder_version=&#8220;4.27.4&#8243; background_image=&#8220;https:\/\/defenza.de\/wp-content\/uploads\/2025\/07\/TWP_Strafrechtskanzlei-scaled.jpg&#8220; z_index=&#8220;0&#8243; width_tablet=&#8220;&#8220; width_phone=&#8220;&#8220; width_last_edited=&#8220;on|tablet&#8220; min_height=&#8220;950px&#8220; min_height_tablet=&#8220;&#8220; min_height_phone=&#8220;350px&#8220; min_height_last_edited=&#8220;on|desktop&#8220; height_tablet=&#8220;600px&#8220; height_phone=&#8220;250px&#8220; height_last_edited=&#8220;on|tablet&#8220; custom_margin=&#8220;||||false|false&#8220; custom_margin_tablet=&#8220;||||false|true&#8220; custom_margin_phone=&#8220;-100px||||false|true&#8220; custom_margin_last_edited=&#8220;on|phone&#8220; custom_padding=&#8220;120px||120px|&#8220; custom_padding_tablet=&#8220;&#8220; custom_padding_phone=&#8220;0px||0px||false|true&#8220; module_alignment_tablet=&#8220;center&#8220; module_alignment_phone=&#8220;center&#8220; module_alignment_last_edited=&#8220;on|desktop&#8220; global_colors_info=&#8220;{}&#8220;][et_pb_row admin_label=&#8220;Page Title Area&#8220; _builder_version=&#8220;4.16&#8243; background_size=&#8220;initial&#8220; background_position=&#8220;top_left&#8220; background_repeat=&#8220;repeat&#8220; custom_margin=&#8220;400px||-100px||false|false&#8220; custom_margin_tablet=&#8220;100px||-100px||false|false&#8220; custom_margin_phone=&#8220;100px||||false|false&#8220; custom_margin_last_edited=&#8220;on|phone&#8220; global_colors_info=&#8220;{}&#8220;][et_pb_column type=&#8220;4_4&#8243; _builder_version=&#8220;4.16&#8243; custom_padding=&#8220;|||&#8220; global_colors_info=&#8220;{}&#8220; custom_padding__hover=&#8220;|||&#8220;][et_pb_text content_tablet=&#8220;&#8220; content_phone=&#8220;&#8220; content_last_edited=&#8220;on|phone&#8220; admin_label=&#8220;Wir k\u00e4mpfen f\u00fcr Sie f\u00fcr das bestm\u00f6gliche Ergebnis.&#8220; _builder_version=&#8220;4.16&#8243; text_text_color=&#8220;#000000&#8243; text_line_height=&#8220;2em&#8220; header_text_color=&#8220;#000000&#8243; header_2_font=&#8220;Nunito||||||||&#8220; text_orientation=&#8220;center&#8220; background_layout=&#8220;dark&#8220; max_width=&#8220;700px&#8220; module_alignment=&#8220;center&#8220; custom_margin=&#8220;|||&#8220; custom_margin_tablet=&#8220;&#8220; custom_margin_phone=&#8220;||||false|false&#8220; custom_margin_last_edited=&#8220;on|phone&#8220; animation_style=&#8220;fade&#8220; text_text_color_tablet=&#8220;&#8220; text_text_color_phone=&#8220;&#8220; text_text_color_last_edited=&#8220;on|phone&#8220; header_font_size_tablet=&#8220;35px&#8220; header_font_size_phone=&#8220;16px&#8220; header_font_size_last_edited=&#8220;on|tablet&#8220; global_colors_info=&#8220;{}&#8220;][\/et_pb_text][\/et_pb_column][\/et_pb_row][\/et_pb_section][et_pb_section fb_built=&#8220;1&#8243; admin_label=&#8220;Welcome &#038; About Us&#8220; _builder_version=&#8220;4.16&#8243; background_color=&#8220;#FFFFFF&#8220; use_background_color_gradient=&#8220;on&#8220; background_color_gradient_stops=&#8220;rgba(255,255,255,0.6) 20%|#ffffff 100%&#8220; background_color_gradient_overlays_image=&#8220;on&#8220; background_color_gradient_start=&#8220;rgba(255,255,255,0.6)&#8220; background_color_gradient_start_position=&#8220;20%&#8220; background_color_gradient_end=&#8220;#ffffff&#8220; background_image=&#8220;https:\/\/defenza.de\/wp-content\/uploads\/2021\/04\/architect-firm-01-1.jpg&#8220; z_index=&#8220;0&#8243; global_colors_info=&#8220;{}&#8220;][et_pb_row _builder_version=&#8220;4.16&#8243; custom_margin=&#8220;|||&#8220; custom_margin_tablet=&#8220;&#8220; custom_margin_phone=&#8220;||||false|false&#8220; custom_margin_last_edited=&#8220;on|phone&#8220; custom_padding=&#8220;||60px|&#8220; animation_style=&#8220;fade&#8220; global_colors_info=&#8220;{}&#8220;][et_pb_column type=&#8220;4_4&#8243; _builder_version=&#8220;4.16&#8243; custom_padding=&#8220;|||&#8220; global_colors_info=&#8220;{}&#8220; custom_padding__hover=&#8220;|||&#8220;][et_pb_text content_tablet=&#8220;&#8220; content_phone=&#8220;<\/p>\n<h2>Strafrechtskanzlei<\/h2>\n<p>&#8220; content_last_edited=&#8220;on|desktop&#8220; admin_label=&#8220;Strafrechts\u00adkanzlei&#8220; _builder_version=&#8220;4.16&#8243; _module_preset=&#8220;fcc6ec7a-0937-4071-83c8-299a22b335dd&#8220; locked=&#8220;off&#8220; global_colors_info=&#8220;{}&#8220;]<\/p>\n<h2>Strafrechts\u00adkanzlei<\/h2>\n<p>[\/et_pb_text][et_pb_text _builder_version=&#8220;4.21.0&#8243; _module_preset=&#8220;fcc6ec7a-0937-4071-83c8-299a22b335dd&#8220; text_text_color=&#8220;#000000&#8243; text_font_size=&#8220;22px&#8220; header_4_font=&#8220;Conneqt Bold|300||on|||||&#8220; header_4_font_size=&#8220;13px&#8220; header_4_line_height=&#8220;1.8em&#8220; max_width=&#8220;100%&#8220; animation_style=&#8220;fade&#8220; text_font_size_tablet=&#8220;22px&#8220; text_font_size_phone=&#8220;16px&#8220; text_font_size_last_edited=&#8220;on|phone&#8220; global_colors_info=&#8220;{}&#8220;]<\/p>\n<div><\/div>\n<div>\n<p>Wir sind spezialisiert auf das Strafrecht \u2013 unsere Kernkompetenz ist die Strafverteidigung.<\/p>\n<p>Als Strafverteidigerinnen und Strafverteidiger treten wir konsequent f\u00fcr die Durchsetzung der Rechte unserer Mandantschaft ein. Mit Erfahrung und Blick f\u00fcrs Detail stehen wir von Hamburg aus bundesweit verl\u00e4sslich zur Seite und halten \u2013 im rechtsstaatlichen Rahmen \u2013 die Auswirkungen eines Strafverfahrens so gering wie m\u00f6glich. Die ger\u00e4uschlose Verfahrenserledigung beherrschen wir ebenso wie streitige Hauptverhandlungen. Nur wer den Kampf nicht scheut, kann auch eine gute L\u00f6sung finden.<\/p>\n<p>Durch vielf\u00e4ltiges Engagement sind wir zudem bestens vernetzt und wirken an der Diskussion und Fortentwicklung des Rechts mit.<\/p>\n<\/div>\n<div><\/div>\n<p>[\/et_pb_text][\/et_pb_column][\/et_pb_row][\/et_pb_section][et_pb_section fb_built=&#8220;1&#8243; _builder_version=&#8220;4.16&#8243; _module_preset=&#8220;default&#8220; background_color=&#8220;RGBA(0,0,0,0)&#8220; z_index=&#8220;9999&#8243; custom_margin=&#8220;0px|0px|0px|0px|false|false&#8220; custom_padding=&#8220;0px|0px|0px|0px|false|false&#8220; custom_css_before=&#8220;white-space: nowrap;&#8220; custom_css_main_element=&#8220;white-space: nowrap;&#8220; custom_css_after=&#8220;white-space: nowrap;&#8220; global_colors_info=&#8220;{}&#8220;][et_pb_row _builder_version=&#8220;4.16&#8243; _module_preset=&#8220;default&#8220; background_color=&#8220;RGBA(0,0,0,0)&#8220; module_alignment=&#8220;center&#8220; custom_margin=&#8220;0px|0px|0px|0px|false|false&#8220; custom_padding=&#8220;0px|0px|0px|0px|false|false&#8220; custom_css_before=&#8220;white-space: nowrap;&#8220; custom_css_main_element=&#8220;white-space: nowrap;&#8220; custom_css_after=&#8220;white-space: nowrap;&#8220; global_colors_info=&#8220;{}&#8220;][et_pb_column type=&#8220;4_4&#8243; _builder_version=&#8220;4.16&#8243; _module_preset=&#8220;default&#8220; global_colors_info=&#8220;{}&#8220;][et_pb_button button_url=&#8220;https:\/\/defenza.de\/kompetenzen&#8220; button_text=&#8220;Unsere Kompetenzen&#8220; button_alignment=&#8220;center&#8220; _builder_version=&#8220;4.21.0&#8243; _module_preset=&#8220;default&#8220; custom_button=&#8220;on&#8220; button_text_color=&#8220;#FFFFFF&#8220; button_bg_color=&#8220;#b51f1e&#8220; button_font=&#8220;Nunito||||||||&#8220; button_icon=&#8220;&#xf0e3;||fa||900&#8243; button_icon_color=&#8220;RGBA(0,0,0,0)&#8220; background_layout=&#8220;dark&#8220; custom_margin=&#8220;0px|0px|50px|0px|false|false&#8220; custom_padding=&#8220;|20px||20px|false|false&#8220; animation_style=&#8220;zoom&#8220; button_text_size_tablet=&#8220;&#8220; button_text_size_phone=&#8220;18px&#8220; button_text_size_last_edited=&#8220;on|phone&#8220; custom_css_before=&#8220;white-space: nowrap;&#8220; custom_css_main_element=&#8220;white-space: nowrap;&#8220; custom_css_after=&#8220;white-space: nowrap;&#8220; global_colors_info=&#8220;{}&#8220;][\/et_pb_button][\/et_pb_column][\/et_pb_row][\/et_pb_section][et_pb_section fb_built=&#8220;1&#8243; admin_label=&#8220;Team Section&#8220; module_id=&#8220;rechtsanwalt&#8220; _builder_version=&#8220;4.16&#8243; background_color=&#8220;RGBA(0,0,0,0)&#8220; z_index=&#8220;0&#8243; custom_margin=&#8220;||100px|&#8220; custom_padding=&#8220;40px||||false|false&#8220; global_colors_info=&#8220;{}&#8220;][et_pb_row admin_label=&#8220;Team Area&#8220; _builder_version=&#8220;4.16&#8243; locked=&#8220;off&#8220; global_colors_info=&#8220;{}&#8220;][et_pb_column type=&#8220;4_4&#8243; _builder_version=&#8220;4.16&#8243; custom_padding=&#8220;|||&#8220; global_colors_info=&#8220;{}&#8220; custom_padding__hover=&#8220;|||&#8220;][et_pb_text admin_label=&#8220;Rechtsanw\u00e4lt*innenin B\u00fcrogemeinschaft&#8220; _builder_version=&#8220;4.16&#8243; text_text_color=&#8220;RGBA(0,0,0,0)&#8220; text_font_size=&#8220;1px&#8220; text_line_height=&#8220;1em&#8220; header_font_size=&#8220;30px&#8220; header_line_height=&#8220;1.2em&#8220; header_2_font=&#8220;Playfair Display||||||||&#8220; header_2_text_align=&#8220;center&#8220; header_2_font_size=&#8220;48px&#8220; header_2_line_height=&#8220;1.6em&#8220; module_alignment=&#8220;center&#8220; custom_margin=&#8220;||10px|&#8220; custom_padding=&#8220;|||&#8220; animation_style=&#8220;fade&#8220; text_font_size_tablet=&#8220;&#8220; text_font_size_phone=&#8220;&#8220; text_font_size_last_edited=&#8220;on|phone&#8220; header_font_size_tablet=&#8220;&#8220; header_font_size_phone=&#8220;22px&#8220; header_font_size_last_edited=&#8220;on|phone&#8220; header_2_font_size_tablet=&#8220;40px&#8220; header_2_font_size_phone=&#8220;&#8220; header_2_font_size_last_edited=&#8220;on|tablet&#8220; global_colors_info=&#8220;{}&#8220;]<\/p>\n<h1 class=\"elementor-heading-title elementor-size-default\" style=\"text-align: center;\" alt=\"Rechtsanw\u00e4ltInnen in B\u00fcrogemeinschaft\">R\uf004chts\uf000nw\u00e4lt*inn\uf004n<br \/><span>in B\u00fcrogemeinschaft<\/span><\/h1>\n<p>[\/et_pb_text][et_pb_divider color=&#8220;#b51f1e&#8220; divider_position=&#8220;center&#8220; divider_weight=&#8220;3px&#8220; _builder_version=&#8220;4.16&#8243; max_width=&#8220;70px&#8220; module_alignment=&#8220;center&#8220; animation_style=&#8220;slide&#8220; animation_direction=&#8220;top&#8220; animation_intensity_slide=&#8220;10%&#8220; animation_starting_opacity=&#8220;100%&#8220; global_colors_info=&#8220;{}&#8220;][\/et_pb_divider][\/et_pb_column][\/et_pb_row][et_pb_row column_structure=&#8220;1_3,1_3,1_3&#8243; admin_label=&#8220;Team Area&#8220; _builder_version=&#8220;4.21.0&#8243; background_color=&#8220;RGBA(0,0,0,0)&#8220; z_index=&#8220;0&#8243; module_alignment_tablet=&#8220;&#8220; module_alignment_phone=&#8220;center&#8220; module_alignment_last_edited=&#8220;on|phone&#8220; global_colors_info=&#8220;{}&#8220;][et_pb_column type=&#8220;1_3&#8243; _builder_version=&#8220;4.21.0&#8243; custom_padding=&#8220;|||&#8220; custom_css_main_element=&#8220;display: flex;||flex-direction:row;||justify-content: center;&#8220; global_colors_info=&#8220;{}&#8220; custom_padding__hover=&#8220;|||&#8220; custom_css_main_element_last_edited=&#8220;on|tablet&#8220; custom_css_main_element_tablet=&#8220;display: flex;||flex-direction:row;||justify-content: center;&#8220; custom_css_main_element_phone=&#8220;display: flex;||flex-direction:row;||justify-content: center;&#8220;][et_pb_team_member name=&#8220;\uf000ndr\uf004\uf000s Thi\uf004l&#8220; image_url=&#8220;https:\/\/defenza.de\/wp-content\/uploads\/2025\/09\/Andreas_Thiel-scaled.jpg&#8220; icon_color=&#8220;#747d88&#8243; admin_label=&#8220;Andreas Thiel&#8220; _builder_version=&#8220;4.27.4&#8243; header_font=&#8220;Conneqt Bold||||||||&#8220; header_line_height=&#8220;1.5em&#8220; body_font=&#8220;Nunito||||||||&#8220; body_line_height=&#8220;0.1em&#8220; z_index=&#8220;10&#8243; child_filter_saturate=&#8220;0%&#8220; animation_style=&#8220;fade&#8220; link_option_url=&#8220;https:\/\/defenza.de\/de_de\/andreas-thiel\/&#8220; child_filter_saturate_tablet=&#8220;0%&#8220; child_filter_saturate_phone=&#8220;0%&#8220; child_filter_saturate_last_edited=&#8220;on|desktop&#8220; locked=&#8220;off&#8220; global_colors_info=&#8220;{}&#8220; child_filter_saturate__hover_enabled=&#8220;on|hover&#8220; child_filter_saturate__hover=&#8220;100%&#8220; transform_styles__hover_enabled=&#8220;on|hover&#8220; transform_scale__hover_enabled=&#8220;on|hover&#8220; transform_translate__hover_enabled=&#8220;on|desktop&#8220; transform_rotate__hover_enabled=&#8220;on|desktop&#8220; transform_skew__hover_enabled=&#8220;on|desktop&#8220; transform_origin__hover_enabled=&#8220;on|desktop&#8220; transform_scale__hover=&#8220;110%|110%&#8220;]<\/p>\n<p>Rechtsanwalt<\/p>\n<p>Strafverteidiger<\/p>\n<p>&nbsp;<\/p>\n<p>[\/et_pb_team_member][\/et_pb_column][et_pb_column type=&#8220;1_3&#8243; _builder_version=&#8220;4.27.4&#8243; _module_preset=&#8220;default&#8220; global_colors_info=&#8220;{}&#8220;][et_pb_team_member name=&#8220;G\u00fcl Pin\uf000r&#8220; image_url=&#8220;https:\/\/defenza.de\/wp-content\/uploads\/2025\/09\/Guel_Pinar-scaled.jpg&#8220; icon_color=&#8220;#747d88&#8243; image_url_tablet=&#8220;https:\/\/defenza.de\/wp-content\/uploads\/2021\/04\/Guel_Foto.png&#8220; image_url_phone=&#8220;https:\/\/defenza.de\/wp-content\/uploads\/2021\/04\/Guel_Foto.png&#8220; image_url_last_edited=&#8220;off|desktop&#8220; admin_label=&#8220;G\u00fcl Pinar&#8220; _builder_version=&#8220;4.27.4&#8243; header_font=&#8220;Conneqt Bold||||||||&#8220; header_line_height=&#8220;1.5em&#8220; body_font=&#8220;Nunito||||||||&#8220; body_line_height=&#8220;0.1em&#8220; z_index=&#8220;10&#8243; child_filter_saturate=&#8220;0%&#8220; animation_style=&#8220;fade&#8220; link_option_url=&#8220;https:\/\/defenza.de\/guel-pinar\/&#8220; child_filter_saturate_tablet=&#8220;0%&#8220; child_filter_saturate_phone=&#8220;0%&#8220; child_filter_saturate_last_edited=&#8220;on|phone&#8220; locked=&#8220;off&#8220; global_colors_info=&#8220;{}&#8220; child_filter_saturate__hover_enabled=&#8220;on|desktop&#8220; child_filter_saturate__hover=&#8220;100%&#8220; transform_styles__hover_enabled=&#8220;on|hover&#8220; transform_scale__hover=&#8220;110%|110%&#8220; transform_scale__hover_enabled=&#8220;on|hover&#8220; transform_translate__hover_enabled=&#8220;on|desktop&#8220; transform_rotate__hover_enabled=&#8220;on|desktop&#8220; transform_skew__hover_enabled=&#8220;on|desktop&#8220; transform_origin__hover_enabled=&#8220;on|desktop&#8220;]<\/p>\n<p>Rechtsanw\u00e4ltin<\/p>\n<p>Fachanw\u00e4ltin f\u00fcr Strafrecht<\/p>\n<p>Zertifizierte Beraterin<\/p>\n<p>Steuerstrafrecht (DAA)<\/p>\n<p>[\/et_pb_team_member][\/et_pb_column][et_pb_column type=&#8220;1_3&#8243; _builder_version=&#8220;4.21.0&#8243; custom_padding=&#8220;|||&#8220; global_colors_info=&#8220;{}&#8220; custom_padding__hover=&#8220;|||&#8220; custom_css_main_element_last_edited=&#8220;on|tablet&#8220; custom_css_main_element_tablet=&#8220;display: flex;||flex-direction:row;||justify-content: center;&#8220; custom_css_main_element_phone=&#8220;display: flex;||flex-direction:row;||justify-content: center;&#8220;][et_pb_team_member name=&#8220;\uf000rn\uf004 W\uf004ll\uf004r&#8220; image_url=&#8220;https:\/\/defenza.de\/wp-content\/uploads\/2025\/09\/Arne_Weller-scaled.jpg&#8220; icon_color=&#8220;#747d88&#8243; admin_label=&#8220;Arne Weller&#8220; _builder_version=&#8220;4.27.4&#8243; _dynamic_attributes=&#8220;link_option_url&#8220; header_font=&#8220;Conneqt Bold||||||||&#8220; header_line_height=&#8220;1.5em&#8220; body_font=&#8220;Nunito||||||||&#8220; body_line_height=&#8220;0.1em&#8220; z_index=&#8220;10&#8243; child_filter_saturate=&#8220;0%&#8220; animation_style=&#8220;fade&#8220; link_option_url=&#8220;@ET-DC@eyJkeW5hbWljIjp0cnVlLCJjb250ZW50IjoicG9zdF9saW5rX3VybF9wYWdlIiwic2V0dGluZ3MiOnsicG9zdF9pZCI6IjI2OTYifX0=@&#8220; child_filter_saturate_tablet=&#8220;0%&#8220; child_filter_saturate_phone=&#8220;0%&#8220; child_filter_saturate_last_edited=&#8220;on|tablet&#8220; locked=&#8220;off&#8220; global_colors_info=&#8220;{}&#8220; child_filter_saturate__hover_enabled=&#8220;on|desktop&#8220; child_filter_saturate__hover=&#8220;100%&#8220; transform_styles__hover_enabled=&#8220;on|hover&#8220; transform_scale__hover_enabled=&#8220;on|hover&#8220; transform_translate__hover_enabled=&#8220;on|desktop&#8220; transform_rotate__hover_enabled=&#8220;on|desktop&#8220; transform_skew__hover_enabled=&#8220;on|desktop&#8220; transform_origin__hover_enabled=&#8220;on|desktop&#8220; transform_scale__hover=&#8220;110%|110%&#8220;]<\/p>\n<p>Rechtsanwalt<\/p>\n<p>Fachanwalt f\u00fcr Strafrecht<\/p>\n<p>&nbsp;<\/p>\n<p>[\/et_pb_team_member][\/et_pb_column][\/et_pb_row][et_pb_row column_structure=&#8220;1_3,1_3,1_3&#8243; admin_label=&#8220;Team Area&#8220; _builder_version=&#8220;4.21.0&#8243; background_color=&#8220;RGBA(0,0,0,0)&#8220; z_index=&#8220;0&#8243; module_alignment_tablet=&#8220;&#8220; module_alignment_phone=&#8220;center&#8220; module_alignment_last_edited=&#8220;on|phone&#8220; global_colors_info=&#8220;{}&#8220; custom_css_main_element_last_edited=&#8220;off|tablet&#8220;][et_pb_column type=&#8220;1_3&#8243; _builder_version=&#8220;4.21.0&#8243; custom_padding=&#8220;|||&#8220; custom_css_main_element=&#8220;display: flex;||flex-direction:row;||justify-content: center;&#8220; global_colors_info=&#8220;{}&#8220; custom_padding__hover=&#8220;|||&#8220;][et_pb_team_member name=&#8220;No\uf000h Kis\uf02ener&#8220; image_url=&#8220;https:\/\/defenza.de\/wp-content\/uploads\/2025\/09\/Noah_Kistner-scaled.jpg&#8220; icon_color=&#8220;#747d88&#8243; admin_label=&#8220;Andreas Thiel&#8220; _builder_version=&#8220;4.27.4&#8243; _dynamic_attributes=&#8220;link_option_url&#8220; header_font=&#8220;Conneqt Bold||||||||&#8220; header_line_height=&#8220;1.5em&#8220; body_font=&#8220;Nunito||||||||&#8220; body_line_height=&#8220;0.1em&#8220; z_index=&#8220;10&#8243; child_filter_saturate=&#8220;0%&#8220; animation_style=&#8220;fade&#8220; link_option_url=&#8220;@ET-DC@eyJkeW5hbWljIjp0cnVlLCJjb250ZW50IjoicG9zdF9saW5rX3VybF9wYWdlIiwic2V0dGluZ3MiOnsicG9zdF9pZCI6IjI2MTcifX0=@&#8220; child_filter_saturate_tablet=&#8220;0%&#8220; child_filter_saturate_phone=&#8220;0%&#8220; child_filter_saturate_last_edited=&#8220;on|phone&#8220; locked=&#8220;off&#8220; global_colors_info=&#8220;{}&#8220; child_filter_saturate__hover_enabled=&#8220;on|desktop&#8220; child_filter_saturate__hover=&#8220;100%&#8220; transform_styles__hover_enabled=&#8220;on|hover&#8220; custom_css_main_element_last_edited=&#8220;off|tablet&#8220; transform_scale__hover=&#8220;110%|110%&#8220; transform_scale__hover_enabled=&#8220;on|hover&#8220; transform_translate__hover_enabled=&#8220;on|desktop&#8220; transform_rotate__hover_enabled=&#8220;on|desktop&#8220; transform_skew__hover_enabled=&#8220;on|desktop&#8220; transform_origin__hover_enabled=&#8220;on|desktop&#8220;]<\/p>\n<p>Rechtsanwalt<\/p>\n<p>Fachanwalt f\u00fcr Strafrecht<\/p>\n<p>&nbsp;<\/p>\n<p>[\/et_pb_team_member][\/et_pb_column][et_pb_column type=&#8220;1_3&#8243; _builder_version=&#8220;4.21.0&#8243; custom_padding=&#8220;|||&#8220; custom_css_main_element=&#8220;display: flex;||flex-direction:row;||justify-content: center;&#8220; global_colors_info=&#8220;{}&#8220; custom_padding__hover=&#8220;|||&#8220;][et_pb_team_member name=&#8220;S\uf000ndr\uf000 Scherbar\uf02eh&#8220; image_url=&#8220;https:\/\/defenza.de\/wp-content\/uploads\/2025\/09\/Sandra_Scherbarth-scaled.jpg&#8220; icon_color=&#8220;#747d88&#8243; image_url_tablet=&#8220;https:\/\/defenza.de\/wp-content\/uploads\/2021\/04\/Guel_Foto.png&#8220; image_url_phone=&#8220;https:\/\/defenza.de\/wp-content\/uploads\/2021\/04\/Guel_Foto.png&#8220; image_url_last_edited=&#8220;off|desktop&#8220; admin_label=&#8220;G\u00fcl Pinar&#8220; _builder_version=&#8220;4.27.4&#8243; _dynamic_attributes=&#8220;link_option_url&#8220; header_font=&#8220;Conneqt Bold||||||||&#8220; header_line_height=&#8220;1.5em&#8220; body_font=&#8220;Nunito||||||||&#8220; body_line_height=&#8220;0.1em&#8220; z_index=&#8220;10&#8243; child_filter_saturate=&#8220;0%&#8220; animation_style=&#8220;fade&#8220; link_option_url=&#8220;@ET-DC@eyJkeW5hbWljIjp0cnVlLCJjb250ZW50IjoicG9zdF9saW5rX3VybF9wYWdlIiwic2V0dGluZ3MiOnsicG9zdF9pZCI6IjI2MzQifX0=@&#8220; child_filter_saturate_tablet=&#8220;0%&#8220; child_filter_saturate_phone=&#8220;0%&#8220; child_filter_saturate_last_edited=&#8220;on|phone&#8220; locked=&#8220;off&#8220; global_colors_info=&#8220;{}&#8220; child_filter_saturate__hover_enabled=&#8220;on|desktop&#8220; child_filter_saturate__hover=&#8220;100%&#8220; transform_styles__hover_enabled=&#8220;on|hover&#8220; transform_scale__hover=&#8220;110%|110%&#8220; transform_scale__hover_enabled=&#8220;on|hover&#8220; transform_translate__hover_enabled=&#8220;on|desktop&#8220; transform_rotate__hover_enabled=&#8220;on|desktop&#8220; transform_skew__hover_enabled=&#8220;on|desktop&#8220; transform_origin__hover_enabled=&#8220;on|desktop&#8220;]<\/p>\n<p>Rechtsanw\u00e4ltin<\/p>\n<p>Strafverteidigerin<\/p>\n<p>[\/et_pb_team_member][\/et_pb_column][et_pb_column type=&#8220;1_3&#8243; _builder_version=&#8220;4.27.4&#8243; _module_preset=&#8220;default&#8220; global_colors_info=&#8220;{}&#8220;][\/et_pb_column][\/et_pb_row][\/et_pb_section][et_pb_section fb_built=&#8220;1&#8243; custom_padding_last_edited=&#8220;on|phone&#8220; _builder_version=&#8220;4.16&#8243; _module_preset=&#8220;default&#8220; background_color=&#8220;RGBA(0,0,0,0)&#8220; z_index=&#8220;0&#8243; width=&#8220;200px&#8220; width_tablet=&#8220;&#8220; width_phone=&#8220;150px&#8220; width_last_edited=&#8220;on|tablet&#8220; module_alignment=&#8220;right&#8220; height=&#8220;150px&#8220; height_tablet=&#8220;&#8220; height_phone=&#8220;150px&#8220; height_last_edited=&#8220;on|tablet&#8220; custom_margin=&#8220;0px|0px|0px|0px|false|false&#8220; custom_margin_tablet=&#8220;&#8220; custom_margin_phone=&#8220;0px|0px|0px|0px|false|false&#8220; custom_margin_last_edited=&#8220;on|phone&#8220; custom_padding=&#8220;0px|0px|0px|0px|false|false&#8220; custom_padding_tablet=&#8220;&#8220; custom_padding_phone=&#8220;0px|150px|0px|0px|false|false&#8220; top_divider_color_tablet=&#8220;&#8220; top_divider_color_phone=&#8220;&#8220; top_divider_color_last_edited=&#8220;on|phone&#8220; sticky_position=&#8220;bottom&#8220; module_alignment_tablet=&#8220;right&#8220; module_alignment_phone=&#8220;right&#8220; module_alignment_last_edited=&#8220;on|desktop&#8220; global_colors_info=&#8220;{}&#8220;][et_pb_row _builder_version=&#8220;4.16&#8243; _module_preset=&#8220;default&#8220; background_color=&#8220;RGBA(0,0,0,0)&#8220; z_index=&#8220;0&#8243; width=&#8220;100%&#8220; module_alignment=&#8220;right&#8220; height=&#8220;100%&#8220; custom_margin=&#8220;0px|0px|0px|5px|false|false&#8220; custom_margin_tablet=&#8220;&#8220; custom_margin_phone=&#8220;&#8220; custom_margin_last_edited=&#8220;on|phone&#8220; custom_padding=&#8220;0px|0px|0px|0px|false|false&#8220; global_colors_info=&#8220;{}&#8220;][et_pb_column type=&#8220;4_4&#8243; _builder_version=&#8220;4.16&#8243; _module_preset=&#8220;default&#8220; global_colors_info=&#8220;{}&#8220;][et_pb_blurb url=&#8220;tel:+494043274434&#8243; use_icon=&#8220;on&#8220; font_icon=&#8220;&#xe090;||divi||400&#8243; icon_color=&#8220;#b51f1e&#8220; image_icon_background_color=&#8220;#FFFFFF&#8220; image_icon_width=&#8220;48px&#8220; icon_alignment=&#8220;right&#8220; content_max_width=&#8220;100%&#8220; image_icon_width_tablet=&#8220;48px&#8220; image_icon_width_phone=&#8220;40px&#8220; image_icon_width_last_edited=&#8220;on|phone&#8220; content_max_width_tablet=&#8220;&#8220; content_max_width_phone=&#8220;200px&#8220; content_max_width_last_edited=&#8220;on|desktop&#8220; admin_label=&#8220;Informationstext&#8220; module_id=&#8220;call_button_flow&#8220; _builder_version=&#8220;4.16&#8243; _module_preset=&#8220;default&#8220; background_color=&#8220;RGBA(0,0,0,0)&#8220; image_icon_custom_padding=&#8220;25px|25px|25px|25px|false|false&#8220; z_index=&#8220;9998&#8243; width=&#8220;100%&#8220; module_alignment=&#8220;right&#8220; max_height=&#8220;100%&#8220; custom_margin=&#8220;0px|0px|0px|0px|false|false&#8220; custom_margin_tablet=&#8220;&#8220; custom_margin_phone=&#8220;0px|100px|0px|0px|false|false&#8220; custom_margin_last_edited=&#8220;on|phone&#8220; custom_padding=&#8220;0px|50px|50px|0px|false|false&#8220; custom_padding_tablet=&#8220;&#8220; custom_padding_phone=&#8220;||0px||false|false&#8220; custom_padding_last_edited=&#8220;on|phone&#8220; border_width_all=&#8220;0px&#8220; border_radii_image=&#8220;on|100%|100%|100%|100%&#8220; icon_font_size_tablet=&#8220;&#8220; icon_font_size_phone=&#8220;40px&#8220; icon_font_size_last_edited=&#8220;on|phone&#8220; use_circle=&#8220;on&#8220; circle_color=&#8220;#FFFFFF&#8220; global_colors_info=&#8220;{}&#8220; image_icon_background_color__sticky_enabled=&#8220;#7EBEC5&#8243; image_icon_background_color__sticky=&#8220;#7EBEC5&#8243;][\/et_pb_blurb][\/et_pb_column][\/et_pb_row][\/et_pb_section]<\/p>\n","protected":false},"excerpt":{"rendered":"<p>Strafrechts\u00adkanzlei Wir sind spezialisiert auf das Strafrecht \u2013 unsere Kernkompetenz ist die Strafverteidigung. Als Strafverteidigerinnen und Strafverteidiger treten wir konsequent f\u00fcr die Durchsetzung der Rechte unserer Mandantschaft ein. Mit Erfahrung und Blick f\u00fcrs Detail stehen wir von Hamburg aus bundesweit verl\u00e4sslich zur Seite und halten \u2013 im rechtsstaatlichen Rahmen \u2013 die Auswirkungen eines Strafverfahrens so [&hellip;]<\/p>\n","protected":false},"author":2,"featured_media":0,"parent":0,"menu_order":0,"comment_status":"closed","ping_status":"closed","template":"","meta":{"_et_pb_use_builder":"on","_et_pb_old_content":"","_et_gb_content_width":"","om_disable_all_campaigns":false,"_monsterinsights_skip_tracking":false,"_monsterinsights_sitenote_active":false,"_monsterinsights_sitenote_note":"","_monsterinsights_sitenote_category":0,"footnotes":""},"class_list":["post-274","page","type-page","status-publish","hentry"],"aioseo_notices":[],"_links":{"self":[{"href":"https:\/\/defenza.de\/de_de\/wp-json\/wp\/v2\/pages\/274","targetHints":{"allow":["GET"]}}],"collection":[{"href":"https:\/\/defenza.de\/de_de\/wp-json\/wp\/v2\/pages"}],"about":[{"href":"https:\/\/defenza.de\/de_de\/wp-json\/wp\/v2\/types\/page"}],"author":[{"embeddable":true,"href":"https:\/\/defenza.de\/de_de\/wp-json\/wp\/v2\/users\/2"}],"replies":[{"embeddable":true,"href":"https:\/\/defenza.de\/de_de\/wp-json\/wp\/v2\/comments?post=274"}],"version-history":[{"count":16,"href":"https:\/\/defenza.de\/de_de\/wp-json\/wp\/v2\/pages\/274\/revisions"}],"predecessor-version":[{"id":4525,"href":"https:\/\/defenza.de\/de_de\/wp-json\/wp\/v2\/pages\/274\/revisions\/4525"}],"wp:attachment":[{"href":"https:\/\/defenza.de\/de_de\/wp-json\/wp\/v2\/media?parent=274"}],"curies":[{"name":"wp","href":"https:\/\/api.w.org\/{rel}","templated":true}]}}