{"id":2981,"date":"2025-04-14T07:44:58","date_gmt":"2025-04-14T05:44:58","guid":{"rendered":"https:\/\/twp-strafrecht.de\/?page_id=2981"},"modified":"2026-02-23T23:01:47","modified_gmt":"2026-02-23T22:01:47","slug":"hausdurchsuchung-hamburg-was-tun-bei-polizei-und-durchsuchungsbeschluss","status":"publish","type":"page","link":"https:\/\/defenza.de\/de_de\/hausdurchsuchung-hamburg-was-tun-bei-polizei-und-durchsuchungsbeschluss\/","title":{"rendered":"Hausdurchsuchung Hamburg \u2013 was tun bei Polizei und Durchsuchungsbeschluss?"},"content":{"rendered":"<p>[et_pb_section fb_built=&#8220;1&#8243; disabled_on=&#8220;off|on|on&#8220; admin_label=&#8220;Hero Section&#8220; _builder_version=&#8220;4.16&#8243; custom_padding=&#8220;0|0px|0px|0px&#8220; global_colors_info=&#8220;{}&#8220;][et_pb_row use_custom_gutter=&#8220;on&#8220; make_equal=&#8220;on&#8220; _builder_version=&#8220;4.16&#8243; width=&#8220;100%&#8220; max_width=&#8220;100%&#8220; custom_padding=&#8220;0px|0|0px|&#8220; use_custom_width=&#8220;on&#8220; width_unit=&#8220;off&#8220; custom_width_percent=&#8220;100%&#8220; global_colors_info=&#8220;{}&#8220;][et_pb_column type=&#8220;4_4&#8243; _builder_version=&#8220;4.16&#8243; custom_padding=&#8220;200px|4%|200px|8%&#8220; custom_padding_tablet=&#8220;60px|10%|60px|10%&#8220; custom_padding_phone=&#8220;&#8220; custom_padding_last_edited=&#8220;on|tablet&#8220; global_colors_info=&#8220;{}&#8220; padding_tablet=&#8220;60px|10%|60px|10%&#8220; padding_last_edited=&#8220;on|tablet&#8220; custom_padding__hover=&#8220;|||&#8220; padding_phone=&#8220;60px|10%|60px|10%&#8220;][et_pb_image src=&#8220;https:\/\/defenza.de\/wp-content\/uploads\/2025\/11\/Hausdurchsuchung&#8211;was-tun-Ihre-Strafrechtsanwaelte-von-TWP-aus-Hamburg-klaeren-auf.jpg&#8220; alt=&#8220;Rechtsanw\u00e4lt*innen&#8220; title_text=&#8220;Hausdurchsuchung \u2013 was tun? Ihre Strafrechtsanw\u00e4lte von TWP aus Hamburg kl\u00e4ren auf&#8220; align_tablet=&#8220;center&#8220; align_phone=&#8220;&#8220; align_last_edited=&#8220;on|desktop&#8220; disabled_on=&#8220;off|on|on&#8220; _builder_version=&#8220;4.27.4&#8243; max_width=&#8220;600px&#8220; max_width_tablet=&#8220;&#8220; max_width_phone=&#8220;&#8220; max_width_last_edited=&#8220;on|desktop&#8220; custom_margin=&#8220;|||-8%&#8220; custom_margin_tablet=&#8220;60px|60px|60px|60px&#8220; custom_margin_phone=&#8220;0px|0px|0px|0px|false|false&#8220; custom_margin_last_edited=&#8220;on|phone&#8220; custom_padding=&#8220;|||&#8220; animation_style=&#8220;slide&#8220; animation_direction=&#8220;right&#8220; animation_intensity_slide=&#8220;4%&#8220; animation_starting_opacity=&#8220;50%&#8220; box_shadow_style=&#8220;preset3&#8243; box_shadow_blur=&#8220;80px&#8220; global_colors_info=&#8220;{}&#8220;][\/et_pb_image][\/et_pb_column][\/et_pb_row][\/et_pb_section][et_pb_section fb_built=&#8220;1&#8243; admin_label=&#8220;Hero Section&#8220; _builder_version=&#8220;4.16&#8243; custom_padding=&#8220;0|0px|0px|0px&#8220; global_colors_info=&#8220;{}&#8220;][et_pb_row column_structure=&#8220;1_2,1_2&#8243; use_custom_gutter=&#8220;on&#8220; make_equal=&#8220;on&#8220; _builder_version=&#8220;4.27.4&#8243; width=&#8220;100%&#8220; max_width=&#8220;100%&#8220; custom_padding=&#8220;0px|0px|0px|||&#8220; use_custom_width=&#8220;on&#8220; width_unit=&#8220;off&#8220; custom_width_percent=&#8220;100%&#8220; global_colors_info=&#8220;{}&#8220;][et_pb_column type=&#8220;1_2&#8243; _builder_version=&#8220;4.16&#8243; custom_padding=&#8220;200px|4%|200px|8%&#8220; custom_padding_tablet=&#8220;60px|10%|60px|10%&#8220; custom_padding_phone=&#8220;&#8220; custom_padding_last_edited=&#8220;on|tablet&#8220; global_colors_info=&#8220;{}&#8220; padding_tablet=&#8220;60px|10%|60px|10%&#8220; padding_last_edited=&#8220;on|tablet&#8220; custom_padding__hover=&#8220;|||&#8220; padding_phone=&#8220;60px|10%|60px|10%&#8220;][et_pb_text _builder_version=&#8220;4.16&#8243; header_font=&#8220;Nunito||||||||&#8220; header_3_font=&#8220;Karla|700||on|||||&#8220; header_3_text_color=&#8220;#b51f1f&#8220; header_3_font_size=&#8220;16px&#8220; header_3_letter_spacing=&#8220;1px&#8220; transform_scale=&#8220;100%|100%&#8220; background_layout=&#8220;dark&#8220; custom_margin=&#8220;0px||20px||false|false&#8220; custom_margin_tablet=&#8220;&#8220; custom_margin_phone=&#8220;-60px||||false|false&#8220; custom_margin_last_edited=&#8220;on|phone&#8220; locked=&#8220;off&#8220; global_colors_info=&#8220;{}&#8220;]<\/p>\n<h3><\/h3>\n<p>[\/et_pb_text][et_pb_divider color=&#8220;#b51f1e&#8220; divider_weight=&#8220;2px&#8220; _builder_version=&#8220;4.16&#8243; transform_scale=&#8220;100%|100%&#8220; max_width=&#8220;150px&#8220; module_alignment=&#8220;right&#8220; height=&#8220;2px&#8220; custom_margin=&#8220;|||&#8220; custom_padding=&#8220;|-60px||&#8220; custom_padding_tablet=&#8220;|0px||&#8220; custom_padding_last_edited=&#8220;off|desktop&#8220; locked=&#8220;off&#8220; global_colors_info=&#8220;{}&#8220;][\/et_pb_divider][et_pb_text _builder_version=&#8220;4.27.4&#8243; custom_margin=&#8220;||30px|||&#8220; hover_enabled=&#8220;0&#8243; locked=&#8220;off&#8220; global_colors_info=&#8220;{}&#8220; sticky_enabled=&#8220;0&#8243;]<\/p>\n<h1>Hausdurchsuchung \u2013 was tun? Ihre Strafrechtsanw\u00e4lte aus Hamburg kl\u00e4ren auf<\/h1>\n<p style=\"text-align: left;\">Wenn eine Hausdurchsuchung oder Wohnungsdurchsuchung bei Ihnen ansteht, ist Ruhe bewahren der wichtigste erste Schritt. Als erfahrene Strafverteidiger aus Hamburg wissen wir, wie belastend eine solche Ma\u00dfnahme ist. Eine Durchsuchung stellt einen erheblichen Eingriff in Ihre Privatsph\u00e4re dar und unterliegt strengen Voraussetzungen nach der Strafprozessordnung (StPO).<\/p>\n<p style=\"text-align: left;\">Lassen Sie sich den Durchsuchungsbeschluss vorlegen und bitten um eine Abschrift oder darum, ein Foto davon machen zu k\u00f6nnen. Machen Sie keine Angaben zur Sache oder der im Beschluss genannten Straftat und kontaktieren Sie m\u00f6glichst fr\u00fchzeitig Ihre Strafverteidiger, am besten schon w\u00e4hrend die Polizei oder der Zoll vor Ort ist.<\/p>\n<p style=\"text-align: left;\">Wir begleiten Sie direkt bei der Durchsuchung, pr\u00fcfen die Rechtm\u00e4\u00dfigkeit des Beschlusses und der Ermittlungsma\u00dfnahmen. In Hamburg und Norddeutschland sind wir vor Ort f\u00fcr Sie da und stellen sicher, dass Ihre Rechte als Betroffene gewahrt bleiben.<\/p>\n<p>[\/et_pb_text][et_pb_text _builder_version=&#8220;4.27.4&#8243; header_2_font=&#8220;Conneqt Bold|||||on|||&#8220; header_2_text_color=&#8220;#666666&#8243; header_2_font_size=&#8220;20px&#8220; header_3_text_color=&#8220;#666666&#8243; locked=&#8220;off&#8220; global_colors_info=&#8220;{}&#8220;]<\/p>\n<h2 style=\"text-align: left;\">Rechtliche Grundlagen und Voraussetzungen einer Durchsuchung<\/h2>\n<p style=\"text-align: left;\"><span style=\"font-weight: 400;\">Eine Durchsuchung darf nur erfolgen, wenn ein konkreter Anfangsverdacht einer\u00a0Straftat\u00a0besteht. Die\u00a0StPO\u00a0regelt die Voraussetzungen f\u00fcr die Anordnung einer Durchsuchung (\u00a7\u00a7 102, 105 StPO). Dies sind:<\/span><\/p>\n<ul style=\"text-align: left;\">\n<li style=\"font-weight: 400;\" aria-level=\"1\"><span style=\"font-weight: 400;\">Ein schriftlicher, aktueller\u00a0Durchsuchungsbeschluss\u00a0oder \u2013 bei Gefahr im\u00a0Verzug\u00a0\u2013 ein Durchsuchungsbefehl der Polizei oder Staatsanwaltschaft.<\/span><\/li>\n<li style=\"font-weight: 400;\" aria-level=\"1\"><span style=\"font-weight: 400;\">Konkrete Bezeichnung der zu durchsuchenden R\u00e4ume und der betroffenen Person.<\/span><\/li>\n<li style=\"font-weight: 400;\" aria-level=\"1\"><span style=\"font-weight: 400;\">Angabe des Zwecks und der Art der Ma\u00dfnahme, verbunden mit einer richterlichen Pr\u00fcfung der Verh\u00e4ltnism\u00e4\u00dfigkeit.<\/span><\/li>\n<\/ul>\n<p style=\"text-align: left;\"><span style=\"font-weight: 400;\">Wesentliche Gr\u00fcnde f\u00fcr eine Hausdurchsuchung oder Wohnungsdurchsuchung sind die Vermutung, jemanden, insbesondere einen Beschuldigten, oder etwas, also Beweismittel, aufzufinden (sog. Auffindedurchsuchung) oder Ermittlungserkenntnisse gewinnen zu k\u00f6nnen (sog. Ermittlungsdurchsuchung). Es handelt sich um dieselbe Ma\u00dfnahme, lediglich der Zweck ist unterschiedlich. Die Rechtsgrundlagen sind aber die gleichen.\u00a0<\/span><\/p>\n<p style=\"text-align: left;\"><span style=\"font-weight: 400;\">Die Durchsuchung darf R\u00e4ume betreffen, die der verd\u00e4chtigen Person zugeordnet sind, darunter auch Zweitwohnungen, Gesch\u00e4ftsr\u00e4ume oder Kraftfahrzeuge. R\u00e4umlichkeiten Dritter d\u00fcrfen nur unter engen Voraussetzungen durchsucht werden.<\/span><\/p>\n<h2 style=\"text-align: left;\">Was ist bei einer Durchsuchung erlaubt?<\/h2>\n<p style=\"text-align: left;\"><span style=\"font-weight: 400;\">Die\u00a0Polizei\u00a0darf alle\u00a0Beweismittel\u00a0sicherstellen, die mit der\u00a0Straftat\u00a0in Verbindung stehen, egal ob offensichtliche Tatmittel oder \u2013 im Rahmen der vom BGH aufgestellten Voraussetzungen \u2013 sogenannte Zufallsfunde. Dies umfasst neben physischen Gegenst\u00e4nden auch elektronische Speichermedien oder Buchhaltungsunterlagen, vor allem bei komplexen Ermittlungen.<\/span><\/p>\n<h2 style=\"text-align: left;\">Wann ist eine Wohnungsdurchsuchung unzul\u00e4ssig?<\/h2>\n<p style=\"text-align: left;\"><span style=\"font-weight: 400;\">Eine Durchsuchung ist insbesondere unzul\u00e4ssig, wenn:<\/span><\/p>\n<ul style=\"text-align: left;\">\n<li style=\"font-weight: 400;\" aria-level=\"1\"><span style=\"font-weight: 400;\">Ein\u00a0Beschluss\u00a0fehlt oder der Beschluss fehlerhaft ist (z.\u202fB. die gerichtliche Anordnung der Durchsuchung mehr als 6 Monate her ist, ungenaue Angaben).<\/span><\/li>\n<li style=\"font-weight: 400;\" aria-level=\"1\"><span style=\"font-weight: 400;\">Die Durchsuchung au\u00dferhalb der gem\u00e4\u00df \u00a7\u202f104\u00a0Abs.\u00a01\u00a0StPO\u00a0gesetzlich zul\u00e4ssigen Zeiten erfolgt und daf\u00fcr kein rechtfertigender Grund vorliegt.<\/span><\/li>\n<li style=\"font-weight: 400;\" aria-level=\"1\"><span style=\"font-weight: 400;\">Die Ma\u00dfnahme unverh\u00e4ltnism\u00e4\u00dfig ist.<\/span><\/li>\n<\/ul>\n<h2 style=\"text-align: left;\">Was ist Gefahr in Verzug und was ist bei Gefahr in Verzug erlaubt?<\/h2>\n<p style=\"text-align: left;\"><span style=\"font-weight: 400;\">Gefahr im Verzug bei Hausdurchsuchungen liegt vor, wenn die Polizei oder Staatsanwaltschaft ohne vorherige richterliche Anordnung sofort handeln muss, weil sonst der Zweck der Ma\u00dfnahme \u2013 meist die Sicherstellung von Beweismitteln \u2013 gef\u00e4hrdet w\u00e4re. Das bedeutet konkret, dass ein richterlicher Durchsuchungsbeschluss nicht mehr rechtzeitig eingeholt werden kann, ohne dass Beweismittel vernichtet oder unauffindbar gemacht w\u00fcrden.<\/span><\/p>\n<p style=\"text-align: left;\"><span style=\"font-weight: 400;\">Wesentliche Voraussetzungen nach der Rechtsprechung und den gesetzlichen Vorgaben der \u00a7\u00a7 102, 105 Abs. 1 Satz 1 StPO sind:<\/span><\/p>\n<ul style=\"text-align: left;\">\n<li style=\"font-weight: 400;\" aria-level=\"1\"><span style=\"font-weight: 400;\">Die tats\u00e4chliche, konkrete und unaufschiebbare Gefahr zum Zeitpunkt der Anordnung, also ein unmittelbarer Handlungsdruck.<\/span><\/li>\n<li style=\"font-weight: 400;\" aria-level=\"1\"><span style=\"font-weight: 400;\">Die Staatsanwaltschaft oder Polizei muss zuvor versucht haben, einen richterlichen Beschluss einzuholen.<\/span><\/li>\n<li style=\"font-weight: 400;\" aria-level=\"1\"><span style=\"font-weight: 400;\">Die Einsch\u00e4tzung der Gefahr muss auf nachvollziehbaren, konkreten Tatsachen beruhen, nicht auf blo\u00dfen Vermutungen oder kriminalistischer Routine.<\/span><\/li>\n<li style=\"font-weight: 400;\" aria-level=\"1\"><span style=\"font-weight: 400;\">Die Ma\u00dfnahme muss unverz\u00fcglich durchgef\u00fchrt werden.<\/span><\/li>\n<\/ul>\n<p style=\"text-align: left;\"><span style=\"font-weight: 400;\">Bei\u00a0Gefahr im Verzug\u00a0kann die Staatsanwaltschaft oder Polizei ohne richterlichen\u00a0Durchsuchungsbeschluss\u00a0sofort handeln. Ob die Durchsuchung rechtm\u00e4\u00dfig ist, wird an der Einsch\u00e4tzung der Lage zum Zeitpunkt der Anordnung gemessen, und nicht an sp\u00e4teren Umst\u00e4nden oder dem Vollzugszeitpunkt. Die rechtliche W\u00fcrdigung, die Gr\u00fcnde und der Zeitbezug der Entscheidung m\u00fcssen dokumentiert werden.\u00a0<\/span><\/p>\n<h2 style=\"text-align: left;\">Tipps f\u00fcr Betroffene bei einer Durchsuchung in Hamburg und Umgebung:<\/h2>\n<ul style=\"text-align: left;\">\n<li style=\"font-weight: 400;\" aria-level=\"1\"><span style=\"font-weight: 400;\">Bewahren Sie Ruhe und leisten Sie keine k\u00f6rperliche Gegenwehr.<\/span><\/li>\n<li style=\"font-weight: 400;\" aria-level=\"1\"><span style=\"font-weight: 400;\">Lassen Sie sich den\u00a0Durchsuchungsbeschluss\u00a0zeigen, bitten Sie darum, ein Foto davon machen zu k\u00f6nnen und pr\u00fcfen Sie die G\u00fcltigkeit und die enthaltenen Angaben.<\/span><\/li>\n<li style=\"font-weight: 400;\" aria-level=\"1\"><span style=\"font-weight: 400;\">Machen Sie keine Angaben \u2013 vor allem aber keine Aussage \u2013 ohne rechtlichen Beistand. Jeder Satz kann sp\u00e4ter entscheidend sein.<\/span><\/li>\n<li style=\"font-weight: 400;\" aria-level=\"1\"><span style=\"font-weight: 400;\">Geben Sie gesuchte Gegenst\u00e4nde freiwillig heraus, um Zwangsma\u00dfnahmen zu vermeiden.<\/span><\/li>\n<li style=\"font-weight: 400;\" aria-level=\"1\"><span style=\"font-weight: 400;\">Verlangen Sie eine Kopie des\u00a0Durchsuchungsprotokolls\u00a0und fertigen Sie ein Ged\u00e4chtnisprotokoll an (wer war da, was wurde mitgenommen, was wurde gesagt).<\/span><\/li>\n<\/ul>\n<h2 style=\"text-align: left;\">Unterst\u00fctzung durch erfahrene Anw\u00e4lte f\u00fcr Strafrecht in Hamburg<\/h2>\n<p style=\"text-align: left;\"><span style=\"font-weight: 400;\">Eine polizeiliche\u00a0Wohnungsdurchsuchung\u00a0ist ein gravierender Eingriff in Ihre Privatsph\u00e4re. Es ist umgehend eine rechtliche Pr\u00fcfung, ob die Voraussetzungen der \u00a7\u00a7 102 ff.\u00a0StPO\u00a0sowie der Praxis aktueller Rechtsprechung gegeben sind. Unsere kompetenten Strafrechtsanw\u00e4lte in Hamburg pr\u00fcfen jeden\u00a0Beschluss\u00a0sorgf\u00e4ltig und setzen Ihre Rechte durch.<\/span><\/p>\n<p style=\"text-align: left;\"><span style=\"font-weight: 400;\">Kontaktieren Sie unsere Kanzlei in Hamburg schnellstm\u00f6glich, wenn Sie von einer Durchsuchung betroffen sind \u2013 wir stehen an Ihrer Seite, in Hamburg und Norddeutschland auch unmittelbar vor Ort bei der Durchsuchung.<\/span><\/p>\n<p>[\/et_pb_text][et_pb_text _builder_version=&#8220;4.27.4&#8243; header_2_font=&#8220;Conneqt Bold|||||on|||&#8220; header_2_text_color=&#8220;#666666&#8243; header_2_font_size=&#8220;20px&#8220; header_3_text_color=&#8220;#666666&#8243; locked=&#8220;off&#8220; global_colors_info=&#8220;{}&#8220;]<\/p>\n<h2 style=\"text-align: left;\">FAQ \u2013 H\u00e4ufige Fragen zur Hausdurchsuchung<\/h2>\n<p>[\/et_pb_text][et_pb_accordion _builder_version=&#8220;4.27.4&#8243; _module_preset=&#8220;default&#8220; max_width=&#8220;600px&#8220; module_alignment=&#8220;right&#8220; global_colors_info=&#8220;{}&#8220;][et_pb_accordion_item title=&#8220;Wann darf eine Hausdurchsuchung stattfinden?&#8220; open=&#8220;on&#8220; _builder_version=&#8220;4.21.0&#8243; _module_preset=&#8220;default&#8220; global_colors_info=&#8220;{}&#8220;]<\/p>\n<p>Eine Hausdurchsuchung ist nur zul\u00e4ssig, wenn ein richterlicher Beschluss vorliegt oder bei Gefahr im Verzug. Sie muss verh\u00e4ltnism\u00e4\u00dfig sein und darf nicht zur blo\u00dfen Ausforschung dienen.<\/p>\n<p>[\/et_pb_accordion_item][et_pb_accordion_item title=&#8220;Wer stellt den Durchsuchungsbeschluss aus?&#8220; _builder_version=&#8220;4.21.0&#8243; _module_preset=&#8220;default&#8220; global_colors_info=&#8220;{}&#8220; open=&#8220;off&#8220;]<\/p>\n<p>In der Regel erl\u00e4sst ein Ermittlungsrichter den Beschluss. Bei Gefahr im Verzug kann auch die Staatsanwaltschaft oder \u2013 in Ausnahmef\u00e4llen \u2013 die Polizei anordnen.<\/p>\n<p>[\/et_pb_accordion_item][et_pb_accordion_item title=&#8220;Welche R\u00e4ume d\u00fcrfen durchsucht werden?&#8220; _builder_version=&#8220;4.21.0&#8243; _module_preset=&#8220;default&#8220; global_colors_info=&#8220;{}&#8220; open=&#8220;off&#8220;]<\/p>\n<p>Alle R\u00e4ume, die dem Beschuldigten zugeordnet sind: Wohnung, Nebenr\u00e4ume, Gesch\u00e4ftsr\u00e4ume, Hotelzimmer, Fahrzeuge. R\u00e4ume Dritter nur mit ausdr\u00fccklicher Anordnung und konkretem Tatverdacht.<\/p>\n<p>[\/et_pb_accordion_item][et_pb_accordion_item title=&#8220;Welche Gegenst\u00e4nde d\u00fcrfen beschlagnahmt werden?&#8220; _builder_version=&#8220;4.21.0&#8243; _module_preset=&#8220;default&#8220; global_colors_info=&#8220;{}&#8220; open=&#8220;off&#8220;]<\/p>\n<p>Beweismittel im Zusammenhang mit der Tat sowie Zufallsfunde, wenn sie im Rahmen einer rechtm\u00e4\u00dfigen Durchsuchung entdeckt werden. Handys nur bei schweren Straftaten.<\/p>\n<p>[\/et_pb_accordion_item][et_pb_accordion_item title=&#8220;Wann bekomme ich beschlagnahmte Gegenst\u00e4nde zur\u00fcck?&#8220; _builder_version=&#8220;4.21.0&#8243; _module_preset=&#8220;default&#8220; global_colors_info=&#8220;{}&#8220; open=&#8220;off&#8220;]<\/p>\n<p>Nach Abschluss des Verfahrens oder sobald die Gegenst\u00e4nde nicht mehr ben\u00f6tigt werden. Ein Antrag auf Herausgabe kann auch w\u00e4hrend des Verfahrens gestellt werden.<\/p>\n<p>[\/et_pb_accordion_item][et_pb_accordion_item title=&#8220;Muss ich bei der Durchsuchung anwesend sein?&#8220; _builder_version=&#8220;4.21.0&#8243; _module_preset=&#8220;default&#8220; global_colors_info=&#8220;{}&#8220; open=&#8220;off&#8220;]<\/p>\n<p>Nein. Die Durchsuchung kann auch in Ihrer Abwesenheit erfolgen. In der Regel wird jedoch eine neutrale Person als Zeuge hinzugezogen.<\/p>\n<p>[\/et_pb_accordion_item][et_pb_accordion_item title=&#8220;Wie sollte ich mich bei einer Durchsuchung verhalten?&#8220; _builder_version=&#8220;4.21.0&#8243; _module_preset=&#8220;default&#8220; global_colors_info=&#8220;{}&#8220; open=&#8220;off&#8220;]<\/p>\n<p>Keine Aussagen, keine Unterschriften. Nur Angaben zur Identit\u00e4t machen. Einen Strafverteidiger kontaktieren und sich das Durchsuchungsprotokoll aush\u00e4ndigen lassen.<\/p>\n<p>[\/et_pb_accordion_item][et_pb_accordion_item title=&#8220;Was darf die Polizei?&#8220; _builder_version=&#8220;4.21.0&#8243; _module_preset=&#8220;default&#8220; global_colors_info=&#8220;{}&#8220; open=&#8220;off&#8220;]<\/p>\n<p>Die Polizei darf nur auf Grundlage eines g\u00fcltigen Beschlusses und innerhalb gesetzlicher Zeiten durchsuchen. Zufallsfunde d\u00fcrfen mitgenommen werden. K\u00f6rperliche Durchsuchungen unterliegen zus\u00e4tzlichen Voraussetzungen.<\/p>\n<p>[\/et_pb_accordion_item][et_pb_accordion_item title=&#8220;Was, wenn nichts gefunden wird?&#8220; _builder_version=&#8220;4.21.0&#8243; _module_preset=&#8220;default&#8220; global_colors_info=&#8220;{}&#8220; open=&#8220;off&#8220;]<\/p>\n<p>Die Staatsanwaltschaft kann das Verfahren einstellen oder weitere Ermittlungen einleiten. Sie oder Ihr Verteidiger k\u00f6nnen Akteneinsicht beantragen.<\/p>\n<p>[\/et_pb_accordion_item][et_pb_accordion_item title=&#8220;Wann ist eine Durchsuchung unverh\u00e4ltnism\u00e4\u00dfig?&#8220; _builder_version=&#8220;4.21.0&#8243; _module_preset=&#8220;default&#8220; global_colors_info=&#8220;{}&#8220; open=&#8220;off&#8220;]<\/p>\n<p>Wenn der Tatvorwurf geringf\u00fcgig ist und mildere Mittel zur Beweissicherung zur Verf\u00fcgung stehen. Dann kann ein Rechtsmittel gegen die Ma\u00dfnahme Erfolg haben.<\/p>\n<p>[\/et_pb_accordion_item][et_pb_accordion_item title=&#8220;Kann ich Schadensersatz verlangen?&#8220; _builder_version=&#8220;4.21.0&#8243; _module_preset=&#8220;default&#8220; global_colors_info=&#8220;{}&#8220; open=&#8220;off&#8220;]<\/p>\n<p>Nur in Ausnahmef\u00e4llen \u2013 z.\u202fB. bei Verfahrenseinstellung oder Freispruch. Der Schaden muss mindestens 25\u202f\u20ac betragen, der Anspruch ist binnen eines Monats geltend zu machen.<\/p>\n<p>[\/et_pb_accordion_item][et_pb_accordion_item title=&#8220;Wie kann ich mich gegen eine rechtswidrige Durchsuchung wehren?&#8220; _builder_version=&#8220;4.21.0&#8243; _module_preset=&#8220;default&#8220; global_colors_info=&#8220;{}&#8220; open=&#8220;off&#8220;]<\/p>\n<p>Nachhinein durch gerichtliche \u00dcberpr\u00fcfung des Beschlusses und ggf. Antrag auf Beweisverwertungsverbot. Daf\u00fcr ben\u00f6tigen Sie anwaltliche Unterst\u00fctzung und eine Kopie des Beschlusses.<\/p>\n<p>[\/et_pb_accordion_item][\/et_pb_accordion][\/et_pb_column][et_pb_column type=&#8220;1_2&#8243; disabled_on=&#8220;on|off|off&#8220; _builder_version=&#8220;4.27.4&#8243; use_background_color_gradient=&#8220;on&#8220; background_color_gradient_stops=&#8220;rgba(18,18,18,0.5) 0%|#121212 100%&#8220; background_color_gradient_overlays_image=&#8220;on&#8220; background_color_gradient_start=&#8220;rgba(18,18,18,0.5)&#8220; background_color_gradient_end=&#8220;#121212&#8243; background_image=&#8220;https:\/\/defenza.de\/wp-content\/uploads\/2025\/11\/Hausdurchsuchung&#8211;was-tun-Ihre-Strafrechtsanwaelte-von-TWP-aus-Hamburg-klaeren-auf.jpg&#8220; custom_padding=&#8220;100px||100px|&#8220; custom_padding_tablet=&#8220;60px||60px|&#8220; custom_padding_phone=&#8220;&#8220; custom_padding_last_edited=&#8220;on|desktop&#8220; global_colors_info=&#8220;{}&#8220; padding_tablet=&#8220;60px||60px|&#8220; padding_last_edited=&#8220;on|desktop&#8220; custom_padding__hover=&#8220;|||&#8220; padding_phone=&#8220;60px||60px|&#8220;][et_pb_image src=&#8220;https:\/\/defenza.de\/wp-content\/uploads\/2025\/11\/Hausdurchsuchung&#8211;was-tun-Ihre-Strafrechtsanwaelte-von-TWP-aus-Hamburg-klaeren-auf.jpg&#8220; alt=&#8220;Rechtsanw\u00e4lt*innen&#8220; title_text=&#8220;Hausdurchsuchung \u2013 was tun? Ihre Strafrechtsanw\u00e4lte von TWP aus Hamburg kl\u00e4ren auf&#8220; align_tablet=&#8220;center&#8220; align_phone=&#8220;&#8220; align_last_edited=&#8220;on|desktop&#8220; disabled_on=&#8220;on|off|off&#8220; _builder_version=&#8220;4.27.4&#8243; max_width=&#8220;600px&#8220; max_width_tablet=&#8220;&#8220; max_width_phone=&#8220;&#8220; max_width_last_edited=&#8220;on|desktop&#8220; custom_margin=&#8220;|||-8%&#8220; custom_margin_tablet=&#8220;60px|60px|60px|60px&#8220; custom_margin_phone=&#8220;&#8220; custom_margin_last_edited=&#8220;on|desktop&#8220; custom_padding=&#8220;|||&#8220; animation_style=&#8220;slide&#8220; animation_direction=&#8220;right&#8220; animation_intensity_slide=&#8220;4%&#8220; animation_starting_opacity=&#8220;50%&#8220; box_shadow_style=&#8220;preset3&#8243; box_shadow_blur=&#8220;80px&#8220; global_colors_info=&#8220;{}&#8220;][\/et_pb_image][\/et_pb_column][\/et_pb_row][\/et_pb_section]<\/p>\n","protected":false},"excerpt":{"rendered":"<p>Hausdurchsuchung durch Polizei oder Zoll? Was Betroffene in Hamburg wissen sollten: Rechte bei Durchsuchungsbeschluss, Verhalten vor Ort &#038; anwaltlicher Rat vom Strafverteidiger.<\/p>\n","protected":false},"author":4,"featured_media":0,"parent":0,"menu_order":0,"comment_status":"closed","ping_status":"closed","template":"","meta":{"_et_pb_use_builder":"on","_et_pb_old_content":"","_et_gb_content_width":"","om_disable_all_campaigns":false,"_monsterinsights_skip_tracking":false,"_monsterinsights_sitenote_active":false,"_monsterinsights_sitenote_note":"","_monsterinsights_sitenote_category":0,"footnotes":""},"class_list":["post-2981","page","type-page","status-publish","hentry"],"aioseo_notices":[],"_links":{"self":[{"href":"https:\/\/defenza.de\/de_de\/wp-json\/wp\/v2\/pages\/2981","targetHints":{"allow":["GET"]}}],"collection":[{"href":"https:\/\/defenza.de\/de_de\/wp-json\/wp\/v2\/pages"}],"about":[{"href":"https:\/\/defenza.de\/de_de\/wp-json\/wp\/v2\/types\/page"}],"author":[{"embeddable":true,"href":"https:\/\/defenza.de\/de_de\/wp-json\/wp\/v2\/users\/4"}],"replies":[{"embeddable":true,"href":"https:\/\/defenza.de\/de_de\/wp-json\/wp\/v2\/comments?post=2981"}],"version-history":[{"count":11,"href":"https:\/\/defenza.de\/de_de\/wp-json\/wp\/v2\/pages\/2981\/revisions"}],"predecessor-version":[{"id":4487,"href":"https:\/\/defenza.de\/de_de\/wp-json\/wp\/v2\/pages\/2981\/revisions\/4487"}],"wp:attachment":[{"href":"https:\/\/defenza.de\/de_de\/wp-json\/wp\/v2\/media?parent=2981"}],"curies":[{"name":"wp","href":"https:\/\/api.w.org\/{rel}","templated":true}]}}