{"id":3967,"date":"2025-10-21T15:04:56","date_gmt":"2025-10-21T13:04:56","guid":{"rendered":"https:\/\/twp-strafrecht.de\/?page_id=3967"},"modified":"2025-10-24T14:36:34","modified_gmt":"2025-10-24T12:36:34","slug":"anom-eine-us-amerikanischer-honigtopf-auf-litauischem-server-vor-deutschen-gerichten","status":"publish","type":"page","link":"https:\/\/defenza.de\/de_de\/anom-eine-us-amerikanischer-honigtopf-auf-litauischem-server-vor-deutschen-gerichten\/","title":{"rendered":"ANOM: Eine US-amerikanischer Honigtopf  auf litauischem Server vor deutschen Gerichten"},"content":{"rendered":"<p>[et_pb_section fb_built=&#8220;1&#8243; disabled_on=&#8220;off|on|on&#8220; admin_label=&#8220;Hero Section&#8220; _builder_version=&#8220;4.16&#8243; custom_padding=&#8220;0|0px|0px|0px&#8220; global_colors_info=&#8220;{}&#8220;][et_pb_row use_custom_gutter=&#8220;on&#8220; make_equal=&#8220;on&#8220; _builder_version=&#8220;4.16&#8243; width=&#8220;100%&#8220; max_width=&#8220;100%&#8220; custom_padding=&#8220;0px|0|0px|&#8220; use_custom_width=&#8220;on&#8220; width_unit=&#8220;off&#8220; custom_width_percent=&#8220;100%&#8220; global_colors_info=&#8220;{}&#8220;][et_pb_column type=&#8220;4_4&#8243; _builder_version=&#8220;4.16&#8243; custom_padding=&#8220;200px|4%|200px|8%&#8220; custom_padding_tablet=&#8220;60px|10%|60px|10%&#8220; custom_padding_phone=&#8220;&#8220; custom_padding_last_edited=&#8220;on|tablet&#8220; global_colors_info=&#8220;{}&#8220; padding_tablet=&#8220;60px|10%|60px|10%&#8220; padding_last_edited=&#8220;on|tablet&#8220; custom_padding__hover=&#8220;|||&#8220; padding_phone=&#8220;60px|10%|60px|10%&#8220;][et_pb_image src=&#8220;https:\/\/defenza.de\/wp-content\/uploads\/2025\/10\/Rechtsanwalt-Noah-Kistner.jpg&#8220; alt=&#8220;Rechtsanw\u00e4lt*innen&#8220; title_text=&#8220;Rechtsanwalt-Noah-Kistner&#8220; align_tablet=&#8220;center&#8220; align_phone=&#8220;&#8220; align_last_edited=&#8220;on|desktop&#8220; disabled_on=&#8220;off|on|on&#8220; _builder_version=&#8220;4.27.4&#8243; max_width=&#8220;600px&#8220; max_width_tablet=&#8220;&#8220; max_width_phone=&#8220;&#8220; max_width_last_edited=&#8220;on|desktop&#8220; custom_margin=&#8220;|||-8%&#8220; custom_margin_tablet=&#8220;60px|60px|60px|60px&#8220; custom_margin_phone=&#8220;0px|0px|0px|0px|false|false&#8220; custom_margin_last_edited=&#8220;on|phone&#8220; custom_padding=&#8220;|||&#8220; animation_style=&#8220;slide&#8220; animation_direction=&#8220;right&#8220; animation_intensity_slide=&#8220;4%&#8220; animation_starting_opacity=&#8220;50%&#8220; box_shadow_style=&#8220;preset3&#8243; box_shadow_blur=&#8220;80px&#8220; global_colors_info=&#8220;{}&#8220;][\/et_pb_image][\/et_pb_column][\/et_pb_row][\/et_pb_section][et_pb_section fb_built=&#8220;1&#8243; admin_label=&#8220;Hero Section&#8220; _builder_version=&#8220;4.16&#8243; custom_padding=&#8220;0|0px|0px|0px&#8220; global_colors_info=&#8220;{}&#8220;][et_pb_row column_structure=&#8220;1_2,1_2&#8243; use_custom_gutter=&#8220;on&#8220; make_equal=&#8220;on&#8220; _builder_version=&#8220;4.27.4&#8243; width=&#8220;100%&#8220; max_width=&#8220;100%&#8220; custom_padding=&#8220;0px|0px|0px|||&#8220; use_custom_width=&#8220;on&#8220; width_unit=&#8220;off&#8220; custom_width_percent=&#8220;100%&#8220; global_colors_info=&#8220;{}&#8220;][et_pb_column type=&#8220;1_2&#8243; _builder_version=&#8220;4.16&#8243; custom_padding=&#8220;200px|4%|200px|8%&#8220; custom_padding_tablet=&#8220;60px|10%|60px|10%&#8220; custom_padding_phone=&#8220;&#8220; custom_padding_last_edited=&#8220;on|tablet&#8220; global_colors_info=&#8220;{}&#8220; padding_tablet=&#8220;60px|10%|60px|10%&#8220; padding_last_edited=&#8220;on|tablet&#8220; custom_padding__hover=&#8220;|||&#8220; padding_phone=&#8220;60px|10%|60px|10%&#8220;][et_pb_text _builder_version=&#8220;4.16&#8243; header_font=&#8220;Nunito||||||||&#8220; header_3_font=&#8220;Karla|700||on|||||&#8220; header_3_text_color=&#8220;#b51f1f&#8220; header_3_font_size=&#8220;16px&#8220; header_3_letter_spacing=&#8220;1px&#8220; transform_scale=&#8220;100%|100%&#8220; background_layout=&#8220;dark&#8220; custom_margin=&#8220;0px||20px||false|false&#8220; custom_margin_tablet=&#8220;&#8220; custom_margin_phone=&#8220;-60px||||false|false&#8220; custom_margin_last_edited=&#8220;on|phone&#8220; locked=&#8220;off&#8220; global_colors_info=&#8220;{}&#8220;]<\/p>\n<h3><\/h3>\n<p>[\/et_pb_text][et_pb_divider color=&#8220;#b51f1e&#8220; divider_weight=&#8220;2px&#8220; _builder_version=&#8220;4.16&#8243; transform_scale=&#8220;100%|100%&#8220; max_width=&#8220;150px&#8220; module_alignment=&#8220;right&#8220; height=&#8220;2px&#8220; custom_margin=&#8220;|||&#8220; custom_padding=&#8220;|-60px||&#8220; custom_padding_tablet=&#8220;|0px||&#8220; custom_padding_last_edited=&#8220;off|desktop&#8220; locked=&#8220;off&#8220; global_colors_info=&#8220;{}&#8220;][\/et_pb_divider][et_pb_text _builder_version=&#8220;4.27.4&#8243; header_2_font=&#8220;Conneqt Bold|||||on|||&#8220; header_2_text_color=&#8220;#666666&#8243; header_2_font_size=&#8220;20px&#8220; header_3_text_color=&#8220;#666666&#8243; custom_margin=&#8220;||35px|||&#8220; hover_enabled=&#8220;0&#8243; locked=&#8220;off&#8220; global_colors_info=&#8220;{}&#8220; sticky_enabled=&#8220;0&#8243;]<\/p>\n<h1>ANOM: Eine US-amerikanischer Honigtopf<br \/>auf litauischem Server vor deutschen Gerichten<\/h1>\n<p style=\"text-align: left;\">ANOM war ein vom FBI kontrollierter Krypto-Messaging-Dienst, der \u00fcber vermeintlich vor \u00dcberwachung gesch\u00fctzte Handys weltweit an Kriminelle verteilt wurde. Ziel war es von Anfang an, Kriminelle \u2013 vor allem aus dem Bereich der organisierten Kriminalit\u00e4t, insbesondere des internationalen Drogenhandels \u2013 \u00fcber die Ger\u00e4te kommunizieren zu lassen und diese sp\u00e4ter mittels der Kommunikationsinhalte zu \u00fcberf\u00fchren. Nutzer glaubten, verschl\u00fcsselt kommunizieren zu k\u00f6nnen \u2013 tats\u00e4chlich lasen aber die US-Beh\u00f6rden von Beginn an alle Nachrichten mit. Dabei nutzten die US-Beh\u00f6rden gezielt einen Server in der Europ\u00e4ischen Union, konkret in Litauen, um Verwertungsverbote nach US-Recht zu umgehen.<strong><\/strong><\/p>\n<p style=\"text-align: left;\">ANOM unterschied sich dabei grundlegend von den bekannten Krypto-Messaging-Diensten EncroChat und SkyECC. Hierbei handelte es sich tats\u00e4chlich um verschl\u00fcsselte Dienste, die zun\u00e4chst vor staatlichen Zugriffen gesch\u00fctzt waren. Erst \u00fcber Hacks bzw. Infiltration gelang europ\u00e4ischen Ermittlern der Zugriff auf die Systeme und darin befindliche Inhalte. Die bisherige Rechtsprechung zu EncroChat und SkyECC sowie der Umgang mit diesen Daten l\u00e4sst sich daher auch nicht ohne Weiteres auf den Umgang mit ANOM-Daten \u00fcbertragen, die auf g\u00e4nzlich anderem Wege gewonnen wurden. Zudem wurden sie nicht von EU-Staaten, sondern aus den USA nach Deutschland \u00fcbermittelt.<\/p>\n<p style=\"text-align: left;\">Die Rechtsprechung in Deutschland sieht die aus ANOM gewonnen Daten allerdings grunds\u00e4tzlich als verwertbar an \u2013 solange keine eindeutigen Hinweise daf\u00fcr vorliegen, dass die Daten im Ausland unter Verletzung rechtsstaatlicher Mindeststandards erlangt worden sind. So entschied h\u00f6chstrichterlich der BGH mit Beschluss vom 1. Januar 2025 (Az. 1 StR 54\/24), dass die Daten in Verfahren wegen des Verdachts des Bet\u00e4ubungsmittelhandels verwendet werden d\u00fcrfen. Diese Auffassung hat auch das Bundesverfassungsgericht mit seinem Beschluss vom 23. September 2025 (Az. 2 BvR 625\/25) best\u00e4tigt.<\/p>\n<p style=\"text-align: left;\">Allerdings deuten j\u00fcngere Enth\u00fcllungen darauf hin, dass litauische Richter gezielt durch die US-Beh\u00f6rden get\u00e4uscht worden sind. Wenn der f\u00fcr die \u00dcberwachungsma\u00dfnahme erforderliche richterliche Beschluss so erlangt worden ist, ist die Datenerhebung offensichtlich in rechtsstaatswidriger Weise erfolgt. Aktuell liegen der Hamburger Staatsanwaltschaft \u2013 und auch uns in verschiedenen Akten betreffend den Vorwurf des Drogenhandels \u2013 die ersten ANOM-Datens\u00e4tze vor; die Auswertung der erlangten Chatprotokolle und zugeh\u00f6riger Meta-Daten dauert an.<\/p>\n<p>[\/et_pb_text][\/et_pb_column][et_pb_column type=&#8220;1_2&#8243; disabled_on=&#8220;on|off|off&#8220; _builder_version=&#8220;4.27.4&#8243; use_background_color_gradient=&#8220;on&#8220; background_color_gradient_stops=&#8220;rgba(18,18,18,0.5) 0%|#121212 100%&#8220; background_color_gradient_overlays_image=&#8220;on&#8220; background_color_gradient_start=&#8220;rgba(18,18,18,0.5)&#8220; background_color_gradient_end=&#8220;#121212&#8243; background_image=&#8220;https:\/\/defenza.de\/wp-content\/uploads\/2025\/10\/Rechtsanwalt-Noah-Kistner.jpg&#8220; custom_padding=&#8220;100px||100px|&#8220; custom_padding_tablet=&#8220;60px||60px|&#8220; custom_padding_phone=&#8220;&#8220; custom_padding_last_edited=&#8220;on|desktop&#8220; global_colors_info=&#8220;{}&#8220; padding_tablet=&#8220;60px||60px|&#8220; padding_last_edited=&#8220;on|desktop&#8220; custom_padding__hover=&#8220;|||&#8220; padding_phone=&#8220;60px||60px|&#8220;][et_pb_image src=&#8220;https:\/\/defenza.de\/wp-content\/uploads\/2025\/10\/Rechtsanwalt-Noah-Kistner.jpg&#8220; alt=&#8220;Rechtsanw\u00e4lt*innen&#8220; title_text=&#8220;Rechtsanwalt-Noah-Kistner&#8220; align_tablet=&#8220;center&#8220; align_phone=&#8220;&#8220; align_last_edited=&#8220;on|desktop&#8220; disabled_on=&#8220;on|off|off&#8220; _builder_version=&#8220;4.27.4&#8243; max_width=&#8220;600px&#8220; max_width_tablet=&#8220;&#8220; max_width_phone=&#8220;&#8220; max_width_last_edited=&#8220;on|desktop&#8220; custom_margin=&#8220;|||-8%&#8220; custom_margin_tablet=&#8220;60px|60px|60px|60px&#8220; custom_margin_phone=&#8220;&#8220; custom_margin_last_edited=&#8220;on|desktop&#8220; custom_padding=&#8220;|||&#8220; animation_style=&#8220;slide&#8220; animation_direction=&#8220;right&#8220; animation_intensity_slide=&#8220;4%&#8220; animation_starting_opacity=&#8220;50%&#8220; box_shadow_style=&#8220;preset3&#8243; box_shadow_blur=&#8220;80px&#8220; global_colors_info=&#8220;{}&#8220;][\/et_pb_image][\/et_pb_column][\/et_pb_row][\/et_pb_section]<\/p>\n","protected":false},"excerpt":{"rendered":"<p>ANOM-Fall 2025: Wie der vom FBI betriebene Krypto-Messenger zur Beweiserhebung in EU-Verfahren f\u00fchrte. Rechtliche Bewertung, BGH- und BVerfG-Entscheidungen im \u00dcberblick.<\/p>\n","protected":false},"author":4,"featured_media":0,"parent":0,"menu_order":0,"comment_status":"closed","ping_status":"closed","template":"","meta":{"_et_pb_use_builder":"on","_et_pb_old_content":"","_et_gb_content_width":"","om_disable_all_campaigns":false,"_monsterinsights_skip_tracking":false,"_monsterinsights_sitenote_active":false,"_monsterinsights_sitenote_note":"","_monsterinsights_sitenote_category":0,"footnotes":""},"class_list":["post-3967","page","type-page","status-publish","hentry"],"aioseo_notices":[],"_links":{"self":[{"href":"https:\/\/defenza.de\/de_de\/wp-json\/wp\/v2\/pages\/3967","targetHints":{"allow":["GET"]}}],"collection":[{"href":"https:\/\/defenza.de\/de_de\/wp-json\/wp\/v2\/pages"}],"about":[{"href":"https:\/\/defenza.de\/de_de\/wp-json\/wp\/v2\/types\/page"}],"author":[{"embeddable":true,"href":"https:\/\/defenza.de\/de_de\/wp-json\/wp\/v2\/users\/4"}],"replies":[{"embeddable":true,"href":"https:\/\/defenza.de\/de_de\/wp-json\/wp\/v2\/comments?post=3967"}],"version-history":[{"count":6,"href":"https:\/\/defenza.de\/de_de\/wp-json\/wp\/v2\/pages\/3967\/revisions"}],"predecessor-version":[{"id":4022,"href":"https:\/\/defenza.de\/de_de\/wp-json\/wp\/v2\/pages\/3967\/revisions\/4022"}],"wp:attachment":[{"href":"https:\/\/defenza.de\/de_de\/wp-json\/wp\/v2\/media?parent=3967"}],"curies":[{"name":"wp","href":"https:\/\/api.w.org\/{rel}","templated":true}]}}