{"id":3970,"date":"2025-10-21T15:06:49","date_gmt":"2025-10-21T13:06:49","guid":{"rendered":"https:\/\/twp-strafrecht.de\/?page_id=3970"},"modified":"2025-10-21T15:23:54","modified_gmt":"2025-10-21T13:23:54","slug":"strafverfahren-der-europaeischen-staatsanwaltschaft","status":"publish","type":"page","link":"https:\/\/defenza.de\/de_de\/strafverfahren-der-europaeischen-staatsanwaltschaft\/","title":{"rendered":"Strafverfahren der Europ\u00e4ischen Staatsanwaltschaft"},"content":{"rendered":"\n[et_pb_section fb_built=&#8220;1&#8243; disabled_on=&#8220;off|on|on&#8220; admin_label=&#8220;Hero Section&#8220; _builder_version=&#8220;4.16&#8243; custom_padding=&#8220;0|0px|0px|0px&#8220; global_colors_info=&#8220;{}&#8220;][et_pb_row use_custom_gutter=&#8220;on&#8220; make_equal=&#8220;on&#8220; _builder_version=&#8220;4.16&#8243; width=&#8220;100%&#8220; max_width=&#8220;100%&#8220; custom_padding=&#8220;0px|0|0px|&#8220; use_custom_width=&#8220;on&#8220; width_unit=&#8220;off&#8220; custom_width_percent=&#8220;100%&#8220; global_colors_info=&#8220;{}&#8220;][et_pb_column type=&#8220;4_4&#8243; _builder_version=&#8220;4.16&#8243; custom_padding=&#8220;200px|4%|200px|8%&#8220; custom_padding_tablet=&#8220;60px|10%|60px|10%&#8220; custom_padding_phone=&#8220;&#8220; custom_padding_last_edited=&#8220;on|tablet&#8220; global_colors_info=&#8220;{}&#8220; padding_tablet=&#8220;60px|10%|60px|10%&#8220; padding_last_edited=&#8220;on|tablet&#8220; custom_padding__hover=&#8220;|||&#8220; padding_phone=&#8220;60px|10%|60px|10%&#8220;][et_pb_image src=&#8220;https:\/\/defenza.de\/wp-content\/uploads\/2021\/05\/IMG_2752-2-scaled.jpg&#8220; alt=&#8220;Rechtsanw\u00e4lt*innen&#8220; title_text=&#8220;G\u00fcl Pinar \/ Arne Weller \/ Andreas Thiel&#8220; align_tablet=&#8220;center&#8220; align_phone=&#8220;&#8220; align_last_edited=&#8220;on|desktop&#8220; disabled_on=&#8220;off|on|on&#8220; _builder_version=&#8220;4.21.0&#8243; max_width=&#8220;600px&#8220; max_width_tablet=&#8220;&#8220; max_width_phone=&#8220;&#8220; max_width_last_edited=&#8220;on|desktop&#8220; custom_margin=&#8220;|||-8%&#8220; custom_margin_tablet=&#8220;60px|60px|60px|60px&#8220; custom_margin_phone=&#8220;0px|0px|0px|0px|false|false&#8220; custom_margin_last_edited=&#8220;on|phone&#8220; custom_padding=&#8220;|||&#8220; animation_style=&#8220;slide&#8220; animation_direction=&#8220;right&#8220; animation_intensity_slide=&#8220;4%&#8220; animation_starting_opacity=&#8220;50%&#8220; box_shadow_style=&#8220;preset3&#8243; box_shadow_blur=&#8220;80px&#8220; global_colors_info=&#8220;{}&#8220;][\/et_pb_image][\/et_pb_column][\/et_pb_row][\/et_pb_section][et_pb_section fb_built=&#8220;1&#8243; admin_label=&#8220;Hero Section&#8220; _builder_version=&#8220;4.16&#8243; custom_padding=&#8220;0|0px|0px|0px&#8220; global_colors_info=&#8220;{}&#8220;][et_pb_row column_structure=&#8220;1_2,1_2&#8243; use_custom_gutter=&#8220;on&#8220; make_equal=&#8220;on&#8220; _builder_version=&#8220;4.21.0&#8243; width=&#8220;100%&#8220; max_width=&#8220;100%&#8220; custom_padding=&#8220;0px|0px|0px|||&#8220; use_custom_width=&#8220;on&#8220; width_unit=&#8220;off&#8220; custom_width_percent=&#8220;100%&#8220; global_colors_info=&#8220;{}&#8220;][et_pb_column type=&#8220;1_2&#8243; _builder_version=&#8220;4.16&#8243; custom_padding=&#8220;200px|4%|200px|8%&#8220; custom_padding_tablet=&#8220;60px|10%|60px|10%&#8220; custom_padding_phone=&#8220;&#8220; custom_padding_last_edited=&#8220;on|tablet&#8220; global_colors_info=&#8220;{}&#8220; padding_tablet=&#8220;60px|10%|60px|10%&#8220; padding_last_edited=&#8220;on|tablet&#8220; custom_padding__hover=&#8220;|||&#8220; padding_phone=&#8220;60px|10%|60px|10%&#8220;][et_pb_text _builder_version=&#8220;4.16&#8243; header_font=&#8220;Nunito||||||||&#8220; header_3_font=&#8220;Karla|700||on|||||&#8220; header_3_text_color=&#8220;#b51f1f&#8220; header_3_font_size=&#8220;16px&#8220; header_3_letter_spacing=&#8220;1px&#8220; transform_scale=&#8220;100%|100%&#8220; background_layout=&#8220;dark&#8220; custom_margin=&#8220;0px||20px||false|false&#8220; custom_margin_tablet=&#8220;&#8220; custom_margin_phone=&#8220;-60px||||false|false&#8220; custom_margin_last_edited=&#8220;on|phone&#8220; locked=&#8220;off&#8220; global_colors_info=&#8220;{}&#8220;]<h3><\/h3>[\/et_pb_text][et_pb_divider color=&#8220;#b51f1e&#8220; divider_weight=&#8220;2px&#8220; _builder_version=&#8220;4.16&#8243; transform_scale=&#8220;100%|100%&#8220; max_width=&#8220;150px&#8220; module_alignment=&#8220;right&#8220; height=&#8220;2px&#8220; custom_margin=&#8220;|||&#8220; custom_padding=&#8220;|-60px||&#8220; custom_padding_tablet=&#8220;|0px||&#8220; custom_padding_last_edited=&#8220;off|desktop&#8220; locked=&#8220;off&#8220; global_colors_info=&#8220;{}&#8220;][\/et_pb_divider][et_pb_text _builder_version=&#8220;4.27.4&#8243; header_2_font=&#8220;Conneqt Bold|||||on|||&#8220; header_2_text_color=&#8220;#666666&#8243; header_2_font_size=&#8220;20px&#8220; header_3_text_color=&#8220;#666666&#8243; custom_margin=&#8220;||35px|||&#8220; hover_enabled=&#8220;0&#8243; locked=&#8220;off&#8220; global_colors_info=&#8220;{}&#8220; sticky_enabled=&#8220;0&#8243;]<h1>Strafverfahren der Europ\u00e4ischen Staatsanwaltschaft<\/h1>\n<p style=\"text-align: left;\">Seit Juni 2021 gibt es in Hamburg nicht nur die Staatsanwaltschaft und Generalstaatsanwaltschaft, sondern auch eine sog. <strong>Delegierte Europ\u00e4ische Staatsanwaltschaft<\/strong>. Die Europ\u00e4ische Staatsanwaltschaft (EUStA) oder <strong>European Public Prosecutor\u2019s Office (EPPO)<\/strong> ist eine unabh\u00e4ngige EU-Staatsanwaltschaft, deren Ziel es ist, Straftaten zum Nachteil der finanziellen Interessen der EU \u2014 etwa Betrug, Korruption, Geldw\u00e4sche oder grenz\u00fcberschreitenden Mehrwertsteuerbetrug \u2014 effektiv zu verfolgen.<\/p>\n<p style=\"text-align: left;\">Grenz\u00fcberschreitende Kriminalit\u00e4t auf EU-Ebene einheitlich und zentralisiert zu verfolgen, ist kein neues Anliegen. Seit 1999 gibt es bereits das <strong>Europ\u00e4ische Amt f\u00fcr Betrugsbek\u00e4mpfung (OLAF)<\/strong>, eine Ermittlungs- und Kontrollbeh\u00f6rde, die vor allem Betrug gegen EU-Budget aufdeckt, aber keine Strafverfolgung betreibt. Auch <strong>Eurojust<\/strong>, eine Beh\u00f6rde der Europ\u00e4ischen Union mit Sitz in Den Haag, gibt es seit 2002 und spielt in grenz\u00fcberschreitenden Strafverfahren immer wieder eine Rolle. Die Hauptaufgaben von Eurojust umfassen die Unterst\u00fctzung bei der Ausf\u00fchrung europ\u00e4ischer Haftbefehle, die Koordination gemeinsamer Ermittlungen und den Austausch von Informationen und Beweismitteln. Eurojust agiert als Vermittler zwischen nationalen Beh\u00f6rden, unterst\u00fctzt operative Ma\u00dfnahmen, wie gemeinsame Aktionstage und die Bildung gemeinsamer Ermittlungsgruppen, sog. <strong>Joint Investigation Teams (JITs).<\/strong><\/p>\n<p style=\"text-align: left;\">Neben dieser reinen Ermittlungskoordination durch Eurojust und dem administrativem Betrugsmonitoring durch OLAF wurde vor bald f\u00fcnf Jahren die EUStA als <strong>supranationale Staatsanwaltschaft der EU<\/strong> geschaffen, die <strong>eigene Ermittlungs- und Anklagebefugnisse<\/strong> hat. Die rechtlichen Regelungen finden sich in der sog. <strong><a href=\"https:\/\/eur-lex.europa.eu\/legal-content\/DE\/TXT\/PDF\/?uri=CELEX:32017R1939%20\" target=\"_blank\" rel=\"noopener\">EUStA-Verordnung<\/a> (EUStA-VO)<\/strong>. Zus\u00e4tzlich regelt das nationale Europ\u00e4ische-Staatsanwaltschaft-Gesetz (EUStAG) in Deutschland die Durchf\u00fchrung und Zusammenarbeit der Delegierten Europ\u00e4ischen Staatsanw\u00e4lte.<\/p>\n<p style=\"text-align: left;\">Der Europ\u00e4ischen Staatsanwaltschaft hat bspw. auch die Befugnis, <strong>Ermittlungsma\u00dfnahmen<\/strong> wie Hausdurchsuchungen, Durchsuchungen von pers\u00f6nlichen Gegenst\u00e4nden und Computersystemen zu beantragen und die Herausgabe von Gegenst\u00e4nden und Schriftst\u00fccken und von Computerdaten, Bankkontodaten sowie die Sicherstellung von Tatwerkzeugen oder Ertr\u00e4gen aus Straftaten, die \u00dcberwachung der Kommunikation und eine Verfolgung und Ortung zu erwirken. Die Ermittlungen werden grunds\u00e4tzlich nach den einschl\u00e4gigen nationalen Verfahrensvorschriften gef\u00fchrt, soweit die EUStA-VO keine eigenen Regelungen enth\u00e4lt. In der EUStA-VO sind Verteidigungs- und Beschuldigtenrechte an verschiedenen Stellen erw\u00e4hnt (Erw\u00e4gungsgrund 80, 83, 84, 85; Art. 41 EUStVO). Aufgrund des Hinweises auf die Umsetzung in nationales Recht (Art. 41 EuStA-VO) sind die Verfahrensrechte jedoch nur insofern garantiert, wie sie in nationales Recht Niederschlag gefunden haben.<\/p>\n<p style=\"text-align: left;\">Da es um grenz\u00fcberschreitende Sachverhalte geht und die nationale Rechtslage in den einzelnen EU-Mitgliedstaaten sich unterscheidet, f\u00fchrt dies \u2013 erwartbar \u2013 zu Friktionen. Der <strong>EuGH<\/strong> hatte in seiner <strong>ersten Entscheidung<\/strong> dazu vom 21.12.2023 (Az. C-281\/22) \u00fcber die Frage, inwieweit Gerichte des Mitgliedstaats, in dem eine Ermittlungsma\u00dfnahme der EUStA vollstreckt wurde (ausf\u00fchrender Staat), diese Ma\u00dfnahme materiell \u00fcberpr\u00fcfen d\u00fcrfen, wenn die Ma\u00dfnahme vom Delegierten Europ\u00e4ischen Staatsanwalt eines anderen Mitgliedstaats (anordnender Staat) angeordnet wurde. Nach der Entscheidung des EuGH darf sich die richterliche Kontrolle in dem ausf\u00fchrenden Staat dabei nur auf die Vollstreckung der Ma\u00dfnahme beschr\u00e4nken, nicht auf die inhaltliche Begr\u00fcndung der Ma\u00dfnahme.<\/p>\n<p style=\"text-align: left;\">Bei Strafverfahren, die von der EUStA gef\u00fchrt werden, haben wir es immer mit hohen Schadenssummen und \u2013 durch den grenz\u00fcberschreitenden Charakter, aber auch Digitalisierungsproblemen \u2013 vielsprachigem Beweismaterial und lange Ermittlungsdauern zu tun. Das <a href=\"https:\/\/www.eppo.europa.eu\/sites\/default\/files\/2023-02\/EPPO_2022_Annual_Report_EN_WEB.pdf\" target=\"_blank\" rel=\"noopener\">h\u00e4ufigste von der EUStA in Deutschland verfolgte Delikt<\/a>, der Umsatzsteuerbetrug, ist aber in den (nationalen) Schwerpunktstaatsanwaltschaften f\u00fcr Wirtschaftskriminalit\u00e4t altbekannt. Auch wenn weitere Entscheidungen des EuGH erst mit den Jahren erwartet werden, laufen derzeit bereits zahlreiche, von den Delegierten Europ\u00e4ischen Staatsanw\u00e4lten gef\u00fchrte Strafverfahren. Wir haben sowohl in Ermittlungsverfahren, als auch im Hauptverfahren, also einer strafgerichtlichen Hauptverhandlung schon zum Teil langwierige und immer mit sehr hohen Schadenssummen verbundene EUStA-Verfahren verteidigt und stehen gerne im Verteidigerteam zur Seite.<\/p>[\/et_pb_text][\/et_pb_column][et_pb_column type=&#8220;1_2&#8243; disabled_on=&#8220;on|off|off&#8220; _builder_version=&#8220;4.21.0&#8243; use_background_color_gradient=&#8220;on&#8220; background_color_gradient_stops=&#8220;rgba(18,18,18,0.5) 0%|#121212 100%&#8220; background_color_gradient_overlays_image=&#8220;on&#8220; background_color_gradient_start=&#8220;rgba(18,18,18,0.5)&#8220; background_color_gradient_end=&#8220;#121212&#8243; background_image=&#8220;https:\/\/defenza.de\/wp-content\/uploads\/2021\/05\/IMG_2752-2-scaled.jpg&#8220; custom_padding=&#8220;100px||100px|&#8220; custom_padding_tablet=&#8220;60px||60px|&#8220; custom_padding_phone=&#8220;&#8220; custom_padding_last_edited=&#8220;on|desktop&#8220; global_colors_info=&#8220;{}&#8220; padding_tablet=&#8220;60px||60px|&#8220; padding_last_edited=&#8220;on|desktop&#8220; custom_padding__hover=&#8220;|||&#8220; padding_phone=&#8220;60px||60px|&#8220;][et_pb_image src=&#8220;https:\/\/defenza.de\/wp-content\/uploads\/2021\/05\/IMG_2752-2-scaled.jpg&#8220; alt=&#8220;Rechtsanw\u00e4lt*innen&#8220; title_text=&#8220;G\u00fcl Pinar \/ Arne Weller \/ Andreas Thiel&#8220; align_tablet=&#8220;center&#8220; align_phone=&#8220;&#8220; align_last_edited=&#8220;on|desktop&#8220; disabled_on=&#8220;on|off|off&#8220; _builder_version=&#8220;4.21.0&#8243; max_width=&#8220;600px&#8220; max_width_tablet=&#8220;&#8220; max_width_phone=&#8220;&#8220; max_width_last_edited=&#8220;on|desktop&#8220; custom_margin=&#8220;|||-8%&#8220; custom_margin_tablet=&#8220;60px|60px|60px|60px&#8220; custom_margin_phone=&#8220;&#8220; custom_margin_last_edited=&#8220;on|desktop&#8220; custom_padding=&#8220;|||&#8220; animation_style=&#8220;slide&#8220; animation_direction=&#8220;right&#8220; animation_intensity_slide=&#8220;4%&#8220; animation_starting_opacity=&#8220;50%&#8220; box_shadow_style=&#8220;preset3&#8243; box_shadow_blur=&#8220;80px&#8220; global_colors_info=&#8220;{}&#8220;][\/et_pb_image][\/et_pb_column][\/et_pb_row][\/et_pb_section]\n","protected":false},"excerpt":{"rendered":"<p>Europ\u00e4ische Staatsanwaltschaft (EUStA): Aufgaben, Zust\u00e4ndigkeiten und aktuelle Verfahren in Deutschland. \u00dcberblick zu EuGH-Urteilen und Verteidigungspraxis 2025.<\/p>\n","protected":false},"author":4,"featured_media":0,"parent":0,"menu_order":0,"comment_status":"closed","ping_status":"closed","template":"","meta":{"_et_pb_use_builder":"on","_et_pb_old_content":"","_et_gb_content_width":"","om_disable_all_campaigns":false,"_monsterinsights_skip_tracking":false,"_monsterinsights_sitenote_active":false,"_monsterinsights_sitenote_note":"","_monsterinsights_sitenote_category":0,"footnotes":""},"class_list":["post-3970","page","type-page","status-publish","hentry"],"aioseo_notices":[],"_links":{"self":[{"href":"https:\/\/defenza.de\/de_de\/wp-json\/wp\/v2\/pages\/3970","targetHints":{"allow":["GET"]}}],"collection":[{"href":"https:\/\/defenza.de\/de_de\/wp-json\/wp\/v2\/pages"}],"about":[{"href":"https:\/\/defenza.de\/de_de\/wp-json\/wp\/v2\/types\/page"}],"author":[{"embeddable":true,"href":"https:\/\/defenza.de\/de_de\/wp-json\/wp\/v2\/users\/4"}],"replies":[{"embeddable":true,"href":"https:\/\/defenza.de\/de_de\/wp-json\/wp\/v2\/comments?post=3970"}],"version-history":[{"count":3,"href":"https:\/\/defenza.de\/de_de\/wp-json\/wp\/v2\/pages\/3970\/revisions"}],"predecessor-version":[{"id":3997,"href":"https:\/\/defenza.de\/de_de\/wp-json\/wp\/v2\/pages\/3970\/revisions\/3997"}],"wp:attachment":[{"href":"https:\/\/defenza.de\/de_de\/wp-json\/wp\/v2\/media?parent=3970"}],"curies":[{"name":"wp","href":"https:\/\/api.w.org\/{rel}","templated":true}]}}