{"id":3984,"date":"2025-10-21T15:18:06","date_gmt":"2025-10-21T13:18:06","guid":{"rendered":"https:\/\/twp-strafrecht.de\/?page_id=3984"},"modified":"2026-01-19T13:36:44","modified_gmt":"2026-01-19T12:36:44","slug":"reform-der-strafprozessordnung-expertenkommission-des-bmjv","status":"publish","type":"page","link":"https:\/\/defenza.de\/de_de\/reform-der-strafprozessordnung-expertenkommission-des-bmjv\/","title":{"rendered":"Reform der Strafprozessordnung \u2013 Expertenkommission des BMJV"},"content":{"rendered":"<p>[et_pb_section fb_built=&#8220;1&#8243; disabled_on=&#8220;off|on|on&#8220; admin_label=&#8220;Hero Section&#8220; _builder_version=&#8220;4.16&#8243; custom_padding=&#8220;0|0px|0px|0px&#8220; global_colors_info=&#8220;{}&#8220;][et_pb_row use_custom_gutter=&#8220;on&#8220; make_equal=&#8220;on&#8220; _builder_version=&#8220;4.16&#8243; width=&#8220;100%&#8220; max_width=&#8220;100%&#8220; custom_padding=&#8220;0px|0|0px|&#8220; use_custom_width=&#8220;on&#8220; width_unit=&#8220;off&#8220; custom_width_percent=&#8220;100%&#8220; global_colors_info=&#8220;{}&#8220;][et_pb_column type=&#8220;4_4&#8243; _builder_version=&#8220;4.16&#8243; custom_padding=&#8220;200px|4%|200px|8%&#8220; custom_padding_tablet=&#8220;60px|10%|60px|10%&#8220; custom_padding_phone=&#8220;&#8220; custom_padding_last_edited=&#8220;on|tablet&#8220; global_colors_info=&#8220;{}&#8220; padding_tablet=&#8220;60px|10%|60px|10%&#8220; padding_last_edited=&#8220;on|tablet&#8220; custom_padding__hover=&#8220;|||&#8220; padding_phone=&#8220;60px|10%|60px|10%&#8220;][et_pb_image src=&#8220;https:\/\/defenza.de\/wp-content\/uploads\/2025\/10\/Reform-der-Strafprozessordnung-Expertenkommission-des-BMJV.jpg&#8220; alt=&#8220;Rechtsanw\u00e4lt*innen&#8220; title_text=&#8220;Reform-der-Strafprozessordnung-Expertenkommission-des-BMJV&#8220; align_tablet=&#8220;center&#8220; align_phone=&#8220;&#8220; align_last_edited=&#8220;on|desktop&#8220; disabled_on=&#8220;off|on|on&#8220; _builder_version=&#8220;4.27.4&#8243; max_width=&#8220;600px&#8220; max_width_tablet=&#8220;&#8220; max_width_phone=&#8220;&#8220; max_width_last_edited=&#8220;on|desktop&#8220; custom_margin=&#8220;|||-8%&#8220; custom_margin_tablet=&#8220;60px|60px|60px|60px&#8220; custom_margin_phone=&#8220;0px|0px|0px|0px|false|false&#8220; custom_margin_last_edited=&#8220;on|phone&#8220; custom_padding=&#8220;|||&#8220; animation_style=&#8220;slide&#8220; animation_direction=&#8220;right&#8220; animation_intensity_slide=&#8220;4%&#8220; animation_starting_opacity=&#8220;50%&#8220; box_shadow_style=&#8220;preset3&#8243; box_shadow_blur=&#8220;80px&#8220; global_colors_info=&#8220;{}&#8220;][\/et_pb_image][\/et_pb_column][\/et_pb_row][\/et_pb_section][et_pb_section fb_built=&#8220;1&#8243; admin_label=&#8220;Hero Section&#8220; _builder_version=&#8220;4.16&#8243; custom_padding=&#8220;0|0px|0px|0px&#8220; global_colors_info=&#8220;{}&#8220;][et_pb_row column_structure=&#8220;1_2,1_2&#8243; use_custom_gutter=&#8220;on&#8220; make_equal=&#8220;on&#8220; _builder_version=&#8220;4.27.4&#8243; width=&#8220;100%&#8220; max_width=&#8220;100%&#8220; custom_padding=&#8220;0px|0px|0px|||&#8220; use_custom_width=&#8220;on&#8220; width_unit=&#8220;off&#8220; custom_width_percent=&#8220;100%&#8220; global_colors_info=&#8220;{}&#8220;][et_pb_column type=&#8220;1_2&#8243; _builder_version=&#8220;4.16&#8243; custom_padding=&#8220;200px|4%|200px|8%&#8220; custom_padding_tablet=&#8220;60px|10%|60px|10%&#8220; custom_padding_phone=&#8220;&#8220; custom_padding_last_edited=&#8220;on|tablet&#8220; global_colors_info=&#8220;{}&#8220; padding_tablet=&#8220;60px|10%|60px|10%&#8220; padding_last_edited=&#8220;on|tablet&#8220; custom_padding__hover=&#8220;|||&#8220; padding_phone=&#8220;60px|10%|60px|10%&#8220;][et_pb_text _builder_version=&#8220;4.16&#8243; header_font=&#8220;Nunito||||||||&#8220; header_3_font=&#8220;Karla|700||on|||||&#8220; header_3_text_color=&#8220;#b51f1f&#8220; header_3_font_size=&#8220;16px&#8220; header_3_letter_spacing=&#8220;1px&#8220; transform_scale=&#8220;100%|100%&#8220; background_layout=&#8220;dark&#8220; custom_margin=&#8220;0px||20px||false|false&#8220; custom_margin_tablet=&#8220;&#8220; custom_margin_phone=&#8220;-60px||||false|false&#8220; custom_margin_last_edited=&#8220;on|phone&#8220; locked=&#8220;off&#8220; global_colors_info=&#8220;{}&#8220;]<\/p>\n<h3><\/h3>\n<p>[\/et_pb_text][et_pb_divider color=&#8220;#b51f1e&#8220; divider_weight=&#8220;2px&#8220; _builder_version=&#8220;4.16&#8243; transform_scale=&#8220;100%|100%&#8220; max_width=&#8220;150px&#8220; module_alignment=&#8220;right&#8220; height=&#8220;2px&#8220; custom_margin=&#8220;|||&#8220; custom_padding=&#8220;|-60px||&#8220; custom_padding_tablet=&#8220;|0px||&#8220; custom_padding_last_edited=&#8220;off|desktop&#8220; locked=&#8220;off&#8220; global_colors_info=&#8220;{}&#8220;][\/et_pb_divider][et_pb_text _builder_version=&#8220;4.27.4&#8243; header_2_font=&#8220;Conneqt Bold|||||on|||&#8220; header_2_text_color=&#8220;#666666&#8243; header_2_font_size=&#8220;20px&#8220; header_3_text_color=&#8220;#666666&#8243; custom_margin=&#8220;||35px|||&#8220; locked=&#8220;off&#8220; global_colors_info=&#8220;{}&#8220;]<\/p>\n<h1>Reform der Strafprozessordnung \u2013 Expertenkommission des BMJV<\/h1>\n<p style=\"text-align: left;\">Das Bundesministerium der Justiz und f\u00fcr Verbraucherschutz (BMJV) hat im September 2025 eine Expertenkommission zur Reform der Strafprozessordnung (StPO) eingesetzt. Ziel ist es, das Strafverfahren effizienter, moderner und zugleich rechtsstaatlich ausgewogen zu gestalten. Die Kommission, bestehend aus Vertreterinnen und Vertretern aus Wissenschaft, Justiz, Anwaltschaft und Praxis, arbeitet in sechs thematisch gegliederten Arbeitsgruppen an konkreten Reformvorschl\u00e4gen.<\/p>\n<p style=\"text-align: left;\">Rechtsanw\u00e4ltin <a href=\"https:\/\/defenza.de\/de_de\/guel-pinar\/\" target=\"_blank\" rel=\"noopener\">G\u00fcl Pinar<\/a> ist in die Arbeitsgruppe 5, welche sich mit dem Thema Beweisaufnahme im Strafverfahren befasst, berufen. Die bestehenden Regelungen der \u00a7\u00a7 244 ff. StPO sind in weiten Teilen noch auf analoge Verfahrensabl\u00e4ufe zugeschnitten und sto\u00dfen angesichts digitaler Kommunikations- und Aufzeichnungsm\u00f6glichkeiten zunehmend an ihre Grenzen. Entsprechend besteht erheblicher Reformbedarf. Im Zentrum der Beratungen stehen Fragen der Modernisierung der Beweisaufnahme und der zeitgem\u00e4\u00dfen Dokumentation der Hauptverhandlung. Behandelt werden unter anderem:<\/p>\n<ul class=\"list_padding\" style=\"text-align: left;\">\n<li>die Einf\u00fchrung audiovisueller Beweisaufnahmen, insbesondere bei Zeugenaussagen und richterlichen Vernehmungen. Diskutiert wird die Einf\u00fchrung von Videoaufzeichnungen insbesondere bei Zeugenaussagen und richterlichen Vernehmungen, um Beweisvorg\u00e4nge dauerhaft nachvollziehbar und revisionsfest zu dokumentieren;<\/li>\n<li>das Selbstleseverfahren. Diese Verfahren sollen an die Erfordernisse elektronischer Aktenf\u00fchrung angepasst werden, damit digitale Beweismittel \u2013 etwa Bild-, Video- und Audiodateien \u2013 effizient und rechtssicher in die Hauptverhandlung eingebracht werden k\u00f6nnen;<\/li>\n<li>die Erweiterung der Verlesungs- und Bezugnahmem\u00f6glichkeiten;<\/li>\n<li>die \u00dcberarbeitung und Neugestaltung des Beweisantragsrechts zur Verbesserung der Verfahrenseffizienz. Ziel ist eine Reform des Beweisantragsrechts, die missbr\u00e4uchliche oder taktisch motivierte Beweisantr\u00e4ge erschwert, zugleich aber die Verteidigungsrechte und das Prinzip der Waffengleichheit wahrt;<\/li>\n<li>die \u00dcbersetzung bei fremdsprachigen Urkunden (Verzicht\/Einsatz von KI). Diskutiert wird, inwieweit KI-gest\u00fctzte \u00dcbersetzungstools die Arbeit mit fremdsprachigen Beweismitteln erleichtern k\u00f6nnen, ohne die inhaltliche Genauigkeit und prozessuale Verwertbarkeit zu gef\u00e4hrden;<\/li>\n<li>die M\u00f6glichkeiten des Verzichts auf Beweisaufnahmen im Einverst\u00e4ndnis der Beteiligten. Bei unstreitigen Sachverhalten auf bestimmte Beweiserhebungen zu verzichten, soll Verfahrensdauer und Ressourcenverbrauch reduzieren, ohne den Grundsatz des fairen Verfahrens zu beeintr\u00e4chtigen.<\/li>\n<\/ul>\n<p style=\"text-align: left;\">Erkl\u00e4rtes Ziel des BMJ ist es, ein modernes, praxistaugliches und zugleich rechtsstaatlich abgesichertes System der Beweiserhebung zu entwickeln, das den Anforderungen einer digitalisierten Justiz gerecht wird.<\/p>\n<p style=\"text-align: left;\">Wir freuen uns, dass in den Arbeitsgruppen jeweils auch Vertreterinnen und Vertreter der Anwaltschaft berufen wurden. Sie werden versuchen, sicherzustellen, dass die Modernisierung der Strafprozessordnung nicht auf Kosten der Beschuldigtenrechte betrieben wird. Dazu geh\u00f6rt unserer Meinung nach zwingend die audiovisuelle Aufzeichnung der Hauptverhandlung. G\u00fcl Pinar wird ihre praktische Erfahrung aus \u00fcber 25 Jahren forensischer T\u00e4tigkeit als Strafverteidigerin in die Kommission und den Reformprozess einbringen. Diese konnte sie nicht zuletzt beim <a href=\"https:\/\/djt.de\/74-djt\/fachprogramm\/strafrecht\/\" target=\"_blank\" rel=\"noopener\">Deutschen Juristentag 2024<\/a> als Referentin im Strafrechtsausschuss teilen; dort war zentrales Thema die Verwertbarkeit digitaler Beweismittel im Strafprozess.<\/p>\n<p style=\"text-align: left;\">Die Arbeit der Reformkommission ist auf rund ein Jahr angelegt. Die Ergebnisse sollen im Herbst 2026 vorliegen und in einen Gesetzentwurf zur Modernisierung der Strafprozessordnung m\u00fcnden. Die \u00dcberarbeitung der Vorschriften zur Beweisaufnahme bietet die Chance, den deutschen Strafprozess an die Anforderungen der Gegenwart anzupassen \u2013 technisch fortschrittlich, aber weiterhin fest im rechtsstaatlichen Fundament verankert.<\/p>\n<p>[\/et_pb_text][\/et_pb_column][et_pb_column type=&#8220;1_2&#8243; disabled_on=&#8220;on|off|off&#8220; _builder_version=&#8220;4.27.4&#8243; use_background_color_gradient=&#8220;on&#8220; background_color_gradient_stops=&#8220;rgba(18,18,18,0.5) 0%|#121212 100%&#8220; background_color_gradient_overlays_image=&#8220;on&#8220; background_color_gradient_start=&#8220;rgba(18,18,18,0.5)&#8220; background_color_gradient_end=&#8220;#121212&#8243; background_image=&#8220;https:\/\/defenza.de\/wp-content\/uploads\/2025\/10\/Reform-der-Strafprozessordnung-Expertenkommission-des-BMJV.jpg&#8220; custom_padding=&#8220;100px||100px|&#8220; custom_padding_tablet=&#8220;60px||60px|&#8220; custom_padding_phone=&#8220;&#8220; custom_padding_last_edited=&#8220;on|desktop&#8220; global_colors_info=&#8220;{}&#8220; padding_tablet=&#8220;60px||60px|&#8220; padding_last_edited=&#8220;on|desktop&#8220; custom_padding__hover=&#8220;|||&#8220; padding_phone=&#8220;60px||60px|&#8220;][et_pb_image src=&#8220;https:\/\/defenza.de\/wp-content\/uploads\/2025\/10\/Reform-der-Strafprozessordnung-Expertenkommission-des-BMJV.jpg&#8220; alt=&#8220;Rechtsanw\u00e4lt*innen&#8220; title_text=&#8220;Reform-der-Strafprozessordnung-Expertenkommission-des-BMJV&#8220; align_tablet=&#8220;center&#8220; align_phone=&#8220;&#8220; align_last_edited=&#8220;on|desktop&#8220; disabled_on=&#8220;on|off|off&#8220; _builder_version=&#8220;4.27.4&#8243; max_width=&#8220;600px&#8220; max_width_tablet=&#8220;&#8220; max_width_phone=&#8220;&#8220; max_width_last_edited=&#8220;on|desktop&#8220; custom_margin=&#8220;|||-8%&#8220; custom_margin_tablet=&#8220;60px|60px|60px|60px&#8220; custom_margin_phone=&#8220;&#8220; custom_margin_last_edited=&#8220;on|desktop&#8220; custom_padding=&#8220;|||&#8220; animation_style=&#8220;slide&#8220; animation_direction=&#8220;right&#8220; animation_intensity_slide=&#8220;4%&#8220; animation_starting_opacity=&#8220;50%&#8220; box_shadow_style=&#8220;preset3&#8243; box_shadow_blur=&#8220;80px&#8220; global_colors_info=&#8220;{}&#8220;][\/et_pb_image][\/et_pb_column][\/et_pb_row][\/et_pb_section]<\/p>\n","protected":false},"excerpt":{"rendered":"<p>Erfahrener Anwalt f\u00fcr Auslieferungshaft in Hamburg. Rechtliche Hilfe bei europ\u00e4ischem Haftbefehl, Auslieferungsverfahren und Anrechnung ausl\u00e4ndischer Haft.<\/p>\n","protected":false},"author":4,"featured_media":0,"parent":0,"menu_order":0,"comment_status":"closed","ping_status":"closed","template":"","meta":{"_et_pb_use_builder":"on","_et_pb_old_content":"","_et_gb_content_width":"","om_disable_all_campaigns":false,"_monsterinsights_skip_tracking":false,"_monsterinsights_sitenote_active":false,"_monsterinsights_sitenote_note":"","_monsterinsights_sitenote_category":0,"footnotes":""},"class_list":["post-3984","page","type-page","status-publish","hentry"],"aioseo_notices":[],"_links":{"self":[{"href":"https:\/\/defenza.de\/de_de\/wp-json\/wp\/v2\/pages\/3984","targetHints":{"allow":["GET"]}}],"collection":[{"href":"https:\/\/defenza.de\/de_de\/wp-json\/wp\/v2\/pages"}],"about":[{"href":"https:\/\/defenza.de\/de_de\/wp-json\/wp\/v2\/types\/page"}],"author":[{"embeddable":true,"href":"https:\/\/defenza.de\/de_de\/wp-json\/wp\/v2\/users\/4"}],"replies":[{"embeddable":true,"href":"https:\/\/defenza.de\/de_de\/wp-json\/wp\/v2\/comments?post=3984"}],"version-history":[{"count":7,"href":"https:\/\/defenza.de\/de_de\/wp-json\/wp\/v2\/pages\/3984\/revisions"}],"predecessor-version":[{"id":4336,"href":"https:\/\/defenza.de\/de_de\/wp-json\/wp\/v2\/pages\/3984\/revisions\/4336"}],"wp:attachment":[{"href":"https:\/\/defenza.de\/de_de\/wp-json\/wp\/v2\/media?parent=3984"}],"curies":[{"name":"wp","href":"https:\/\/api.w.org\/{rel}","templated":true}]}}