{"id":4437,"date":"2026-02-05T09:16:38","date_gmt":"2026-02-05T08:16:38","guid":{"rendered":"https:\/\/twp-strafrecht.de\/?page_id=4437"},"modified":"2026-02-27T12:48:20","modified_gmt":"2026-02-27T11:48:20","slug":"besuchsregelung-in-der-untersuchungshaftanstalt-hamburg","status":"publish","type":"page","link":"https:\/\/defenza.de\/de_de\/besuchsregelung-in-der-untersuchungshaftanstalt-hamburg\/","title":{"rendered":"Besuchsregelung in der Untersuchungshaftanstalt Hamburg"},"content":{"rendered":"<p>[et_pb_section fb_built=&#8220;1&#8243; disabled_on=&#8220;off|on|on&#8220; admin_label=&#8220;Hero Section&#8220; _builder_version=&#8220;4.16&#8243; custom_padding=&#8220;0|0px|0px|0px&#8220; global_colors_info=&#8220;{}&#8220;][et_pb_row use_custom_gutter=&#8220;on&#8220; make_equal=&#8220;on&#8220; _builder_version=&#8220;4.16&#8243; width=&#8220;100%&#8220; max_width=&#8220;100%&#8220; custom_padding=&#8220;0px|0|0px|&#8220; use_custom_width=&#8220;on&#8220; width_unit=&#8220;off&#8220; custom_width_percent=&#8220;100%&#8220; global_colors_info=&#8220;{}&#8220;][et_pb_column type=&#8220;4_4&#8243; _builder_version=&#8220;4.16&#8243; custom_padding=&#8220;200px|4%|200px|8%&#8220; custom_padding_tablet=&#8220;60px|10%|60px|10%&#8220; custom_padding_phone=&#8220;&#8220; custom_padding_last_edited=&#8220;on|tablet&#8220; global_colors_info=&#8220;{}&#8220; padding_tablet=&#8220;60px|10%|60px|10%&#8220; padding_last_edited=&#8220;on|tablet&#8220; custom_padding__hover=&#8220;|||&#8220; padding_phone=&#8220;60px|10%|60px|10%&#8220;][et_pb_image src=&#8220;https:\/\/defenza.de\/wp-content\/uploads\/2026\/02\/FrontansichtUHA2010.jpg&#8220; alt=&#8220;Rechtsanw\u00e4ltin Pinar&#8220; title_text=&#8220;FrontansichtUHA2010&#8243; align_tablet=&#8220;center&#8220; align_phone=&#8220;&#8220; align_last_edited=&#8220;on|desktop&#8220; disabled_on=&#8220;off|on|on&#8220; _builder_version=&#8220;4.27.5&#8243; max_width=&#8220;600px&#8220; max_width_tablet=&#8220;&#8220; max_width_phone=&#8220;&#8220; max_width_last_edited=&#8220;on|desktop&#8220; custom_margin=&#8220;|||-8%&#8220; custom_margin_tablet=&#8220;60px|60px|60px|60px&#8220; custom_margin_phone=&#8220;0px|0px|0px|0px|false|false&#8220; custom_margin_last_edited=&#8220;on|phone&#8220; custom_padding=&#8220;|||&#8220; animation_style=&#8220;slide&#8220; animation_direction=&#8220;right&#8220; animation_intensity_slide=&#8220;4%&#8220; animation_starting_opacity=&#8220;50%&#8220; hover_enabled=&#8220;0&#8243; box_shadow_style=&#8220;preset3&#8243; box_shadow_blur=&#8220;80px&#8220; global_colors_info=&#8220;{}&#8220; sticky_enabled=&#8220;0&#8243;][\/et_pb_image][\/et_pb_column][\/et_pb_row][\/et_pb_section][et_pb_section fb_built=&#8220;1&#8243; admin_label=&#8220;Hero Section&#8220; _builder_version=&#8220;4.16&#8243; custom_padding=&#8220;0|0px|0px|0px&#8220; global_colors_info=&#8220;{}&#8220;][et_pb_row column_structure=&#8220;1_2,1_2&#8243; use_custom_gutter=&#8220;on&#8220; make_equal=&#8220;on&#8220; _builder_version=&#8220;4.27.5&#8243; width=&#8220;100%&#8220; max_width=&#8220;100%&#8220; custom_padding=&#8220;0px|0px|0px|||&#8220; hover_enabled=&#8220;0&#8243; use_custom_width=&#8220;on&#8220; width_unit=&#8220;off&#8220; custom_width_percent=&#8220;100%&#8220; global_colors_info=&#8220;{}&#8220; sticky_enabled=&#8220;0&#8243;][et_pb_column type=&#8220;1_2&#8243; _builder_version=&#8220;4.16&#8243; custom_padding=&#8220;200px|4%|200px|8%&#8220; custom_padding_tablet=&#8220;60px|10%|60px|10%&#8220; custom_padding_phone=&#8220;&#8220; custom_padding_last_edited=&#8220;on|tablet&#8220; global_colors_info=&#8220;{}&#8220; padding_tablet=&#8220;60px|10%|60px|10%&#8220; padding_last_edited=&#8220;on|tablet&#8220; custom_padding__hover=&#8220;|||&#8220; padding_phone=&#8220;60px|10%|60px|10%&#8220;][et_pb_text _builder_version=&#8220;4.16&#8243; header_font=&#8220;Nunito||||||||&#8220; header_3_font=&#8220;Karla|700||on|||||&#8220; header_3_text_color=&#8220;#b51f1f&#8220; header_3_font_size=&#8220;16px&#8220; header_3_letter_spacing=&#8220;1px&#8220; transform_scale=&#8220;100%|100%&#8220; background_layout=&#8220;dark&#8220; custom_margin=&#8220;0px||20px||false|false&#8220; custom_margin_tablet=&#8220;&#8220; custom_margin_phone=&#8220;-60px||||false|false&#8220; custom_margin_last_edited=&#8220;on|phone&#8220; locked=&#8220;off&#8220; global_colors_info=&#8220;{}&#8220;]<\/p>\n<h3><\/h3>\n<p>[\/et_pb_text][et_pb_divider color=&#8220;#b51f1e&#8220; divider_weight=&#8220;2px&#8220; _builder_version=&#8220;4.16&#8243; transform_scale=&#8220;100%|100%&#8220; max_width=&#8220;150px&#8220; module_alignment=&#8220;right&#8220; height=&#8220;2px&#8220; custom_margin=&#8220;|||&#8220; custom_padding=&#8220;|-60px||&#8220; custom_padding_tablet=&#8220;|0px||&#8220; custom_padding_last_edited=&#8220;off|desktop&#8220; locked=&#8220;off&#8220; global_colors_info=&#8220;{}&#8220;][\/et_pb_divider][et_pb_text _builder_version=&#8220;4.27.4&#8243; header_2_font=&#8220;Conneqt Bold|||||on|||&#8220; header_2_text_color=&#8220;#666666&#8243; header_2_font_size=&#8220;20px&#8220; header_3_font=&#8220;Conneqt Bold||||||||&#8220; header_3_text_color=&#8220;#666666&#8243; header_3_font_size=&#8220;15px&#8220; custom_margin=&#8220;||28px|||&#8220; locked=&#8220;off&#8220; global_colors_info=&#8220;{}&#8220;]<\/p>\n<h1>Besuchsregelung in der Untersuchungshaftanstalt Hamburg<\/h1>\n<p class=\"font-claude-response-body break-words whitespace-normal leading-[1.7]\"><em>Wichtige Informationen f\u00fcr Angeh\u00f6rige und Besucher<\/em><\/p>\n<p>[\/et_pb_text][et_pb_text _builder_version=&#8220;4.27.4&#8243; header_2_font=&#8220;Conneqt Bold|||||on|||&#8220; header_2_text_color=&#8220;#666666&#8243; header_2_font_size=&#8220;20px&#8220; header_3_font=&#8220;Conneqt Bold||||||||&#8220; header_3_text_color=&#8220;#666666&#8243; header_3_font_size=&#8220;15px&#8220; custom_margin=&#8220;||28px|||&#8220; locked=&#8220;off&#8220; global_colors_info=&#8220;{}&#8220;]<\/p>\n<h2 style=\"text-align: left;\">Anfahrt und Erreichbarkeit<\/h2>\n<p style=\"text-align: left;\"><strong>Adresse:<\/strong><br \/>Holstenglacis 3, 20355 Hamburg<\/p>\n<h3 style=\"text-align: left;\">\u00d6ffentliche Verkehrsmittel (empfohlen)<\/h3>\n<p style=\"text-align: left;\">Die Justizvollzugsanstalt ist optimal mit \u00f6ffentlichen Verkehrsmitteln erreichbar:<\/p>\n<ul style=\"text-align: left;\">\n<li>Fernbahnhof Hamburg-Dammtor<\/li>\n<li>U-Bahnhof Messehallen<\/li>\n<li>Bushaltestelle Sievekingplatz<\/li>\n<\/ul>\n<p style=\"text-align: left;\">Detaillierte Verbindungen finden Sie unter <a href=\"https:\/\/www.hvv.de\" target=\"_blank\" rel=\"noopener\">hvv.de<\/a>.<\/p>\n<h3 style=\"text-align: left;\">Anreise mit dem PKW<\/h3>\n<p style=\"text-align: left;\">Parkpl\u00e4tze im direkten Umfeld sind stark begrenzt. Das Parken auf dem Anstaltsgel\u00e4nde ist nicht gestattet. Alternativ stehen folgende Parkm\u00f6glichkeiten zur Verf\u00fcgung:<\/p>\n<ul style=\"text-align: left;\">\n<li>Park+Ride-Pl\u00e4tze an S-Bahnh\u00f6fen im Randbereich<\/li>\n<li>Parkh\u00e4user in der Innenstadt<\/li>\n<li>Parkpl\u00e4tze am Bahnhof Dammtor<\/li>\n<li>Parkpl\u00e4tze am Heiligengeistfeld<\/li>\n<\/ul>\n<p style=\"text-align: left;\">Planen Sie ausreichend Zeit f\u00fcr die Parkplatzsuche ein.<\/p>\n<h2 style=\"text-align: left;\">Besuchszentrum<\/h2>\n<p style=\"text-align: left;\">Das separate Besuchszentrum verf\u00fcgt \u00fcber einen barrierefreien Zugang am Holstenglacis mit Rollstuhlrampe und Rollstuhllift.<\/p>\n<h2 style=\"text-align: left;\">Besuchsregelungen<\/h2>\n<h3 style=\"text-align: left;\">Besuchsh\u00e4ufigkeit und -dauer<\/h3>\n<ul style=\"text-align: left;\">\n<li><strong>Untersuchungsgefangene (Erwachsene):<\/strong> zweimal monatlich je 60 Minuten<\/li>\n<li><strong>Strafgefangene:<\/strong> einmal monatlich 60 Minuten<\/li>\n<li><strong>Jugendliche:<\/strong> abweichende Regelungen m\u00f6glich<\/li>\n<\/ul>\n<h3 style=\"text-align: left;\">Anzahl der Besucher<\/h3>\n<p style=\"text-align: left;\">Pro Besuchstermin sind maximal drei Personen einschlie\u00dflich Kinder zugelassen.<\/p>\n<h2 style=\"text-align: left;\">Besuchszeiten<\/h2>\n<table style=\"width: 100%; border-collapse: collapse; float: left;\">\n<thead>\n<tr style=\"background-color: #f4f4f4;\">\n<th style=\"border: 1px solid #ddd; padding: 10px; text-align: left;\">Wochentag<\/th>\n<th style=\"border: 1px solid #ddd; padding: 10px; text-align: left;\">Besuchszeiten<\/th>\n<th style=\"border: 1px solid #ddd; padding: 10px; text-align: left;\">Letzter Einlass<\/th>\n<\/tr>\n<\/thead>\n<tbody>\n<tr>\n<td style=\"border: 1px solid #ddd; padding: 10px;\">Montag \u2013 Mittwoch<\/td>\n<td style=\"border: 1px solid #ddd; padding: 10px;\">08:15 \u2013 15:45 Uhr<\/td>\n<td style=\"border: 1px solid #ddd; padding: 10px;\">15:15 Uhr<\/td>\n<\/tr>\n<tr style=\"background-color: #f9f9f9;\">\n<td style=\"border: 1px solid #ddd; padding: 10px;\">Donnerstag<\/td>\n<td style=\"border: 1px solid #ddd; padding: 10px;\">08:15 \u2013 18:30 Uhr<\/td>\n<td style=\"border: 1px solid #ddd; padding: 10px;\">18:00 Uhr<\/td>\n<\/tr>\n<tr>\n<td style=\"border: 1px solid #ddd; padding: 10px;\">Freitag<\/td>\n<td style=\"border: 1px solid #ddd; padding: 10px;\">08:15 \u2013 12:20 Uhr<\/td>\n<td style=\"border: 1px solid #ddd; padding: 10px;\">12:00 Uhr<\/td>\n<\/tr>\n<\/tbody>\n<\/table>\n<p style=\"text-align: left;\"><strong>Wichtig:<\/strong> Das Besuchszentrum und die W\u00e4sche-Paketabteilung sind montags bis donnerstags von 11:15 bis 12:00 Uhr geschlossen.<\/p>\n<h2 style=\"text-align: left;\">Terminvereinbarung<\/h2>\n<p style=\"text-align: left;\">Besuche sind ausschlie\u00dflich nach vorheriger Terminvereinbarung m\u00f6glich.<\/p>\n<p style=\"text-align: left;\"><strong>Kontakt Besuchszentrum:<\/strong> <a href=\"tel:040428292293\">040 428 29-293<\/a><br \/><strong>Fragen zum W\u00e4schetausch:<\/strong> <a href=\"tel:040428292294\">040 428 29-294<\/a><\/p>\n<p style=\"text-align: left;\">Der erste Besuchstermin muss telefonisch vereinbart werden. Halten Sie alle relevanten Daten bereit.<\/p>\n<h3 style=\"text-align: left;\">Besondere Genehmigungspflicht<\/h3>\n<p style=\"text-align: left;\">Bei Untersuchungshaft kann eine vorherige Genehmigung durch das zust\u00e4ndige Gericht, die Staatsanwaltschaft oder die Polizei erforderlich sein.<\/p>\n<h2 style=\"text-align: left;\">Mitbringpflichten und erlaubte Gegenst\u00e4nde<\/h2>\n<h3 style=\"text-align: left;\">Erforderliche Dokumente<\/h3>\n<ul style=\"text-align: left;\">\n<li>G\u00fcltiger Personalausweis oder Reisepass (zwingend erforderlich)<\/li>\n<li>2-Euro-M\u00fcnze als Pfand f\u00fcr Schlie\u00dff\u00e4cher<\/li>\n<\/ul>\n<h3 style=\"text-align: left;\">W\u00e4schetausch<\/h3>\n<p style=\"text-align: left;\">Der Austausch von W\u00e4sche ist w\u00e4hrend des Besuchs gestattet. Achten Sie darauf, dass sich keine Gegenst\u00e4nde in Taschen befinden.<\/p>\n<p style=\"text-align: left;\"><strong>W\u00e4scheabgabe ohne Besuch (Erstw\u00e4sche):<\/strong><br \/>Montag bis Freitag, 07:45 \u2013 08:45 Uhr<\/p>\n<p style=\"text-align: left;\"><strong>W\u00e4schetausch mit Besuch:<\/strong><br \/>Alle 14 Tage beim Besuchstermin m\u00f6glich<\/p>\n<h3 style=\"text-align: left;\">Verbotene Gegenst\u00e4nde<\/h3>\n<p style=\"text-align: left;\">Folgende Gegenst\u00e4nde d\u00fcrfen nicht mitgebracht werden:<\/p>\n<ul style=\"text-align: left;\">\n<li>Mobiltelefone<\/li>\n<li>Wertgegenst\u00e4nde<\/li>\n<li>Nahrungs- und Genussmittel<\/li>\n<li>Sonstige Gegenst\u00e4nde<\/li>\n<\/ul>\n<p style=\"text-align: left;\">Bei der Eingangskontrolle erfolgen Taschen- und Personenkontrollen. Die \u00dcbergabe von Gegenst\u00e4nden w\u00e4hrend des Besuchs ist untersagt.<\/p>\n<h2 style=\"text-align: left;\">Geldtransfer f\u00fcr Inhaftierte<\/h2>\n<p style=\"text-align: left;\">Die Anstalt nimmt kein Bargeld entgegen. Ausnahmen gelten nur f\u00fcr Zahlungen, die zu einer sofortigen Entlassung f\u00fchren (z.B. bei Ersatzfreiheitsstrafen).<\/p>\n<h3 style=\"text-align: left;\">\u00dcberweisungen<\/h3>\n<p style=\"text-align: left;\">Geldtransfers erfolgen ausschlie\u00dflich per \u00dcberweisung:<\/p>\n<p style=\"text-align: left;\"><strong>Empf\u00e4nger:<\/strong> Untersuchungshaftanstalt Hamburg<br \/><strong>Bank:<\/strong> Postbank Hamburg<br \/><strong>IBAN:<\/strong> DE59 2001 0020 0146 0602 04<br \/><strong>BIC:<\/strong> PBNKDEFF<br \/><strong>Verwendungszweck:<\/strong> Name, Vorname und Geburtsdatum der\/des Inhaftierten<\/p>\n<p style=\"text-align: left;\"><strong>Allgemeine Ausk\u00fcnfte zu Einzahlungen:<\/strong><br \/>Zahlstelle, Tel.: <a href=\"tel:040428292216\">040 428 29-216<\/a><\/p>\n<h2 style=\"text-align: left;\">Wichtige Hinweise f\u00fcr Ihren Besuch<\/h2>\n<h3 style=\"text-align: left;\">P\u00fcnktlichkeit<\/h3>\n<p style=\"text-align: left;\">Erscheinen Sie circa 20 Minuten vor dem vereinbarten Termin. Bei Versp\u00e4tung kann keine Verl\u00e4ngerung oder Nachholung gew\u00e4hrt werden.<\/p>\n<h3 style=\"text-align: left;\">Verhinderung<\/h3>\n<p style=\"text-align: left;\">Informieren Sie rechtzeitig, falls Sie den Termin nicht wahrnehmen k\u00f6nnen (z.B. wegen Krankheit).<\/p>\n<hr \/>\n<p style=\"font-size: 0.9em; color: #666666; margin-top: 30px; text-align: left;\"><em>Informationen basieren auf den offiziellen Angaben der Untersuchungshaftanstalt Hamburg (Stand: Januar 2025). Alle Angaben ohne Gew\u00e4hr. Aktuelle Informationen und \u00c4nderungen entnehmen Sie bitte der offiziellen Webseite der Justizvollzugsanstalt Hamburg.<\/em><\/p>\n<p>[\/et_pb_text][et_pb_text _builder_version=&#8220;4.27.5&#8243; _module_preset=&#8220;default&#8220; hover_enabled=&#8220;0&#8243; sticky_enabled=&#8220;0&#8243;]<\/p>\n<p style=\"text-align: right;\"><em>Attribution: Viktualis, <a href=\"https:\/\/creativecommons.org\/licenses\/by-sa\/3.0\">CC BY-SA 3.0<\/a> <\/em><https: creativecommons=\"\" org=\"\" licenses=\"\" by-sa=\"\" 3=\"\" 0=\"\">, via Wikimedia Commons<\/https:><\/p>\n<p>[\/et_pb_text][\/et_pb_column][et_pb_column type=&#8220;1_2&#8243; disabled_on=&#8220;on|off|off&#8220; _builder_version=&#8220;4.27.5&#8243; custom_padding=&#8220;100px||100px|&#8220; custom_padding_tablet=&#8220;60px||60px|&#8220; custom_padding_phone=&#8220;&#8220; custom_padding_last_edited=&#8220;on|desktop&#8220; hover_enabled=&#8220;0&#8243; global_colors_info=&#8220;{}&#8220; padding_tablet=&#8220;60px||60px|&#8220; padding_last_edited=&#8220;on|desktop&#8220; custom_padding__hover=&#8220;|||&#8220; padding_phone=&#8220;60px||60px|&#8220; background_enable_image=&#8220;off&#8220; background_color=&#8220;#212121&#8243; sticky_enabled=&#8220;0&#8243;][et_pb_image src=&#8220;https:\/\/defenza.de\/wp-content\/uploads\/2026\/02\/FrontansichtUHA2010.jpg&#8220; alt=&#8220;Rechtsanw\u00e4ltin Pinar&#8220; title_text=&#8220;FrontansichtUHA2010&#8243; align_tablet=&#8220;center&#8220; align_phone=&#8220;&#8220; align_last_edited=&#8220;on|desktop&#8220; disabled_on=&#8220;on|off|off&#8220; _builder_version=&#8220;4.27.5&#8243; max_width=&#8220;600px&#8220; max_width_tablet=&#8220;&#8220; max_width_phone=&#8220;&#8220; max_width_last_edited=&#8220;on|desktop&#8220; custom_margin=&#8220;|||-8%&#8220; custom_margin_tablet=&#8220;60px|60px|60px|60px&#8220; custom_margin_phone=&#8220;&#8220; custom_margin_last_edited=&#8220;on|desktop&#8220; custom_padding=&#8220;|||&#8220; animation_style=&#8220;slide&#8220; animation_direction=&#8220;right&#8220; animation_intensity_slide=&#8220;4%&#8220; animation_starting_opacity=&#8220;50%&#8220; hover_enabled=&#8220;0&#8243; box_shadow_style=&#8220;preset3&#8243; box_shadow_blur=&#8220;80px&#8220; global_colors_info=&#8220;{}&#8220; sticky_enabled=&#8220;0&#8243;][\/et_pb_image][\/et_pb_column][\/et_pb_row][\/et_pb_section]<\/p>\n","protected":false},"excerpt":{"rendered":"<p>Planen Sie einen Besuch in der UHA Hamburg? Erfahren Sie alles \u00fcber Besuchszeiten am Holstenglacis, Anmeldung, erlaubte Gegenst\u00e4nde und wichtige Verhaltensregeln.<\/p>\n","protected":false},"author":4,"featured_media":0,"parent":0,"menu_order":0,"comment_status":"closed","ping_status":"closed","template":"","meta":{"_et_pb_use_builder":"on","_et_pb_old_content":"","_et_gb_content_width":"","om_disable_all_campaigns":false,"_monsterinsights_skip_tracking":false,"_monsterinsights_sitenote_active":false,"_monsterinsights_sitenote_note":"","_monsterinsights_sitenote_category":0,"footnotes":""},"class_list":["post-4437","page","type-page","status-publish","hentry"],"aioseo_notices":[],"_links":{"self":[{"href":"https:\/\/defenza.de\/de_de\/wp-json\/wp\/v2\/pages\/4437","targetHints":{"allow":["GET"]}}],"collection":[{"href":"https:\/\/defenza.de\/de_de\/wp-json\/wp\/v2\/pages"}],"about":[{"href":"https:\/\/defenza.de\/de_de\/wp-json\/wp\/v2\/types\/page"}],"author":[{"embeddable":true,"href":"https:\/\/defenza.de\/de_de\/wp-json\/wp\/v2\/users\/4"}],"replies":[{"embeddable":true,"href":"https:\/\/defenza.de\/de_de\/wp-json\/wp\/v2\/comments?post=4437"}],"version-history":[{"count":6,"href":"https:\/\/defenza.de\/de_de\/wp-json\/wp\/v2\/pages\/4437\/revisions"}],"predecessor-version":[{"id":4524,"href":"https:\/\/defenza.de\/de_de\/wp-json\/wp\/v2\/pages\/4437\/revisions\/4524"}],"wp:attachment":[{"href":"https:\/\/defenza.de\/de_de\/wp-json\/wp\/v2\/media?parent=4437"}],"curies":[{"name":"wp","href":"https:\/\/api.w.org\/{rel}","templated":true}]}}