{"id":3202,"date":"2025-06-06T08:02:44","date_gmt":"2025-06-06T06:02:44","guid":{"rendered":"https:\/\/twp-strafrecht.de\/?page_id=3202"},"modified":"2026-02-03T16:46:12","modified_gmt":"2026-02-03T15:46:12","slug":"corruption-and-breach-of-trust","status":"publish","type":"page","link":"https:\/\/defenza.de\/en\/korruption-und-untreue\/","title":{"rendered":"Corruption and breach of trust"},"content":{"rendered":"<p>[et_pb_section fb_built=&#8220;1&#8243; disabled_on=&#8220;off|on|on&#8220; admin_label=&#8220;Hero Section&#8220; _builder_version=&#8220;4.16&#8243; custom_padding=&#8220;0|0px|0px|0px&#8220; global_colors_info=&#8220;{}&#8220;][et_pb_row use_custom_gutter=&#8220;on&#8220; make_equal=&#8220;on&#8220; _builder_version=&#8220;4.16&#8243; width=&#8220;100%&#8220; max_width=&#8220;100%&#8220; custom_padding=&#8220;0px|0|0px|&#8220; use_custom_width=&#8220;on&#8220; width_unit=&#8220;off&#8220; custom_width_percent=&#8220;100%&#8220; global_colors_info=&#8220;{}&#8220;][et_pb_column type=&#8220;4_4&#8243; _builder_version=&#8220;4.16&#8243; custom_padding=&#8220;200px|4%|200px|8%&#8220; custom_padding_tablet=&#8220;60px|10%|60px|10%&#8220; custom_padding_phone=&#8220;&#8220; custom_padding_last_edited=&#8220;on|tablet&#8220; global_colors_info=&#8220;{}&#8220; padding_tablet=&#8220;60px|10%|60px|10%&#8220; padding_last_edited=&#8220;on|tablet&#8220; custom_padding__hover=&#8220;|||&#8220; padding_phone=&#8220;60px|10%|60px|10%&#8220;][et_pb_image src=&#8220;https:\/\/defenza.de\/wp-content\/uploads\/2026\/02\/AdobeStock_75146670-1-scaled.jpg&#8220; alt=&#8220;Rechtsanw\u00e4lt*innen&#8220; title_text=&#8220;Korruption und Untreue&#8220; align_tablet=&#8220;center&#8220; align_phone=&#8220;&#8220; align_last_edited=&#8220;on|desktop&#8220; disabled_on=&#8220;off|on|on&#8220; _builder_version=&#8220;4.27.4&#8243; max_width=&#8220;600px&#8220; max_width_tablet=&#8220;&#8220; max_width_phone=&#8220;&#8220; max_width_last_edited=&#8220;on|desktop&#8220; custom_margin=&#8220;|||-8%&#8220; custom_margin_tablet=&#8220;60px|60px|60px|60px&#8220; custom_margin_phone=&#8220;0px|0px|0px|0px|false|false&#8220; custom_margin_last_edited=&#8220;on|phone&#8220; custom_padding=&#8220;|||&#8220; animation_style=&#8220;slide&#8220; animation_direction=&#8220;right&#8220; animation_intensity_slide=&#8220;4%&#8220; animation_starting_opacity=&#8220;50%&#8220; hover_enabled=&#8220;0&#8243; box_shadow_style=&#8220;preset3&#8243; box_shadow_blur=&#8220;80px&#8220; global_colors_info=&#8220;{}&#8220; sticky_enabled=&#8220;0&#8243;][\/et_pb_image][\/et_pb_column][\/et_pb_row][\/et_pb_section][et_pb_section fb_built=&#8220;1&#8243; admin_label=&#8220;Hero Section&#8220; _builder_version=&#8220;4.16&#8243; custom_padding=&#8220;0|0px|0px|0px&#8220; global_colors_info=&#8220;{}&#8220;][et_pb_row column_structure=&#8220;1_2,1_2&#8243; use_custom_gutter=&#8220;on&#8220; make_equal=&#8220;on&#8220; _builder_version=&#8220;4.27.4&#8243; width=&#8220;100%&#8220; max_width=&#8220;100%&#8220; custom_padding=&#8220;0px|0px|0px|||&#8220; hover_enabled=&#8220;0&#8243; use_custom_width=&#8220;on&#8220; width_unit=&#8220;off&#8220; custom_width_percent=&#8220;100%&#8220; global_colors_info=&#8220;{}&#8220; sticky_enabled=&#8220;0&#8243;][et_pb_column type=&#8220;1_2&#8243; _builder_version=&#8220;4.16&#8243; custom_padding=&#8220;200px|4%|200px|8%&#8220; custom_padding_tablet=&#8220;60px|10%|60px|10%&#8220; custom_padding_phone=&#8220;&#8220; custom_padding_last_edited=&#8220;on|tablet&#8220; global_colors_info=&#8220;{}&#8220; padding_tablet=&#8220;60px|10%|60px|10%&#8220; padding_last_edited=&#8220;on|tablet&#8220; custom_padding__hover=&#8220;|||&#8220; padding_phone=&#8220;60px|10%|60px|10%&#8220;][et_pb_text _builder_version=&#8220;4.16&#8243; header_font=&#8220;Nunito||||||||&#8220; header_3_font=&#8220;Karla|700||on|||||&#8220; header_3_text_color=&#8220;#b51f1f&#8220; header_3_font_size=&#8220;16px&#8220; header_3_letter_spacing=&#8220;1px&#8220; transform_scale=&#8220;100%|100%&#8220; background_layout=&#8220;dark&#8220; custom_margin=&#8220;0px||20px||false|false&#8220; custom_margin_tablet=&#8220;&#8220; custom_margin_phone=&#8220;-60px||||false|false&#8220; custom_margin_last_edited=&#8220;on|phone&#8220; locked=&#8220;off&#8220; global_colors_info=&#8220;{}&#8220;]<\/p>\n<h3><\/h3>\n<p>[\/et_pb_text][et_pb_divider color=&#8220;#b51f1e&#8220; divider_weight=&#8220;2px&#8220; _builder_version=&#8220;4.16&#8243; transform_scale=&#8220;100%|100%&#8220; max_width=&#8220;150px&#8220; module_alignment=&#8220;right&#8220; height=&#8220;2px&#8220; custom_margin=&#8220;|||&#8220; custom_padding=&#8220;|-60px||&#8220; custom_padding_tablet=&#8220;|0px||&#8220; custom_padding_last_edited=&#8220;off|desktop&#8220; locked=&#8220;off&#8220; global_colors_info=&#8220;{}&#8220;][\/et_pb_divider][et_pb_text _builder_version=&#8220;4.21.0&#8243; header_2_font=&#8220;Conneqt Bold|||||on|||&#8220; header_2_text_color=&#8220;#666666&#8243; header_2_font_size=&#8220;20px&#8220; header_3_text_color=&#8220;#666666&#8243; locked=&#8220;off&#8220; global_colors_info=&#8220;{}&#8220;]<\/p>\n<h1>Korruption und Untreue<\/h1>\n<p>&nbsp;<\/p>\n<p style=\"text-align: left;\"><span style=\"font-weight: 400;\">Unter dem Begriff der Korruption versteht man den Missbrauch einer Vertrauensstellung oder Entscheidungsbefugnis, welcher dem privaten Nutzen oder der Erlangung eines ungerechtfertigten Vorteils dienen soll.\u00a0 Korruptionsdelikte sind in allen Bereichen der Gesellschaft zu finden \u2013 betroffen sind solche des Privatlebens, aber auch der \u00f6ffentlichen, wirtschaftlichen, juristischen oder politischen Verantwortung, zum Beispiel in Unternehmen, Beh\u00f6rden und anderen Institutionen. Korruption kann damit sowohl im kleinen, aber auch gro\u00dfen Stil betrieben werden. Der materielle Vorteil bezieht sich dabei in den meisten F\u00e4llen auf Geld, jedoch sind auch Rabatte, Darlehen, Pr\u00e4mien oder immaterielle Vorteile, wie zum Beispiel Ehrungen, Karrieref\u00f6rderungen oder sexuelle Zuwendungen denkbar. In der Regel hat Korruption verheerende Folgen auf sozialer, wirtschaftlicher oder politischer Ebene. Allein in Deutschland kommen durch Korruption j\u00e4hrlich Sch\u00e4den in Millionenh\u00f6he zustande. Gleichzeitig gibt es auch sozialad\u00e4quate Zuwendungen unter Gesch\u00e4ftspartnern, die unproblematisch sind, so zum Beispiel eine Einladung oder ein Geschenk. Eine Beurteilung dessen ist grunds\u00e4tzlich abh\u00e4ngig von der objektiven Eignung zur Beeinflussung und insbesondere von den Umst\u00e4nden des Einzelfalls.\u00a0\u00a0<\/span><\/p>\n<p style=\"text-align: left;\"><span style=\"font-weight: 400;\">Korruptionsdelikte erfordern mindestens 2 Akteure: den Bestechenden und den Bestochenen. In einigen Konstellationen kann auch noch ein Auftraggeber hinzukommen. Unterschieden wird grunds\u00e4tzlich zwischen der situativen und der strukturellen Korruption. Situative Korruptionshandlungen sind Tatbestandsverwirklichungen, die eine spontane und unmittelbare Reaktion auf eine sich ergebende Situation sind und die keiner Planung zugrunde liegen. Die strukturelle Korruption auf der anderen Seite ist eine geplante Handlung, die bewusst get\u00e4tigt wird und h\u00e4ufig auch schon l\u00e4ngerfristig besteht.\u00a0<\/span><\/p>\n<p>[\/et_pb_text][et_pb_text _builder_version=&#8220;4.27.4&#8243; _module_preset=&#8220;default&#8220; header_2_font=&#8220;Conneqt Bold|||||on|||&#8220; header_2_text_color=&#8220;#666666&#8243; header_2_font_size=&#8220;20px&#8220; header_3_text_color=&#8220;#666666&#8243; custom_margin=&#8220;|||254px|false|false&#8220; hover_enabled=&#8220;0&#8243; global_colors_info=&#8220;{}&#8220; header_3_font=&#8220;Conneqt Bold|||||on|||&#8220; header_3_font_size=&#8220;18px&#8220; sticky_enabled=&#8220;0&#8243;]<\/p>\n<h2 style=\"text-align: left;\">Strafrechtliche Korruptionstatbest\u00e4nde<\/h2>\n<p style=\"text-align: left;\"><span style=\"font-weight: 400;\">Das Strafgesetzbuch normiert verschiedene Delikte, die unter den umgangssprachlichen Begriff der Korruption fallen.<\/span><\/p>\n<h3 style=\"text-align: left;\">Korruption im Gesch\u00e4ftsverkehr<\/h3>\n<p style=\"text-align: left;\"><span style=\"font-weight: 400;\">Die \u00a7\u00a7 298-300 StGB sind Teil des Wirtschaftsstrafrechts und dienen dem Schutz des nationalen und auch internationalen Wettbewerbs. <\/span><b>\u00a7 298 StGB<\/b><span style=\"font-weight: 400;\"> regelt <\/span><b>wettbewerbsbeschr\u00e4nkende Absprachen bei Ausschreibungen<\/b><span style=\"font-weight: 400;\">. Eine in diesem Sinne rechtswidrige Absprache kann dabei mit einer Freiheitsstrafe von bis zu 5 Jahren oder mit einer Geldstrafe sanktioniert werden.\u00a0<\/span><\/p>\n<ul style=\"text-align: left;\">\n<li><b> 299 StGB<\/b><span style=\"font-weight: 400;\"> stellt die zentrale Vorschrift f\u00fcr die <\/span><b>Bestechung und Bestechlichkeit im gesch\u00e4ftlichen Verkehr<\/b><span style=\"font-weight: 400;\"> dar.\u00a0 Diese wird nach \u00a7 301 Abs. 1 StGB nur auf Antrag verfolgt, es sei denn, dass ein besonderes \u00f6ffentliches Interesse an der Strafverfolgung besteht. Nach \u00a7 299 Abs. 1 Nr. 1 StGB macht sich der Bestechlichkeit strafbar, wer im gesch\u00e4ftlichen Verkehr <\/span><b>als Angestellter oder Beauftragter eines Unternehmens<\/b><span style=\"font-weight: 400;\"> einen Vorteil f\u00fcr sich oder einen Dritten als Gegenleistung daf\u00fcr fordert, sich versprechen l\u00e4sst oder annimmt, dass er bei dem Bezug von Waren oder Dienstleistungen einen anderen im inl\u00e4ndischen oder ausl\u00e4ndischen Wettbewerb in unlauterer Weise bevorzugt. Gem\u00e4\u00df \u00a7 299 Abs. 1 Nr. 2 StGB wird genauso bestraft, wer als solcher ohne Einwilligung des Unternehmens einen Vorteil f\u00fcr sich oder einen Dritten als Gegenleistung daf\u00fcr fordert, sich versprechen l\u00e4sst oder annimmt, dass er bei dem Bezug von Waren oder Dienstleistungen eine Handlung vornimmt oder unterl\u00e4sst und dadurch seine Pflichten gegen\u00fcber dem Unternehmen verletzt.\u00a0<\/span><\/li>\n<\/ul>\n<p style=\"text-align: left;\"><span style=\"font-weight: 400;\">F\u00fcr diese Tatbestandsverwirklichungen ist eine <\/span><b>Freiheitsstrafe von bis zu 3 Jahren oder eine Geldstrafe<\/b><span style=\"font-weight: 400;\"> vorgesehen. T\u00e4ter kann dabei nur sein, wer als Beauftragter oder als Angestellter durch ein Dienstverh\u00e4ltnis weisungsgebunden gegen\u00fcber dem Gesch\u00e4ftsherrn ist und dabei Einwirkungen auf Entscheidungen bez\u00fcglich des Gesch\u00e4ftsverkehrs nehmen kann. Hinsichtlich der Voraussetzung des Gesch\u00e4ftsverkehrs bedarf es dabei lediglich der F\u00f6rderung eines beliebigen Gesch\u00e4ftszweckes beim Bezug von Waren oder Dienstleistungen. Die Tathandlung setzt eine zumindest angestrebte Unrechtsvereinbarung in Form eines Vorteils voraus. Eine vollendete Vorteilsgew\u00e4hrung ist hier gar nicht erforderlich \u2013 viel mehr reicht f\u00fcr die Tatbestandsverwirklichung bereits das Fordern eines Vorteils.\u00a0 An dieser Stelle wird noch unterschieden zwischen der Wettbewerbsvariante (Nr. 1), die eine Bevorzugung beim Bezug von Waren fordert, und einer Pflichtverletzung beim Bezug von Waren (Nr. 2).\u00a0<\/span><\/p>\n<p style=\"text-align: left;\"><span style=\"font-weight: 400;\">Die Bestechung, in \u00a7 299 Abs. 2 StGB spiegelbildlich geregelt, stellt das Gew\u00e4hren, Versprechen oder Anbieten eines solchen Vorteils aus \u00a7\u00a7 299 Abs. 1 Nr. 1 und Nr. 2 StGB unter dieselbe Strafe. Im Gegensatz zur Bestechlichkeit kann dieser Tatbestand von einem jeden begangen werden.\u00a0<\/span><\/p>\n<ul style=\"text-align: left;\">\n<li><b> 300 StGB<\/b><span style=\"font-weight: 400;\"> ist dabei die dazugeh\u00f6rige <\/span><b>Qualifikation f\u00fcr den besonders schweren Fall<\/b><span style=\"font-weight: 400;\">. In der Regel ist dies gegeben, wenn es sich um einen Vorteil eines gro\u00dfen Ausma\u00dfes handelt. Dabei erh\u00f6ht sich die Strafe auf eine Freiheitsstrafe von 3 Monaten bis zu 5 Jahren.<\/span><\/li>\n<\/ul>\n<p style=\"text-align: left;\"><span style=\"font-weight: 400;\">Die \u00a7\u00a7 299a, 299b StGB stellen zus\u00e4tzlich dazu Sonderf\u00e4lle der Bestechlichkeit und Bestechung im Gesundheitswesen dar.\u00a0<\/span><\/p>\n<h3 style=\"text-align: left;\"><span style=\"font-weight: 400;\">Korruption bei Amtstr\u00e4gern<\/span><\/h3>\n<p style=\"text-align: left;\"><span style=\"font-weight: 400;\">Die Straftatbest\u00e4nde hinsichtlich der <\/span><b>Korruption bei Amtstr\u00e4gern<\/b><span style=\"font-weight: 400;\"> sind in den <\/span><b>\u00a7\u00a7 331-335a des StGB<\/b><span style=\"font-weight: 400;\"> geregt. Sie sollen das Vertrauen der \u00d6ffentlichkeit in den \u00f6ffentlichen Dienst, vor allem dessen Lauterkeit und Unverk\u00e4uflichkeit, sichern. Unterteilt sind diese in die Vorteilsannahme, die Bestechlichkeit, die Vorteilsgew\u00e4hrung und die Bestechung.\u00a0<\/span><\/p>\n<p style=\"text-align: left;\"><span style=\"font-weight: 400;\">Die <\/span><b>Vorteilsannahme<\/b><span style=\"font-weight: 400;\"> bzw. <\/span><b>-gew\u00e4hrung<\/b><span style=\"font-weight: 400;\"> bezieht sich dabei auf eine rechtm\u00e4\u00dfige Diensthandlung oder Unterlassung. Demgegen\u00fcber bedarf es bei der <\/span><b>Bestechlichkeit und Bestechung<\/b><span style=\"font-weight: 400;\"> eines Versto\u00dfes gegen die Dienstpflichten.<\/span><\/p>\n<p style=\"text-align: left;\"><span style=\"font-weight: 400;\">Die Unterteilung der Tatbest\u00e4nde dient zus\u00e4tzlich der Eingrenzung des T\u00e4terkreises. W\u00e4hrend die Vorteilsannahme und Bestechlichkeit nur von Amtstr\u00e4gern oder Dienstverpflichteten (\u00a7\u00a7 11 Abs. 1 Nr. 2, Nr. 4 StGB) auf Nehmerseite begangen werden k\u00f6nnen, kann dies bei der Vorteilsgew\u00e4hrung und Bestechung auf Geberseite durch Jedermann geschehen.\u00a0<\/span><\/p>\n<p style=\"text-align: left;\"><span style=\"font-weight: 400;\">Das Strafma\u00df der Vorteilsannahme gem. \u00a7 331 StGB, bzw. der Vorteilsgew\u00e4hrung nach \u00a7 333 StGB bel\u00e4uft sich auf eine <\/span><b>Freiheitsstrafe von bis zu 3 Jahren oder eine Geldstrafe<\/b><span style=\"font-weight: 400;\">.\u00a0<\/span><\/p>\n<p style=\"text-align: left;\"><span style=\"font-weight: 400;\">Die Bestechlichkeit gem. \u00a7 332 StGB ist mit <\/span><b>einer Freiheitsstrafe zwischen 6 Monaten und 5 Jahren bedroht<\/b><span style=\"font-weight: 400;\">, die Bestechung nach \u00a7 335 StGB zwischen <\/span><b>3 Monaten und 5 Jahren<\/b><span style=\"font-weight: 400;\">. Nach \u00a7 335 StGB kann sich dies in <\/span><b>besonders schweren F\u00e4llen<\/b><span style=\"font-weight: 400;\"> auf eine Freiheitsstrafe zwischen 1 und 10 Jahren erh\u00f6hen. Ein solcher wird regelm\u00e4\u00dfig dann angenommen, wenn der Vorteil ein Ausma\u00df von 50.000 \u20ac \u00fcbersteigt, gewerbsm\u00e4\u00dfiges Handeln oder das Handeln als Mitglied einer Bande vorliegt. Bei der Begehung der Bestechlichkeit oder Bestechung durch einen Richter oder Schiedsrichter droht au\u00dferdem ein erh\u00f6htes Strafma\u00df.\u00a0<\/span><\/p>\n<p style=\"text-align: left;\"><span style=\"font-weight: 400;\">Eine m\u00f6gliche Konsequenz ist au\u00dferdem die Entlassung aus dem Dienst.<\/span><\/p>\n<p>[\/et_pb_text][et_pb_text _builder_version=&#8220;4.21.0&#8243; _module_preset=&#8220;default&#8220; header_2_font=&#8220;Conneqt Bold|||||on|||&#8220; header_2_text_color=&#8220;#666666&#8243; header_2_font_size=&#8220;20px&#8220; header_3_text_color=&#8220;#666666&#8243; custom_margin=&#8220;||30px|254px|false|false&#8220; global_colors_info=&#8220;{}&#8220;]<\/p>\n<h2 style=\"text-align: left;\">Untreue<\/h2>\n<p style=\"text-align: left;\"><span style=\"font-weight: 400;\">Eine weitere zentrale Vorschrift des Wirtschaftsstrafrechts ist die der Untreue. Normiert wird dieser Straftatbestand in \u00a7 266 StGB.\u00a0<\/span><\/p>\n<p style=\"text-align: left;\"><span style=\"font-weight: 400;\">Unterschieden wird dabei zwischen 2 Fallkonstellationen. Zum einen sch\u00fctzt die Norm gem. \u00a7 266 Abs. 1 Alt. 1 StGB Missbrauchsf\u00e4lle. Dies sind solche, bei denen der T\u00e4ter eine ihm anvertraute Befugnis zur Verwaltung fremden Verm\u00f6gens missbraucht, etwa indem er dieses \u00fcberschreitet.\u00a0<\/span><\/p>\n<p style=\"text-align: left;\"><span style=\"font-weight: 400;\">Auf der anderen Seite steht die Treubruchsvariante nach \u00a7 266 Abs. 1 Alt. 2 StGB, welche an den Treuebruch einer Verpflichtung zur besonderen fremdn\u00fctzigen Verm\u00f6gensf\u00fcrsorge ankn\u00fcpft. Hier wird keine besondere Verf\u00fcgungsbefugnis ben\u00f6tigt. Vielmehr handelt es sich dabei um eine tats\u00e4chliche Einwirkungsmacht, die aus einer Hauptpflicht resultieren muss. Derartige F\u00e4lle sind beispielsweise in der Vollstreckung, zum Beispiel durch einen Gerichtsvollzieher, oder zwischen Handelsvertretern oder Prokuristen und deren Gesch\u00e4ftsherrn denkbar.\u00a0<\/span><\/p>\n<p style=\"text-align: left;\"><span style=\"font-weight: 400;\">Das Strafma\u00df der Untreue bel\u00e4uft sich auf eine Freiheitsstrafe von bis zu 5 Jahren oder<\/span><\/p>\n<p style=\"text-align: left;\"><span style=\"font-weight: 400;\">auf eine Geldstrafe. Insbesondere bei Erstt\u00e4tern ergeht ein Urteil h\u00e4ufig ohne Hauptverhandlung durch einen Strafbefehl. Der besonders schwere Fall der Untreue wird gem. \u00a7 266 Abs. 2 StGB in Verbindung mit \u00a7 263 Abs. 3 StGB mit einer Freiheitsstrafe von 3 Monaten bis zu 10 Jahren bestraft.\u00a0<\/span><\/p>\n<p style=\"text-align: left;\"><span style=\"font-weight: 400;\">Das Vorenthalten und Veruntreuen von Arbeitsentgelt, sowie der Missbrauch von Scheck- und Kreditkarten sind in den \u00a7\u00a7 266a, 266b StGB gesondert geregt.<\/span><\/p>\n<p>[\/et_pb_text][et_pb_text _builder_version=&#8220;4.27.4&#8243; _module_preset=&#8220;default&#8220; sticky_enabled=&#8220;0&#8243; header_2_font=&#8220;Conneqt Bold|||||on|||&#8220; header_2_text_color=&#8220;#666666&#8243; header_2_font_size=&#8220;20px&#8220; header_3_text_color=&#8220;#666666&#8243; custom_margin=&#8220;||29px|254px|false|false&#8220;]<\/p>\n<h2 style=\"text-align: left;\">FAQ<\/h2>\n<p>[\/et_pb_text][et_pb_accordion _builder_version=&#8220;4.27.4&#8243; _module_preset=&#8220;default&#8220; max_width=&#8220;600px&#8220; module_alignment=&#8220;right&#8220; hover_enabled=&#8220;0&#8243; sticky_enabled=&#8220;0&#8243;][et_pb_accordion_item title=&#8220;Was ist Korruption?&#8220; _builder_version=&#8220;4.27.4&#8243; _module_preset=&#8220;default&#8220; open=&#8220;on&#8220; hover_enabled=&#8220;0&#8243; sticky_enabled=&#8220;0&#8243;]<\/p>\n<p><span style=\"font-weight: 400;\">Korruption bedeutet den Missbrauch einer Vertrauensstellung oder Entscheidungsbefugnis zum privaten Nutzen oder zur Erlangung eines ungerechtfertigten Vorteils.<\/span><\/p>\n<p>[\/et_pb_accordion_item][et_pb_accordion_item title=&#8220;Was bedeutet Untreue? &#8220; _builder_version=&#8220;4.27.4&#8243; _module_preset=&#8220;default&#8220; open=&#8220;off&#8220; hover_enabled=&#8220;0&#8243; sticky_enabled=&#8220;0&#8243;]<\/p>\n<p>Der Tatbestand der Untreue gem\u00e4\u00df \u00a7 266 StGB unterscheidet zwischen Missbrauchsf\u00e4llen und Treubruchsf\u00e4llen. Bei ersterem wird eine anvertraute Befugnis zur Verwaltung fremden Verm\u00f6gens missbraucht, bei letzterem wird eine Verpflichtung zur besonderen fremdn\u00fctzigen Verm\u00f6gensf\u00fcrsorge gebrochen.<\/p>\n<p>[\/et_pb_accordion_item][et_pb_accordion_item title=&#8220;Wie unterscheiden sich Bestechung und Korruption?&#8220; _builder_version=&#8220;4.27.4&#8243; _module_preset=&#8220;default&#8220; open=&#8220;off&#8220; hover_enabled=&#8220;0&#8243; sticky_enabled=&#8220;0&#8243;]<\/p>\n<p>Bestechung ist eine Form der Korruption, die das Anbieten, Versprechen oder Gew\u00e4hren eines Vorteils zur Erreichung einer pflichtwidrigen Handlung beschreibt.<\/p>\n<p>[\/et_pb_accordion_item][et_pb_accordion_item title=&#8220;K\u00f6nnen auch Privatpersonen korrupt handeln?&#8220; _builder_version=&#8220;4.27.4&#8243; _module_preset=&#8220;default&#8220; open=&#8220;off&#8220; hover_enabled=&#8220;0&#8243; sticky_enabled=&#8220;0&#8243;]<\/p>\n<p>Ja, beispielsweise wenn sie Vorteile fordern oder annehmen, um eine pflichtwidrige Entscheidung zu beeinflussen.<\/p>\n<p>[\/et_pb_accordion_item][et_pb_accordion_item title=&#8220;Welche Strafen drohen bei Korruption oder Untreue?&#8220; _builder_version=&#8220;4.27.4&#8243; _module_preset=&#8220;default&#8220; open=&#8220;off&#8220; hover_enabled=&#8220;0&#8243; sticky_enabled=&#8220;0&#8243;]<\/p>\n<p>In Deutschland gibt es verschiedene Delikte, die unter den Begriff der Korruption fallen. Die Strafen hierbei reichen von einer Geldstrafe \u00fcber eine Freiheitsstrafe bis zu 5 Jahren, in besonders schweren F\u00e4llen teilweise auch bis zu 10 Jahren. Der Straftatbestand der Untreue sieht eine Freiheitsstrafe bis zu 5 Jahren oder eine Geldstrafe vor, in besonders schweren F\u00e4llen ebenfalls bis zu 10 Jahren.<\/p>\n<p>[\/et_pb_accordion_item][et_pb_accordion_item title=&#8220;Wie erkennt man Korruption?&#8220; _builder_version=&#8220;4.27.4&#8243; _module_preset=&#8220;default&#8220; open=&#8220;off&#8220; hover_enabled=&#8220;0&#8243; sticky_enabled=&#8220;0&#8243;]<\/p>\n<p>Typische Merkmale von Korruption k\u00f6nnen zum Beispiel ungew\u00f6hnliche Geldfl\u00fcsse, wiederholte Vorteilsversprechungen oder intransparente Dokumentationen sein.<\/p>\n<p>[\/et_pb_accordion_item][et_pb_accordion_item title=&#8220;Was kann man tun, wenn man Korruption vermutet?&#8220; _builder_version=&#8220;4.27.4&#8243; _module_preset=&#8220;default&#8220; open=&#8220;off&#8220; hover_enabled=&#8220;0&#8243; sticky_enabled=&#8220;0&#8243;]<\/p>\n<p>Innerhalb der EU kann man sich bei Verdacht auf Korruption oder Betrug bei OLAF (Europ\u00e4isches Amt f\u00fcr Betrugsbek\u00e4mpfung) melden, auch anonym. Alternativ haben auch nationale Polizeibeh\u00f6rden Hinweisstellen.<\/p>\n<p>[\/et_pb_accordion_item][et_pb_accordion_item title=&#8220;Wie l\u00e4sst sich Korruption verhindern?&#8220; _builder_version=&#8220;4.27.4&#8243; _module_preset=&#8220;default&#8220; open=&#8220;off&#8220; hover_enabled=&#8220;0&#8243; sticky_enabled=&#8220;0&#8243;]<\/p>\n<p>Effektive Ma\u00dfnahmen zur Verhinderung von Korruption sind unter anderem transparente Prozesse, interne Kontrollsysteme, Rotationen von Verantwortlichen, eine ethische Unternehmenskultur, Hinweisgebersysteme und Schulungen.<\/p>\n<p>[\/et_pb_accordion_item][et_pb_accordion_item title=&#8220;Wo liegt die Grenze zwischen legitimen Netzwerken und Korruption?&#8220; _builder_version=&#8220;4.27.4&#8243; _module_preset=&#8220;default&#8220; open=&#8220;off&#8220; hover_enabled=&#8220;0&#8243; sticky_enabled=&#8220;0&#8243;]<\/p>\n<p>Die Grenze liegt dort, wo ein Vorteil nicht mehr gerechtfertigt ist, weil er Einfluss auf Entscheidungen nimmt oder weil Vertrauen missbraucht wird. Auch kleine Vorteile oder Geschenke k\u00f6nnen unethisch sein, wenn dies dazu dient, Entscheidungen zu beeinflussen.<\/p>\n<p>[\/et_pb_accordion_item][et_pb_accordion_item title=&#8220;Was ist der Korruptions-Wahrnehmungsindex (CPI)?&#8220; _builder_version=&#8220;4.27.4&#8243; _module_preset=&#8220;default&#8220; open=&#8220;off&#8220; hover_enabled=&#8220;0&#8243; sticky_enabled=&#8220;0&#8243;]<\/p>\n<p>Der CPI bewertet die wahrgenommene Korruption (durch Experten und Institutionen) in \u00f6ffentlichen Sektoren und listet L\u00e4nder anhand dieses Ma\u00dfstabes auf.<\/p>\n<p>[\/et_pb_accordion_item][\/et_pb_accordion][\/et_pb_column][et_pb_column type=&#8220;1_2&#8243; disabled_on=&#8220;on|off|off&#8220; _builder_version=&#8220;4.27.4&#8243; use_background_color_gradient=&#8220;on&#8220; background_color_gradient_stops=&#8220;rgba(18,18,18,0.5) 0%|#121212 100%&#8220; background_color_gradient_overlays_image=&#8220;on&#8220; background_color_gradient_start=&#8220;rgba(18,18,18,0.5)&#8220; background_color_gradient_end=&#8220;#121212&#8243; background_image=&#8220;https:\/\/defenza.de\/wp-content\/uploads\/2026\/02\/AdobeStock_75146670-1-scaled.jpg&#8220; custom_padding=&#8220;100px||100px|&#8220; custom_padding_tablet=&#8220;60px||60px|&#8220; custom_padding_phone=&#8220;&#8220; custom_padding_last_edited=&#8220;on|desktop&#8220; hover_enabled=&#8220;0&#8243; global_colors_info=&#8220;{}&#8220; padding_tablet=&#8220;60px||60px|&#8220; padding_last_edited=&#8220;on|desktop&#8220; custom_padding__hover=&#8220;|||&#8220; padding_phone=&#8220;60px||60px|&#8220; title_text=&#8220;Korruption und Untreue&#8220; sticky_enabled=&#8220;0&#8243;][et_pb_image src=&#8220;https:\/\/defenza.de\/wp-content\/uploads\/2026\/02\/AdobeStock_75146670-1-scaled.jpg&#8220; alt=&#8220;Rechtsanw\u00e4lt*innen&#8220; title_text=&#8220;Korruption und Untreue&#8220; align_tablet=&#8220;center&#8220; align_phone=&#8220;&#8220; align_last_edited=&#8220;on|desktop&#8220; disabled_on=&#8220;on|off|off&#8220; _builder_version=&#8220;4.27.4&#8243; max_width=&#8220;600px&#8220; max_width_tablet=&#8220;&#8220; max_width_phone=&#8220;&#8220; max_width_last_edited=&#8220;on|desktop&#8220; custom_margin=&#8220;|||-8%&#8220; custom_margin_tablet=&#8220;60px|60px|60px|60px&#8220; custom_margin_phone=&#8220;&#8220; custom_margin_last_edited=&#8220;on|desktop&#8220; custom_padding=&#8220;|||&#8220; animation_style=&#8220;slide&#8220; animation_direction=&#8220;right&#8220; animation_intensity_slide=&#8220;4%&#8220; animation_starting_opacity=&#8220;50%&#8220; hover_enabled=&#8220;0&#8243; box_shadow_style=&#8220;preset3&#8243; box_shadow_blur=&#8220;80px&#8220; global_colors_info=&#8220;{}&#8220; sticky_enabled=&#8220;0&#8243;][\/et_pb_image][\/et_pb_column][\/et_pb_row][\/et_pb_section]<\/p>\n","protected":false},"excerpt":{"rendered":"<p>Legal advice in cases of corruption, breach of trust &amp; bribery: Criminal defense for public officials, companies &amp; private individuals \u2013 discreet, experienced &amp; nationwide<\/p>","protected":false},"author":4,"featured_media":0,"parent":0,"menu_order":0,"comment_status":"closed","ping_status":"closed","template":"","meta":{"_et_pb_use_builder":"on","_et_pb_old_content":"","_et_gb_content_width":"","om_disable_all_campaigns":false,"_monsterinsights_skip_tracking":false,"_monsterinsights_sitenote_active":false,"_monsterinsights_sitenote_note":"","_monsterinsights_sitenote_category":0,"footnotes":""},"class_list":["post-3202","page","type-page","status-publish","hentry"],"aioseo_notices":[],"_links":{"self":[{"href":"https:\/\/defenza.de\/en\/wp-json\/wp\/v2\/pages\/3202","targetHints":{"allow":["GET"]}}],"collection":[{"href":"https:\/\/defenza.de\/en\/wp-json\/wp\/v2\/pages"}],"about":[{"href":"https:\/\/defenza.de\/en\/wp-json\/wp\/v2\/types\/page"}],"author":[{"embeddable":true,"href":"https:\/\/defenza.de\/en\/wp-json\/wp\/v2\/users\/4"}],"replies":[{"embeddable":true,"href":"https:\/\/defenza.de\/en\/wp-json\/wp\/v2\/comments?post=3202"}],"version-history":[{"count":9,"href":"https:\/\/defenza.de\/en\/wp-json\/wp\/v2\/pages\/3202\/revisions"}],"predecessor-version":[{"id":4375,"href":"https:\/\/defenza.de\/en\/wp-json\/wp\/v2\/pages\/3202\/revisions\/4375"}],"wp:attachment":[{"href":"https:\/\/defenza.de\/en\/wp-json\/wp\/v2\/media?parent=3202"}],"curies":[{"name":"wp","href":"https:\/\/api.w.org\/{rel}","templated":true}]}}