{"id":3500,"date":"2025-07-24T08:10:43","date_gmt":"2025-07-24T06:10:43","guid":{"rendered":"https:\/\/twp-strafrecht.de\/?page_id=3500"},"modified":"2025-08-11T12:48:10","modified_gmt":"2025-08-11T10:48:10","slug":"criminal-consequences-what-can-be-expected-in-addition-to-a-penalty-in-the-event-of-a-conviction","status":"publish","type":"page","link":"https:\/\/defenza.de\/en\/strafrechtliche-nebenfolgen-was-neben-einer-strafe-bei-einer-verurteilung-noch-drohen-kann\/","title":{"rendered":"Criminal consequences \u2013 what can be threatened in addition to a penalty in the event of a conviction"},"content":{"rendered":"\n[et_pb_section fb_built=&#8220;1&#8243; disabled_on=&#8220;off|on|on&#8220; admin_label=&#8220;Hero Section&#8220; _builder_version=&#8220;4.16&#8243; custom_padding=&#8220;0|0px|0px|0px&#8220; global_colors_info=&#8220;{}&#8220;][et_pb_row use_custom_gutter=&#8220;on&#8220; make_equal=&#8220;on&#8220; _builder_version=&#8220;4.16&#8243; width=&#8220;100%&#8220; max_width=&#8220;100%&#8220; custom_padding=&#8220;0px|0|0px|&#8220; use_custom_width=&#8220;on&#8220; width_unit=&#8220;off&#8220; custom_width_percent=&#8220;100%&#8220; global_colors_info=&#8220;{}&#8220;][et_pb_column type=&#8220;4_4&#8243; _builder_version=&#8220;4.16&#8243; custom_padding=&#8220;200px|4%|200px|8%&#8220; custom_padding_tablet=&#8220;60px|10%|60px|10%&#8220; custom_padding_phone=&#8220;&#8220; custom_padding_last_edited=&#8220;on|tablet&#8220; global_colors_info=&#8220;{}&#8220; padding_tablet=&#8220;60px|10%|60px|10%&#8220; padding_last_edited=&#8220;on|tablet&#8220; custom_padding__hover=&#8220;|||&#8220; padding_phone=&#8220;60px|10%|60px|10%&#8220;][et_pb_image src=&#8220;https:\/\/defenza.de\/wp-content\/uploads\/2021\/05\/IMG_2752-2-scaled.jpg&#8220; alt=&#8220;Rechtsanw\u00e4lt*innen&#8220; title_text=&#8220;G\u00fcl Pinar \/ Arne Weller \/ Andreas Thiel&#8220; align_tablet=&#8220;center&#8220; align_phone=&#8220;&#8220; align_last_edited=&#8220;on|desktop&#8220; disabled_on=&#8220;off|on|on&#8220; _builder_version=&#8220;4.27.4&#8243; max_width=&#8220;600px&#8220; max_width_tablet=&#8220;&#8220; max_width_phone=&#8220;&#8220; max_width_last_edited=&#8220;on|desktop&#8220; custom_margin=&#8220;|||-8%&#8220; custom_margin_tablet=&#8220;60px|60px|60px|60px&#8220; custom_margin_phone=&#8220;0px|0px|0px|0px|false|false&#8220; custom_margin_last_edited=&#8220;on|phone&#8220; custom_padding=&#8220;|||&#8220; animation_style=&#8220;slide&#8220; animation_direction=&#8220;right&#8220; animation_intensity_slide=&#8220;4%&#8220; animation_starting_opacity=&#8220;50%&#8220; box_shadow_style=&#8220;preset3&#8243; box_shadow_blur=&#8220;80px&#8220; global_colors_info=&#8220;{}&#8220;][\/et_pb_image][\/et_pb_column][\/et_pb_row][\/et_pb_section][et_pb_section fb_built=&#8220;1&#8243; admin_label=&#8220;Hero Section&#8220; _builder_version=&#8220;4.16&#8243; custom_padding=&#8220;0|0px|0px|0px&#8220; global_colors_info=&#8220;{}&#8220;][et_pb_row column_structure=&#8220;1_2,1_2&#8243; use_custom_gutter=&#8220;on&#8220; make_equal=&#8220;on&#8220; _builder_version=&#8220;4.27.4&#8243; width=&#8220;100%&#8220; max_width=&#8220;100%&#8220; custom_padding=&#8220;0px|0px|0px|||&#8220; use_custom_width=&#8220;on&#8220; width_unit=&#8220;off&#8220; custom_width_percent=&#8220;100%&#8220; global_colors_info=&#8220;{}&#8220;][et_pb_column type=&#8220;1_2&#8243; _builder_version=&#8220;4.16&#8243; custom_padding=&#8220;200px|4%|200px|8%&#8220; custom_padding_tablet=&#8220;60px|10%|60px|10%&#8220; custom_padding_phone=&#8220;&#8220; custom_padding_last_edited=&#8220;on|tablet&#8220; global_colors_info=&#8220;{}&#8220; padding_tablet=&#8220;60px|10%|60px|10%&#8220; padding_last_edited=&#8220;on|tablet&#8220; custom_padding__hover=&#8220;|||&#8220; padding_phone=&#8220;60px|10%|60px|10%&#8220;][et_pb_text _builder_version=&#8220;4.16&#8243; header_font=&#8220;Nunito||||||||&#8220; header_3_font=&#8220;Karla|700||on|||||&#8220; header_3_text_color=&#8220;#b51f1f&#8220; header_3_font_size=&#8220;16px&#8220; header_3_letter_spacing=&#8220;1px&#8220; transform_scale=&#8220;100%|100%&#8220; background_layout=&#8220;dark&#8220; custom_margin=&#8220;0px||20px||false|false&#8220; custom_margin_tablet=&#8220;&#8220; custom_margin_phone=&#8220;-60px||||false|false&#8220; custom_margin_last_edited=&#8220;on|phone&#8220; locked=&#8220;off&#8220; global_colors_info=&#8220;{}&#8220;]<h3><\/h3>[\/et_pb_text][et_pb_divider color=&#8220;#b51f1e&#8220; divider_weight=&#8220;2px&#8220; _builder_version=&#8220;4.16&#8243; transform_scale=&#8220;100%|100%&#8220; max_width=&#8220;150px&#8220; module_alignment=&#8220;right&#8220; height=&#8220;2px&#8220; custom_margin=&#8220;|||&#8220; custom_padding=&#8220;|-60px||&#8220; custom_padding_tablet=&#8220;|0px||&#8220; custom_padding_last_edited=&#8220;off|desktop&#8220; locked=&#8220;off&#8220; global_colors_info=&#8220;{}&#8220;][\/et_pb_divider][et_pb_text _builder_version=&#8220;4.27.4&#8243; header_2_font_size=&#8220;22px&#8220; custom_margin=&#8220;||35px|||&#8220; hover_enabled=&#8220;0&#8243; locked=&#8220;off&#8220; global_colors_info=&#8220;{}&#8220; sticky_enabled=&#8220;0&#8243;]<h1>Strafrechtliche Nebenfolgen \u2013 <span>was neben einer Strafe bei einer Verurteilung noch drohen kann<\/span><\/h1>\n<p style=\"text-align: left;\">Verurteilungen in Strafverfahren k\u00f6nnen neben einer Geld- oder Freiheitsstrafe noch weitere Konsequenzen zur Folge haben, die h\u00e4ufig vorher gar nicht bekannt sind. Im Folgenden haben wir die relevantesten f\u00fcr Sie aufgelistet.<\/p>[\/et_pb_text][et_pb_text _builder_version=&#8220;4.27.4&#8243; header_2_font=&#8220;Conneqt Bold|||||on|||&#8220; header_2_text_color=&#8220;#666666&#8243; header_2_font_size=&#8220;20px&#8220; custom_margin=&#8220;||35px|||&#8220; locked=&#8220;off&#8220; global_colors_info=&#8220;{}&#8220;]<h2 style=\"text-align: left;\">Verm\u00f6gensabsch\u00f6pfungen<\/h2>\n<p style=\"text-align: left;\">Hat der T\u00e4ter durch die Tat einen <strong>Verm\u00f6gensvorteil oder andere wirtschaftliche Werte erlangt<\/strong>, darf er diese nicht einfach behalten. Im Hauptverfahren erwartet den Verurteilten in diesen F\u00e4llen neben einer Geld- oder Freiheitsstrafe auch eine Verm\u00f6gensabsch\u00f6pfung gem\u00e4\u00df der \u00a7\u00a7 73 ff. StGB. Das bedeutet, dass all das, was durch die Tat erlangt wurde, wieder herausgegeben werden muss und somit an den Staat zur\u00fcckgezahlt wird. Oftmals ist dies bei solchen Straftaten der Fall, bei denen der T\u00e4ter nachweislich Entgelte im Zuge der Tatbegehung erhalten hat, so zum Beispiel beim Handel mit Bet\u00e4ubungsmitteln oder auch beim Betrug oder Diebstahl. Ist das Erlangte nicht mehr vorhanden oder auf eine andere Art und Weise nicht mehr zug\u00e4nglich, so ordnet das Gericht stattdessen die <strong>Einziehung von Wertersatz<\/strong> nach \u00a7 73c StGB an, also die Einziehung eines Geldbetrages, der dem Wert des Erlangten entspricht. Umfasst ist hiervon auch jegliches legal erworbene Verm\u00f6gen, wobei der Staat entscheidet, auf welche Verm\u00f6genswerte zugegriffen werden soll. Denkbar sind, je nach H\u00f6he des Wertersatzes, beispielsweise Kontopf\u00e4ndungen oder auch die Pf\u00e4ndung von Fahrzeugen, Immobilien oder Grundst\u00fccken. Solche Verm\u00f6gensabsch\u00f6pfungen k\u00f6nnen derma\u00dfen hoch sein, dass dies die finanzielle Lage f\u00fcr den Rest des Lebens beeinflusst.<\/p>\n<h2 style=\"text-align: left;\">Zivilrechtliche Anspr\u00fcche<\/h2>\n<p style=\"text-align: left;\">Sollte durch die Straftat eine oder auch mehrere Personen gesch\u00e4digt worden sein, so steht diesen in den meisten F\u00e4llen ein zivilrechtlicher Anspruch zu. Ein solcher Anspruch kann erst nach einer Verurteilung geltend gemacht werden oder bereits im Strafverfahren durch das sogenannte Adh\u00e4sionsverfahren gerichtlich festgestellt werden. Oftmals handelt es sich dann um <strong>Schmerzensgeld- oder Schadensersatzanspr\u00fcche<\/strong>, die der Sch\u00e4diger dem Opfer zu zahlen hat. Insbesondere im <a href=\"https:\/\/defenza.de\/de_de\/wirtschaftsstrafrecht\/\">Wirtschaftsstrafrecht<\/a> kann dies den finanziellen Ruin bedeuten, weil Betr\u00fcger f\u00fcr etwaige Forderungen pers\u00f6nlich haften, auch wenn grunds\u00e4tzlich eine Haftungsbeschr\u00e4nkung auf das Gesellschaftsverm\u00f6gen vorgesehen ist. Denkbar sind aber zum Beispiel bei K\u00f6rperverletzungsdelikten auch Regressforderungen von Krankenversicherungen f\u00fcr etwaige Behandlungskosten oder Arbeitsausf\u00e4lle.<br \/>Es kann daher sinnvoll sein schon im Strafverfahren Bem\u00fchungen anzustellen, um den Schaden der gesch\u00e4digten Person zumindest teilweise wiedergutzumachen, zum Beispiel durch einen T\u00e4ter-Opfer-Ausgleich gem. \u00a7 46a des StGB. Dies wird bei der Strafzumessung strafmildernd ber\u00fccksichtigt, weswegen die richtige Verteidigung in solchen F\u00e4llen von gro\u00dfer Bedeutung ist.<\/p>[\/et_pb_text][et_pb_text _builder_version=&#8220;4.27.4&#8243; header_2_font=&#8220;Conneqt Bold|||||on|||&#8220; header_2_text_color=&#8220;#666666&#8243; header_2_font_size=&#8220;20px&#8220; custom_margin=&#8220;||35px|||&#8220; locked=&#8220;off&#8220; global_colors_info=&#8220;{}&#8220;]<h2 style=\"text-align: left;\">Berufsbezogene Folgen<\/h2>\n<p style=\"text-align: left;\">Grunds\u00e4tzlich kann nach \u00a7 70 des Strafgesetzbuches f\u00fcr jegliche Berufe und Gewerbe ein Berufsverbot verh\u00e4ngt werden, gem\u00e4\u00df \u00a7 132a der Strafprozessordnung auch vorl\u00e4ufig. Dies erfordert die Begehung einer Straftat unter Missbrauch seines Berufes oder Gewerbes oder der Verletzung seiner damit verbundenen Pflichten. Das Verbot betr\u00e4gt in den meisten F\u00e4llen 1 bis 5 Jahre, in extremen F\u00e4llen kann es aber auch lebenslang angeordnet werden.<\/p>\n<p style=\"text-align: left;\">F\u00fcr <strong>Beamte<\/strong> kann eine strafrechtliche Verurteilung gem\u00e4\u00df des Beamtenstatusgesetzes (BeamtStG) und des Bundesbeamtengesetzes (BBG), sowie f\u00fcr <strong>Berufssoldaten<\/strong> nach dem Soldatengesetz (SG) zur Beendigung des Beamten- bzw. Soldatenverh\u00e4ltnisses f\u00fchren. Das ist immer dann der Fall, wenn eine <strong>Freiheitsstrafe von mindestens 1 Jahr<\/strong> oder eine <strong>mindestens 6-monatige Freiheitsstrafe wegen besonderer dienstbezogener oder staatsgef\u00e4hrdender Delikte<\/strong> verhangen wird. Dies gilt unabh\u00e4ngig davon, ob die Freiheitsstrafe zur Bew\u00e4hrung ausgesetzt wird, nicht aber, wenn ein Strafbefehl statt einem Urteil im ordentlichen Strafverfahren ergeht. Befindet sich die verbeamtete Person oder der Soldat bereits im Ruhestand, kann als Disziplinarma\u00dfnahme das Ruhegehalt gek\u00fcrzt oder sogar vollst\u00e4ndig aberkannt werden. Endet das Arbeitsverh\u00e4ltnis auf diese Art und Weise, erl\u00f6schen damit auch Besoldungs- oder Versorgungsanspr\u00fcche.<\/p>\n<p style=\"text-align: left;\">Nach dem Deutschen Richtergesetz bedeutet auch f\u00fcr <strong>Richter und Richterinnen<\/strong> die Verurteilung zu einer Freiheitsstrafe von 1 Jahr, wegen bestimmter Delikte auch bei einer geringeren Freiheitsstrafe, dass das Richterverh\u00e4ltnis erlischt. Eine solche Verurteilung f\u00fchrt dazu, dass die F\u00e4higkeit \u00f6ffentliche \u00c4mter zu bekleiden f\u00fcr 5 Jahre aberkannt wird. F\u00fcr <strong>Sch\u00f6ffen<\/strong> gilt dies bereits, wenn gegen sie ein Ermittlungsverfahren l\u00e4uft.<\/p>\n<p style=\"text-align: left;\">F\u00fcr <strong>Anw\u00e4lte<\/strong> kann gem\u00e4\u00df der Bundesrechtsanwaltsordnung aus einer strafrechtlichen Verurteilung der Ausschluss aus der Rechtsanwaltschaft oder die Unf\u00e4higkeit zur Bekleidung \u00f6ffentlicher \u00c4mter folgen. Zu beachten ist, dass es auch schuldhafte Verhalten gibt, die auch ohne Verurteilung oder bei einer Verfahrenseinstellung nach \u00a7 153a StPO, d.h. unter Auflagen und Weisungen, zur Unw\u00fcrdigkeit zur Berufsaus\u00fcbung f\u00fchren. In allen F\u00e4llen kann eine bestehende <strong>Zulassung<\/strong> zur Rechtsanwaltschaft widerrufen werden oder eine beantragte Zulassung, bzw. die Wiederzulassung, versagt werden. Hinsichtlich der Unw\u00fcrdigkeit gibt es jedoch viele Komponenten, die einen Einfluss darauf haben, ob eine Unw\u00fcrdigkeit tats\u00e4chlich angenommen wird. Dazu z\u00e4hlen unter anderem der rechtliche Zusammenhang zwischen dem Verhalten und der Berufsaus\u00fcbung und die vergangene Zeit, insbesondere ob ein Schuldeingest\u00e4ndnis oder Wiedergutmachungen get\u00e4tigt wurden. Des Weiteren gibt es <strong>anwaltsgerichtliche Ma\u00dfnahmen<\/strong>, die bei schuldhaften Pflichtverst\u00f6\u00dfen gegen die BRAO oder BORA, angeordnet werden k\u00f6nnen.<\/p>\n<p style=\"text-align: left;\">\u00c4hnliche Vorschriften gelten f\u00fcr <strong>Notare<\/strong>, <strong>Steuerberater<\/strong>, sowie <strong>Wirtschaftspr\u00fcfer<\/strong>. F\u00fcr Notare f\u00fchrt eine strafrechtliche Verurteilung wie bei Beamten dazu, dass sie ihr Amt nicht mehr aus\u00fcben d\u00fcrfen. Schon wenn gegen sie ein Verfahren l\u00e4uft, bei dem eine Verurteilung zu erwarten ist, d\u00fcrfen sie nicht mehr zur Amtsaus\u00fcbung bestellt werden. Bei Steuerberatern und Wirtschaftspr\u00fcfern kommt es auf die F\u00e4higkeit zur Bekleidung eines \u00f6ffentlichen Amts an, wobei bei Wirtschaftspr\u00fcfern bereits ein schuldhaftes Verhalten, das einen Berufsausschluss rechtfertigt, ausreichend sein kann. In allen F\u00e4llen kann die Zulassung nicht nur versagt werden, sondern auch widerrufen oder zur\u00fcckgenommen werden. Au\u00dferdem k\u00f6nne auch in diesen Berufen berufsaufsichtsrechtliche Ma\u00dfnahmen oder berufsgerichtliche Ma\u00dfnahmen verhangen werden.<\/p>\n<p style=\"text-align: left;\"><strong>\u00c4rzten oder Apothekern<\/strong> kann gem\u00e4\u00df der Bundes\u00e4rzteordnung, bzw. des Apothekengesetzes, infolge einer strafrechtlichen Verurteilung die <strong>Approbation<\/strong> versagt oder entzogen werden, wenn sie sich als unw\u00fcrdig oder unzuverl\u00e4ssig zur Berufsaus\u00fcbung erweisen. Etwaige Erkenntnisse m\u00fcssen auf Tatsachen basieren, die aufzeigen, dass die berufsbezogenen Pflichten m\u00f6glicherweise nicht beachtet werden. Je nach der Schwere der Straftat kann dies auch aus solchen folgen, die nicht in inhaltlichem Zusammenhang zum Beruf stehen. Ist ein Strafverfahren bisher nur eingeleitet worden und es liegt noch keine rechtskr\u00e4ftige Verurteilung vor, so kann die Approbation auch vor\u00fcbergehend ruhend gestellt werden. \u00c4hnliches gilt f\u00fcr Psychotherapeuten nach dem Psychotherapeutengesetz und Zahn\u00e4rzte nach dem Zahnheilkundegesetz.<\/p>\n<p style=\"text-align: left;\">Die <strong>Gesch\u00e4ftsf\u00fchrung einer GmbH<\/strong> und der <strong>Vorstand einer AG<\/strong> kann nach dem GmbH-Gesetz und dem Aktiengesetz nicht durch solche Personen besetzt werden, die wegen einer oder mehrerer bestimmter Straftaten (aufgelistet im entsprechenden Gesetz) durch Urteil oder Strafbefehl verurteilt wurden. Dies gilt nicht f\u00fcr Verfahrenseinstellungen nach \u00a7 153a StPO. Die Ausschlussdauer betr\u00e4gt dabei 5 Jahre.<\/p>[\/et_pb_text][et_pb_text _builder_version=&#8220;4.27.4&#8243; header_2_font=&#8220;Conneqt Bold|||||on|||&#8220; header_2_text_color=&#8220;#666666&#8243; header_2_font_size=&#8220;20px&#8220; custom_margin=&#8220;||35px|||&#8220; locked=&#8220;off&#8220; global_colors_info=&#8220;{}&#8220;]<h2 style=\"text-align: left;\">Registereintragungen<\/h2>\n<p style=\"text-align: left;\">Strafrechtliche Verurteilungen k\u00f6nnen <strong>Eintr\u00e4ge in das Bundeszentralregister, in das Verkehrszentralregister oder auch in das Gewerbezentralregister<\/strong> zur Folge haben. Dies kann Auswirkungen auf die unterschiedlichsten Lebensbereiche haben:<\/p>\n<p style=\"text-align: left;\">In Hinblick auf den <strong>Arbeitsplatz<\/strong> ist zu beachten, dass Vorstrafen bei Bewerbungsgespr\u00e4chen wahrheitsgem\u00e4\u00df zu benennen sind. Fragen des Arbeitgebers sind h\u00e4ufig zul\u00e4ssig, insbesondere dann, wenn ein inhaltlicher Zusammenhang zwischen der Berufst\u00e4tigkeit und dem gegangenen Delikt besteht. Eine wahrheitswidrige Angabe kann in dieser Hinsicht zur Anfechtung des Arbeitsverh\u00e4ltnisses f\u00fchren. Auch ein bereits bestehendes Arbeitsverh\u00e4ltnis kann, beispielsweise durch eine Inhaftierung des Arbeitnehmers in Untersuchungshaft oder wenn die begangene Straftat in Zusammenhang mit dem Job steht, gek\u00fcndigt werden.<\/p>\n<p style=\"text-align: left;\">Des Weiteren k\u00f6nnen <strong>genehmigungspflichtige T\u00e4tigkeiten<\/strong> durch Beh\u00f6rden von etwaigen Eintragungen abh\u00e4ngig gemacht, bzw. untersagt werden. Dies ist zum Beispiel bei <strong>Waffenscheinen<\/strong> der Fall: Wer keine Zuverl\u00e4ssigkeit im Umgang mit Waffen vorweisen kann, dem wird die Genehmigung versagt. Im Falle einer sp\u00e4teren Verurteilung kann eine solche Genehmigung auch widerrufen werden. Relevant sind diesbez\u00fcglich bereits Verurteilungen zu Geldstrafen von 60 Tagess\u00e4tzen oder bei mehrfacher Verurteilung zu geringeren Geldstrafen, auch dann, wenn die Taten grunds\u00e4tzlich in keinem Zusammenhang mit dem Waffenrecht haben. Dies wirkt sich unter anderem f\u00fcr J\u00e4ger auf deren <strong>Jagdscheine<\/strong> oder auf Berechtigungen f\u00fcr <strong>Sportsch\u00fctzen<\/strong> aus. <\/p>\n<p style=\"text-align: left;\">Eine Verurteilung kann sich auch auf den <strong>Pilotenschein<\/strong> auswirken. Die Pilotenlizenz ist von einer Zuverl\u00e4ssigkeitspr\u00fcfung abh\u00e4ngig, welche alle 5 Jahre stattfindet. Diese Zuverl\u00e4ssigkeit ist jedoch schon dann nicht mehr gegeben, wenn eine Verurteilung wegen einer vors\u00e4tzlichen Straftat jeglicher Art zu einer Geldstrafe von mind. 60 Tagess\u00e4tzen vorliegt. Liegt das Strafma\u00df darunter oder wurde das Verfahren nach \u00a7 153a StPO, also unter Auflagen und Weisungen, eingestellt, ist die Entscheidung einzelfallabh\u00e4ngig und wird genauestens gepr\u00fcft.<\/p>\n<p style=\"text-align: left;\">Auch k\u00f6nnen sich negative Folgen f\u00fcr <strong>Einb\u00fcrgerungsentscheidungen<\/strong> sowie f\u00fcr <strong>sp\u00e4tere Straf- oder Bu\u00dfgeldverfahren<\/strong> ergeben.<\/p>\n<h2 style=\"text-align: left;\">Gewerbezentralregister<\/h2>\n<p style=\"text-align: left;\">Das Gewerbezentralregister dient der <strong>Zuverl\u00e4ssigkeits\u00fcberpr\u00fcfung<\/strong> von Gewerbebetreibenden durch die entsprechenden Beh\u00f6rden. Gem. \u00a7 149 GewO werden Gewerbeuntersagungen oder unternehmensbezogene Ordnungswidrigkeiten, sowie Straftaten in dieses Register eingetragen, was einen Einfluss auf gewerberechtliche Entscheidungen seitens der Beh\u00f6rden hat. Hier ist zu beachten, dass die <strong>Eintragungsgrenze mit 200 \u20ac<\/strong> sehr niedrig angesetzt ist. Das f\u00fchrt dazu, dass sogar geringf\u00fcgige oder nur fahrl\u00e4ssige Verst\u00f6\u00dfe einen Einfluss auf den Betrieb des Gewerbes haben k\u00f6nnen, weshalb auch die Verteidigung gegen niedrige Geldbu\u00dfe erforderlich sein kann.<\/p>\n<p style=\"text-align: left;\">Auch die <strong>Gewerbeerlaubnis<\/strong> ist von der Zuverl\u00e4ssigkeit des Gewerbetreibenden abh\u00e4ngig. Unter Umst\u00e4nden kann eine solche bei Eintragungen in das Gewerbezentralregister untersagt werden. Hier sind nicht nur Verurteilungen entscheidend, sondern schon die objektive Verwirklichung des Straftatbestands ausreichend. \u00c4hnliches gilt f\u00fcr <strong>Betreiber von Bankgesch\u00e4ften und Finanzdienstleistern<\/strong>.<\/p>[\/et_pb_text][et_pb_text _builder_version=&#8220;4.27.4&#8243; _module_preset=&#8220;default&#8220; header_2_font=&#8220;Conneqt Bold|||||on|||&#8220; header_2_text_color=&#8220;#666666&#8243; header_2_font_size=&#8220;20px&#8220; custom_margin=&#8220;||35px|||&#8220; global_colors_info=&#8220;{}&#8220;]<h2 style=\"text-align: left;\">Fahrverbot und Entziehung der Fahrerlaubnis<\/h2>\n<p style=\"text-align: left;\">Ein <strong>Fahrverbot<\/strong> ist als strafrechtliche Nebenfolge gem. \u00a7 44 des Strafgesetzbuches nicht nur bei Verkehrsdelikten denkbar, sondern kann unabh\u00e4ngig vom Inhalt der Straftat verh\u00e4ngt werden. Sie k\u00f6nnen bis zu 6 Monate andauern und d\u00fcrfen nur neben einer anderen Sanktion verh\u00e4ngt werden.<\/p>\n<p style=\"text-align: left;\">Noch verheerender kann die <strong>Entziehung der Fahrerlaubnis<\/strong> nach \u00a7 69 des Strafgesetzbuches sein. Hierf\u00fcr bedarf es einer begangenen Straftat, die in Zusammenhang mit dem F\u00fchren eines Kraftfahrzeuges steht. Diese Ma\u00dfnahme wird dann ergriffen, wenn sich die verurteilte Person als ungeeignet zum F\u00fchren eines Kraftfahrzeugs herausstellt, also k\u00f6rperliche, geistige oder charakterliche M\u00e4ngel vorliegen. Wird diese Sanktion vom Gericht verhangen, so bestimmt es gleichzeitig eine Sperre f\u00fcr die Neuerteilung der Fahrerlaubnis. Diese reicht zwischen 6 Monaten bis hin zu 5 Jahren, in Extremf\u00e4llen kann die Sperre jedoch auch lebenslang verhangen werden. Nach Ablauf der Sperrzeit kann der F\u00fchrerschein unter Umst\u00e4nden neu erworben werden, wenn die zust\u00e4ndige Beh\u00f6rde dies bewilligt. In diesem Fall sind die Kosten eines F\u00fchrerscheins von Grund auf zu bezahlen.<\/p>\n<h2 style=\"text-align: left;\">Ausl\u00e4nderrechtliche Folgen<\/h2>\n<p style=\"text-align: left;\">Das <strong>Aufenthaltsgesetz<\/strong> schreibt vor, dass Ausl\u00e4nder, die durch ihren Aufenthalt eine Gefahr f\u00fcr die \u00f6ffentliche Sicherheit und Ordnung oder die freiheitliche demokratische Grundordnung darstellen, im \u00f6ffentlichen Interesse aus der Bundesrepublik Deutschland ausgewiesen werden k\u00f6nnen. Einer von mehreren Ausweisungsgr\u00fcnden liegt vor, wenn ein Ausl\u00e4nder in Deutschland wegen der Begehung einer Straftat zu mindestens 6 Monaten Freiheitsstrafe verurteilt wird. Oftmals geschehen solche <strong>Abschiebungen<\/strong>, indem nach Absitzen von mindestens der H\u00e4lfte der Strafe von der Vollstreckung abgesehen wird und die verurteilte Person anschlie\u00dfend abgeschoben wird. Die Erteilung oder Verl\u00e4ngerung einer Duldung oder eines Aufenthaltstitels kann jedoch auch schon bei Einleitung eines Ermittlungsverfahrens ausgesetzt werden. Sonderregelungen gibt es f\u00fcr <strong>t\u00fcrkische Staatsangeh\u00f6rige<\/strong>, die unter Umst\u00e4nden EU-Staatsangeh\u00f6rigen gleichgestellt werden k\u00f6nnen, etwa f\u00fcr Arbeitnehmerfamilien.<\/p>\n<h2 style=\"text-align: left;\">Strafverteidigung<\/h2>\n<p style=\"text-align: left;\">Die richtige Strafverteidigung kann vermeidbare Nebenfolgen in einem Strafverfahren nach M\u00f6glichkeit umgehen. Gerade deshalb ist es sinnvoll bei etwaigen Bef\u00fcrchtungen einen Rechtsanwalt zu konsultieren und sich entsprechend beraten zu lassen. <strong><a href=\"https:\/\/defenza.de\/de_de\/kompetenzen\/\">Unsere Anw\u00e4lte<\/a> bieten Ihnen die daf\u00fcr n\u00f6tige Erfahrung!<\/strong><\/p>[\/et_pb_text][\/et_pb_column][et_pb_column type=&#8220;1_2&#8243; disabled_on=&#8220;on|off|off&#8220; _builder_version=&#8220;4.27.4&#8243; use_background_color_gradient=&#8220;on&#8220; background_color_gradient_stops=&#8220;rgba(18,18,18,0.5) 0%|#121212 100%&#8220; background_color_gradient_overlays_image=&#8220;on&#8220; background_color_gradient_start=&#8220;rgba(18,18,18,0.5)&#8220; background_color_gradient_end=&#8220;#121212&#8243; background_image=&#8220;https:\/\/defenza.de\/wp-content\/uploads\/2021\/05\/IMG_2752-2-scaled.jpg&#8220; custom_padding=&#8220;100px||100px|&#8220; custom_padding_tablet=&#8220;60px||60px|&#8220; custom_padding_phone=&#8220;&#8220; custom_padding_last_edited=&#8220;on|desktop&#8220; global_colors_info=&#8220;{}&#8220; padding_tablet=&#8220;60px||60px|&#8220; padding_last_edited=&#8220;on|desktop&#8220; custom_padding__hover=&#8220;|||&#8220; padding_phone=&#8220;60px||60px|&#8220;][et_pb_image src=&#8220;https:\/\/defenza.de\/wp-content\/uploads\/2021\/05\/IMG_2752-2-scaled.jpg&#8220; alt=&#8220;Rechtsanw\u00e4lt*innen&#8220; title_text=&#8220;G\u00fcl Pinar \/ Arne Weller \/ Andreas Thiel&#8220; align_tablet=&#8220;center&#8220; align_phone=&#8220;&#8220; align_last_edited=&#8220;on|desktop&#8220; disabled_on=&#8220;on|off|off&#8220; _builder_version=&#8220;4.27.4&#8243; max_width=&#8220;600px&#8220; max_width_tablet=&#8220;&#8220; max_width_phone=&#8220;&#8220; max_width_last_edited=&#8220;on|desktop&#8220; custom_margin=&#8220;|||-8%&#8220; custom_margin_tablet=&#8220;60px|60px|60px|60px&#8220; custom_margin_phone=&#8220;&#8220; custom_margin_last_edited=&#8220;on|desktop&#8220; custom_padding=&#8220;|||&#8220; animation_style=&#8220;slide&#8220; animation_direction=&#8220;right&#8220; animation_intensity_slide=&#8220;4%&#8220; animation_starting_opacity=&#8220;50%&#8220; box_shadow_style=&#8220;preset3&#8243; box_shadow_blur=&#8220;80px&#8220; global_colors_info=&#8220;{}&#8220;][\/et_pb_image][\/et_pb_column][\/et_pb_row][\/et_pb_section]\n","protected":false},"excerpt":{"rendered":"<p>Professional ban, supervision of conduct or entry in the certificate of good conduct \u2013 find out what criminal consequences can arise after a conviction.<\/p>","protected":false},"author":4,"featured_media":0,"parent":0,"menu_order":0,"comment_status":"closed","ping_status":"closed","template":"","meta":{"_et_pb_use_builder":"on","_et_pb_old_content":"","_et_gb_content_width":"","om_disable_all_campaigns":false,"_monsterinsights_skip_tracking":false,"_monsterinsights_sitenote_active":false,"_monsterinsights_sitenote_note":"","_monsterinsights_sitenote_category":0,"footnotes":""},"class_list":["post-3500","page","type-page","status-publish","hentry"],"aioseo_notices":[],"_links":{"self":[{"href":"https:\/\/defenza.de\/en\/wp-json\/wp\/v2\/pages\/3500","targetHints":{"allow":["GET"]}}],"collection":[{"href":"https:\/\/defenza.de\/en\/wp-json\/wp\/v2\/pages"}],"about":[{"href":"https:\/\/defenza.de\/en\/wp-json\/wp\/v2\/types\/page"}],"author":[{"embeddable":true,"href":"https:\/\/defenza.de\/en\/wp-json\/wp\/v2\/users\/4"}],"replies":[{"embeddable":true,"href":"https:\/\/defenza.de\/en\/wp-json\/wp\/v2\/comments?post=3500"}],"version-history":[{"count":8,"href":"https:\/\/defenza.de\/en\/wp-json\/wp\/v2\/pages\/3500\/revisions"}],"predecessor-version":[{"id":3537,"href":"https:\/\/defenza.de\/en\/wp-json\/wp\/v2\/pages\/3500\/revisions\/3537"}],"wp:attachment":[{"href":"https:\/\/defenza.de\/en\/wp-json\/wp\/v2\/media?parent=3500"}],"curies":[{"name":"wp","href":"https:\/\/api.w.org\/{rel}","templated":true}]}}