{"id":3947,"date":"2025-10-09T18:10:42","date_gmt":"2025-10-09T16:10:42","guid":{"rendered":"https:\/\/twp-strafrecht.de\/?page_id=3947"},"modified":"2026-02-23T22:57:48","modified_gmt":"2026-02-23T21:57:48","slug":"defenza-criminal-law-firm-hamburg-lawyers-specializing-in-criminal-law-have-received-excellent-ratings-in-several-rankings","status":"publish","type":"page","link":"https:\/\/defenza.de\/en\/defenza-strafrechtskanzlei-hamburg-in-mehreren-rankings-ausgezeichnete-anwaelte-im-strafrecht\/","title":{"rendered":"Defenza Criminal Law Firm Hamburg \u2013 Lawyers specializing in criminal law, awarded top marks in several rankings"},"content":{"rendered":"<p>[et_pb_section fb_built=&#8220;1&#8243; disabled_on=&#8220;off|on|on&#8220; admin_label=&#8220;Hero Section&#8220; _builder_version=&#8220;4.16&#8243; custom_padding=&#8220;0|0px|0px|0px&#8220; global_colors_info=&#8220;{}&#8220;][et_pb_row use_custom_gutter=&#8220;on&#8220; make_equal=&#8220;on&#8220; _builder_version=&#8220;4.16&#8243; width=&#8220;100%&#8220; max_width=&#8220;100%&#8220; custom_padding=&#8220;0px|0|0px|&#8220; use_custom_width=&#8220;on&#8220; width_unit=&#8220;off&#8220; custom_width_percent=&#8220;100%&#8220; global_colors_info=&#8220;{}&#8220;][et_pb_column type=&#8220;4_4&#8243; _builder_version=&#8220;4.16&#8243; custom_padding=&#8220;200px|4%|200px|8%&#8220; custom_padding_tablet=&#8220;60px|10%|60px|10%&#8220; custom_padding_phone=&#8220;&#8220; custom_padding_last_edited=&#8220;on|tablet&#8220; global_colors_info=&#8220;{}&#8220; padding_tablet=&#8220;60px|10%|60px|10%&#8220; padding_last_edited=&#8220;on|tablet&#8220; custom_padding__hover=&#8220;|||&#8220; padding_phone=&#8220;60px|10%|60px|10%&#8220;][et_pb_image src=&#8220;https:\/\/defenza.de\/wp-content\/uploads\/2021\/05\/IMG_2752-2-scaled.jpg&#8220; alt=&#8220;Rechtsanw\u00e4lt*innen&#8220; title_text=&#8220;G\u00fcl Pinar \/ Arne Weller \/ Andreas Thiel&#8220; align_tablet=&#8220;center&#8220; align_phone=&#8220;&#8220; align_last_edited=&#8220;on|desktop&#8220; disabled_on=&#8220;off|on|on&#8220; _builder_version=&#8220;4.21.0&#8243; max_width=&#8220;600px&#8220; max_width_tablet=&#8220;&#8220; max_width_phone=&#8220;&#8220; max_width_last_edited=&#8220;on|desktop&#8220; custom_margin=&#8220;|||-8%&#8220; custom_margin_tablet=&#8220;60px|60px|60px|60px&#8220; custom_margin_phone=&#8220;0px|0px|0px|0px|false|false&#8220; custom_margin_last_edited=&#8220;on|phone&#8220; custom_padding=&#8220;|||&#8220; animation_style=&#8220;slide&#8220; animation_direction=&#8220;right&#8220; animation_intensity_slide=&#8220;4%&#8220; animation_starting_opacity=&#8220;50%&#8220; box_shadow_style=&#8220;preset3&#8243; box_shadow_blur=&#8220;80px&#8220; global_colors_info=&#8220;{}&#8220;][\/et_pb_image][\/et_pb_column][\/et_pb_row][\/et_pb_section][et_pb_section fb_built=&#8220;1&#8243; admin_label=&#8220;Hero Section&#8220; _builder_version=&#8220;4.16&#8243; custom_padding=&#8220;0|0px|0px|0px&#8220; global_colors_info=&#8220;{}&#8220;][et_pb_row column_structure=&#8220;1_2,1_2&#8243; use_custom_gutter=&#8220;on&#8220; make_equal=&#8220;on&#8220; _builder_version=&#8220;4.21.0&#8243; width=&#8220;100%&#8220; max_width=&#8220;100%&#8220; custom_padding=&#8220;0px|0px|0px|||&#8220; use_custom_width=&#8220;on&#8220; width_unit=&#8220;off&#8220; custom_width_percent=&#8220;100%&#8220; global_colors_info=&#8220;{}&#8220;][et_pb_column type=&#8220;1_2&#8243; _builder_version=&#8220;4.16&#8243; custom_padding=&#8220;200px|4%|200px|8%&#8220; custom_padding_tablet=&#8220;60px|10%|60px|10%&#8220; custom_padding_phone=&#8220;&#8220; custom_padding_last_edited=&#8220;on|tablet&#8220; global_colors_info=&#8220;{}&#8220; padding_tablet=&#8220;60px|10%|60px|10%&#8220; padding_last_edited=&#8220;on|tablet&#8220; custom_padding__hover=&#8220;|||&#8220; padding_phone=&#8220;60px|10%|60px|10%&#8220;][et_pb_text _builder_version=&#8220;4.16&#8243; header_font=&#8220;Nunito||||||||&#8220; header_3_font=&#8220;Karla|700||on|||||&#8220; header_3_text_color=&#8220;#b51f1f&#8220; header_3_font_size=&#8220;16px&#8220; header_3_letter_spacing=&#8220;1px&#8220; transform_scale=&#8220;100%|100%&#8220; background_layout=&#8220;dark&#8220; custom_margin=&#8220;0px||20px||false|false&#8220; custom_margin_tablet=&#8220;&#8220; custom_margin_phone=&#8220;-60px||||false|false&#8220; custom_margin_last_edited=&#8220;on|phone&#8220; locked=&#8220;off&#8220; global_colors_info=&#8220;{}&#8220;]<\/p>\n<h3><\/h3>\n<p>[\/et_pb_text][et_pb_divider color=&#8220;#b51f1e&#8220; divider_weight=&#8220;2px&#8220; _builder_version=&#8220;4.16&#8243; transform_scale=&#8220;100%|100%&#8220; max_width=&#8220;150px&#8220; module_alignment=&#8220;right&#8220; height=&#8220;2px&#8220; custom_margin=&#8220;|||&#8220; custom_padding=&#8220;|-60px||&#8220; custom_padding_tablet=&#8220;|0px||&#8220; custom_padding_last_edited=&#8220;off|desktop&#8220; locked=&#8220;off&#8220; global_colors_info=&#8220;{}&#8220;][\/et_pb_divider][et_pb_text _builder_version=&#8220;4.27.4&#8243; header_2_font=&#8220;Conneqt Bold|||||on|||&#8220; header_2_text_color=&#8220;#666666&#8243; header_2_font_size=&#8220;20px&#8220; header_3_text_color=&#8220;#666666&#8243; custom_margin=&#8220;||35px|||&#8220; hover_enabled=&#8220;0&#8243; locked=&#8220;off&#8220; global_colors_info=&#8220;{}&#8220; sticky_enabled=&#8220;0&#8243;]<\/p>\n<h1>Defenza Strafrechtskanzlei Hamburg<br \/>\u2013 In mehreren Rankings ausgezeichnete Anw\u00e4lte im Strafrecht<\/h1>\n<p style=\"text-align: left;\"><strong><\/strong><\/p>\n<h2 style=\"text-align: left;\">Auszeichnungen der Anw\u00e4lte der Defenza Strafrechtskanzlei<\/h2>\n<p style=\"text-align: left;\">Zwei unserer Rechtsanw\u00e4lte und Rechtsanw\u00e4ltinnen wurden in diesem Jahr in verschiedenen unabh\u00e4ngigen Rankings als \u201eBester Anwalt\u201c bzw. \u201eTop Lawyer\u201c ausgezeichnet:<\/p>\n<ul style=\"text-align: left;\">\n<li>In dem j\u00e4hrlichen <a href=\"https:\/\/www.handelsblatt.com\/unternehmen\/dienstleister\/best-lawyers-das-sind-deutschlands-beste-anwaelte-des-jahres-2025\/100128841.html\" target=\"_blank\" rel=\"noopener\">Ranking des Handelsblatts<\/a> in Kooperation mit Best Lawyers wurde <a href=\"https:\/\/defenza.de\/de_de\/guel-pinar\/\" target=\"_blank\" rel=\"noopener\">Rechtsanw\u00e4ltin G\u00fcl Pinar<\/a> unter <strong>\u201eDeutschlands Beste Anw\u00e4lte\u201c im Wirtschaftsstrafrecht 2025<\/strong> gelistet. Bei <a href=\"https:\/\/www.bestlawyers.com\/lawyers\/gul-pinar\/427195\" target=\"_blank\" rel=\"noopener\"><strong>Best Lawyers<\/strong><\/a> ist sie f\u00fcr den Bereich <strong>Criminal Defense<\/strong> als Best Lawyer 2026 ausgezeichnet worden!<\/li>\n<\/ul>\n<p style=\"text-align: left;\">Das Handelsblatt Best Lawyers Ranking basiert auf einem umfassenden Peer-Review-Verfahren. Dabei werden in erster Linie Rechtsanw\u00e4ltinnen und Rechtsanw\u00e4lte befragt, die ihre Kolleginnen und Kollegen au\u00dferhalb der eigenen Kanzlei bewerten. Diese Befragung basiert auf der \u00dcberzeugung, dass Juristinnen und Juristen am besten einsch\u00e4tzen k\u00f6nnen, welche ihrer Wettbewerber in bestimmten Rechtsgebieten \u00fcber herausragende Qualifikationen verf\u00fcgen. Zus\u00e4tzlich flie\u00dfen auch Mandantenfeedback und Interviews mit Praxisgruppen- und Kanzleileitern in das Ranking ein.<\/p>\n<p style=\"text-align: left;\">Es handelt sich bei dem Handelsblatt Best Lawyers Ranking damit um ein Empfehlungsranking, das sich auf pers\u00f6nliche Einsch\u00e4tzungen und Bewertungen st\u00fctzt. Insgesamt ist das Verfahren darauf ausgelegt, eine unabh\u00e4ngige und fundierte Einsch\u00e4tzung der juristischen Expertise in verschiedenen Fachgebieten zu bieten, wobei besonders herausragende Anw\u00e4ltinnen und Anw\u00e4lte hervorgehoben werden \u2013 f\u00fcr den Bereich des Wirtschaftsstrafrecht geh\u00f6rt G\u00fcl Pinar nach der Bewertung durch andere Anw\u00e4ltinnen und Anw\u00e4lte zu den Besten Anw\u00e4lten 2025 bzw. Best Lawyers 2026.<\/p>\n<ul style=\"text-align: left;\">\n<li><a href=\"https:\/\/defenza.de\/de_de\/arne-weller\/\" target=\"_blank\" rel=\"noopener\">Rechtsanwalt Arne Weller<\/a> wird in dem <a href=\"https:\/\/topanwalt.faz.net\/\" target=\"_blank\" rel=\"noopener\">Ranking der Frankfurter Allgemeinen Zeitung (FAZ)<\/a> als <strong>Top-Anwalt 2026 im Bereich Strafrecht<\/strong> gelistet!<\/li>\n<\/ul>\n<p style=\"text-align: left;\">Das Anwalts-Ranking der Frankfurter Allgemeinen Zeitung (FAZ) in Kooperation mit QuantiQuest entsteht durch eine mehrstufige Methodik, die verschiedene Quellen und Analyseverfahren kombiniert. Dabei werden bundesweit Onlinebefragungen unter Rechtsanw\u00e4ltinnen und Rechtsanw\u00e4lten sowie Unternehmensjuristen durchgef\u00fchrt, um kollegiale Empfehlungen, wen sie als Top Anwalt in einem bestimmten Bereich benennen w\u00fcrden, zu sammeln. Zus\u00e4tzlich flie\u00dfen in Fachbereichen, die \u00fcberwiegend Privatmandanten betreuen, Sentiment-Analysen \u00f6ffentlich zug\u00e4nglicher Mandantenbewertungen mit ein.<\/p>\n<p style=\"text-align: left;\">Die Bewertungen f\u00fcr die Listung als Top Anwalt erfassen mehrere Kriterien wie fachliche Kompetenz, Erreichbarkeit, Reaktionszeit, Sorgfalt, Effizienz, Kosten-\/Leistungsverh\u00e4ltnis sowie Freundlichkeit und Vertrauensw\u00fcrdigkeit. Die finale Rangliste ergibt sich aus der gewichteten Zusammensetzung der Mandantenurteile, kollegialen Empfehlungen und, im Wirtschaftsbereich, den Einsch\u00e4tzungen der Inhouse-Juristen. So entsteht ein differenziertes und transparentes Bild herausragender juristischer Expertise, das sowohl fachliche Exzellenz als auch praktische Leistungserfahrung widerspiegelt.<\/p>\n<p style=\"text-align: left;\">Rechtsanwalt Arne Weller wurde in dem Ranking, welches im Jahr 2025 das erste Mal ver\u00f6ffentlicht wurde, als Top Anwalt im Strafrecht gelistet. Die ma\u00dfgeblich auf Empfehlungen von anderen Anw\u00e4ltinnen und Anw\u00e4lten, aber auch von Mandanten und Mandantinnen beruhende Auszeichnung ist eine besondere Anerkennung f\u00fcr Arne Wellers unbedingten Einsatz f\u00fcr das Mandanteninteresse in \u00fcber 10 Jahren als Strafverteidiger.<\/p>\n<p>[\/et_pb_text][et_pb_text _builder_version=&#8220;4.27.4&#8243; _module_preset=&#8220;default&#8220; header_2_font=&#8220;Conneqt Bold|||||on|||&#8220; header_2_text_color=&#8220;#666666&#8243; header_2_font_size=&#8220;20px&#8220; custom_margin=&#8220;|||254px|false|false&#8220; hover_enabled=&#8220;0&#8243; global_colors_info=&#8220;{}&#8220; sticky_enabled=&#8220;0&#8243;]<\/p>\n<h2 style=\"text-align: left;\">Auszeichnung der Defenza Strafrechtskanzlei als Beste Kanzlei im Strafrecht<\/h2>\n<ul style=\"text-align: left;\">\n<li>Im <a href=\"https:\/\/www.handelsblatt.com\/unternehmen\/dienstleister\/best-lawyers-das-sind-deutschlands-beste-kanzleien-des-jahres-2025\/100155478.html\" target=\"_blank\" rel=\"noopener\">Handelsblatt-Ranking in Kooperation mit Best Lawyers<\/a> zu \u201eDeutschlands Besten Kanzleien\u201c wurde die <a href=\"https:\/\/defenza.de\/de_de\/\" target=\"_blank\" rel=\"noopener\">Defenza\u00a0Strafrechtskanzlei<\/a> als <strong>Beste Kanzlei im Strafrecht 2025<\/strong> ausgezeichnet.<\/li>\n<\/ul>\n<p style=\"text-align: left;\">Auch diese Listung und damit Bewertung beruht im Wesentlichen auf kollegialen Empfehlungen, was Peer-Recognition betont. Diese Empfehlungen von anderen Anw\u00e4lten und Anw\u00e4ltinnen st\u00fctzen sich auf pers\u00f6nliche Einsch\u00e4tzungen der Kompetenz, Erfahrung und Reputation der Kanzlei.<\/p>\n<p style=\"text-align: left;\">Die Listung der Defenza Strafrechtskanzlei Hamburg in dem Ranking von Handelsblatt Best Lawyers f\u00fcr den Bereich Strafrecht zeigt, dass die Defenza Strafrechtskanzlei in den Augen der Peers und Mandanten zu den f\u00fchrenden Strafrechtskanzleien in Deutschland geh\u00f6rt. Es spiegelt die fachliche Reputation, die Marktstellung und die Anerkennung innerhalb der Branche wider.<\/p>\n<p style=\"text-align: left;\">Diese Anerkennungen freuen uns sehr, da die Aufnahme in die Rankings nicht auf Eigenbewerbungen, sondern auf Empfehlungen von Kolleginnen und Kollegen aus der Anwaltschaft beruht.<\/p>\n<p style=\"text-align: left;\">Die Nennung unserer Kanzlei und unserer Anw\u00e4lte zeigt, dass unsere Arbeit auch von anderen Fachleuten als qualitativ hochwertig und verl\u00e4sslich eingesch\u00e4tzt wird. Die Auszeichnungen verstehen wir als Best\u00e4tigung unserer t\u00e4glichen Arbeit im Strafrecht und zugleich als Ansporn, unseren Mandantinnen und Mandanten weiterhin mit h\u00f6chstem Engagement zur Seite zu stehen.<\/p>\n<p>[\/et_pb_text][\/et_pb_column][et_pb_column type=&#8220;1_2&#8243; disabled_on=&#8220;on|off|off&#8220; _builder_version=&#8220;4.21.0&#8243; use_background_color_gradient=&#8220;on&#8220; background_color_gradient_stops=&#8220;rgba(18,18,18,0.5) 0%|#121212 100%&#8220; background_color_gradient_overlays_image=&#8220;on&#8220; background_color_gradient_start=&#8220;rgba(18,18,18,0.5)&#8220; background_color_gradient_end=&#8220;#121212&#8243; background_image=&#8220;https:\/\/defenza.de\/wp-content\/uploads\/2021\/05\/IMG_2752-2-scaled.jpg&#8220; custom_padding=&#8220;100px||100px|&#8220; custom_padding_tablet=&#8220;60px||60px|&#8220; custom_padding_phone=&#8220;&#8220; custom_padding_last_edited=&#8220;on|desktop&#8220; global_colors_info=&#8220;{}&#8220; padding_tablet=&#8220;60px||60px|&#8220; padding_last_edited=&#8220;on|desktop&#8220; custom_padding__hover=&#8220;|||&#8220; padding_phone=&#8220;60px||60px|&#8220;][et_pb_image src=&#8220;https:\/\/defenza.de\/wp-content\/uploads\/2021\/05\/IMG_2752-2-scaled.jpg&#8220; alt=&#8220;Rechtsanw\u00e4lt*innen&#8220; title_text=&#8220;G\u00fcl Pinar \/ Arne Weller \/ Andreas Thiel&#8220; align_tablet=&#8220;center&#8220; align_phone=&#8220;&#8220; align_last_edited=&#8220;on|desktop&#8220; disabled_on=&#8220;on|off|off&#8220; _builder_version=&#8220;4.21.0&#8243; max_width=&#8220;600px&#8220; max_width_tablet=&#8220;&#8220; max_width_phone=&#8220;&#8220; max_width_last_edited=&#8220;on|desktop&#8220; custom_margin=&#8220;|||-8%&#8220; custom_margin_tablet=&#8220;60px|60px|60px|60px&#8220; custom_margin_phone=&#8220;&#8220; custom_margin_last_edited=&#8220;on|desktop&#8220; custom_padding=&#8220;|||&#8220; animation_style=&#8220;slide&#8220; animation_direction=&#8220;right&#8220; animation_intensity_slide=&#8220;4%&#8220; animation_starting_opacity=&#8220;50%&#8220; box_shadow_style=&#8220;preset3&#8243; box_shadow_blur=&#8220;80px&#8220; global_colors_info=&#8220;{}&#8220;][\/et_pb_image][\/et_pb_column][\/et_pb_row][\/et_pb_section]<\/p>\n","protected":false},"excerpt":{"rendered":"<p>Defenza Strafrechtskanzlei Hamburg \u2013 ausgezeichnet als Beste Kanzlei im Strafrecht 2025. Top Anw\u00e4lte G\u00fcl Pinar &#038; Arne Weller unter Deutschlands Besten.<\/p>","protected":false},"author":4,"featured_media":0,"parent":0,"menu_order":0,"comment_status":"closed","ping_status":"closed","template":"","meta":{"_et_pb_use_builder":"on","_et_pb_old_content":"","_et_gb_content_width":"","om_disable_all_campaigns":false,"_monsterinsights_skip_tracking":false,"_monsterinsights_sitenote_active":false,"_monsterinsights_sitenote_note":"","_monsterinsights_sitenote_category":0,"footnotes":""},"class_list":["post-3947","page","type-page","status-publish","hentry"],"aioseo_notices":[],"_links":{"self":[{"href":"https:\/\/defenza.de\/en\/wp-json\/wp\/v2\/pages\/3947","targetHints":{"allow":["GET"]}}],"collection":[{"href":"https:\/\/defenza.de\/en\/wp-json\/wp\/v2\/pages"}],"about":[{"href":"https:\/\/defenza.de\/en\/wp-json\/wp\/v2\/types\/page"}],"author":[{"embeddable":true,"href":"https:\/\/defenza.de\/en\/wp-json\/wp\/v2\/users\/4"}],"replies":[{"embeddable":true,"href":"https:\/\/defenza.de\/en\/wp-json\/wp\/v2\/comments?post=3947"}],"version-history":[{"count":10,"href":"https:\/\/defenza.de\/en\/wp-json\/wp\/v2\/pages\/3947\/revisions"}],"predecessor-version":[{"id":4486,"href":"https:\/\/defenza.de\/en\/wp-json\/wp\/v2\/pages\/3947\/revisions\/4486"}],"wp:attachment":[{"href":"https:\/\/defenza.de\/en\/wp-json\/wp\/v2\/media?parent=3947"}],"curies":[{"name":"wp","href":"https:\/\/api.w.org\/{rel}","templated":true}]}}