{"id":4033,"date":"2025-11-18T07:14:02","date_gmt":"2025-11-18T06:14:02","guid":{"rendered":"https:\/\/twp-strafrecht.de\/?page_id=4033"},"modified":"2025-12-17T14:38:50","modified_gmt":"2025-12-17T13:38:50","slug":"turkey-provides-information-about-turkish-bank-accounts-to-german-financial-authorities","status":"publish","type":"page","link":"https:\/\/defenza.de\/en\/tuerkei-gibt-auskunft-ueber-tuerkische-konten-an-deutsche-finanzbehoerden\/","title":{"rendered":"T\u00fcrkiye provides information about Turkish bank accounts to German tax authorities."},"content":{"rendered":"<p>[et_pb_section fb_built=&#8220;1&#8243; disabled_on=&#8220;off|on|on&#8220; admin_label=&#8220;Hero Section&#8220; _builder_version=&#8220;4.16&#8243; custom_padding=&#8220;0|0px|0px|0px&#8220; global_colors_info=&#8220;{}&#8220;][et_pb_row use_custom_gutter=&#8220;on&#8220; make_equal=&#8220;on&#8220; _builder_version=&#8220;4.16&#8243; width=&#8220;100%&#8220; max_width=&#8220;100%&#8220; custom_padding=&#8220;0px|0|0px|&#8220; use_custom_width=&#8220;on&#8220; width_unit=&#8220;off&#8220; custom_width_percent=&#8220;100%&#8220; global_colors_info=&#8220;{}&#8220;][et_pb_column type=&#8220;4_4&#8243; _builder_version=&#8220;4.16&#8243; custom_padding=&#8220;200px|4%|200px|8%&#8220; custom_padding_tablet=&#8220;60px|10%|60px|10%&#8220; custom_padding_phone=&#8220;&#8220; custom_padding_last_edited=&#8220;on|tablet&#8220; global_colors_info=&#8220;{}&#8220; padding_tablet=&#8220;60px|10%|60px|10%&#8220; padding_last_edited=&#8220;on|tablet&#8220; custom_padding__hover=&#8220;|||&#8220; padding_phone=&#8220;60px|10%|60px|10%&#8220;][et_pb_image src=&#8220;https:\/\/defenza.de\/wp-content\/uploads\/2021\/05\/IMG_2843-1-scaled.jpg&#8220; alt=&#8220;Rechtsanw\u00e4ltin Pinar&#8220; title_text=&#8220;G\u00fcl Pinar&#8220; align_tablet=&#8220;center&#8220; align_phone=&#8220;&#8220; align_last_edited=&#8220;on|desktop&#8220; disabled_on=&#8220;off|on|on&#8220; _builder_version=&#8220;4.27.4&#8243; max_width=&#8220;600px&#8220; max_width_tablet=&#8220;&#8220; max_width_phone=&#8220;&#8220; max_width_last_edited=&#8220;on|desktop&#8220; custom_margin=&#8220;|||-8%&#8220; custom_margin_tablet=&#8220;60px|60px|60px|60px&#8220; custom_margin_phone=&#8220;0px|0px|0px|0px|false|false&#8220; custom_margin_last_edited=&#8220;on|phone&#8220; custom_padding=&#8220;|||&#8220; animation_style=&#8220;slide&#8220; animation_direction=&#8220;right&#8220; animation_intensity_slide=&#8220;4%&#8220; animation_starting_opacity=&#8220;50%&#8220; hover_enabled=&#8220;0&#8243; box_shadow_style=&#8220;preset3&#8243; box_shadow_blur=&#8220;80px&#8220; global_colors_info=&#8220;{}&#8220; sticky_enabled=&#8220;0&#8243;][\/et_pb_image][\/et_pb_column][\/et_pb_row][\/et_pb_section][et_pb_section fb_built=&#8220;1&#8243; admin_label=&#8220;Hero Section&#8220; _builder_version=&#8220;4.16&#8243; custom_padding=&#8220;0|0px|0px|0px&#8220; global_colors_info=&#8220;{}&#8220;][et_pb_row column_structure=&#8220;1_2,1_2&#8243; use_custom_gutter=&#8220;on&#8220; make_equal=&#8220;on&#8220; _builder_version=&#8220;4.27.4&#8243; width=&#8220;100%&#8220; max_width=&#8220;100%&#8220; custom_padding=&#8220;0px|0px|0px|||&#8220; hover_enabled=&#8220;0&#8243; use_custom_width=&#8220;on&#8220; width_unit=&#8220;off&#8220; custom_width_percent=&#8220;100%&#8220; global_colors_info=&#8220;{}&#8220; sticky_enabled=&#8220;0&#8243;][et_pb_column type=&#8220;1_2&#8243; _builder_version=&#8220;4.16&#8243; custom_padding=&#8220;200px|4%|200px|8%&#8220; custom_padding_tablet=&#8220;60px|10%|60px|10%&#8220; custom_padding_phone=&#8220;&#8220; custom_padding_last_edited=&#8220;on|tablet&#8220; global_colors_info=&#8220;{}&#8220; padding_tablet=&#8220;60px|10%|60px|10%&#8220; padding_last_edited=&#8220;on|tablet&#8220; custom_padding__hover=&#8220;|||&#8220; padding_phone=&#8220;60px|10%|60px|10%&#8220;][et_pb_text _builder_version=&#8220;4.16&#8243; header_font=&#8220;Nunito||||||||&#8220; header_3_font=&#8220;Karla|700||on|||||&#8220; header_3_text_color=&#8220;#b51f1f&#8220; header_3_font_size=&#8220;16px&#8220; header_3_letter_spacing=&#8220;1px&#8220; transform_scale=&#8220;100%|100%&#8220; background_layout=&#8220;dark&#8220; custom_margin=&#8220;0px||20px||false|false&#8220; custom_margin_tablet=&#8220;&#8220; custom_margin_phone=&#8220;-60px||||false|false&#8220; custom_margin_last_edited=&#8220;on|phone&#8220; locked=&#8220;off&#8220; global_colors_info=&#8220;{}&#8220;]<\/p>\n<h3><\/h3>\n<p>[\/et_pb_text][et_pb_divider color=&#8220;#b51f1e&#8220; divider_weight=&#8220;2px&#8220; _builder_version=&#8220;4.16&#8243; transform_scale=&#8220;100%|100%&#8220; max_width=&#8220;150px&#8220; module_alignment=&#8220;right&#8220; height=&#8220;2px&#8220; custom_margin=&#8220;|||&#8220; custom_padding=&#8220;|-60px||&#8220; custom_padding_tablet=&#8220;|0px||&#8220; custom_padding_last_edited=&#8220;off|desktop&#8220; locked=&#8220;off&#8220; global_colors_info=&#8220;{}&#8220;][\/et_pb_divider][et_pb_text _builder_version=&#8220;4.27.4&#8243; header_2_font=&#8220;Conneqt Bold|||||on|||&#8220; header_2_text_color=&#8220;#666666&#8243; header_2_font_size=&#8220;20px&#8220; header_3_text_color=&#8220;#666666&#8243; custom_margin=&#8220;||35px|||&#8220; locked=&#8220;off&#8220; global_colors_info=&#8220;{}&#8220;]<\/p>\n<h1>T\u00fcrkei gibt Auskunft \u00fcber t\u00fcrkische Konten <br \/>an deutsche Finanzbeh\u00f6rden<\/h1>\n<p style=\"text-align: left;\">Bislang konnte das deutsche Finanzamt keine Kenntnis von Geld auf t\u00fcrkischen Konten haben. Seit 2014 bestehen zur Bek\u00e4mpfung von Steuerausf\u00e4llen und -hinterziehung Abkommen zwischen zahlreichen L\u00e4ndern, wonach diese automatisch und elektronisch Informationen \u00fcber Bankkonten \u2013 darunter Kontonummern, Kontosalden und Zinsen, Dividenden oder sonstige Eink\u00fcnfte \u2013 austauschen. Auch die T\u00fcrkei trat dem Abkommen im April 2017 bei, hatte jahrelang aber keine Daten \u00fcbermittelt. Nach einem Pr\u00e4sidialerlass \u00fcbermittelt die T\u00fcrkei nun seit September 2021 Steuerdaten an die deutschen Finanzbeh\u00f6rden.<\/p>\n<h2 style=\"text-align: left;\">Wie bekommt das deutsche Finanzamt t\u00fcrkische Eink\u00fcnfte mit?<\/h2>\n<p style=\"text-align: left;\">Das deutsche Finanzamt erh\u00e4lt Informationen von Beteiligungen und Eink\u00fcnften aus der T\u00fcrkei vor allem durch den automatischen Informationsaustausch (AIA) von Finanzdaten, internationale Amtshilfe, Banken und Kontrollmitteilungen, sowie digitale Abgleiche bei der Steuererkl\u00e4rung. Es ist nicht nur die Ziraat Bank, die Informationen, der Privatkunden und Firmenkunden weitergibt, sondern alle Filialen aller t\u00fcrkischen Banken, wie die Garantie, Vakif, Akbank usw. nehmen an den Informationsaustausch teil.<\/p>\n<h2 style=\"text-align: left;\">Automatischer Informationsaustausch<\/h2>\n<p style=\"text-align: left;\">Die T\u00fcrkei nimmt am OECD Common Reporting Standard (CRS) teil, wodurch Kontoinformationen und bestimmte Beteiligungen von t\u00fcrkischen Banken und Finanzinstitutionen j\u00e4hrlich an das deutsche Bundeszentralamt f\u00fcr Steuern \u00fcbermittelt werden. Das betrifft nicht nur Girokonten, sondern auch Festgeld, Tagesgeld und Sparkonten. Es ist vollkommen unabh\u00e4ngig davon, ob die Konten per Online-Banking, per app bedient werden oder nicht. Es ist auch unabh\u00e4ngig davon, ob das Konto neu Er\u00f6ffnet wurde oder nicht. Gemeldet werden insbesondere Kontost\u00e4nde, Kapitalertr\u00e4ge, Inhaberinformationen und steuerliche Ans\u00e4ssigkeiten.<\/p>\n<h2 style=\"text-align: left;\">Internationale Amtshilfe und beh\u00f6rdlicher Austausch<\/h2>\n<p style=\"text-align: left;\">Das deutsche Finanzamt kann bei Verdacht oder Pr\u00fcfbedarf von den t\u00fcrkischen Beh\u00f6rden direkt Amtshilfe einfordern und erh\u00e4lt dann auch relevante Informationen zu Gesellschaftsbeteiligungen, Immobilienbesitz und Transaktionen.<\/p>\n<p style=\"text-align: left;\">Im Rahmen steuerlicher Pr\u00fcfungen tauschen deutsche und t\u00fcrkische Beh\u00f6rden auch gezielt Informationen aus, etwa \u00fcber gr\u00f6\u00dfere Geldbewegungen, Immobilienverk\u00e4ufe oder Auff\u00e4lligkeiten in der Steuererkl\u00e4rung.<\/p>\n<h2 style=\"text-align: left;\">Kontrollmitteilungen und Banken<\/h2>\n<p style=\"text-align: left;\">Bei gr\u00f6\u00dferen \u00dcberweisungen nach Deutschland melden Banken diese an das deutsche Finanzamt. Verd\u00e4chtige Geldstr\u00f6me oder Immobilienertr\u00e4ge k\u00f6nnen eine Compliance-Pr\u00fcfung ausl\u00f6sen. Auch deutsche Banken sind verpflichtet, Auslandsverm\u00f6gen und entsprechende Eink\u00fcnfte bei Auff\u00e4lligkeiten zu melden.<\/p>\n<h2 style=\"text-align: left;\">Digitale Abgleiche und Steuererkl\u00e4rung<\/h2>\n<p style=\"text-align: left;\">In der Steuererkl\u00e4rung m\u00fcssen Steuerpflichtige alle Auslandsbeteiligungen und Eink\u00fcnfte offenlegen; Das Finanzamt kann diese Angaben mit den im internationalen Austausch erhaltenen Daten digital abgleichen und gezielt auf Auff\u00e4lligkeiten pr\u00fcfen.<\/p>\n<p style=\"text-align: left;\">Fehlende oder unvollst\u00e4ndige Angaben werden zunehmend durch den Datenabgleich erkannt, was Nachforschungen, Pr\u00fcfungen und ggf. angeht. Strafverfahren nach sich zieht.<\/p>\n<h2 style=\"text-align: left;\">Fazit: <\/h2>\n<p style=\"text-align: left;\">Das deutsche Finanzamt erh\u00e4lt \u2013 oft automatisiert \u2013 detaillierte Informationen \u00fcber ausl\u00e4ndische Beteiligungen und Eink\u00fcnfte ihrer Steuerpflichtigen, insbesondere aus der T\u00fcrkei, und kann so Verst\u00f6\u00dfe gegen Melde- und Steuerpflichten effektiv aufdecken. Rufen Sie uns an, wenn Sie Schreiben vom Finanzamt erhalten.<\/p>\n<p>[\/et_pb_text][\/et_pb_column][et_pb_column type=&#8220;1_2&#8243; disabled_on=&#8220;on|off|off&#8220; _builder_version=&#8220;4.27.4&#8243; use_background_color_gradient=&#8220;on&#8220; background_color_gradient_stops=&#8220;rgba(18,18,18,0.5) 0%|#121212 100%&#8220; background_color_gradient_overlays_image=&#8220;on&#8220; background_color_gradient_start=&#8220;rgba(18,18,18,0.5)&#8220; background_color_gradient_end=&#8220;#121212&#8243; background_image=&#8220;https:\/\/defenza.de\/wp-content\/uploads\/2021\/05\/IMG_2843-1-scaled.jpg&#8220; custom_padding=&#8220;100px||100px|&#8220; custom_padding_tablet=&#8220;60px||60px|&#8220; custom_padding_phone=&#8220;&#8220; custom_padding_last_edited=&#8220;on|desktop&#8220; hover_enabled=&#8220;0&#8243; global_colors_info=&#8220;{}&#8220; padding_tablet=&#8220;60px||60px|&#8220; padding_last_edited=&#8220;on|desktop&#8220; custom_padding__hover=&#8220;|||&#8220; padding_phone=&#8220;60px||60px|&#8220; alt=&#8220;Rechtsanw\u00e4ltin Pinar&#8220; title_text=&#8220;G\u00fcl Pinar&#8220; sticky_enabled=&#8220;0&#8243;][et_pb_image src=&#8220;https:\/\/defenza.de\/wp-content\/uploads\/2021\/05\/IMG_2843-1-scaled.jpg&#8220; alt=&#8220;Rechtsanw\u00e4ltin Pinar&#8220; title_text=&#8220;G\u00fcl Pinar&#8220; align_tablet=&#8220;center&#8220; align_phone=&#8220;&#8220; align_last_edited=&#8220;on|desktop&#8220; disabled_on=&#8220;on|off|off&#8220; _builder_version=&#8220;4.27.4&#8243; max_width=&#8220;600px&#8220; max_width_tablet=&#8220;&#8220; max_width_phone=&#8220;&#8220; max_width_last_edited=&#8220;on|desktop&#8220; custom_margin=&#8220;|||-8%&#8220; custom_margin_tablet=&#8220;60px|60px|60px|60px&#8220; custom_margin_phone=&#8220;&#8220; custom_margin_last_edited=&#8220;on|desktop&#8220; custom_padding=&#8220;|||&#8220; animation_style=&#8220;slide&#8220; animation_direction=&#8220;right&#8220; animation_intensity_slide=&#8220;4%&#8220; animation_starting_opacity=&#8220;50%&#8220; hover_enabled=&#8220;0&#8243; box_shadow_style=&#8220;preset3&#8243; box_shadow_blur=&#8220;80px&#8220; global_colors_info=&#8220;{}&#8220; sticky_enabled=&#8220;0&#8243;][\/et_pb_image][\/et_pb_column][\/et_pb_row][\/et_pb_section]<\/p>\n","protected":false},"excerpt":{"rendered":"<p>The German tax authorities receive detailed data on Turkish accounts, holdings, and income through automatic exchange of information, international administrative assistance, and banks. Missing information is increasingly being detected automatically.<\/p>","protected":false},"author":4,"featured_media":0,"parent":0,"menu_order":0,"comment_status":"closed","ping_status":"closed","template":"","meta":{"_et_pb_use_builder":"on","_et_pb_old_content":"","_et_gb_content_width":"","om_disable_all_campaigns":false,"_monsterinsights_skip_tracking":false,"_monsterinsights_sitenote_active":false,"_monsterinsights_sitenote_note":"","_monsterinsights_sitenote_category":0,"footnotes":""},"class_list":["post-4033","page","type-page","status-publish","hentry"],"aioseo_notices":[],"_links":{"self":[{"href":"https:\/\/defenza.de\/en\/wp-json\/wp\/v2\/pages\/4033","targetHints":{"allow":["GET"]}}],"collection":[{"href":"https:\/\/defenza.de\/en\/wp-json\/wp\/v2\/pages"}],"about":[{"href":"https:\/\/defenza.de\/en\/wp-json\/wp\/v2\/types\/page"}],"author":[{"embeddable":true,"href":"https:\/\/defenza.de\/en\/wp-json\/wp\/v2\/users\/4"}],"replies":[{"embeddable":true,"href":"https:\/\/defenza.de\/en\/wp-json\/wp\/v2\/comments?post=4033"}],"version-history":[{"count":5,"href":"https:\/\/defenza.de\/en\/wp-json\/wp\/v2\/pages\/4033\/revisions"}],"predecessor-version":[{"id":4181,"href":"https:\/\/defenza.de\/en\/wp-json\/wp\/v2\/pages\/4033\/revisions\/4181"}],"wp:attachment":[{"href":"https:\/\/defenza.de\/en\/wp-json\/wp\/v2\/media?parent=4033"}],"curies":[{"name":"wp","href":"https:\/\/api.w.org\/{rel}","templated":true}]}}