{"id":4036,"date":"2025-11-18T07:15:40","date_gmt":"2025-11-18T06:15:40","guid":{"rendered":"https:\/\/twp-strafrecht.de\/?page_id=4036"},"modified":"2025-12-18T16:00:16","modified_gmt":"2025-12-18T15:00:16","slug":"double-taxation-agreement-germany-turkey","status":"publish","type":"page","link":"https:\/\/defenza.de\/en\/doppelbesteuerungsabkommen-deutschland-tuerkei\/","title":{"rendered":"Double taxation agreement Germany \u2013 T\u00fcrkiye"},"content":{"rendered":"<p>[et_pb_section fb_built=&#8220;1&#8243; disabled_on=&#8220;off|on|on&#8220; admin_label=&#8220;Hero Section&#8220; _builder_version=&#8220;4.16&#8243; custom_padding=&#8220;0|0px|0px|0px&#8220; global_colors_info=&#8220;{}&#8220;][et_pb_row use_custom_gutter=&#8220;on&#8220; make_equal=&#8220;on&#8220; _builder_version=&#8220;4.16&#8243; width=&#8220;100%&#8220; max_width=&#8220;100%&#8220; custom_padding=&#8220;0px|0|0px|&#8220; use_custom_width=&#8220;on&#8220; width_unit=&#8220;off&#8220; custom_width_percent=&#8220;100%&#8220; global_colors_info=&#8220;{}&#8220;][et_pb_column type=&#8220;4_4&#8243; _builder_version=&#8220;4.16&#8243; custom_padding=&#8220;200px|4%|200px|8%&#8220; custom_padding_tablet=&#8220;60px|10%|60px|10%&#8220; custom_padding_phone=&#8220;&#8220; custom_padding_last_edited=&#8220;on|tablet&#8220; global_colors_info=&#8220;{}&#8220; padding_tablet=&#8220;60px|10%|60px|10%&#8220; padding_last_edited=&#8220;on|tablet&#8220; custom_padding__hover=&#8220;|||&#8220; padding_phone=&#8220;60px|10%|60px|10%&#8220;][et_pb_image src=&#8220;https:\/\/defenza.de\/wp-content\/uploads\/2021\/05\/IMG_2843-1-scaled.jpg&#8220; alt=&#8220;Rechtsanw\u00e4ltin Pinar&#8220; title_text=&#8220;G\u00fcl Pinar&#8220; align_tablet=&#8220;center&#8220; align_phone=&#8220;&#8220; align_last_edited=&#8220;on|desktop&#8220; disabled_on=&#8220;off|on|on&#8220; _builder_version=&#8220;4.27.4&#8243; max_width=&#8220;600px&#8220; max_width_tablet=&#8220;&#8220; max_width_phone=&#8220;&#8220; max_width_last_edited=&#8220;on|desktop&#8220; custom_margin=&#8220;|||-8%&#8220; custom_margin_tablet=&#8220;60px|60px|60px|60px&#8220; custom_margin_phone=&#8220;0px|0px|0px|0px|false|false&#8220; custom_margin_last_edited=&#8220;on|phone&#8220; custom_padding=&#8220;|||&#8220; animation_style=&#8220;slide&#8220; animation_direction=&#8220;right&#8220; animation_intensity_slide=&#8220;4%&#8220; animation_starting_opacity=&#8220;50%&#8220; box_shadow_style=&#8220;preset3&#8243; box_shadow_blur=&#8220;80px&#8220; global_colors_info=&#8220;{}&#8220;][\/et_pb_image][\/et_pb_column][\/et_pb_row][\/et_pb_section][et_pb_section fb_built=&#8220;1&#8243; admin_label=&#8220;Hero Section&#8220; _builder_version=&#8220;4.16&#8243; custom_padding=&#8220;0|0px|0px|0px&#8220; global_colors_info=&#8220;{}&#8220;][et_pb_row column_structure=&#8220;1_2,1_2&#8243; use_custom_gutter=&#8220;on&#8220; make_equal=&#8220;on&#8220; _builder_version=&#8220;4.27.4&#8243; width=&#8220;100%&#8220; max_width=&#8220;100%&#8220; custom_padding=&#8220;0px|0px|0px|||&#8220; hover_enabled=&#8220;0&#8243; use_custom_width=&#8220;on&#8220; width_unit=&#8220;off&#8220; custom_width_percent=&#8220;100%&#8220; global_colors_info=&#8220;{}&#8220; sticky_enabled=&#8220;0&#8243;][et_pb_column type=&#8220;1_2&#8243; _builder_version=&#8220;4.16&#8243; custom_padding=&#8220;200px|4%|200px|8%&#8220; custom_padding_tablet=&#8220;60px|10%|60px|10%&#8220; custom_padding_phone=&#8220;&#8220; custom_padding_last_edited=&#8220;on|tablet&#8220; global_colors_info=&#8220;{}&#8220; padding_tablet=&#8220;60px|10%|60px|10%&#8220; padding_last_edited=&#8220;on|tablet&#8220; custom_padding__hover=&#8220;|||&#8220; padding_phone=&#8220;60px|10%|60px|10%&#8220;][et_pb_text _builder_version=&#8220;4.16&#8243; header_font=&#8220;Nunito||||||||&#8220; header_3_font=&#8220;Karla|700||on|||||&#8220; header_3_text_color=&#8220;#b51f1f&#8220; header_3_font_size=&#8220;16px&#8220; header_3_letter_spacing=&#8220;1px&#8220; transform_scale=&#8220;100%|100%&#8220; background_layout=&#8220;dark&#8220; custom_margin=&#8220;0px||20px||false|false&#8220; custom_margin_tablet=&#8220;&#8220; custom_margin_phone=&#8220;-60px||||false|false&#8220; custom_margin_last_edited=&#8220;on|phone&#8220; locked=&#8220;off&#8220; global_colors_info=&#8220;{}&#8220;]<\/p>\n<h3><\/h3>\n<p>[\/et_pb_text][et_pb_divider color=&#8220;#b51f1e&#8220; divider_weight=&#8220;2px&#8220; _builder_version=&#8220;4.16&#8243; transform_scale=&#8220;100%|100%&#8220; max_width=&#8220;150px&#8220; module_alignment=&#8220;right&#8220; height=&#8220;2px&#8220; custom_margin=&#8220;|||&#8220; custom_padding=&#8220;|-60px||&#8220; custom_padding_tablet=&#8220;|0px||&#8220; custom_padding_last_edited=&#8220;off|desktop&#8220; locked=&#8220;off&#8220; global_colors_info=&#8220;{}&#8220;][\/et_pb_divider][et_pb_text _builder_version=&#8220;4.27.4&#8243; header_2_font=&#8220;Conneqt Bold|||||on|||&#8220; header_2_text_color=&#8220;#666666&#8243; header_2_font_size=&#8220;20px&#8220; header_3_text_color=&#8220;#666666&#8243; custom_margin=&#8220;||35px|||&#8220; locked=&#8220;off&#8220; global_colors_info=&#8220;{}&#8220;]<\/p>\n<h1>Doppelbesteuerungsabkommen Deutschland \u2013 T\u00fcrkei<\/h1>\n<p style=\"text-align: left;\">Das Doppelbesteuerungsabkommen (DBA) zwischen Deutschland und der T\u00fcrkei dient dazu, zu verhindern, dass Eink\u00fcnfte und Verm\u00f6gen von in beiden Staaten steuerpflichtigen Personen doppelt besteuert werden. Das Abkommen von 2011 (in Kraft seit 1. August 2012) regelt vor allem die Einkommen-, K\u00f6rperschaft-, Gewerbe-, und Verm\u00f6genssteuer, aber keine Erbschaftsteuer.<\/p>\n<p style=\"text-align: left;\">Zwischen Deutschland und der T\u00fcrkei besteht zwar seit 2011 ein Doppelbesteuerungsabkommen (DBA), dieses betrifft aber ausschlie\u00dflich die Einkommens- und Verm\u00f6genssteuer, nicht jedoch die Erbschaftsteuer oder Schenkungsteuer. Das hei\u00dft: Immobilien, die in der T\u00fcrkei vererbt werden, k\u00f6nnen grunds\u00e4tzlich sowohl der t\u00fcrkischen als auch der deutschen Erbschaftsteuer unterliegen, wenn der Erblasser in Deutschland ans\u00e4ssig ist und die Voraussetzungen der deutschen Steuerpflicht erf\u00fcllt sind.\u200b<\/p>\n<h2 style=\"text-align: left;\">Welche Informationen bekommt das deutsche Finanzamt?<\/h2>\n<p style=\"text-align: left;\"><span style=\"font-weight: 400;\">Das deutsche Finanzamt erh\u00e4lt im Rahmen des automatisierten Informationsaustausches aus der T\u00fcrkei vor allem folgende Informationen:<\/span><\/p>\n<p style=\"text-align: left;\"><span style=\"font-weight: 400;\"><b>\u00dcberblick \u00fcber den Umfang und Inhalt der \u00fcbermittelten Daten:<\/b><\/span><\/p>\n<ul style=\"text-align: left;\">\n<li style=\"font-weight: 400;\" aria-level=\"1\"><span style=\"font-weight: 400;\">Name, Adresse und Steueridentifikationsnummer der Kontoinhaber (nat\u00fcrliche Personen und Unternehmen), die in Deutschland steuerpflichtig sind und ein Konto in der T\u00fcrkei f\u00fchren.\u200b<\/span><\/li>\n<li style=\"font-weight: 400;\" aria-level=\"1\"><span style=\"font-weight: 400;\">Kontosalden zum Jahresende bzw. zum Zeitpunkt der Meldung.\u200b<\/span><\/li>\n<li style=\"font-weight: 400;\" aria-level=\"1\"><span style=\"font-weight: 400;\">Ertr\u00e4ge aus dem Konto, darunter Zinsen, Dividenden, Ver\u00e4u\u00dferungsgewinne und weitere Kapitalertr\u00e4ge.\u200b Also nicht die Art der Eink\u00fcnfte, nicht unterteilt in Miete usw.<\/span><\/li>\n<\/ul>\n<p style=\"text-align: left;\"><b>Ablauf der Daten\u00fcbermittlung:<\/b><\/p>\n<ul style=\"text-align: left;\">\n<li style=\"font-weight: 400;\" aria-level=\"1\"><span style=\"font-weight: 400;\">T\u00fcrkische Banken und Versicherungen \u00fcbermitteln die Daten zentral an die t\u00fcrkische Finanzbeh\u00f6rde.<\/span><\/li>\n<li style=\"font-weight: 400;\" aria-level=\"1\"><span style=\"font-weight: 400;\">Diese Beh\u00f6rde leitet die Datens\u00e4tze an das deutsche Bundeszentralamt f\u00fcr Steuern (BZSt) weiter.\u200b\u00a0<\/span><\/li>\n<li style=\"font-weight: 400;\" aria-level=\"1\"><span style=\"font-weight: 400;\">Das BZSt ordnet die Datens\u00e4tze den deutschen Steuerpflichtigen anhand der Steuer-ID zu und leitet sie an die zust\u00e4ndigen Finanz\u00e4mter weiter, wo die Angaben mit den Steuererkl\u00e4rungen verglichen werden.\u200b<\/span><\/li>\n<\/ul>\n<p style=\"text-align: left;\"><span style=\"font-weight: 400;\">Abweichungen zwischen gemeldeten und deklarierten Ertr\u00e4gen k\u00f6nnen Nachfrage- oder Steuerstrafverfahren ausl\u00f6sen.\u200b Rufen sie uns an!<\/span><\/p>\n<p style=\"text-align: left;\"><b>Meldezeitraum und Anwendungsbereich:<\/b><\/p>\n<p style=\"text-align: left;\"><span style=\"font-weight: 400;\">Der Austausch betrifft Kontoinformationen ab dem Steuerjahr 2019. Fr\u00fchere Jahre sind nicht Gegenstand des automatischen Austauschs, k\u00f6nnen aber im Rahmen von strafrechtlichen Ermittlungsverfahren relevant werden.\u200b Der Austausch umfasst sowohl bereits bestehende als auch neue Finanzkonten in der T\u00fcrkei, sofern ein Bezug zu Deutschland besteht.\u200b Diese Angaben erm\u00f6glichen den deutschen Beh\u00f6rden eine pr\u00e4zise Kontrolle, ob Kapitaleink\u00fcnfte aus der T\u00fcrkei ordnungsgem\u00e4\u00df in Deutschland versteuert werden.<\/span><\/p>\n<p style=\"text-align: left;\"><b>Grundprinzipien der Anwendung:<\/b><\/p>\n<ul style=\"text-align: left;\">\n<li style=\"font-weight: 400;\" aria-level=\"1\"><span style=\"font-weight: 400;\">F\u00fcr Eink\u00fcnfte wie Mieteinnahmen aus Immobilien, die in der T\u00fcrkei liegen, steht der T\u00fcrkei das Besteuerungsrecht zu. Diese Eink\u00fcnfte sind in Deutschland steuerfrei, m\u00fcssen aber in der deutschen Steuererkl\u00e4rung angegeben werden und beeinflussen den Steuersatz auf andere Eink\u00fcnfte (Progressionsvorbehalt).<\/span><\/li>\n<li style=\"font-weight: 400;\" aria-level=\"1\"><span style=\"font-weight: 400;\">F\u00fcr Zinsen, Dividenden und bestimmte andere Eink\u00fcnfte werden Quellensteuern gem\u00e4\u00df DBA begrenzt und k\u00f6nnen in Deutschland angerechnet werden.<\/span><\/li>\n<li style=\"font-weight: 400;\" aria-level=\"1\"><span style=\"font-weight: 400;\">Bei Renten und Ruhegeh\u00e4ltern steht meist Deutschland als Wohnsitzstaat das Besteuerungsrecht zu, ausgenommen sind staatliche Leistungen der T\u00fcrkei.<\/span><\/li>\n<\/ul>\n<p style=\"text-align: left;\"><span style=\"font-weight: 400;\">Das DBA sieht f\u00fcr die Vermeidung der Doppelbesteuerung zwei Methoden vor:\u00a0<\/span><\/p>\n<ol style=\"text-align: left;\">\n<li><span style=\"font-weight: 400;\"> Freistellungsmethode (Eink\u00fcnfte werden in Deutschland von der Steuer ausgenommen, z\u00e4hlen aber f\u00fcr den Progressionsvorbehalt) und\u00a0<\/span><\/li>\n<li><span style=\"font-weight: 400;\"> Anrechnungsmethode (Steuern, die in der T\u00fcrkei gezahlt wurden, werden auf die deutsche Steuer angerechnet).<\/span><\/li>\n<\/ol>\n<p style=\"text-align: left;\"><b>Praktische Beispielanwendung:<\/b><\/p>\n<p style=\"text-align: left;\"><span style=\"font-weight: 400;\">Vermietung einer Wohnung in Istanbul:\u00a0<\/span><\/p>\n<p style=\"text-align: left;\"><span style=\"font-weight: 400;\">Die Mieteinnahmen werden in der T\u00fcrkei versteuert. In Deutschland sind sie steuerfrei, erh\u00f6hen aber den Steuersatz auf andere deutsche Eink\u00fcnfte. Die Mieteinnahmen m\u00fcssen trotzdem in der deutschen Steuererkl\u00e4rung angegeben werden.<\/span><\/p>\n<h2 style=\"text-align: left;\">Wichtig: Bei Schenkungen oder Erbschaften existiert kein DBA<span style=\"font-weight: 400;\">!<\/span><\/h2>\n<p style=\"text-align: left;\"><span style=\"font-weight: 400;\">Es besteht die Gefahr sowohl der Doppelbesteuerung, wenn die T\u00fcrkei als auch Deutschland Erbschaftssteuer verlangen.<\/span><\/p>\n<h2 style=\"text-align: left;\">Immobilienerwerb durch Erbschaft \u2013 Steuerliche Folgen:<\/h2>\n<p style=\"text-align: left;\"><span style=\"font-weight: 400;\">F\u00fcr Einkommen aus Immobilien (z.B. Mieteinnahmen) greift das DBA:\u00a0<\/span><\/p>\n<p style=\"text-align: left;\"><span style=\"font-weight: 400;\">Die T\u00fcrkei kann das Besteuerungsrecht f\u00fcr dort gelegene Immobilien aus\u00fcben, Deutschland rechnet die im Ausland gezahlten Steuern an oder nimmt die Eink\u00fcnfte von der deutschen Besteuerung aus.\u200b Freibetr\u00e4ge und die konkrete steuerliche Bewertung m\u00fcssen in Deutschland nach dem ErbStG gepr\u00fcft werden, im Zweifel empfiehlt sich eine Beratung mit einem Steuerexperten.\u200b<\/span><\/p>\n<p style=\"text-align: left;\"><b>Empfehlenswertes Vorgehen:<\/b><\/p>\n<p style=\"text-align: left;\"><span style=\"font-weight: 400;\">Bei der Vererbung einer Immobilie in der T\u00fcrkei, die deutsche Erbschaftsteuerpflicht ausl\u00f6st, sollten die steuerlichen Pflichten in beiden Staaten sorgf\u00e4ltig gepr\u00fcft werden. Eine Doppelbesteuerung kann nur durch eine individuelle Anrechnung nach ausl\u00e4ndischem Steuerrecht oder durch die eigene Gestaltung begrenzt werden.\u200b<\/span><\/p>\n<p style=\"text-align: left;\"><b>Fazit:\u00a0<\/b><\/p>\n<p style=\"text-align: left;\"><span style=\"font-weight: 400;\">Das Doppelbesteuerungsabkommen Deutschland\u2013T\u00fcrkei sch\u00fctzt bei Immobilien nicht vor doppelter Erbschaftsteuerbelastung. Die Einkommensteuer auf Mieteinnahmen oder Wertzuw\u00e4chse kann aber durch das DBA geregelt werden.<\/span><\/p>\n<h2 style=\"text-align: left;\">Welche Steuerregeln gelten f\u00fcr Mieteinnahmen aus der T\u00fcrkei in Deutschland?<\/h2>\n<p style=\"text-align: left;\"><span style=\"font-weight: 400;\">F\u00fcr Mieteinnahmen aus Immobilien in der T\u00fcrkei gilt:\u00a0<\/span><\/p>\n<ul style=\"text-align: left;\">\n<li style=\"font-weight: 400;\" aria-level=\"1\"><span style=\"font-weight: 400;\">Mieteinnahmen aus der T\u00fcrkei werden gem\u00e4\u00df dem deutsch-t\u00fcrkischen Doppelbesteuerungsabkommen in der T\u00fcrkei besteuert und sind in Deutschland selbst nicht erneut steuerpflichtig.\u200b<\/span><\/li>\n<li style=\"font-weight: 400;\" aria-level=\"1\"><span style=\"font-weight: 400;\">Sie sind in Deutschland zwar steuerfrei, m\u00fcssen aber dennoch in der deutschen Einkommensteuererkl\u00e4rung angegeben werden und unterliegen dem sogenannten Progressionsvorbehalt.\u200b Das bedeutet, dass ausl\u00e4ndische Mieteinnahmen den Steuersatz f\u00fcr andere deutsche Eink\u00fcnfte wie Arbeitslohn durch die Eingruppierung in eine andere Steuerklasse erh\u00f6hen k\u00f6nnen, obwohl sie selbst in Deutschland nicht besteuert werden.\u200b<\/span><\/li>\n<\/ul>\n<p style=\"text-align: left;\"><b>Meldepflicht und Doppelbesteuerung:<\/b><\/p>\n<p style=\"text-align: left;\"><span style=\"font-weight: 400;\">Auch wenn die Mieteinnahmen in der T\u00fcrkei versteuert werden, besteht eine Anzeigepflicht gegen\u00fcber dem deutschen Finanzamt. Eine Nichtmeldung kann zu strafrechtlichen Folgen f\u00fchren.\u200bDie Steuerzahlung erfolgt in der T\u00fcrkei nach dortigem Steuerrecht. Eine Quellensteuer wird gem\u00e4\u00df t\u00fcrkischer Regelungen erhoben.\u200b<\/span><\/p>\n<p style=\"text-align: left;\"><span style=\"font-weight: 400;\">Das Doppelbesteuerungsabkommen stellt sicher, dass keine doppelte Besteuerung stattfindet, sondern die Besteuerung im Immobilienstaat (T\u00fcrkei) erfolgt.\u200b<\/span><\/p>\n<p style=\"text-align: left;\"><b>Praktische Hinweise:<\/b><\/p>\n<ul style=\"text-align: left;\">\n<li style=\"font-weight: 400;\" aria-level=\"1\"><span style=\"font-weight: 400;\">Mieteinnahmen immer angeben, auch wenn sie in Deutschland steuerfrei sind \u2013 andernfalls drohen Strafen bei Entdeckung durch die Finanzbeh\u00f6rden.\u200b<\/span><\/li>\n<li style=\"font-weight: 400;\" aria-level=\"1\"><span style=\"font-weight: 400;\">Sollten die Einnahmen nicht korrekt deklariert sein, empfiehlt sich eine Selbstanzeige zur Straffreiheit.\u200b<\/span><\/li>\n<li style=\"font-weight: 400;\" aria-level=\"1\"><span style=\"font-weight: 400;\">Beim Verkauf t\u00fcrkischer Immobilien sind Gewinne ebenfalls meldepflichtig und k\u00f6nnen steuerliche Folgen in Deutschland ausl\u00f6sen, etwa wenn die Immobilie weniger als zehn Jahre gehalten wurde.\u200b<\/span><\/li>\n<\/ul>\n<p style=\"text-align: left;\"><span style=\"font-weight: 400;\">Zusammengefasst<\/span><span style=\"font-weight: 400;\">: Mieteinnahmen aus der T\u00fcrkei sind in Deutschland steuerfrei, erh\u00f6hen aber den Steuersatz auf anderes Einkommen und m\u00fcssen beim Finanzamt gemeldet werden.\u200b<\/span><span style=\"font-weight: 400;\"><\/span><\/p>\n<h2 style=\"text-align: left;\">Meldepflicht f\u00fcr Beteiligungen<\/h2>\n<p style=\"text-align: left;\"><span style=\"font-weight: 400;\">Nach \u00a7 138 Abs. 2 AO muss ein deutscher Steuerpflichtiger die Gr\u00fcndung\/Erwerb\/Ver\u00e4u\u00dferung\/Ver\u00e4nderung einer Beteiligung an einer ausl\u00e4ndischen Gesellschaft melden, wenn mindestens 10 % Beteiligung oder Anschaffungskosten von mehr als 150.000 EUR erreicht werden.\u200b Auch beherrschender Einfluss (allein oder mit nahestehenden Personen) auf eine ausl\u00e4ndische Gesellschaft l\u00f6st eine Meldepflicht aus.\u200b Die Meldung erfolgt elektronisch mit der Einkommensteuererkl\u00e4rung bzw. Sp\u00e4testens 14 Monate nach dem Besteuerungszeitraum, in dem die Beteiligung erworben wurde.\u200b<\/span><\/p>\n<p style=\"text-align: left;\"><span style=\"font-weight: 400;\">Unterlassene oder versp\u00e4tete Meldungen k\u00f6nnen zu einer Geldbu\u00dfe von bis zu 25.000 \u20ac f\u00fchren.\u200b<\/span><span style=\"font-weight: 400;\"><\/span><\/p>\n<p style=\"text-align: left;\"><strong>Steuerliche Folgen<\/strong><\/p>\n<p style=\"text-align: left;\"><span style=\"font-weight: 400;\">Ertr\u00e4ge aus der Beteiligung (zB Dividenden, Gewinnanteile, Ver\u00e4u\u00dferungsgewinne) sind grunds\u00e4tzlich in Deutschland steuerpflichtig, allerdings greift das Doppelbesteuerungsabkommen; Doppelbesteuerung wird durch Freistellung oder Anrechnung ausl\u00e4ndischer Steuern vermieden.\u200b Bei niedrig besteuerten ausl\u00e4ndischen Gesellschaften kann eine Hinzurechnungsbesteuerung nach dem Au\u00dfensteuergesetz (\u00a7 7 AStG) erfolgen.\u200b<\/span><\/p>\n<p style=\"text-align: left;\"><span style=\"font-weight: 400;\">Die blo\u00dfe Beteiligung selbst ist in der Regel nicht steuerpflichtig, aber jeder Wechsel, Erwerb oder Ver\u00e4u\u00dferungsgewinn ist anzeigepflichtig und ggf. steuerpflichtig.\u200b<\/span><span style=\"font-weight: 400;\"><\/span><\/p>\n<p style=\"text-align: left;\"><strong>Fazit:\u00a0<\/strong><\/p>\n<p style=\"text-align: left;\"><span style=\"font-weight: 400;\">Die Beteiligung an einer t\u00fcrkischen Immobiliengesellschaft muss grunds\u00e4tzlich angezeigt werden, sobald relevante Schwellenwerte erreicht sind. Ertr\u00e4ge hieraus sind in Deutschland steuerpflichtig \u2013 nicht gemeldete Beteiligungen und Eink\u00fcnfte k\u00f6nnen zu empfindlichen Strafen f\u00fchren.\u200b<\/span><span style=\"font-weight: 400;\"><br \/><\/span><\/p>\n<p>[\/et_pb_text][\/et_pb_column][et_pb_column type=&#8220;1_2&#8243; disabled_on=&#8220;on|off|off&#8220; _builder_version=&#8220;4.27.4&#8243; background_position=&#8220;top_right&#8220; background_horizontal_offset=&#8220;44%&#8220; background_vertical_offset=&#8220;14%&#8220; custom_padding=&#8220;100px||100px|&#8220; custom_padding_tablet=&#8220;60px||60px|&#8220; custom_padding_phone=&#8220;&#8220; custom_padding_last_edited=&#8220;on|desktop&#8220; hover_enabled=&#8220;0&#8243; global_colors_info=&#8220;{}&#8220; padding_tablet=&#8220;60px||60px|&#8220; padding_last_edited=&#8220;on|desktop&#8220; custom_padding__hover=&#8220;|||&#8220; padding_phone=&#8220;60px||60px|&#8220; background_enable_image=&#8220;off&#8220; background_color=&#8220;#222222&#8243; sticky_enabled=&#8220;0&#8243;][et_pb_image src=&#8220;https:\/\/defenza.de\/wp-content\/uploads\/2021\/05\/IMG_2843-1-scaled.jpg&#8220; alt=&#8220;Rechtsanw\u00e4ltin Pinar&#8220; title_text=&#8220;G\u00fcl Pinar&#8220; align_tablet=&#8220;center&#8220; align_phone=&#8220;&#8220; align_last_edited=&#8220;on|desktop&#8220; disabled_on=&#8220;on|off|off&#8220; _builder_version=&#8220;4.27.4&#8243; max_width=&#8220;600px&#8220; max_width_tablet=&#8220;&#8220; max_width_phone=&#8220;&#8220; max_width_last_edited=&#8220;on|desktop&#8220; custom_margin=&#8220;|||-8%&#8220; custom_margin_tablet=&#8220;60px|60px|60px|60px&#8220; custom_margin_phone=&#8220;&#8220; custom_margin_last_edited=&#8220;on|desktop&#8220; custom_padding=&#8220;|||&#8220; animation_style=&#8220;slide&#8220; animation_direction=&#8220;right&#8220; animation_intensity_slide=&#8220;4%&#8220; animation_starting_opacity=&#8220;50%&#8220; box_shadow_style=&#8220;preset3&#8243; box_shadow_blur=&#8220;80px&#8220; global_colors_info=&#8220;{}&#8220;][\/et_pb_image][\/et_pb_column][\/et_pb_row][\/et_pb_section]<\/p>\n","protected":false},"excerpt":{"rendered":"<p>Are you liable for taxes in Germany if you have assets or income in Turkey? Find out how the German-Turkish double taxation agreement applies to income, real estate, pensions and investments \u2013 and where double taxation risks still exist.<\/p>","protected":false},"author":4,"featured_media":0,"parent":0,"menu_order":0,"comment_status":"closed","ping_status":"closed","template":"","meta":{"_et_pb_use_builder":"on","_et_pb_old_content":"","_et_gb_content_width":"","om_disable_all_campaigns":false,"_monsterinsights_skip_tracking":false,"_monsterinsights_sitenote_active":false,"_monsterinsights_sitenote_note":"","_monsterinsights_sitenote_category":0,"footnotes":""},"class_list":["post-4036","page","type-page","status-publish","hentry"],"aioseo_notices":[],"_links":{"self":[{"href":"https:\/\/defenza.de\/en\/wp-json\/wp\/v2\/pages\/4036","targetHints":{"allow":["GET"]}}],"collection":[{"href":"https:\/\/defenza.de\/en\/wp-json\/wp\/v2\/pages"}],"about":[{"href":"https:\/\/defenza.de\/en\/wp-json\/wp\/v2\/types\/page"}],"author":[{"embeddable":true,"href":"https:\/\/defenza.de\/en\/wp-json\/wp\/v2\/users\/4"}],"replies":[{"embeddable":true,"href":"https:\/\/defenza.de\/en\/wp-json\/wp\/v2\/comments?post=4036"}],"version-history":[{"count":10,"href":"https:\/\/defenza.de\/en\/wp-json\/wp\/v2\/pages\/4036\/revisions"}],"predecessor-version":[{"id":4193,"href":"https:\/\/defenza.de\/en\/wp-json\/wp\/v2\/pages\/4036\/revisions\/4193"}],"wp:attachment":[{"href":"https:\/\/defenza.de\/en\/wp-json\/wp\/v2\/media?parent=4036"}],"curies":[{"name":"wp","href":"https:\/\/api.w.org\/{rel}","templated":true}]}}