{"id":4443,"date":"2026-02-05T09:19:34","date_gmt":"2026-02-05T08:19:34","guid":{"rendered":"https:\/\/twp-strafrecht.de\/?page_id=4443"},"modified":"2026-03-02T08:56:28","modified_gmt":"2026-03-02T07:56:28","slug":"visiting-regulations-at-billwerder-prison","status":"publish","type":"page","link":"https:\/\/defenza.de\/en\/besuchsregelung-in-der-jva-billwerder\/","title":{"rendered":"Visiting regulations at Billwerder Prison"},"content":{"rendered":"<p>[et_pb_section fb_built=&#8220;1&#8243; disabled_on=&#8220;off|on|on&#8220; admin_label=&#8220;Hero Section&#8220; _builder_version=&#8220;4.16&#8243; custom_padding=&#8220;0|0px|0px|0px&#8220; global_colors_info=&#8220;{}&#8220;][et_pb_row use_custom_gutter=&#8220;on&#8220; make_equal=&#8220;on&#8220; _builder_version=&#8220;4.16&#8243; width=&#8220;100%&#8220; max_width=&#8220;100%&#8220; custom_padding=&#8220;0px|0|0px|&#8220; use_custom_width=&#8220;on&#8220; width_unit=&#8220;off&#8220; custom_width_percent=&#8220;100%&#8220; global_colors_info=&#8220;{}&#8220;][et_pb_column type=&#8220;4_4&#8243; _builder_version=&#8220;4.16&#8243; custom_padding=&#8220;200px|4%|200px|8%&#8220; custom_padding_tablet=&#8220;60px|10%|60px|10%&#8220; custom_padding_phone=&#8220;&#8220; custom_padding_last_edited=&#8220;on|tablet&#8220; global_colors_info=&#8220;{}&#8220; padding_tablet=&#8220;60px|10%|60px|10%&#8220; padding_last_edited=&#8220;on|tablet&#8220; custom_padding__hover=&#8220;|||&#8220; padding_phone=&#8220;60px|10%|60px|10%&#8220;][et_pb_image src=&#8220;https:\/\/defenza.de\/wp-content\/uploads\/2026\/02\/JVA_Billwerder_001.jpg&#8220; alt=&#8220;Rechtsanw\u00e4ltin Pinar&#8220; title_text=&#8220;JVA_Billwerder_001&#8243; align_tablet=&#8220;center&#8220; align_phone=&#8220;&#8220; align_last_edited=&#8220;on|desktop&#8220; disabled_on=&#8220;off|on|on&#8220; _builder_version=&#8220;4.27.5&#8243; max_width=&#8220;600px&#8220; max_width_tablet=&#8220;&#8220; max_width_phone=&#8220;&#8220; max_width_last_edited=&#8220;on|desktop&#8220; custom_margin=&#8220;|||-8%&#8220; custom_margin_tablet=&#8220;60px|60px|60px|60px&#8220; custom_margin_phone=&#8220;0px|0px|0px|0px|false|false&#8220; custom_margin_last_edited=&#8220;on|phone&#8220; custom_padding=&#8220;|||&#8220; animation_style=&#8220;slide&#8220; animation_direction=&#8220;right&#8220; animation_intensity_slide=&#8220;4%&#8220; animation_starting_opacity=&#8220;50%&#8220; box_shadow_style=&#8220;preset3&#8243; box_shadow_blur=&#8220;80px&#8220; global_colors_info=&#8220;{}&#8220;][\/et_pb_image][\/et_pb_column][\/et_pb_row][\/et_pb_section][et_pb_section fb_built=&#8220;1&#8243; admin_label=&#8220;Hero Section&#8220; _builder_version=&#8220;4.16&#8243; custom_padding=&#8220;0|0px|0px|0px&#8220; global_colors_info=&#8220;{}&#8220;][et_pb_row column_structure=&#8220;1_2,1_2&#8243; use_custom_gutter=&#8220;on&#8220; make_equal=&#8220;on&#8220; _builder_version=&#8220;4.27.5&#8243; width=&#8220;100%&#8220; max_width=&#8220;100%&#8220; custom_padding=&#8220;0px|0px|0px|||&#8220; use_custom_width=&#8220;on&#8220; width_unit=&#8220;off&#8220; custom_width_percent=&#8220;100%&#8220; global_colors_info=&#8220;{}&#8220;][et_pb_column type=&#8220;1_2&#8243; _builder_version=&#8220;4.16&#8243; custom_padding=&#8220;200px|4%|200px|8%&#8220; custom_padding_tablet=&#8220;60px|10%|60px|10%&#8220; custom_padding_phone=&#8220;&#8220; custom_padding_last_edited=&#8220;on|tablet&#8220; global_colors_info=&#8220;{}&#8220; padding_tablet=&#8220;60px|10%|60px|10%&#8220; padding_last_edited=&#8220;on|tablet&#8220; custom_padding__hover=&#8220;|||&#8220; padding_phone=&#8220;60px|10%|60px|10%&#8220;][et_pb_text _builder_version=&#8220;4.16&#8243; header_font=&#8220;Nunito||||||||&#8220; header_3_font=&#8220;Karla|700||on|||||&#8220; header_3_text_color=&#8220;#b51f1f&#8220; header_3_font_size=&#8220;16px&#8220; header_3_letter_spacing=&#8220;1px&#8220; transform_scale=&#8220;100%|100%&#8220; background_layout=&#8220;dark&#8220; custom_margin=&#8220;0px||20px||false|false&#8220; custom_margin_tablet=&#8220;&#8220; custom_margin_phone=&#8220;-60px||||false|false&#8220; custom_margin_last_edited=&#8220;on|phone&#8220; locked=&#8220;off&#8220; global_colors_info=&#8220;{}&#8220;]<\/p>\n<h3><\/h3>\n<p>[\/et_pb_text][et_pb_divider color=&#8220;#b51f1e&#8220; divider_weight=&#8220;2px&#8220; _builder_version=&#8220;4.16&#8243; transform_scale=&#8220;100%|100%&#8220; max_width=&#8220;150px&#8220; module_alignment=&#8220;right&#8220; height=&#8220;2px&#8220; custom_margin=&#8220;|||&#8220; custom_padding=&#8220;|-60px||&#8220; custom_padding_tablet=&#8220;|0px||&#8220; custom_padding_last_edited=&#8220;off|desktop&#8220; locked=&#8220;off&#8220; global_colors_info=&#8220;{}&#8220;][\/et_pb_divider][et_pb_text _builder_version=&#8220;4.27.4&#8243; header_2_font=&#8220;Conneqt Bold|||||on|||&#8220; header_2_text_color=&#8220;#666666&#8243; header_2_font_size=&#8220;20px&#8220; header_3_font=&#8220;Conneqt Bold||||||||&#8220; header_3_text_color=&#8220;#666666&#8243; header_3_font_size=&#8220;15px&#8220; custom_margin=&#8220;||28px|||&#8220; locked=&#8220;off&#8220; global_colors_info=&#8220;{}&#8220;]<\/p>\n<h1>Besuchsregelung in der JVA Billwerder<\/h1>\n<p class=\"font-claude-response-body break-words whitespace-normal leading-[1.7]\"><em>Wichtige Informationen f\u00fcr Angeh\u00f6rige von Untersuchungshaftgefangenen<\/em><\/p>\n<p>[\/et_pb_text][et_pb_text _builder_version=&#8220;4.27.4&#8243; header_2_font=&#8220;Conneqt Bold|||||on|||&#8220; header_2_text_color=&#8220;#666666&#8243; header_2_font_size=&#8220;20px&#8220; header_3_font=&#8220;Conneqt Bold||||||||&#8220; header_3_text_color=&#8220;#666666&#8243; header_3_font_size=&#8220;15px&#8220; custom_margin=&#8220;||28px|||&#8220; locked=&#8220;off&#8220; global_colors_info=&#8220;{}&#8220;]<\/p>\n<h2 style=\"text-align: left;\">Anfahrt und Erreichbarkeit<\/h2>\n<p style=\"text-align: left;\"><strong>Adresse:<\/strong><br \/>Dweerlandweg 100, 22113 Hamburg<\/p>\n<h3 style=\"text-align: left;\">Anreise mit dem PKW (empfohlen)<\/h3>\n<p style=\"text-align: left;\">Die Anstalt verf\u00fcgt \u00fcber ausreichend Parkpl\u00e4tze direkt am Anstaltsgel\u00e4nde.<\/p>\n<h3 style=\"text-align: left;\">\u00d6ffentliche Verkehrsmittel<\/h3>\n<p style=\"text-align: left;\">Mit der S-Bahn S21 bis zur Haltestelle <strong>Billwerder-Moorfleet<\/strong>. Von dort folgen Sie der Beschilderung zur JVA (ca. 1.500 Meter Fu\u00dfweg).<\/p>\n<p style=\"text-align: left;\">Weitere Verbindungsinformationen unter <a href=\"https:\/\/www.hvv.de\" target=\"_blank\" rel=\"noopener\">hvv.de<\/a>.<\/p>\n<h2 style=\"text-align: left;\">Besuchszentrum<\/h2>\n<p style=\"text-align: left;\">Die JVA Billwerder verf\u00fcgt \u00fcber ein separates Besuchszentrum mit barrierefreiem Zugang.<\/p>\n<h2 style=\"text-align: left;\">Besuchsregelungen f\u00fcr Untersuchungshaftgefangene<\/h2>\n<h3 style=\"text-align: left;\">Besuchsh\u00e4ufigkeit und -dauer<\/h3>\n<p style=\"text-align: left;\">Untersuchungshaftgefangene k\u00f6nnen <strong>eine Stunde alle zwei Kalenderwochen<\/strong> Besuch empfangen. Die Zuteilung erfolgt in geraden oder ungeraden Kalenderwochen und wird bei der Terminvergabe mitgeteilt.<\/p>\n<h3 style=\"text-align: left;\">Anzahl der Besucher<\/h3>\n<p style=\"text-align: left;\">Pro Besuchstermin sind maximal drei Personen zugelassen, davon h\u00f6chstens zwei Erwachsene.<\/p>\n<p style=\"text-align: left;\"><strong>Wichtige Hinweise zu Kindern und Jugendlichen:<\/strong><\/p>\n<ul style=\"text-align: left;\">\n<li>Kinder unter 14 Jahren d\u00fcrfen die Anstalt nur in Begleitung eines Erwachsenen betreten<\/li>\n<li>Jugendliche zwischen 14 und 18 Jahren ben\u00f6tigen f\u00fcr unbegleitete Besuche eine vorherige Genehmigung der Vollzugsleitung<\/li>\n<\/ul>\n<h2 style=\"text-align: left;\">Besuchszeiten<\/h2>\n<p style=\"text-align: left;\">Die Besuchszeiten sind in einst\u00fcndige Zeitbl\u00f6cke aufgeteilt:<\/p>\n<table style=\"width: 100%; border-collapse: collapse; float: left;\">\n<thead>\n<tr style=\"background-color: #f4f4f4;\">\n<th style=\"border: 1px solid #ddd; padding: 10px; text-align: left;\">Wochentag<\/th>\n<th style=\"border: 1px solid #ddd; padding: 10px; text-align: left;\">Besuchszeiten<\/th>\n<\/tr>\n<\/thead>\n<tbody>\n<tr>\n<td style=\"border: 1px solid #ddd; padding: 10px;\">Montag und Dienstag<\/td>\n<td style=\"border: 1px solid #ddd; padding: 10px;\">08:30\u201309:30 Uhr<br \/>10:30\u201311:30 Uhr<br \/>15:00\u201316:00 Uhr<br \/>17:00\u201318:00 Uhr<\/td>\n<\/tr>\n<tr style=\"background-color: #f9f9f9;\">\n<td style=\"border: 1px solid #ddd; padding: 10px;\">Donnerstag und Freitag<\/td>\n<td style=\"border: 1px solid #ddd; padding: 10px;\">08:30\u201309:30 Uhr<br \/>10:30\u201311:30 Uhr<br \/>15:00\u201316:00 Uhr<br \/>17:00\u201318:00 Uhr<\/td>\n<\/tr>\n<tr>\n<td style=\"border: 1px solid #ddd; padding: 10px;\">Samstag und Sonntag<\/td>\n<td style=\"border: 1px solid #ddd; padding: 10px;\">09:00\u201310:00 Uhr<br \/>11:00\u201312:00 Uhr<br \/>14:00\u201315:00 Uhr<br \/>16:00\u201317:00 Uhr<\/td>\n<\/tr>\n<\/tbody>\n<\/table>\n<p style=\"text-align: left;\">Den genauen Termin Ihres Besuches erfahren Sie bei der Terminabsprache.<\/p>\n<h2 style=\"text-align: left;\">Terminvereinbarung<\/h2>\n<p style=\"text-align: left;\">Besuche sind ausschlie\u00dflich nach vorheriger Terminabsprache m\u00f6glich. Die Terminvergabe erfolgt telefonisch oder per E-Mail.<\/p>\n<p style=\"text-align: left;\"><strong>Besucherservicetelefon:<\/strong> <a href=\"tel:040428878364\">040 428 878-364<\/a><\/p>\n<p style=\"text-align: left;\"><strong>Erreichbarkeit an Werktagen:<\/strong><\/p>\n<ul style=\"text-align: left;\">\n<li>Montag und Dienstag: 09:30\u201311:00 Uhr und 13:00\u201314:30 Uhr<\/li>\n<li>Donnerstag und Freitag: 09:30\u201311:00 Uhr<\/li>\n<\/ul>\n<p style=\"text-align: left;\"><strong>E-Mail:<\/strong> <a href=\"mailto:jvabwbesuchstermine@justiz.hamburg.de\">jvabwbesuchstermine@justiz.hamburg.de<\/a><\/p>\n<p style=\"text-align: left;\">Halten Sie bei der Kontaktaufnahme alle relevanten Daten bereit.<\/p>\n<h3 style=\"text-align: left;\">Besondere Genehmigungspflicht<\/h3>\n<p style=\"text-align: left;\">In F\u00e4llen von Untersuchungshaft kann eine vorherige Besuchserlaubnis vom zust\u00e4ndigen Gericht, der Staatsanwaltschaft oder der Polizei erforderlich sein.<\/p>\n<h2 style=\"text-align: left;\">Einlasszeiten und Zugangsbestimmungen<\/h2>\n<p style=\"text-align: left;\">Der Besuchseinlass beginnt <strong>30 Minuten vor<\/strong> dem vereinbarten Besuchsbeginn und endet <strong>10 Minuten vor<\/strong> diesem Termin.<\/p>\n<p style=\"text-align: left;\"><strong>Wichtig:<\/strong> Nach diesem Zeitpunkt versp\u00e4tet erscheinende Besucher k\u00f6nnen nicht mehr zum Besuch zugelassen werden. In diesem Fall kann w\u00e4hrend der Erreichbarkeitszeiten des Besucherservicetelefons ein neuer Termin vereinbart werden.<\/p>\n<h3 style=\"text-align: left;\">Ausweispflicht<\/h3>\n<p style=\"text-align: left;\">Jeder Besucher muss sich an der Au\u00dfenpforte mit einem g\u00fcltigen Personalausweis oder vergleichbaren Identit\u00e4tsnachweis mit Lichtbild ausweisen.<\/p>\n<h3 style=\"text-align: left;\">Einlassverweigerung<\/h3>\n<p style=\"text-align: left;\">Sofern der Verdacht besteht, dass Besucher vor dem Besuch Drogen oder Alkohol konsumiert haben, kann der Besuch verweigert werden.<\/p>\n<h2 style=\"text-align: left;\">Mitbringpflichten und erlaubte Gegenst\u00e4nde<\/h2>\n<h3 style=\"text-align: left;\">Erforderliche Dokumente<\/h3>\n<ul style=\"text-align: left;\">\n<li>G\u00fcltiges Ausweisdokument (zwingend erforderlich)<\/li>\n<li>Gegebenenfalls Besuchserlaubnis vom Gericht oder der Staatsanwaltschaft<\/li>\n<\/ul>\n<h3 style=\"text-align: left;\">Erlaubtes M\u00fcnzgeld f\u00fcr Automaten<\/h3>\n<p style=\"text-align: left;\">F\u00fcr den Verzehr an den Snack- und Getr\u00e4nkeautomaten darf folgendes M\u00fcnzgeld mitgebracht werden:<\/p>\n<ul style=\"text-align: left;\">\n<li>Eine erwachsene Person: maximal 15 Euro<\/li>\n<li>Zwei Erwachsene: maximal 20 Euro<\/li>\n<\/ul>\n<h2 style=\"text-align: left;\">Verbotene Gegenst\u00e4nde und Verhaltensregeln<\/h2>\n<p style=\"text-align: left;\">Bei der Eingangskontrolle werden Taschen- und Personenkontrollen durchgef\u00fchrt. Achten Sie darauf, dass sich keine Gegenst\u00e4nde in Hosentaschen befinden.<\/p>\n<h3 style=\"text-align: left;\">Folgendes ist untersagt:<\/h3>\n<ul style=\"text-align: left;\">\n<li>Einbringen von Gegenst\u00e4nden, Geld (au\u00dfer zugelassenem M\u00fcnzgeld) oder Alkohol\/Drogen<\/li>\n<li>\u00dcbergabe von Gegenst\u00e4nden an Gefangene w\u00e4hrend des Besuchs<\/li>\n<li>Mitnahme von Gegenst\u00e4nden (z.B. Briefe) aus der Anstalt<\/li>\n<\/ul>\n<h3 style=\"text-align: left;\">Verhaltensvorschriften<\/h3>\n<ul style=\"text-align: left;\">\n<li>Die vorgegebene Sitzordnung ist einzuhalten<\/li>\n<li>Kinder m\u00fcssen am Tisch bleiben<\/li>\n<li>S\u00e4mtlichen Weisungen der Bediensteten ist unverz\u00fcglich Folge zu leisten<\/li>\n<li>Sexuelle Handlungen sind nicht gestattet<\/li>\n<\/ul>\n<p style=\"text-align: left;\"><strong>Wichtiger Hinweis:<\/strong> Verst\u00f6\u00dfe gegen diese Regelungen k\u00f6nnen zu einem Besuchsabbruch oder einem Anstaltsverbot f\u00fchren. Der Besuch wird st\u00e4ndig durch Kameras und Bedienstete \u00fcberwacht. Im Falle des Einbringens von Drogen wird Strafanzeige erstattet.<\/p>\n<h2 style=\"text-align: left;\">W\u00e4schepakete<\/h2>\n<p style=\"text-align: left;\">Pakete k\u00f6nnen auf zwei Wegen zugestellt werden:<\/p>\n<ul style=\"text-align: left;\">\n<li>Per Post oder Paketversand<\/li>\n<li>Pers\u00f6nliche Abgabe mittwochs zwischen 08:00 und 14:30 Uhr direkt an der Pforte<\/li>\n<\/ul>\n<h3 style=\"text-align: left;\">Anforderungen an Pakete<\/h3>\n<ul style=\"text-align: left;\">\n<li>Feste Umh\u00fcllung (Kartonage) erforderlich<\/li>\n<li>Maximale Packma\u00dfe: 65 cm (B) \u00d7 36 cm (L) \u00d7 38 cm (H)<\/li>\n<li>Absender (Name, Vorname bzw. Firma und vollst\u00e4ndige Adresse) muss eindeutig erkennbar sein<\/li>\n<\/ul>\n<h2 style=\"text-align: left;\">Geldtransfer f\u00fcr Inhaftierte<\/h2>\n<p style=\"text-align: left;\">Gefangene in der JVA Billwerder k\u00f6nnen vom Eigengeld einkaufen. Zweckgebundene Geld\u00fcberweisungen sind m\u00f6glich.<\/p>\n<p style=\"text-align: left;\"><strong>Allgemeine Ausk\u00fcnfte zu Einzahlungen:<\/strong><br \/>Zahlstelle, Tel.: <a href=\"tel:040428878250\">040 428 878-250<\/a><\/p>\n<h3 style=\"text-align: left;\">\u00dcberweisungen<\/h3>\n<p style=\"text-align: left;\"><strong>Empf\u00e4nger:<\/strong> JVA Billwerder<br \/><strong>Bank:<\/strong> Postbank Hamburg<br \/><strong>IBAN:<\/strong> DE02 2001 0020 0030 2182 04<br \/><strong>BIC:<\/strong> PBNKDEFFXXX<br \/><strong>Verwendungszweck:<\/strong> Name und Geburtsdatum der\/des Gefangenen<\/p>\n<h2 style=\"text-align: left;\">Sicherheitshinweise<\/h2>\n<p style=\"text-align: left;\">Die JVA Billwerder ist eine Anstalt mit hohem Sicherheitsstandard. Zur Gew\u00e4hrleistung der Sicherheit und Ordnung ist die Einhaltung aller Anweisungen des Personals erforderlich.<\/p>\n<p style=\"text-align: left;\">Die Schlie\u00dffachnummer entspricht der Tischnummer im Besucherraum.<\/p>\n<hr \/>\n<p style=\"font-size: 0.9em; color: #666666; margin-top: 30px; text-align: left;\"><em>Informationen basieren auf den offiziellen Angaben der JVA Billwerder (Stand: M\u00e4rz 2025). Alle Angaben ohne Gew\u00e4hr. Aktuelle Informationen und \u00c4nderungen entnehmen Sie bitte der offiziellen Webseite der Justizvollzugsanstalt Billwerder.<\/em><\/p>\n<p>[\/et_pb_text][et_pb_text _builder_version=&#8220;4.27.5&#8243; _module_preset=&#8220;default&#8220; global_colors_info=&#8220;{}&#8220;]<\/p>\n<p style=\"text-align: right;\"><em>Bild: GeorgHH \/ Wikimedia Commons \/ Public Domain<\/em><\/p>\n<p>[\/et_pb_text][\/et_pb_column][et_pb_column type=&#8220;1_2&#8243; disabled_on=&#8220;on|off|off&#8220; _builder_version=&#8220;4.27.5&#8243; background_color=&#8220;#212121&#8243; background_enable_image=&#8220;off&#8220; custom_padding=&#8220;100px||100px|&#8220; custom_padding_tablet=&#8220;60px||60px|&#8220; custom_padding_phone=&#8220;&#8220; custom_padding_last_edited=&#8220;on|desktop&#8220; global_colors_info=&#8220;{}&#8220; padding_tablet=&#8220;60px||60px|&#8220; padding_last_edited=&#8220;on|desktop&#8220; custom_padding__hover=&#8220;|||&#8220; padding_phone=&#8220;60px||60px|&#8220;][et_pb_image src=&#8220;https:\/\/defenza.de\/wp-content\/uploads\/2026\/02\/JVA_Billwerder_001.jpg&#8220; alt=&#8220;Rechtsanw\u00e4ltin Pinar&#8220; title_text=&#8220;JVA_Billwerder_001&#8243; align_tablet=&#8220;center&#8220; align_phone=&#8220;&#8220; align_last_edited=&#8220;on|desktop&#8220; disabled_on=&#8220;on|off|off&#8220; _builder_version=&#8220;4.27.5&#8243; max_width=&#8220;600px&#8220; max_width_tablet=&#8220;&#8220; max_width_phone=&#8220;&#8220; max_width_last_edited=&#8220;on|desktop&#8220; custom_margin=&#8220;|||-8%&#8220; custom_margin_tablet=&#8220;60px|60px|60px|60px&#8220; custom_margin_phone=&#8220;&#8220; custom_margin_last_edited=&#8220;on|desktop&#8220; custom_padding=&#8220;|||&#8220; animation_style=&#8220;slide&#8220; animation_direction=&#8220;right&#8220; animation_intensity_slide=&#8220;4%&#8220; animation_starting_opacity=&#8220;50%&#8220; box_shadow_style=&#8220;preset3&#8243; box_shadow_blur=&#8220;80px&#8220; global_colors_info=&#8220;{}&#8220;][\/et_pb_image][\/et_pb_column][\/et_pb_row][\/et_pb_section]<\/p>\n","protected":false},"excerpt":{"rendered":"<p>Everything you need to know about visiting Billwerder Prison: visiting hours, registration, directions to Dweerlandweg, permitted items and rules of conduct at a glance.<\/p>","protected":false},"author":4,"featured_media":0,"parent":0,"menu_order":0,"comment_status":"closed","ping_status":"closed","template":"","meta":{"_et_pb_use_builder":"on","_et_pb_old_content":"","_et_gb_content_width":"","om_disable_all_campaigns":false,"_monsterinsights_skip_tracking":false,"_monsterinsights_sitenote_active":false,"_monsterinsights_sitenote_note":"","_monsterinsights_sitenote_category":0,"footnotes":""},"class_list":["post-4443","page","type-page","status-publish","hentry"],"aioseo_notices":[],"_links":{"self":[{"href":"https:\/\/defenza.de\/en\/wp-json\/wp\/v2\/pages\/4443","targetHints":{"allow":["GET"]}}],"collection":[{"href":"https:\/\/defenza.de\/en\/wp-json\/wp\/v2\/pages"}],"about":[{"href":"https:\/\/defenza.de\/en\/wp-json\/wp\/v2\/types\/page"}],"author":[{"embeddable":true,"href":"https:\/\/defenza.de\/en\/wp-json\/wp\/v2\/users\/4"}],"replies":[{"embeddable":true,"href":"https:\/\/defenza.de\/en\/wp-json\/wp\/v2\/comments?post=4443"}],"version-history":[{"count":5,"href":"https:\/\/defenza.de\/en\/wp-json\/wp\/v2\/pages\/4443\/revisions"}],"predecessor-version":[{"id":4527,"href":"https:\/\/defenza.de\/en\/wp-json\/wp\/v2\/pages\/4443\/revisions\/4527"}],"wp:attachment":[{"href":"https:\/\/defenza.de\/en\/wp-json\/wp\/v2\/media?parent=4443"}],"curies":[{"name":"wp","href":"https:\/\/api.w.org\/{rel}","templated":true}]}}