{"id":2278,"date":"2023-01-31T20:55:20","date_gmt":"2023-01-31T19:55:20","guid":{"rendered":"https:\/\/twp-strafrecht.de\/?page_id=2278"},"modified":"2026-04-17T15:14:55","modified_gmt":"2026-04-17T13:14:55","slug":"skyecc","status":"publish","type":"page","link":"https:\/\/defenza.de\/fr\/skyecc\/","title":{"rendered":"SkyECC"},"content":{"rendered":"<p>[et_pb_section fb_built=&#8220;1&#8243; disabled_on=&#8220;off|on|on&#8220; admin_label=&#8220;Hero Section&#8220; _builder_version=&#8220;4.16&#8243; custom_padding=&#8220;0|0px|0px|0px&#8220; global_colors_info=&#8220;{}&#8220;][et_pb_row use_custom_gutter=&#8220;on&#8220; make_equal=&#8220;on&#8220; disabled_on=&#8220;off|on|on&#8220; _builder_version=&#8220;4.16&#8243; width=&#8220;100%&#8220; max_width=&#8220;100%&#8220; custom_padding=&#8220;0px|0|0px|&#8220; use_custom_width=&#8220;on&#8220; width_unit=&#8220;off&#8220; custom_width_percent=&#8220;100%&#8220; global_colors_info=&#8220;{}&#8220;][et_pb_column type=&#8220;4_4&#8243; _builder_version=&#8220;4.16&#8243; custom_padding=&#8220;200px|4%|200px|8%&#8220; custom_padding_tablet=&#8220;60px|10%|60px|10%&#8220; custom_padding_phone=&#8220;&#8220; custom_padding_last_edited=&#8220;on|tablet&#8220; global_colors_info=&#8220;{}&#8220; padding_tablet=&#8220;60px|10%|60px|10%&#8220; padding_last_edited=&#8220;on|tablet&#8220; custom_padding__hover=&#8220;|||&#8220; padding_phone=&#8220;60px|10%|60px|10%&#8220;][et_pb_image src=&#8220;https:\/\/defenza.de\/wp-content\/uploads\/2025\/10\/IMG_2818-2-scaled.jpg&#8220; alt=&#8220;Mobile Phone&#8220; title_text=&#8220;Arne Weller&#8220; align_tablet=&#8220;center&#8220; align_phone=&#8220;&#8220; align_last_edited=&#8220;on|desktop&#8220; disabled_on=&#8220;off|on|on&#8220; _builder_version=&#8220;4.27.4&#8243; max_width=&#8220;600px&#8220; max_width_tablet=&#8220;&#8220; max_width_phone=&#8220;&#8220; max_width_last_edited=&#8220;on|desktop&#8220; custom_margin=&#8220;|||-8%&#8220; custom_margin_tablet=&#8220;60px|60px|60px|60px&#8220; custom_margin_phone=&#8220;0px|0px|0px|0px|false|false&#8220; custom_margin_last_edited=&#8220;on|phone&#8220; custom_padding=&#8220;|||&#8220; animation_style=&#8220;slide&#8220; animation_direction=&#8220;right&#8220; animation_intensity_slide=&#8220;4%&#8220; animation_starting_opacity=&#8220;50%&#8220; box_shadow_style=&#8220;preset3&#8243; box_shadow_blur=&#8220;80px&#8220; global_colors_info=&#8220;{}&#8220;][\/et_pb_image][\/et_pb_column][\/et_pb_row][\/et_pb_section][et_pb_section fb_built=&#8220;1&#8243; disabled_on=&#8220;off|off|off&#8220; admin_label=&#8220;Hero Section&#8220; _builder_version=&#8220;4.16&#8243; custom_padding=&#8220;0|0px|0px|0px&#8220; global_colors_info=&#8220;{}&#8220;][et_pb_row column_structure=&#8220;1_2,1_2&#8243; use_custom_gutter=&#8220;on&#8220; make_equal=&#8220;on&#8220; _builder_version=&#8220;4.27.4&#8243; width=&#8220;100%&#8220; max_width=&#8220;100%&#8220; custom_padding=&#8220;0px|0|0px|&#8220; use_custom_width=&#8220;on&#8220; width_unit=&#8220;off&#8220; custom_width_percent=&#8220;100%&#8220; global_colors_info=&#8220;{}&#8220;][et_pb_column type=&#8220;1_2&#8243; _builder_version=&#8220;4.16&#8243; custom_padding=&#8220;200px|4%|200px|8%&#8220; custom_padding_tablet=&#8220;60px|10%|60px|10%&#8220; custom_padding_phone=&#8220;&#8220; custom_padding_last_edited=&#8220;on|tablet&#8220; global_colors_info=&#8220;{}&#8220; padding_tablet=&#8220;60px|10%|60px|10%&#8220; padding_last_edited=&#8220;on|tablet&#8220; custom_padding__hover=&#8220;|||&#8220; padding_phone=&#8220;60px|10%|60px|10%&#8220;][et_pb_text _builder_version=&#8220;4.16&#8243; header_font=&#8220;Nunito||||||||&#8220; header_3_font=&#8220;Karla|700||on|||||&#8220; header_3_text_color=&#8220;#b51f1f&#8220; header_3_font_size=&#8220;16px&#8220; header_3_letter_spacing=&#8220;1px&#8220; transform_scale=&#8220;100%|100%&#8220; background_layout=&#8220;dark&#8220; custom_margin=&#8220;0px||20px||false|false&#8220; custom_margin_tablet=&#8220;&#8220; custom_margin_phone=&#8220;-60px||||false|false&#8220; custom_margin_last_edited=&#8220;on|phone&#8220; locked=&#8220;off&#8220; global_colors_info=&#8220;{}&#8220;]<\/p>\n<h3><\/h3>\n<p>[\/et_pb_text][et_pb_divider color=&#8220;#b51f1e&#8220; divider_weight=&#8220;2px&#8220; _builder_version=&#8220;4.16&#8243; max_width=&#8220;150px&#8220; module_alignment=&#8220;right&#8220; height=&#8220;2px&#8220; custom_margin=&#8220;|||&#8220; custom_padding=&#8220;|-60px||&#8220; custom_padding_tablet=&#8220;|0px||&#8220; custom_padding_last_edited=&#8220;off|desktop&#8220; locked=&#8220;off&#8220; global_colors_info=&#8220;{}&#8220;][\/et_pb_divider][et_pb_text _builder_version=&#8220;4.27.6&#8243; locked=&#8220;off&#8220; global_colors_info=&#8220;{}&#8220; sticky_enabled=&#8220;0&#8243; header_2_font=&#8220;Conneqt Bold|||||on|||&#8220; header_2_text_color=&#8220;#666666&#8243; header_2_font_size=&#8220;20px&#8220; header_3_font=&#8220;Conneqt Bold|||||on|||&#8220; header_3_text_color=&#8220;#666666&#8243; header_3_font_size=&#8220;18px&#8220; custom_margin=&#8220;||30px|254px|false|false&#8220;]<\/p>\n<h1 style=\"font-weight: 400; text-align: right;\">Sky ECC \u2013 Der Hack heiligt die Mittel?<\/h1>\n<p style=\"text-align: left;\">In den letzten Jahren sind verschiedene Anbieter von <strong>vermeintlich abh\u00f6rsicheren Mobiltelefonen<\/strong> \u2013 insbesondere EncroChat- und Anom-Handys \u2013 sowie <strong>kryptiere Messengerdienste<\/strong> von den Ermittlungsbeh\u00f6rden gehackt worden. Sky ECC ist ein solcher Messengerdienst, welcher von dem in Kanada ans\u00e4ssigen Unternehmen Sky Global betrieben wurde. Das Unternehmen bewarb den Instant Messenger damit, besonders <strong>anonym und gesch\u00fctzt vor Zugriffen von au\u00dfen<\/strong> zu sein. Der Dienst wurde auf eigens daf\u00fcr modifizierten Ger\u00e4ten als Abonnement vertrieben.<\/p>\n<p style=\"text-align: left;\">Im M\u00e4rz 2021 wurde bekannt, dass ein Team aus belgischen, franz\u00f6sischen und niederl\u00e4ndischen <strong>Ermittlern ein Hack des Messengers gelungen war<\/strong>. Die zugrundeliegenden Ermittlungen begannen wohl bereits 2016. Davon betroffen waren laut Angaben der Ermittler etwa 170.000 Ger\u00e4te, wovon eine f\u00fcnfstellige Anzahl in Deutschland ans\u00e4ssig gewesen bzw. Bez\u00fcge nach Deutschland gehabt haben soll. Es wurden \u00fcber einen Zeitraum von 21 Monaten Daten gewonnen; insgesamt handelt es sich um ca. 1 Milliarde Chatnachrichten. Es hei\u00dft, dass die Datenmenge diejenige aus dem bereits zuvor erfolgten Hack des Messengers EncroChat um das Drei- bis Vierfache \u00fcbersteigt. Insbesondere wurde hier \u00fcber einen weitaus l\u00e4ngeren Zeitraum \u00fcberwacht, als dies bei EncroChat der Fall war. In den Wochen vor Bekanntwerden des Hacks sollen zudem bis zu 70.000 Ger\u00e4te live \u00fcberwacht worden sein.<\/p>\n<p style=\"text-align: left;\">Deutsche Ermittlungsbeh\u00f6rden sollen an dem Hack selbst nicht beteiligt gewesen sein, sondern franz\u00f6sische und niederl\u00e4ndische Beh\u00f6rden. Das Bundeskriminalamt (BKA) leitete jedoch bereits ein Jahr vor Bekanntwerden des Hacks ein <strong>Ermittlungsverfahren gegen s\u00e4mtliche Sky ECC-Nutzer in Deutschland<\/strong> ein. Im Nachgang des Hacks erhielt das BKA dann die Daten im Rahmen der europ\u00e4ischen Rechtshilfe. Die Arbeit der deutschen Ermittlungsbeh\u00f6rden besteht derzeit darin, die <strong>Daten auf strafbares Verhalten<\/strong> zu <strong>\u00fcberpr\u00fcfen<\/strong> und die <strong>Nutzer zu identifizieren<\/strong>.<\/p>\n<p style=\"text-align: left;\">Bei Sky ECC handelt es sich nicht einfach um \u201eden Nachfolger\u201c von EncroChat. Neben der Datenmenge gibt es eine Vielzahl weiterer Besonderheiten. So sind bei Sky ECC oftmals <strong>keine vollst\u00e4ndigen Chatverl\u00e4ufe<\/strong> durch die Ermittler erlangt worden, sondern lediglich die Chatbeitr\u00e4ge eines der zwei daran beteiligten Nutzer. Auch die Zuordnung der Telefone zu den jeweiligen Nutzern ist hier relevant bzw. oftmals fraglich; derartige Ger\u00e4te wurden h\u00e4ufig von mehreren Personen genutzt und weitergegeben.<\/p>\n<p style=\"text-align: left;\">Rechtlicher Kern der Diskussion sind \u2013 wie bereits bei den \u00fcber EncroChat- und Anom-Handys gewonnen Daten \u2013 Erhebungs- und Verwertungsfragen. Eine <strong>Aufbereitung und Vorsortierung der Daten<\/strong> wurde <strong>durch die franz\u00f6sischen Ermittler<\/strong> vorgenommen, bevor diese nach Deutschland \u00fcbermittelt wurden. Da es sich nicht um den vollst\u00e4ndigen Datensatz, die sogenannten <strong>Rohdaten<\/strong>, sondern um gefilterte und aufbereitete Daten handelt, kann die bisherige deutsche und <a href=\"https:\/\/curia.europa.eu\/juris\/documents.jsf?num=C-670\/22\" target=\"_blank\" rel=\"noopener\">europ\u00e4ische Rechtsprechung<\/a> zur <strong>Verwertung von Erkenntnissen aus dem Hack<\/strong> gegen den Kommunikationsanbieter <strong>EncroChat<\/strong> nicht ohne Weiteres auf F\u00e4lle bzw. die Daten aus dem Messenger Sky ECC \u00fcbertragen werden.<\/p>\n<p style=\"text-align: left;\">Allerdings hat der BGH in einer ersten Entscheidung dazu vom 09.01.2025 (Az. 1 StR 142\/24) die Auffassung vertreten, dass (auch) die Verwertung von Sky ECC-Daten nicht gegen wesentliche rechtsstaatliche Grunds\u00e4tze versto\u00dfe. Denn die \u00dcberwachungen erfolgte gezielt gegen Straft\u00e4ter, sodass es sich \u2013 nach Auffassung des BGH \u2013 nicht um <strong>anlasslose Massen\u00fcberwachung<\/strong> handele. Auch sei kein Beweisverwertungsverbot anzunehmen, weil entgegen der Vorgaben des Art. 31 der <a href=\"https:\/\/eur-lex.europa.eu\/LexUriServ\/LexUriServ.do?uri=CELEX:32014L0041:de:HTML\" target=\"_blank\" rel=\"noopener\">Richtlinie \u00fcber die Europ\u00e4ische Ermittlungsanordnung in Strafsachen<\/a> die deutschen Beh\u00f6rden nicht durch die franz\u00f6sischen Ermittler benachrichtig wurden. Zwar diene diese normierte Unterrichtungspflicht auch den Beschuldigtenrechten, das staatliche Interesse an der Aufkl\u00e4rung schwerer Straftaten sei aber h\u00f6her zu bewerten.<\/p>\n<p style=\"text-align: left;\">Interessanterweise sehen das die Gerichte anderer europ\u00e4ischer L\u00e4nder aber zum Teil anders. Ein Gericht in Z\u00fcrich hat am 15.08.2025 eine Entscheidung getroffen, wonach die Sky ECC-Daten nach dem Recht der Schweiz \u201eabsolut unverwertbar\u201c seien. Das Gericht st\u00fctze dies auch darauf, dass die Anforderungen an einen Tatverdacht, der nach schweizer Recht auf \u201ekonkreten Umst\u00e4nden und Erkenntnissen\u201c beruhen muss, zum Zeitpunkt der \u00dcberwachungsma\u00dfnahme nicht erf\u00fcllt gewesen seien. Au\u00dferdem betonte es die Bedeutung der Einsicht in Rohdaten f\u00fcr die Verteidigung und hinterfragte die extraterritoriale Datenerhebung.<\/p>\n<p style=\"text-align: left;\">Es bleibt eine europaweit einheitliche Kl\u00e4rung der Rechtsfragen durch den EuGH abzuwarten. Bis dahin sind die Strafverfolgungsbeh\u00f6rden weiter mit der Auswertung der Sky ECC-Daten besch\u00e4ftigt. Von den europ\u00e4ischen Ermittlern \u00fcber das BKA sind diese mittlerweile bei den Staatsanwaltschaften bzw. dem LKA angelangt. Die Hamburger Staatsanwaltschaft hat Anfang 2025 verk\u00fcndet, <a href=\"https:\/\/www.ndr.de\/nachrichten\/hamburg\/Drogenschmuggel-Hamburger-Staatsanwaltschaft-erwartet-Datensatz,drogenschmuggel144.html\" target=\"_blank\" rel=\"noopener\">\u201eim Kampf gegen den internationalen Drogenschmuggel\u201c<\/a> ein <a href=\"https:\/\/www.ndr.de\/nachrichten\/hamburg\/Kampf-gegen-Drogenschmuggel-in-Hamburg-Grosser-Datensatz-erwartet,drogenschmuggel142.html#:~:text=Die%20Staatsanwaltschaft%20erwartet%20gerade%20einen,die%20Chatverl%C3%A4ufe%20der%20Kriminellen%20verfolgen.\" target=\"_blank\" rel=\"noopener\">\u201eL\u00e4nderpackage mit 570 F\u00e4llen\u201c<\/a> zu erwarten.<\/p>\n<h2 style=\"text-align: left;\">Neuere Entwicklungen<\/h2>\n<p style=\"text-align: left;\"><span style=\"font-weight: 400;\">Mit Beschluss vom 31.10.2025 erkl\u00e4rte neben der Schweiz ein weiterer Staat die Chatdaten von Sky ECC f\u00fcr unzul\u00e4ssig. Das <\/span><b>New Yorker Bezirksgericht<\/b><span style=\"font-weight: 400;\"> \u201cU.S. District Court for the Eastern District of New York\u201d entschied in einem Verfahren, in dem die Einfuhr von 20 Tonnen Kokain Gegenstand war, dass die SkyECC-Daten nicht als Beweismittel zul\u00e4ssig seien. Grund daf\u00fcr ist, dass die europ\u00e4ischen Ermittlungspraktiken, den die Daten entstammen, nicht mit den <\/span><b>Anforderungen des US-Beweisrechts<\/b><span style=\"font-weight: 400;\"> vereinbar seien. Ferner stellte das Bezirksgericht fest, dass die Daten auch bei einer rechtm\u00e4\u00dfigen Erhebung nicht verwertbar gewesen w\u00e4ren, weil ihre Sicherung nicht forensischen Standards entspr\u00e4che und eine nachvollziehbare Dokumentation fehle, die ihre Unverf\u00e4lschtheit belege.<\/span><\/p>\n<p style=\"text-align: left;\"><span style=\"font-weight: 400;\">Der <\/span><b>Oberste Gerichtshof \u00d6sterreichs<\/b><span style=\"font-weight: 400;\"> entschied allerdings schon mehrfach, dass die Daten aus SkyECC-Chats in Strafverfahren verwertbar seien. Das aktuellste Urteil hierzu erging am 07.01.2026 (13 Os 118\/25i, 13 Os 119\/25m): Die Nichtigkeitsbeschwerde und die Berufung eines Angeklagten, der wegen Suchtgifthandels im \u00fcbergro\u00dfen Ausma\u00df als Mitglied einer kriminellen Organisation gem. \u00a7 28a SMG verurteilt wurde, wurde zur\u00fcckgewiesen. Das \u00f6sterreichische Gericht geht davon aus, dass die <\/span><b>Verwertung<\/b><span style=\"font-weight: 400;\"> von im Wege internationaler Zusammenarbeit erlangten Sky ECC-Chatdaten <\/span><b>zul\u00e4ssig<\/b><span style=\"font-weight: 400;\"> sei und <\/span><b>kein Beweisverwertungsverbot nach \u00f6sterreichischem Recht<\/b><span style=\"font-weight: 400;\"> bestehe. Eine erfolgte Ablehnung von Beweisantr\u00e4gen durch das Erstgericht sei rechtm\u00e4\u00dfig gewesen, da diese entweder unsubstantiiert, auf Erkundungsbeweisf\u00fchrung gerichtet gewesen seien oder auf aussichtslose Beweise abzielten. Insbesondere sei die Verwertung der Sky ECC-Chatdaten rechtm\u00e4\u00dfig gewesen, weil diese von ausl\u00e4ndischen Beh\u00f6rden im Rahmen einer europ\u00e4ischen Ermittlungsanordnung und nicht durch eine in \u00d6sterreich unzul\u00e4ssige \u00dcberwachungsma\u00dfnahme erlangt wurden, weshalb gerade kein Beweisverwertungsverbot nach \u00a7 140 Abs. 1 StPO oder \u00a7\u00a055a Abs. 1 Z 13 EU-JZG vorliege.\u00a0<\/span><\/p>\n<p style=\"text-align: left;\"><span style=\"font-weight: 400;\">Auch der <\/span><b>BGH<\/b><span style=\"font-weight: 400;\"> geht bislang weiterhin von einer Verwertbarkeit der Daten aus: Dies zeigt sich etwa in einem Beschluss vom 04.06.2025 (Az. 2 StR 557\/24), zu einem Fall, bei dem die Verurteilung ma\u00dfgeblich auf die W\u00fcrdigung des Sky ECC-Chatverlaufs gest\u00fctzt wurde.\u00a0<\/span><\/p>\n<p style=\"text-align: left;\"><span style=\"font-weight: 400;\">Abzuwarten ist, wie der <\/span><b>Europ\u00e4ische Gerichtshof<\/b><span style=\"font-weight: 400;\"> zur Verwertbarkeit von Sky ECC-Daten entscheiden wird. Am 16. September 2025 legte der franz\u00f6sische Kassationsgerichtshof (cour de cassation) dem EuGH konkrete Fragen zu Sky ECC vor. Die endg\u00fcltige Entscheidung steht seitdem allerdings noch aus.<\/span><\/p>\n<p>[\/et_pb_text][\/et_pb_column][et_pb_column type=&#8220;1_2&#8243; disabled_on=&#8220;on|off|off&#8220; _builder_version=&#8220;4.27.4&#8243; use_background_color_gradient=&#8220;on&#8220; background_color_gradient_stops=&#8220;rgba(18,18,18,0.5) 0%|#121212 100%&#8220; background_color_gradient_overlays_image=&#8220;on&#8220; background_color_gradient_start=&#8220;rgba(18,18,18,0.5)&#8220; background_color_gradient_end=&#8220;#121212&#8243; background_image=&#8220;https:\/\/defenza.de\/wp-content\/uploads\/2025\/10\/IMG_2818-2-scaled.jpg&#8220; custom_padding=&#8220;100px||100px|&#8220; custom_padding_tablet=&#8220;60px||60px|&#8220; custom_padding_phone=&#8220;&#8220; custom_padding_last_edited=&#8220;on|desktop&#8220; global_colors_info=&#8220;{}&#8220; padding_tablet=&#8220;60px||60px|&#8220; padding_last_edited=&#8220;on|desktop&#8220; custom_padding__hover=&#8220;|||&#8220; padding_phone=&#8220;60px||60px|&#8220;][et_pb_image src=&#8220;https:\/\/defenza.de\/wp-content\/uploads\/2025\/10\/IMG_2818-2-scaled.jpg&#8220; alt=&#8220;Mobile Phone&#8220; title_text=&#8220;Arne Weller&#8220; align_tablet=&#8220;center&#8220; align_phone=&#8220;&#8220; align_last_edited=&#8220;on|desktop&#8220; disabled_on=&#8220;on|off|off&#8220; _builder_version=&#8220;4.27.4&#8243; max_width=&#8220;600px&#8220; max_width_tablet=&#8220;&#8220; max_width_phone=&#8220;&#8220; max_width_last_edited=&#8220;on|desktop&#8220; custom_margin=&#8220;|||-8%&#8220; custom_margin_tablet=&#8220;60px|60px|60px|60px&#8220; custom_margin_phone=&#8220;&#8220; custom_margin_last_edited=&#8220;on|desktop&#8220; custom_padding=&#8220;|||&#8220; animation_style=&#8220;slide&#8220; animation_direction=&#8220;right&#8220; animation_intensity_slide=&#8220;4%&#8220; animation_starting_opacity=&#8220;50%&#8220; box_shadow_style=&#8220;preset3&#8243; box_shadow_blur=&#8220;80px&#8220; global_colors_info=&#8220;{}&#8220;][\/et_pb_image][\/et_pb_column][\/et_pb_row][\/et_pb_section]<\/p>\n","protected":false},"excerpt":{"rendered":"<p>Sky ECC \u2013 Der Hack heiligt die Mittel? In den letzten Jahren sind verschiedene Anbieter von vermeintlich abh\u00f6rsicheren Mobiltelefonen \u2013 insbesondere EncroChat- und Anom-Handys \u2013 sowie kryptiere Messengerdienste von den Ermittlungsbeh\u00f6rden gehackt worden. Sky ECC ist ein solcher Messengerdienst, welcher von dem in Kanada ans\u00e4ssigen Unternehmen Sky Global betrieben wurde. Das Unternehmen bewarb den Instant [&hellip;]<\/p>\n","protected":false},"author":2,"featured_media":0,"parent":0,"menu_order":0,"comment_status":"closed","ping_status":"closed","template":"","meta":{"_et_pb_use_builder":"on","_et_pb_old_content":"","_et_gb_content_width":"","om_disable_all_campaigns":false,"_monsterinsights_skip_tracking":false,"_monsterinsights_sitenote_active":false,"_monsterinsights_sitenote_note":"","_monsterinsights_sitenote_category":0,"footnotes":""},"class_list":["post-2278","page","type-page","status-publish","hentry"],"aioseo_notices":[],"_links":{"self":[{"href":"https:\/\/defenza.de\/fr\/wp-json\/wp\/v2\/pages\/2278","targetHints":{"allow":["GET"]}}],"collection":[{"href":"https:\/\/defenza.de\/fr\/wp-json\/wp\/v2\/pages"}],"about":[{"href":"https:\/\/defenza.de\/fr\/wp-json\/wp\/v2\/types\/page"}],"author":[{"embeddable":true,"href":"https:\/\/defenza.de\/fr\/wp-json\/wp\/v2\/users\/2"}],"replies":[{"embeddable":true,"href":"https:\/\/defenza.de\/fr\/wp-json\/wp\/v2\/comments?post=2278"}],"version-history":[{"count":11,"href":"https:\/\/defenza.de\/fr\/wp-json\/wp\/v2\/pages\/2278\/revisions"}],"predecessor-version":[{"id":4654,"href":"https:\/\/defenza.de\/fr\/wp-json\/wp\/v2\/pages\/2278\/revisions\/4654"}],"wp:attachment":[{"href":"https:\/\/defenza.de\/fr\/wp-json\/wp\/v2\/media?parent=2278"}],"curies":[{"name":"wp","href":"https:\/\/api.w.org\/{rel}","templated":true}]}}