{"id":2852,"date":"2024-08-13T15:24:52","date_gmt":"2024-08-13T13:24:52","guid":{"rendered":"https:\/\/twp-strafrecht.de\/?page_id=2852"},"modified":"2025-06-23T09:45:05","modified_gmt":"2025-06-23T07:45:05","slug":"clubs-de-cannabis","status":"publish","type":"page","link":"https:\/\/defenza.de\/fr\/cannabisclubs\/","title":{"rendered":"Clubs sociaux du cannabis"},"content":{"rendered":"<p>[et_pb_section fb_built=&#8220;1&#8243; disabled_on=&#8220;off|on|on&#8220; admin_label=&#8220;Hero Section&#8220; _builder_version=&#8220;4.16&#8243; custom_padding=&#8220;0|0px|0px|0px&#8220; global_colors_info=&#8220;{}&#8220;][et_pb_row use_custom_gutter=&#8220;on&#8220; make_equal=&#8220;on&#8220; disabled_on=&#8220;off|on|on&#8220; _builder_version=&#8220;4.16&#8243; width=&#8220;100%&#8220; max_width=&#8220;100%&#8220; custom_padding=&#8220;0px|0|0px|&#8220; use_custom_width=&#8220;on&#8220; width_unit=&#8220;off&#8220; custom_width_percent=&#8220;100%&#8220; global_colors_info=&#8220;{}&#8220;][et_pb_column type=&#8220;4_4&#8243; _builder_version=&#8220;4.16&#8243; custom_padding=&#8220;200px|4%|200px|8%&#8220; custom_padding_tablet=&#8220;60px|10%|60px|10%&#8220; custom_padding_phone=&#8220;&#8220; custom_padding_last_edited=&#8220;on|tablet&#8220; global_colors_info=&#8220;{}&#8220; padding_tablet=&#8220;60px|10%|60px|10%&#8220; padding_last_edited=&#8220;on|tablet&#8220; custom_padding__hover=&#8220;|||&#8220; padding_phone=&#8220;60px|10%|60px|10%&#8220;][et_pb_image src=&#8220;https:\/\/defenza.de\/wp-content\/uploads\/2024\/08\/Noah-Kistner.jpg&#8220; alt=&#8220;Mobile Phone&#8220; title_text=&#8220;Noah Kistner&#8220; align_tablet=&#8220;center&#8220; align_phone=&#8220;&#8220; align_last_edited=&#8220;on|desktop&#8220; disabled_on=&#8220;off|on|on&#8220; _builder_version=&#8220;4.21.0&#8243; max_width=&#8220;600px&#8220; max_width_tablet=&#8220;&#8220; max_width_phone=&#8220;&#8220; max_width_last_edited=&#8220;on|desktop&#8220; custom_margin=&#8220;|||-8%&#8220; custom_margin_tablet=&#8220;60px|60px|60px|60px&#8220; custom_margin_phone=&#8220;0px|0px|0px|0px|false|false&#8220; custom_margin_last_edited=&#8220;on|phone&#8220; custom_padding=&#8220;|||&#8220; animation_style=&#8220;slide&#8220; animation_direction=&#8220;right&#8220; animation_intensity_slide=&#8220;4%&#8220; animation_starting_opacity=&#8220;50%&#8220; box_shadow_style=&#8220;preset3&#8243; box_shadow_blur=&#8220;80px&#8220; global_colors_info=&#8220;{}&#8220;][\/et_pb_image][\/et_pb_column][\/et_pb_row][\/et_pb_section][et_pb_section fb_built=&#8220;1&#8243; disabled_on=&#8220;off|off|off&#8220; admin_label=&#8220;Hero Section&#8220; _builder_version=&#8220;4.16&#8243; custom_padding=&#8220;0|0px|0px|0px&#8220; global_colors_info=&#8220;{}&#8220;][et_pb_row column_structure=&#8220;1_2,1_2&#8243; use_custom_gutter=&#8220;on&#8220; make_equal=&#8220;on&#8220; _builder_version=&#8220;4.21.0&#8243; width=&#8220;100%&#8220; max_width=&#8220;100%&#8220; custom_padding=&#8220;0px|0|0px|&#8220; use_custom_width=&#8220;on&#8220; width_unit=&#8220;off&#8220; custom_width_percent=&#8220;100%&#8220; global_colors_info=&#8220;{}&#8220;][et_pb_column type=&#8220;1_2&#8243; _builder_version=&#8220;4.16&#8243; custom_padding=&#8220;200px|4%|200px|8%&#8220; custom_padding_tablet=&#8220;60px|10%|60px|10%&#8220; custom_padding_phone=&#8220;&#8220; custom_padding_last_edited=&#8220;on|tablet&#8220; global_colors_info=&#8220;{}&#8220; padding_tablet=&#8220;60px|10%|60px|10%&#8220; padding_last_edited=&#8220;on|tablet&#8220; custom_padding__hover=&#8220;|||&#8220; padding_phone=&#8220;60px|10%|60px|10%&#8220;][et_pb_text _builder_version=&#8220;4.16&#8243; header_font=&#8220;Nunito||||||||&#8220; header_3_font=&#8220;Karla|700||on|||||&#8220; header_3_text_color=&#8220;#b51f1f&#8220; header_3_font_size=&#8220;16px&#8220; header_3_letter_spacing=&#8220;1px&#8220; transform_scale=&#8220;100%|100%&#8220; background_layout=&#8220;dark&#8220; custom_margin=&#8220;0px||20px||false|false&#8220; custom_margin_tablet=&#8220;&#8220; custom_margin_phone=&#8220;-60px||||false|false&#8220; custom_margin_last_edited=&#8220;on|phone&#8220; locked=&#8220;off&#8220; global_colors_info=&#8220;{}&#8220;]<\/p>\n<h3><\/h3>\n<p>[\/et_pb_text][et_pb_divider color=&#8220;#b51f1e&#8220; divider_weight=&#8220;2px&#8220; _builder_version=&#8220;4.16&#8243; max_width=&#8220;150px&#8220; module_alignment=&#8220;right&#8220; height=&#8220;2px&#8220; custom_margin=&#8220;|||&#8220; custom_padding=&#8220;|-60px||&#8220; custom_padding_tablet=&#8220;|0px||&#8220; custom_padding_last_edited=&#8220;off|desktop&#8220; locked=&#8220;off&#8220; global_colors_info=&#8220;{}&#8220;][\/et_pb_divider][et_pb_text _builder_version=&#8220;4.21.0&#8243; locked=&#8220;off&#8220; global_colors_info=&#8220;{}&#8220;]<\/p>\n<h1 style=\"font-weight: 400; text-align: right;\">\u201eCompliance\u201c f\u00fcr Cannabisclubs<\/h1>\n<p style=\"text-align: left;\">\n<p style=\"text-align: left;\">\n<p style=\"text-align: left;\">Eigentlich widmen wir uns ausschlie\u00dflich der Strafverteidigung von Individualpersonen \u2013 also Verfahrenssituationen, in welchen unsere Mandantschaft schon in das Visier der Ermittlungsbeh\u00f6rden geraten ist. Pr\u00e4ventivberatung in Gestalt von Compliance \u00fcberlassen wir in aller Regel anderen. Anlass f\u00fcr eine Ausnahme ist aber die Reform des Bet\u00e4ubungsmittelstrafrechts durch die <strong>Einf\u00fchrung des Cannabisgesetzes (CanG)<\/strong> im April 2024 \u2013 denn Cannabis und der gesetzliche Umgang mit \u201eDrogen\u201c sind und bleiben unser Metier.<\/p>\n<p style=\"text-align: left;\">Mit Schaffung des Gesetzes wurde ein gro\u00dfer Schritt in Richtung des schon lange geforderten <strong>Ende der Cannabisprohibition<\/strong> gemacht. Teil dessen ist die im CanG vorgesehene M\u00f6glichkeit der Gr\u00fcndung von Anbauvereinigungen. Vorangegangen ist eine jahrelange \u2013 oft auch unsachliche \u2013 Debatte um das F\u00fcr und Wider der Legalisierung.<\/p>\n<p style=\"text-align: left;\">Das CanG ist in vielerlei Hinsicht ein Kompromiss. Ausdruck dessen sind eine <strong>Vielzahl von Regelungen und Auflagen<\/strong>, welche f\u00fcr die Anbauvereinigungen gelten. Dies gilt f\u00fcr s\u00e4mtliche Abschnitte \u2013 vom richtigen Saatgut bis zur Abgabe an die Mitglieder. Schon das Antragsverfahren ist in den Bundesl\u00e4ndern unterschiedlich ausgestaltet. Einigkeit besteht hier lediglich darin, dass hohe H\u00fcrden f\u00fcr die Erteilung einer Anbaugenehmigung bestehen. Zudem gibt es nach \u00a7 26 CanG \u2013 f\u00fcr Zwecke der \u00dcberpr\u00fcfung und Kontrolle \u2013 eine umfassende Dokumentationspflicht s\u00e4mtlicher Arbeitsschritte.<\/p>\n<p style=\"text-align: left;\"><strong>F\u00fcr Anbauvereinigungen<\/strong> ist die strikte <strong>Befolgung der Regelungen<\/strong> dabei von <strong>existenzieller Notwendigkeit<\/strong>. Schon bei kleineren Verst\u00f6\u00dfen droht die Nichterteilung der Anbaugenehmigung oder deren Entzug. F\u00fcr staatliche Stellen besteht durch \u00a7 27 CanG die M\u00f6glichkeit, jederzeit Anbauvereinigungen umfassend auch die Einhaltung s\u00e4mtlicher Vorschriften zu kontrollieren.<\/p>\n<p style=\"text-align: left;\">Vielerorts wurde bereits angek\u00fcndigt, von diesen M\u00f6glichkeiten umfassend Gebrauch zu machen. Insbesondere dort, wo die Cannabislegalisierung nur z\u00e4hneknirschend hingenommen wird, ist bei den Kontrollen keine Nachsicht zu erwarten. Es droht eine verdeckte Fortf\u00fchrung der Cannabisprohibition.<\/p>\n<p style=\"text-align: left;\">Umso wichtiger ist es, schon bei Gr\u00fcndung und Inbetriebnahme einer solchen Anbauvereinigung die zu beachtenden Regelungen im Blick zu haben. Auch nach erfolgreicher Gr\u00fcndung d\u00fcrfen sich hier keine Nachl\u00e4ssigkeiten einschleichen. Durch eine <strong>anwaltliche \u201eCompliance\u201c<\/strong> k\u00f6nnen Anbauvereinigungen sich selbst auf den Pr\u00fcfstand stellen. So kann schon pr\u00e4ventiv die Regelkonformit\u00e4t durch anwaltliche Expertise \u00fcberpr\u00fcft und sichergestellt und <strong>schon bei der Antragstellung<\/strong> unterst\u00fctzt werden. Angesichts der vielen Besonderheiten im Bereich Cannabis lohnt hier die Zusammenarbeit mit Rechtsanw\u00e4ltinnen und Rechtsanw\u00e4lten, welche die Legalisierung nicht nur eingefordert haben, sondern sich bereits vor ihrer zaghaften Umsetzung mit der Materie befasst haben.<\/p>\n<p>[\/et_pb_text][\/et_pb_column][et_pb_column type=&#8220;1_2&#8243; disabled_on=&#8220;on|off|off&#8220; _builder_version=&#8220;4.21.0&#8243; use_background_color_gradient=&#8220;on&#8220; background_color_gradient_stops=&#8220;rgba(18,18,18,0.5) 0%|#121212 100%&#8220; background_color_gradient_overlays_image=&#8220;on&#8220; background_color_gradient_start=&#8220;rgba(18,18,18,0.5)&#8220; background_color_gradient_end=&#8220;#121212&#8243; background_image=&#8220;https:\/\/defenza.de\/wp-content\/uploads\/2024\/08\/Noah-Kistner.jpg&#8220; custom_padding=&#8220;100px||100px|&#8220; custom_padding_tablet=&#8220;60px||60px|&#8220; custom_padding_phone=&#8220;&#8220; custom_padding_last_edited=&#8220;on|desktop&#8220; global_colors_info=&#8220;{}&#8220; padding_tablet=&#8220;60px||60px|&#8220; padding_last_edited=&#8220;on|desktop&#8220; custom_padding__hover=&#8220;|||&#8220; padding_phone=&#8220;60px||60px|&#8220;][et_pb_image src=&#8220;https:\/\/defenza.de\/wp-content\/uploads\/2024\/08\/Noah-Kistner.jpg&#8220; alt=&#8220;Mobile Phone&#8220; title_text=&#8220;Noah Kistner&#8220; align_tablet=&#8220;center&#8220; align_phone=&#8220;&#8220; align_last_edited=&#8220;on|desktop&#8220; disabled_on=&#8220;on|off|off&#8220; _builder_version=&#8220;4.21.0&#8243; max_width=&#8220;600px&#8220; max_width_tablet=&#8220;&#8220; max_width_phone=&#8220;&#8220; max_width_last_edited=&#8220;on|desktop&#8220; custom_margin=&#8220;|||-8%&#8220; custom_margin_tablet=&#8220;60px|60px|60px|60px&#8220; custom_margin_phone=&#8220;&#8220; custom_margin_last_edited=&#8220;on|desktop&#8220; custom_padding=&#8220;|||&#8220; animation_style=&#8220;slide&#8220; animation_direction=&#8220;right&#8220; animation_intensity_slide=&#8220;4%&#8220; animation_starting_opacity=&#8220;50%&#8220; box_shadow_style=&#8220;preset3&#8243; box_shadow_blur=&#8220;80px&#8220; global_colors_info=&#8220;{}&#8220;][\/et_pb_image][\/et_pb_column][\/et_pb_row][\/et_pb_section]<\/p>\n","protected":false},"excerpt":{"rendered":"<p>\u201eCompliance\u201c f\u00fcr Cannabisclubs Eigentlich widmen wir uns ausschlie\u00dflich der Strafverteidigung von Individualpersonen \u2013 also Verfahrenssituationen, in welchen unsere Mandantschaft schon in das Visier der Ermittlungsbeh\u00f6rden geraten ist. Pr\u00e4ventivberatung in Gestalt von Compliance \u00fcberlassen wir in aller Regel anderen. Anlass f\u00fcr eine Ausnahme ist aber die Reform des Bet\u00e4ubungsmittelstrafrechts durch die Einf\u00fchrung des Cannabisgesetzes (CanG) im [&hellip;]<\/p>\n","protected":false},"author":2,"featured_media":0,"parent":0,"menu_order":0,"comment_status":"closed","ping_status":"closed","template":"","meta":{"_et_pb_use_builder":"on","_et_pb_old_content":"","_et_gb_content_width":"","om_disable_all_campaigns":false,"_monsterinsights_skip_tracking":false,"_monsterinsights_sitenote_active":false,"_monsterinsights_sitenote_note":"","_monsterinsights_sitenote_category":0,"footnotes":""},"class_list":["post-2852","page","type-page","status-publish","hentry"],"aioseo_notices":[],"_links":{"self":[{"href":"https:\/\/defenza.de\/fr\/wp-json\/wp\/v2\/pages\/2852","targetHints":{"allow":["GET"]}}],"collection":[{"href":"https:\/\/defenza.de\/fr\/wp-json\/wp\/v2\/pages"}],"about":[{"href":"https:\/\/defenza.de\/fr\/wp-json\/wp\/v2\/types\/page"}],"author":[{"embeddable":true,"href":"https:\/\/defenza.de\/fr\/wp-json\/wp\/v2\/users\/2"}],"replies":[{"embeddable":true,"href":"https:\/\/defenza.de\/fr\/wp-json\/wp\/v2\/comments?post=2852"}],"version-history":[{"count":7,"href":"https:\/\/defenza.de\/fr\/wp-json\/wp\/v2\/pages\/2852\/revisions"}],"predecessor-version":[{"id":3321,"href":"https:\/\/defenza.de\/fr\/wp-json\/wp\/v2\/pages\/2852\/revisions\/3321"}],"wp:attachment":[{"href":"https:\/\/defenza.de\/fr\/wp-json\/wp\/v2\/media?parent=2852"}],"curies":[{"name":"wp","href":"https:\/\/api.w.org\/{rel}","templated":true}]}}