{"id":3194,"date":"2025-06-06T08:02:45","date_gmt":"2025-06-06T06:02:45","guid":{"rendered":"https:\/\/twp-strafrecht.de\/?page_id=3194"},"modified":"2025-08-11T15:43:35","modified_gmt":"2025-08-11T13:43:35","slug":"blanchiment-dargent-et-systeme-bancaire-hawala","status":"publish","type":"page","link":"https:\/\/defenza.de\/fr\/geldwaesche-und-hawala-banking\/","title":{"rendered":"Blanchiment d&#039;argent et syst\u00e8me bancaire Hawala"},"content":{"rendered":"<p>[et_pb_section fb_built=&#8220;1&#8243; disabled_on=&#8220;off|on|on&#8220; admin_label=&#8220;Hero Section&#8220; _builder_version=&#8220;4.16&#8243; custom_padding=&#8220;0|0px|0px|0px&#8220; global_colors_info=&#8220;{}&#8220;][et_pb_row use_custom_gutter=&#8220;on&#8220; make_equal=&#8220;on&#8220; _builder_version=&#8220;4.16&#8243; width=&#8220;100%&#8220; max_width=&#8220;100%&#8220; custom_padding=&#8220;0px|0|0px|&#8220; use_custom_width=&#8220;on&#8220; width_unit=&#8220;off&#8220; custom_width_percent=&#8220;100%&#8220; global_colors_info=&#8220;{}&#8220;][et_pb_column type=&#8220;4_4&#8243; _builder_version=&#8220;4.16&#8243; custom_padding=&#8220;200px|4%|200px|8%&#8220; custom_padding_tablet=&#8220;60px|10%|60px|10%&#8220; custom_padding_phone=&#8220;&#8220; custom_padding_last_edited=&#8220;on|tablet&#8220; global_colors_info=&#8220;{}&#8220; padding_tablet=&#8220;60px|10%|60px|10%&#8220; padding_last_edited=&#8220;on|tablet&#8220; custom_padding__hover=&#8220;|||&#8220; padding_phone=&#8220;60px|10%|60px|10%&#8220;][et_pb_image src=&#8220;https:\/\/defenza.de\/wp-content\/uploads\/2021\/05\/IMG_2752-2-scaled.jpg&#8220; alt=&#8220;Rechtsanw\u00e4lt*innen&#8220; title_text=&#8220;G\u00fcl Pinar \/ Arne Weller \/ Andreas Thiel&#8220; align_tablet=&#8220;center&#8220; align_phone=&#8220;&#8220; align_last_edited=&#8220;on|desktop&#8220; disabled_on=&#8220;off|on|on&#8220; _builder_version=&#8220;4.21.0&#8243; max_width=&#8220;600px&#8220; max_width_tablet=&#8220;&#8220; max_width_phone=&#8220;&#8220; max_width_last_edited=&#8220;on|desktop&#8220; custom_margin=&#8220;|||-8%&#8220; custom_margin_tablet=&#8220;60px|60px|60px|60px&#8220; custom_margin_phone=&#8220;0px|0px|0px|0px|false|false&#8220; custom_margin_last_edited=&#8220;on|phone&#8220; custom_padding=&#8220;|||&#8220; animation_style=&#8220;slide&#8220; animation_direction=&#8220;right&#8220; animation_intensity_slide=&#8220;4%&#8220; animation_starting_opacity=&#8220;50%&#8220; box_shadow_style=&#8220;preset3&#8243; box_shadow_blur=&#8220;80px&#8220; global_colors_info=&#8220;{}&#8220;][\/et_pb_image][\/et_pb_column][\/et_pb_row][\/et_pb_section][et_pb_section fb_built=&#8220;1&#8243; admin_label=&#8220;Hero Section&#8220; _builder_version=&#8220;4.16&#8243; custom_padding=&#8220;0|0px|0px|0px&#8220; global_colors_info=&#8220;{}&#8220;][et_pb_row column_structure=&#8220;1_2,1_2&#8243; use_custom_gutter=&#8220;on&#8220; make_equal=&#8220;on&#8220; _builder_version=&#8220;4.21.0&#8243; width=&#8220;100%&#8220; max_width=&#8220;100%&#8220; custom_padding=&#8220;0px|0px|0px|||&#8220; use_custom_width=&#8220;on&#8220; width_unit=&#8220;off&#8220; custom_width_percent=&#8220;100%&#8220; global_colors_info=&#8220;{}&#8220;][et_pb_column type=&#8220;1_2&#8243; _builder_version=&#8220;4.16&#8243; custom_padding=&#8220;200px|4%|200px|8%&#8220; custom_padding_tablet=&#8220;60px|10%|60px|10%&#8220; custom_padding_phone=&#8220;&#8220; custom_padding_last_edited=&#8220;on|tablet&#8220; global_colors_info=&#8220;{}&#8220; padding_tablet=&#8220;60px|10%|60px|10%&#8220; padding_last_edited=&#8220;on|tablet&#8220; custom_padding__hover=&#8220;|||&#8220; padding_phone=&#8220;60px|10%|60px|10%&#8220;][et_pb_text _builder_version=&#8220;4.16&#8243; header_font=&#8220;Nunito||||||||&#8220; header_3_font=&#8220;Karla|700||on|||||&#8220; header_3_text_color=&#8220;#b51f1f&#8220; header_3_font_size=&#8220;16px&#8220; header_3_letter_spacing=&#8220;1px&#8220; transform_scale=&#8220;100%|100%&#8220; background_layout=&#8220;dark&#8220; custom_margin=&#8220;0px||20px||false|false&#8220; custom_margin_tablet=&#8220;&#8220; custom_margin_phone=&#8220;-60px||||false|false&#8220; custom_margin_last_edited=&#8220;on|phone&#8220; locked=&#8220;off&#8220; global_colors_info=&#8220;{}&#8220;]<\/p>\n<h3><\/h3>\n<p>[\/et_pb_text][et_pb_divider color=&#8220;#b51f1e&#8220; divider_weight=&#8220;2px&#8220; _builder_version=&#8220;4.16&#8243; transform_scale=&#8220;100%|100%&#8220; max_width=&#8220;150px&#8220; module_alignment=&#8220;right&#8220; height=&#8220;2px&#8220; custom_margin=&#8220;|||&#8220; custom_padding=&#8220;|-60px||&#8220; custom_padding_tablet=&#8220;|0px||&#8220; custom_padding_last_edited=&#8220;off|desktop&#8220; locked=&#8220;off&#8220; global_colors_info=&#8220;{}&#8220;][\/et_pb_divider][et_pb_text _builder_version=&#8220;4.27.4&#8243; header_2_font=&#8220;Conneqt Bold|||||on|||&#8220; header_2_text_color=&#8220;#666666&#8243; header_2_font_size=&#8220;20px&#8220; header_3_text_color=&#8220;#666666&#8243; hover_enabled=&#8220;0&#8243; locked=&#8220;off&#8220; global_colors_info=&#8220;{}&#8220; sticky_enabled=&#8220;0&#8243;]<\/p>\n<h1>Geldw\u00e4sche und Hawala-Banking<\/h1>\n<p style=\"text-align: left;\"><strong><\/strong><\/p>\n<p style=\"text-align: left;\">Ein besonders relevantes Thema im Wirtschaftsstrafrecht ist das der Geldw\u00e4sche. Unter Geldw\u00e4sche (engl. money laundering, ML) versteht man die Einschleusung illegal erwirtschafteter Verm\u00f6genswerte in den legalen Wirtschaftskreislauf unter Verschleierung der wahren Herkunft. Die Strafbarkeit der Geldw\u00e4sche ist in \u00a7 261 des Strafgesetzbuches normiert.<\/p>\n<p style=\"text-align: left;\">Im Rahmen einer effektiven Bek\u00e4mpfung von Geldw\u00e4sche und Terrorisfinanzierung werden gewissen Unternehmen und Personengruppen durch das Geldw\u00e4schegesetz (GwG) verschiedene Pflichten in Bezug auf die Bek\u00e4mpfung von Geldw\u00e4sche auferlegt. Diese Verpflichtungen sind kompliziert und sehr umfangreich und ihre Beachtung ist von gro\u00dfer Bedeutung.<\/p>\n<h2 style=\"text-align: left;\">Strafbarkeit nach dem StGB<\/h2>\n<p style=\"text-align: left;\"><span style=\"font-weight: 400;\">Nach \u00a7 261 Abs. 1 StGB macht sich der Geldw\u00e4sche strafbar, wer die Herkunft unrechtm\u00e4\u00dfig erlangter Verm\u00f6genswerte verschleiert. In vielen F\u00e4llen handelt es sich dabei um Gelder aus Straftaten wie Hehlerei (\u00a7 259 StGB), Raub (\u00a7 250 StGB), Steuerhinterziehung (\u00a7 370 AO), Korruptionsdelikten oder dem Drogen- und Waffenhandel.<\/span><\/p>\n<p style=\"text-align: left;\"><span style=\"font-weight: 400;\">Die Voraussetzungen zur Tatbestandserf\u00fcllung sind dabei folgende:<\/span><\/p>\n<ol>\n<li style=\"text-align: left;\">Der fragliche Verm\u00f6genswert muss aus einer <strong>rechtswidrigen Vortat<\/strong> stammen.<\/li>\n<li style=\"text-align: left;\">Eine geeignete <strong>Tathandlung<\/strong> muss vorliegen:\n<ul>\n<li>\u00a7 261 Abs. 1 S. 1 Nr. 1 StGB: <strong>Verbergen<\/strong> des Gegenstandes<\/li>\n<li>\u00a7 261 Abs. 1 S. 1 Nr. 2 StGB: <strong>Umtauschen, \u00dcbertragen oder Verbringen<\/strong> des Gegenstandes in der <strong>Absicht dessen Auffinden, Einziehung oder die Ermittlung der Herkunft zu vereiteln<\/strong><\/li>\n<li>\u00a7 261 Abs. 1 S. 1 Nr. 3 StGB: <strong>Verschaffen<\/strong> des Gegenstandes (sich oder einem Dritten)<\/li>\n<li>\u00a7 261 Abs. 1 S. 1 Nr. 4 StGB: <strong>Verwahren oder Verwenden<\/strong> des Gegenstandes, wenn dessen Herkunft bei Erlangung bekannt war<\/li>\n<li>\u00a7 261 Abs. 3 StGB: <strong>Verheimlichen oder Verschleiern von Tatsachen<\/strong>, die f\u00fcr das Auffinden, die Einziehung oder die Ermittlung der Herkunft des Gegenstandes von Bedeutung sein k\u00f6nnten<\/li>\n<\/ul>\n<\/li>\n<li style=\"text-align: left;\">Die Herkunft der Verm\u00f6genswerte muss bekannt sein oder zumindest <strong>grob fahrl\u00e4ssig (leichtfertig)<\/strong> verkannt werden.<\/li>\n<\/ol>\n<p style=\"text-align: left;\"><span style=\"font-weight: 400;\">Das Gesetz sieht f\u00fcr die Erf\u00fcllung des Tatbestands grunds\u00e4tzlich eine Freiheitsstrafe von bis zu 5 Jahren oder eine Geldstrafe vor. <\/span><b>Verpflichtete<\/b><span style=\"font-weight: 400;\"> im Sinne des \u00a7 2 GwG haben mit einer Freiheitsstrafe von 3 Monaten bis zu 5 Jahren zu rechnen. In <\/span><b>besonders schweren F\u00e4llen<\/b><span style=\"font-weight: 400;\">, d.h. wenn gewerbsm\u00e4\u00dfiges Handeln oder die Verbindung zur fortgesetzten Geldw\u00e4schebegehung als Mitglied einer Bande vorliegt, betr\u00e4gt die Freiheitsstrafe zwischen 6 Monaten und 10 Jahren. Auch das <\/span><b>leichtfertige Verkennen<\/b><span style=\"font-weight: 400;\"> der rechtswidrigen Herkunft von Geldern ist bereits mit einer Freiheitsstrafe von bis zu 2 Jahren oder einer Geldstrafe bedroht.<\/span><\/p>\n<p style=\"text-align: left;\"><span style=\"font-weight: 400;\">Einer Strafe kann hingegen entgehen, wer die Straftat freiwillig bei der zust\u00e4ndigen Beh\u00f6rde anzeigt oder den Gegenstand der Straftat sicherstellt, wenn die Tat nicht bereits teils oder ganz entdeckt wurde und dies bekannt war oder damit gerechnet werden musste.\u00a0<\/span><\/p>\n<p>[\/et_pb_text][et_pb_text _builder_version=&#8220;4.21.0&#8243; _module_preset=&#8220;default&#8220; header_2_font=&#8220;Conneqt Bold|||||on|||&#8220; header_2_text_color=&#8220;#666666&#8243; header_2_font_size=&#8220;20px&#8220; custom_margin=&#8220;|||254px|false|false&#8220; global_colors_info=&#8220;{}&#8220;]<\/p>\n<h2 style=\"text-align: left;\">Geldw\u00e4schegesetz (GwG)<\/h2>\n<p style=\"text-align: left;\"><span style=\"font-weight: 400;\">Basis f\u00fcr die nationale Gesetzgebung ist die jeweils aktuelle EU-Geldw\u00e4scherichtlinie, die in regelm\u00e4\u00dfigen Abst\u00e4nden, zuletzt 2024, \u00fcberarbeitet wurde. Die 6. EU-Geldw\u00e4scherichtlinie muss nun bis zum 10.07.2027 von den EU-Mitgliedsstaaten in nationales Recht umgesetzt werden. Im Wesentlichen baut sie auf den vorherigen Geldw\u00e4scherichtlinien auf, erweitert dabei allerdings auch ihre Vorgaben und bestimmt noch sch\u00e4rfere Ma\u00dfnahmen gegen kriminelle Aktivit\u00e4ten zur effektiven Bek\u00e4mpfung von Geldw\u00e4sche und Terrorismusfinanzierung. Dies ist u.a. darauf zur\u00fcckzuf\u00fchren, dass sich die Zahl von polizeilich erfassten Geldw\u00e4schedelikten allein in Deutschland zwischen 2020 und 2023 mehr als verdreifachte. Das weltweite Geldw\u00e4schevolumen wird dabei auf bis zu 2 Billionen US-Dollar gesch\u00e4tzt.\u00a0<\/span><\/p>\n<p style=\"text-align: left;\"><span style=\"font-weight: 400;\">Das GwG regelt insbesondere die Verantwortlichkeiten f\u00fcr die Bek\u00e4mpfung von Geldw\u00e4sche und den damit verbundenen Vorsichtsma\u00dfnahmen. Dies sind insbesondere <\/span><b>Melde-, \u00dcberwachungs-, Dokumentations- und Sorgfaltspflichten<\/b><span style=\"font-weight: 400;\">. Zur \u00dcberpr\u00fcfung der Herkunft von Verm\u00f6genswerten besteht u.a. gem. \u00a7 2 GwG die Verpflichtung verschiedener Personengruppen und Unternehmen bei bestimmten Transaktionen eine entsprechende Verdachtsmeldung zu \u00fcbermitteln. Dies gilt unabh\u00e4ngig von der Zahlungsart und der H\u00f6he des Gesch\u00e4fts.<\/span><\/p>\n<p style=\"text-align: left;\"><b>Verpflichtete<\/b><span style=\"font-weight: 400;\"> im Sinne des GwG sind insbesondere<\/span><\/p>\n<ul style=\"text-align: left;\">\n<li style=\"font-weight: 400;\" aria-level=\"1\"><span style=\"font-weight: 400;\">Banken, Kreditinstitute, Finanzunternehmen und Verm\u00f6gensverwalter<\/span><\/li>\n<li style=\"font-weight: 400;\" aria-level=\"1\"><span style=\"font-weight: 400;\">Rechtsbeist\u00e4nde, Steuerberater und Notare<\/span><\/li>\n<li style=\"font-weight: 400;\" aria-level=\"1\"><span style=\"font-weight: 400;\">Versicherungen<\/span><\/li>\n<li style=\"font-weight: 400;\" aria-level=\"1\"><span style=\"font-weight: 400;\">Wirtschaftspr\u00fcfer<\/span><\/li>\n<li style=\"font-weight: 400;\" aria-level=\"1\"><span style=\"font-weight: 400;\">Gl\u00fccksspielanbieter<\/span><\/li>\n<li style=\"font-weight: 400;\" aria-level=\"1\"><span style=\"font-weight: 400;\">Gewerbetreibende mit hohem Bargeldverkehr<\/span><\/li>\n<li style=\"font-weight: 400;\" aria-level=\"1\"><span style=\"font-weight: 400;\">Zollbeamte<\/span><\/li>\n<li style=\"font-weight: 400;\" aria-level=\"1\"><span style=\"font-weight: 400;\">Immobilienmakler<\/span><\/li>\n<li style=\"font-weight: 400;\" aria-level=\"1\"><span style=\"font-weight: 400;\">Kunstvermittler<\/span><\/li>\n<\/ul>\n<p style=\"text-align: left;\"><span style=\"font-weight: 400;\">Bei <\/span><b>Verst\u00f6\u00dfen<\/b><span style=\"font-weight: 400;\"> gegen die im GwG normierten Verpflichtungen droht ein Bu\u00dfgeld von bis zu einer Million Euro oder bis zum Zweifachen des aus dem Versto\u00df gezogenen wirtschaftlichen Vorteils.<\/span><\/p>\n<h2 style=\"text-align: left;\">Hawala-Banking<\/h2>\n<p style=\"text-align: left;\"><span style=\"font-weight: 400;\">Der Begriff \u201eHawala\u201c kommt aus dem Arabischen und bedeutet \u00fcbersetzt \u201e\u00dcberweisung\u201c. Das Hawala-Bankingsystem erm\u00f6glicht weltweite informelle Finanztransfergesch\u00e4fte und wird bereits seit Jahrzehnten verwendet. Es erm\u00f6glicht das Umgehen unmittelbarer Transaktionen von Geld oder Verm\u00f6genswerten. Die Basis dieses Systems ist Vertrauen und Verschwiegenheit, denn es arbeitet ohne jegliche staatliche Zulassung und Aufsicht. Damit ist es beleglos, kontolos und banklos.<\/span><\/p>\n<p style=\"text-align: left;\"><span style=\"font-weight: 400;\">Das Hawala-Banking entzieht sich staatlicher Kontrolle, wodurch sich das Aufdecken solcher Systeme als besonders schwierig erweist. Seine internationalen Netzwerke dienen vielen Zwecken \u2013 besonders verbreitet ist es im Bereich von Edelmetallen und Immobilien, aber auch Organisationen wie die Welthungerhilfe oder Gefl\u00fcchtete verwenden es, um Gelder in andere L\u00e4nder \u00fcbermitteln zu k\u00f6nnen. Das weltweite Volumen ist kaum nachvollziehbar, jedoch wird davon ausgegangen, dass j\u00e4hrlich etwa 200 Milliarden Euro mittels dieser Systeme transferiert werden.\u00a0<\/span><\/p>\n<p style=\"text-align: left;\"><span style=\"font-weight: 400;\">Das <\/span><b>System<\/b><span style=\"font-weight: 400;\"> des Hawala-Bankings funktioniert \u00fcber <\/span><b>Mittelsm\u00e4nner<\/b><span style=\"font-weight: 400;\">, sogenannte Hawaladare. Dabei \u00fcbergibt der Zahler, der Geld transferieren m\u00f6chte, Bargeld an seinen \u00f6rtlichen Hawaladar. Diese sind oft an unscheinbaren Stellen, wie Gastronomien oder kleinen L\u00e4den, zu finden. Der erste Hawaladar, der das Geld \u00fcbergeben bekommen hat, nimmt anschlie\u00dfend Kontakt zu einem weiteren Hawaladar am Auszahlungsort auf. Dabei werden die Geldsumme und ein Auszahlungscode \u00fcbermittelt. Diesen Code muss der Zahlen auch dem Empf\u00e4nger mitteilen, damit sich der Empf\u00e4nger daraufhin bei seinem Hawaladar legitimieren kann und dann das Geld in bar erh\u00e4lt.\u00a0<\/span><\/p>\n<p style=\"text-align: left;\"><span style=\"font-weight: 400;\">Zwischen den Hawaladaren findet meist kein direkter Bar- oder Buchgeldfluss statt. Es\u00a0 ist auch unerheblich, auf welche Art und Weise der Verm\u00f6genswert von einem zum n\u00e4chsten Hawaladar \u00fcbermittelt wird oder ob ein Geldfluss oder eine Verrechnung stattfindet. Stattdessen geht es nur um das wirtschaftliche Ergebnis des Finanztransfers. In einigen F\u00e4llen werden zum Beispiel Kaufvertr\u00e4ge zum Schein erstellt.<\/span><\/p>\n<p style=\"text-align: left;\"><span style=\"font-weight: 400;\">Dieses Bankingsystem ist nicht erlaubnisf\u00e4hig, weder in Deutschland noch der EU, da es gegen jegliche Geldw\u00e4scherichtlinien verst\u00f6\u00dft. In den letzten Jahren hat sich eine vermehrte Beobachtung durch Strafverfolgungsbeh\u00f6rden etabliert. Diese suchen bei Auff\u00e4lligkeiten nach Verbindungen zu kriminellen Gesch\u00e4ften, wie etwa Geldw\u00e4sche, Terrorismusfinanzierung, Schleusung, Rauschgifthandel, Steuerhinterziehung, Schmuggel und Korruption.\u00a0<\/span><\/p>\n<p style=\"text-align: left;\"><span style=\"font-weight: 400;\">Die <\/span><b>Strafbarkeit<\/b> <span style=\"font-weight: 400;\">wird damit begr\u00fcndet, dass sich das Hawala-Banking dem offiziellen, unter staatlicher \u00dcberwachung stehenden, Banken- und Finanzsystem entzieht. Je nach Tathandlung kommen mehrere Straftaten in Betracht:<\/span><\/p>\n<p style=\"text-align: left;\"><span style=\"font-weight: 400;\">Wer in einem solchen System als <\/span><b>Mittelsmann<\/b><span style=\"font-weight: 400;\"> Gelder abholt und innerhalb des Netzwerkes weiterleitet, macht sich der Mitgliedschaft in einer kriminellen Vereinigung und der unerlaubten Erbringung von Zahlungsdienstleistungen schuldig.\u00a0<\/span><\/p>\n<p style=\"text-align: left;\"><span style=\"font-weight: 400;\">Die Strafbarkeit von <\/span><b>kriminellen Vereinigungen<\/b><span style=\"font-weight: 400;\">, auch im Ausland, bestimmt sich nach \u00a7\u00a7 129, 129b StGB. Dabei ist f\u00fcr die Gr\u00fcndung und die Beteiligung als Mitglied eine Freiheitsstrafe von bis zu 5 Jahren oder eine Geldstrafe vorgesehen. Auch die Unterst\u00fctzung und das Werben f\u00fcr solche Vereinigungen sind strafbar und werden mit einer Freiheitsstrafe bis zu 3 Jahren oder einer Geldstrafe sanktioniert.\u00a0<\/span><\/p>\n<p style=\"text-align: left;\"><span style=\"font-weight: 400;\">Die Strafbarkeit der <\/span><b>unerlaubten Erbringung von Zahlungsdienstleistungen<\/b><span style=\"font-weight: 400;\"> richtet sich nach \u00a7 63 Abs. 1 ZAG (Zahlungsdiensteaufsichtsgesetz) und sieht eine Freiheitsstrafe bis zu 5 Jahren oder eine Geldstrafe vor. Dabei setzt der Wortlaut der Norm bereits mehrere Tathandlungen voraus, sodass die wiederholte Erbringung solcher Transaktionen innerhalb eines einheitlichen Betriebs nach dem BGH nur eine Tat im Rechtssinn darstelle. Auch sei gem\u00e4\u00df dem BGH eine Erlaubnis f\u00fcr die T\u00e4tigkeit von solchen Zahlungsdienstleistungen erst dann erforderlich, wenn die T\u00e4tigkeit gewerbsm\u00e4\u00dfig betrieben wird. Vereinzelte Zahlungsdienste au\u00dferhalb eines solchen Rahmens sind also nicht erlaubsnispflichtig und stellen ebenso keine Straftat dar.<\/span><\/p>\n<p>[\/et_pb_text][\/et_pb_column][et_pb_column type=&#8220;1_2&#8243; disabled_on=&#8220;on|off|off&#8220; _builder_version=&#8220;4.21.0&#8243; use_background_color_gradient=&#8220;on&#8220; background_color_gradient_stops=&#8220;rgba(18,18,18,0.5) 0%|#121212 100%&#8220; background_color_gradient_overlays_image=&#8220;on&#8220; background_color_gradient_start=&#8220;rgba(18,18,18,0.5)&#8220; background_color_gradient_end=&#8220;#121212&#8243; background_image=&#8220;https:\/\/defenza.de\/wp-content\/uploads\/2021\/05\/IMG_2752-2-scaled.jpg&#8220; custom_padding=&#8220;100px||100px|&#8220; custom_padding_tablet=&#8220;60px||60px|&#8220; custom_padding_phone=&#8220;&#8220; custom_padding_last_edited=&#8220;on|desktop&#8220; global_colors_info=&#8220;{}&#8220; padding_tablet=&#8220;60px||60px|&#8220; padding_last_edited=&#8220;on|desktop&#8220; custom_padding__hover=&#8220;|||&#8220; padding_phone=&#8220;60px||60px|&#8220;][et_pb_image src=&#8220;https:\/\/defenza.de\/wp-content\/uploads\/2021\/05\/IMG_2752-2-scaled.jpg&#8220; alt=&#8220;Rechtsanw\u00e4lt*innen&#8220; title_text=&#8220;G\u00fcl Pinar \/ Arne Weller \/ Andreas Thiel&#8220; align_tablet=&#8220;center&#8220; align_phone=&#8220;&#8220; align_last_edited=&#8220;on|desktop&#8220; disabled_on=&#8220;on|off|off&#8220; _builder_version=&#8220;4.21.0&#8243; max_width=&#8220;600px&#8220; max_width_tablet=&#8220;&#8220; max_width_phone=&#8220;&#8220; max_width_last_edited=&#8220;on|desktop&#8220; custom_margin=&#8220;|||-8%&#8220; custom_margin_tablet=&#8220;60px|60px|60px|60px&#8220; custom_margin_phone=&#8220;&#8220; custom_margin_last_edited=&#8220;on|desktop&#8220; custom_padding=&#8220;|||&#8220; animation_style=&#8220;slide&#8220; animation_direction=&#8220;right&#8220; animation_intensity_slide=&#8220;4%&#8220; animation_starting_opacity=&#8220;50%&#8220; box_shadow_style=&#8220;preset3&#8243; box_shadow_blur=&#8220;80px&#8220; global_colors_info=&#8220;{}&#8220;][\/et_pb_image][\/et_pb_column][\/et_pb_row][\/et_pb_section]<\/p>\n","protected":false},"excerpt":{"rendered":"<p>D\u00e9fense p\u00e9nale en mati\u00e8re de blanchiment d&#039;argent et de hawala banking : conseils juridiques en cas de suspicion, perquisitions, recouvrement d&#039;actifs et flux mon\u00e9taires internationaux.<\/p>","protected":false},"author":4,"featured_media":0,"parent":0,"menu_order":0,"comment_status":"closed","ping_status":"closed","template":"","meta":{"_et_pb_use_builder":"on","_et_pb_old_content":"","_et_gb_content_width":"","om_disable_all_campaigns":false,"_monsterinsights_skip_tracking":false,"_monsterinsights_sitenote_active":false,"_monsterinsights_sitenote_note":"","_monsterinsights_sitenote_category":0,"footnotes":""},"class_list":["post-3194","page","type-page","status-publish","hentry"],"aioseo_notices":[],"_links":{"self":[{"href":"https:\/\/defenza.de\/fr\/wp-json\/wp\/v2\/pages\/3194","targetHints":{"allow":["GET"]}}],"collection":[{"href":"https:\/\/defenza.de\/fr\/wp-json\/wp\/v2\/pages"}],"about":[{"href":"https:\/\/defenza.de\/fr\/wp-json\/wp\/v2\/types\/page"}],"author":[{"embeddable":true,"href":"https:\/\/defenza.de\/fr\/wp-json\/wp\/v2\/users\/4"}],"replies":[{"embeddable":true,"href":"https:\/\/defenza.de\/fr\/wp-json\/wp\/v2\/comments?post=3194"}],"version-history":[{"count":8,"href":"https:\/\/defenza.de\/fr\/wp-json\/wp\/v2\/pages\/3194\/revisions"}],"predecessor-version":[{"id":3627,"href":"https:\/\/defenza.de\/fr\/wp-json\/wp\/v2\/pages\/3194\/revisions\/3627"}],"wp:attachment":[{"href":"https:\/\/defenza.de\/fr\/wp-json\/wp\/v2\/media?parent=3194"}],"curies":[{"name":"wp","href":"https:\/\/api.w.org\/{rel}","templated":true}]}}