{"id":3588,"date":"2025-08-11T14:31:13","date_gmt":"2025-08-11T12:31:13","guid":{"rendered":"https:\/\/twp-strafrecht.de\/?page_id=3588"},"modified":"2025-08-11T14:31:14","modified_gmt":"2025-08-11T12:31:14","slug":"avocat-en-droit-penal-commercial-a-hambourg-neustadt","status":"publish","type":"page","link":"https:\/\/defenza.de\/fr\/rechtsanwalt-wirtschaftsstrafrecht-in-der-hamburger-neustadt\/","title":{"rendered":"Avocat en droit p\u00e9nal commercial \u00e0 Hambourg Neustadt"},"content":{"rendered":"<p>[et_pb_section fb_built=&#8220;1&#8243; disabled_on=&#8220;off|on|on&#8220; admin_label=&#8220;Hero Section&#8220; _builder_version=&#8220;4.16&#8243; custom_padding=&#8220;0|0px|0px|0px&#8220; global_colors_info=&#8220;{}&#8220;][et_pb_row use_custom_gutter=&#8220;on&#8220; make_equal=&#8220;on&#8220; _builder_version=&#8220;4.16&#8243; width=&#8220;100%&#8220; max_width=&#8220;100%&#8220; custom_padding=&#8220;0px|0|0px|&#8220; use_custom_width=&#8220;on&#8220; width_unit=&#8220;off&#8220; custom_width_percent=&#8220;100%&#8220; global_colors_info=&#8220;{}&#8220;][et_pb_column type=&#8220;4_4&#8243; _builder_version=&#8220;4.16&#8243; custom_padding=&#8220;200px|4%|200px|8%&#8220; custom_padding_tablet=&#8220;60px|10%|60px|10%&#8220; custom_padding_phone=&#8220;&#8220; custom_padding_last_edited=&#8220;on|tablet&#8220; global_colors_info=&#8220;{}&#8220; padding_tablet=&#8220;60px|10%|60px|10%&#8220; padding_last_edited=&#8220;on|tablet&#8220; custom_padding__hover=&#8220;|||&#8220; padding_phone=&#8220;60px|10%|60px|10%&#8220;][et_pb_image src=&#8220;https:\/\/defenza.de\/wp-content\/uploads\/2021\/05\/IMG_2732-2-scaled.jpg&#8220; alt=&#8220;Rechtsanw\u00e4lt*innen&#8220; title_text=&#8220;G\u00fcl Pinar \/ Arne Weller \/ Andreas Thiel&#8220; align_tablet=&#8220;center&#8220; align_phone=&#8220;&#8220; align_last_edited=&#8220;on|desktop&#8220; disabled_on=&#8220;off|on|on&#8220; _builder_version=&#8220;4.16&#8243; max_width=&#8220;600px&#8220; max_width_tablet=&#8220;&#8220; max_width_phone=&#8220;&#8220; max_width_last_edited=&#8220;on|desktop&#8220; custom_margin=&#8220;|||-8%&#8220; custom_margin_tablet=&#8220;60px|60px|60px|60px&#8220; custom_margin_phone=&#8220;0px|0px|0px|0px|false|false&#8220; custom_margin_last_edited=&#8220;on|phone&#8220; custom_padding=&#8220;|||&#8220; animation_style=&#8220;slide&#8220; animation_direction=&#8220;right&#8220; animation_intensity_slide=&#8220;4%&#8220; animation_starting_opacity=&#8220;50%&#8220; box_shadow_style=&#8220;preset3&#8243; box_shadow_blur=&#8220;80px&#8220; global_colors_info=&#8220;{}&#8220;][\/et_pb_image][\/et_pb_column][\/et_pb_row][\/et_pb_section][et_pb_section fb_built=&#8220;1&#8243; admin_label=&#8220;Hero Section&#8220; _builder_version=&#8220;4.16&#8243; custom_padding=&#8220;0|0px|0px|0px&#8220; global_colors_info=&#8220;{}&#8220;][et_pb_row column_structure=&#8220;1_2,1_2&#8243; use_custom_gutter=&#8220;on&#8220; make_equal=&#8220;on&#8220; _builder_version=&#8220;4.16&#8243; width=&#8220;100%&#8220; max_width=&#8220;100%&#8220; custom_padding=&#8220;0px|0px|0px|||&#8220; use_custom_width=&#8220;on&#8220; width_unit=&#8220;off&#8220; custom_width_percent=&#8220;100%&#8220; global_colors_info=&#8220;{}&#8220;][et_pb_column type=&#8220;1_2&#8243; _builder_version=&#8220;4.16&#8243; custom_padding=&#8220;200px|4%|200px|8%&#8220; custom_padding_tablet=&#8220;60px|10%|60px|10%&#8220; custom_padding_phone=&#8220;&#8220; custom_padding_last_edited=&#8220;on|tablet&#8220; global_colors_info=&#8220;{}&#8220; padding_tablet=&#8220;60px|10%|60px|10%&#8220; padding_last_edited=&#8220;on|tablet&#8220; custom_padding__hover=&#8220;|||&#8220; padding_phone=&#8220;60px|10%|60px|10%&#8220;][et_pb_text _builder_version=&#8220;4.16&#8243; header_font=&#8220;Nunito||||||||&#8220; header_3_font=&#8220;Karla|700||on|||||&#8220; header_3_text_color=&#8220;#b51f1f&#8220; header_3_font_size=&#8220;16px&#8220; header_3_letter_spacing=&#8220;1px&#8220; transform_scale=&#8220;100%|100%&#8220; background_layout=&#8220;dark&#8220; custom_margin=&#8220;0px||20px||false|false&#8220; custom_margin_tablet=&#8220;&#8220; custom_margin_phone=&#8220;-60px||||false|false&#8220; custom_margin_last_edited=&#8220;on|phone&#8220; locked=&#8220;off&#8220; global_colors_info=&#8220;{}&#8220;]<\/p>\n<h3><\/h3>\n<p>[\/et_pb_text][et_pb_divider color=&#8220;#b51f1e&#8220; divider_weight=&#8220;2px&#8220; _builder_version=&#8220;4.16&#8243; transform_scale=&#8220;100%|100%&#8220; max_width=&#8220;150px&#8220; module_alignment=&#8220;right&#8220; height=&#8220;2px&#8220; custom_margin=&#8220;|||&#8220; custom_padding=&#8220;|-60px||&#8220; custom_padding_tablet=&#8220;|0px||&#8220; custom_padding_last_edited=&#8220;off|desktop&#8220; locked=&#8220;off&#8220; global_colors_info=&#8220;{}&#8220;][\/et_pb_divider][et_pb_text _builder_version=&#8220;4.27.4&#8243; header_2_font_size=&#8220;22px&#8220; custom_margin=&#8220;||35px|||&#8220; hover_enabled=&#8220;0&#8243; locked=&#8220;off&#8220; global_colors_info=&#8220;{}&#8220; sticky_enabled=&#8220;0&#8243;]<\/p>\n<h1>Rechtsanwalt Wirtschaftsstrafrecht in der Hamburger Neustadt<\/h1>\n<p style=\"text-align: left;\">Wirtschaftsstrafrechtliche Vorw\u00fcrfe bedeuten f\u00fcr Unternehmer, F\u00fchrungskr\u00e4fte und Selbstst\u00e4ndige eine erhebliche Belastung \u2013 sowohl beruflich als auch pers\u00f6nlich. Ob es um Betrug, Steuerhinterziehung, Untreue oder Insolvenzdelikte geht: Eine fr\u00fchzeitige, strategisch durchdachte Verteidigung ist entscheidend. Unsere rechtliche Unterst\u00fctzung richtet sich gezielt an Mandanten im Bereich Wirtschaftsstrafrecht in der Hamburger Neustadt \u2013 diskret, durchsetzungsstark und mit dem Blick f\u00fcr Ihre wirtschaftliche und pers\u00f6nliche Zukunft.<\/p>\n<p>[\/et_pb_text][et_pb_text _builder_version=&#8220;4.27.4&#8243; header_2_font=&#8220;Conneqt Bold|||||on|||&#8220; header_2_text_color=&#8220;#666666&#8243; header_2_font_size=&#8220;20px&#8220; custom_margin=&#8220;||35px|||&#8220; hover_enabled=&#8220;0&#8243; locked=&#8220;off&#8220; global_colors_info=&#8220;{}&#8220; sticky_enabled=&#8220;0&#8243;]<\/p>\n<h2 style=\"text-align: left;\">Rechtsanwalt im Wirtschaftsstrafrecht in der Hamburger Neustadt<\/h2>\n<p style=\"text-align: left;\">Als spezialisierte Kanzlei im Wirtschaftsstrafrecht vertreten wir Mandantinnen und Mandanten im Bereich Wirtschaftsstrafrecht in der Hamburger Neustadt mit klarem Fokus: effektive Strafverteidigung, diskrete Begleitung und wirtschaftlich durchdachte L\u00f6sungen.<\/p>\n<p style=\"text-align: left;\">Ob Vorladung, Durchsuchung oder bereits laufendes Ermittlungsverfahren \u2013 wir entwickeln individuelle Strategien, die sich an Ihrer realen Lebenssituation orientieren. Dabei stehen Ihre Entlastung und die Vermeidung unn\u00f6tiger Eskalation im Mittelpunkt.<\/p>\n<p style=\"text-align: left;\">Wir begleiten Sie vom ersten Verdacht an mit Weitsicht und Konsequenz \u2013 sei es in sensiblen Vorgespr\u00e4chen oder bei konkreten Ma\u00dfnahmen durch die Ermittlungsbeh\u00f6rden.<\/p>\n<p>[\/et_pb_text][et_pb_text _builder_version=&#8220;4.21.0&#8243; header_2_font=&#8220;Conneqt Bold|||||on|||&#8220; header_2_text_color=&#8220;#666666&#8243; header_2_font_size=&#8220;20px&#8220; custom_margin=&#8220;||35px|||&#8220; locked=&#8220;off&#8220; global_colors_info=&#8220;{}&#8220;]<\/p>\n<h2 style=\"text-align: left;\">Unser Leistungsspektrum im Wirtschafts\u00adstrafrecht<\/h2>\n<p style=\"text-align: left;\">Das Wirtschaftsstrafrecht umfasst eine Vielzahl komplexer Tatbest\u00e4nde, bei denen wirtschaftliches Handeln strafrechtlich relevant wird. Wir bieten eine umfassende Strafverteidigung bei typischen Vorw\u00fcrfen wie:<\/p>\n<p>[\/et_pb_text][et_pb_blurb title=&#8220;Betrug und Subventionsbetrug&#8220; use_icon=&#8220;on&#8220; font_icon=&#8220;&#xe0f6;||divi||400&#8243; icon_color=&#8220;#b51f1f&#8220; icon_placement=&#8220;left&#8220; image_icon_width=&#8220;26px&#8220; content_max_width=&#8220;100%&#8220; _builder_version=&#8220;4.21.0&#8243; header_font=&#8220;Conneqt Bold|||||on|||&#8220; header_text_color=&#8220;#666666&#8243; header_font_size=&#8220;16px&#8220; header_line_height=&#8220;1.8em&#8220; body_font=&#8220;Nunito||||||||&#8220; body_font_size=&#8220;16px&#8220; body_line_height=&#8220;1.8em&#8220; image_icon_custom_margin=&#8220;|||0px|false|false&#8220; image_icon_custom_padding=&#8220;|||0px|false|false&#8220; transform_scale=&#8220;100%|100%&#8220; width=&#8220;600px&#8220; module_alignment=&#8220;right&#8220; custom_margin=&#8220;||30px|||&#8220; animation=&#8220;off&#8220; icon_font_size=&#8220;42px&#8220; locked=&#8220;off&#8220; global_colors_info=&#8220;{}&#8220; transform_styles__hover_enabled=&#8220;on|hover&#8220;]<\/p>\n<p>Vorwurf der Falschangaben bei Abrechnungen, Corona-Hilfen oder Finanzierungen.<\/p>\n<p>[\/et_pb_blurb][et_pb_blurb title=&#8220;Steuerhinterziehung&#8220; use_icon=&#8220;on&#8220; font_icon=&#8220;&#xe0f6;||divi||400&#8243; icon_color=&#8220;#b51f1f&#8220; icon_placement=&#8220;left&#8220; image_icon_width=&#8220;26px&#8220; content_max_width=&#8220;100%&#8220; _builder_version=&#8220;4.21.0&#8243; header_font=&#8220;Conneqt Bold|||||on|||&#8220; header_text_color=&#8220;#666666&#8243; header_font_size=&#8220;16px&#8220; header_line_height=&#8220;1.8em&#8220; body_font=&#8220;Nunito||||||||&#8220; body_font_size=&#8220;16px&#8220; body_line_height=&#8220;1.8em&#8220; image_icon_custom_margin=&#8220;|||0px|false|false&#8220; image_icon_custom_padding=&#8220;|||0px|false|false&#8220; transform_scale=&#8220;100%|100%&#8220; width=&#8220;600px&#8220; module_alignment=&#8220;right&#8220; custom_margin=&#8220;||30px|||&#8220; animation=&#8220;off&#8220; icon_font_size=&#8220;42px&#8220; locked=&#8220;off&#8220; global_colors_info=&#8220;{}&#8220; transform_styles__hover_enabled=&#8220;on|hover&#8220;]<\/p>\n<p>Nicht deklarierte Eink\u00fcnfte, fehlerhafte Steuererkl\u00e4rungen oder Auslandsverm\u00f6gen.<\/p>\n<p>[\/et_pb_blurb][et_pb_blurb title=&#8220;Untreue&#8220; use_icon=&#8220;on&#8220; font_icon=&#8220;&#xe0f6;||divi||400&#8243; icon_color=&#8220;#b51f1f&#8220; icon_placement=&#8220;left&#8220; image_icon_width=&#8220;26px&#8220; content_max_width=&#8220;100%&#8220; _builder_version=&#8220;4.21.0&#8243; header_font=&#8220;Conneqt Bold|||||on|||&#8220; header_text_color=&#8220;#666666&#8243; header_font_size=&#8220;16px&#8220; header_line_height=&#8220;1.8em&#8220; body_font=&#8220;Nunito||||||||&#8220; body_font_size=&#8220;16px&#8220; body_line_height=&#8220;1.8em&#8220; image_icon_custom_margin=&#8220;|||0px|false|false&#8220; image_icon_custom_padding=&#8220;|||0px|false|false&#8220; transform_scale=&#8220;100%|100%&#8220; width=&#8220;600px&#8220; module_alignment=&#8220;right&#8220; custom_margin=&#8220;||30px|||&#8220; animation=&#8220;off&#8220; icon_font_size=&#8220;42px&#8220; locked=&#8220;off&#8220; global_colors_info=&#8220;{}&#8220; transform_styles__hover_enabled=&#8220;on|hover&#8220;]<\/p>\n<p>Verdacht, Verm\u00f6genswerte unrechtm\u00e4\u00dfig verwendet oder Dritte gesch\u00e4digt zu haben.<\/p>\n<p>[\/et_pb_blurb][et_pb_blurb title=&#8220;Insolvenzverschleppung&#8220; use_icon=&#8220;on&#8220; font_icon=&#8220;&#xe0f6;||divi||400&#8243; icon_color=&#8220;#b51f1f&#8220; icon_placement=&#8220;left&#8220; image_icon_width=&#8220;26px&#8220; content_max_width=&#8220;100%&#8220; _builder_version=&#8220;4.21.0&#8243; header_font=&#8220;Conneqt Bold|||||on|||&#8220; header_text_color=&#8220;#666666&#8243; header_font_size=&#8220;16px&#8220; header_line_height=&#8220;1.8em&#8220; body_font=&#8220;Nunito||||||||&#8220; body_font_size=&#8220;16px&#8220; body_line_height=&#8220;1.8em&#8220; image_icon_custom_margin=&#8220;|||0px|false|false&#8220; image_icon_custom_padding=&#8220;|||0px|false|false&#8220; transform_scale=&#8220;100%|100%&#8220; width=&#8220;600px&#8220; module_alignment=&#8220;right&#8220; custom_margin=&#8220;||30px|||&#8220; animation=&#8220;off&#8220; icon_font_size=&#8220;42px&#8220; locked=&#8220;off&#8220; global_colors_info=&#8220;{}&#8220; transform_styles__hover_enabled=&#8220;on|hover&#8220;]<\/p>\n<p>Zu sp\u00e4te Anmeldung oder fehlende Information gegen\u00fcber Gl\u00e4ubigern.<\/p>\n<p>[\/et_pb_blurb][et_pb_text _builder_version=&#8220;4.21.0&#8243; header_2_font=&#8220;Conneqt Bold|||||on|||&#8220; header_2_text_color=&#8220;#666666&#8243; header_2_font_size=&#8220;20px&#8220; custom_margin=&#8220;||35px|||&#8220; locked=&#8220;off&#8220; global_colors_info=&#8220;{}&#8220;]<\/p>\n<p style=\"text-align: left;\">In all diesen Bereichen analysieren wir fr\u00fchzeitig die Sachlage, pr\u00fcfen Ermittlungsunterlagen und entwickeln eine individuell abgestimmte Verteidigungsstrategie \u2013 mit dem Ziel, strafrechtliche Risiken zu minimieren und Ihre unternehmerische Handlungsf\u00e4higkeit zu sichern.<\/p>\n<p>[\/et_pb_text][et_pb_text _builder_version=&#8220;4.21.0&#8243; _module_preset=&#8220;default&#8220; header_2_font=&#8220;Conneqt Bold|||||on|||&#8220; header_2_text_color=&#8220;#666666&#8243; header_2_font_size=&#8220;20px&#8220; custom_margin=&#8220;||35px|||&#8220; global_colors_info=&#8220;{}&#8220;]<\/p>\n<h2 style=\"text-align: left;\">Ihre Verteidigung im Wirtschafts\u00adstrafrecht \u2013 warum Sie auf uns bauen k\u00f6nnen<\/h2>\n<p style=\"text-align: left;\">Verfahren im Wirtschaftsstrafrecht verlangen mehr als nur juristisches Fachwissen. Es braucht Erfahrung, strategisches Denken und ein sicheres Gesp\u00fcr f\u00fcr wirtschaftliche Zusammenh\u00e4nge und sensible Situationen. Genau das bringen wir mit.<\/p>\n<p style=\"text-align: left;\">Wir wissen, wie sehr ein Strafverfahren das berufliche und pers\u00f6nliche Leben beeinflussen kann \u2013 besonders f\u00fcr Unternehmer, Gesch\u00e4ftsf\u00fchrerinnen und leitende Angestellte. Deshalb legen wir Wert auf Klarheit in der Kommunikation, eine realistische Einsch\u00e4tzung der Lage und absolute Verl\u00e4sslichkeit.<\/p>\n<p style=\"text-align: left;\">Ganz gleich, ob es um interne Ermittlungen, eine Vorladung oder ein laufendes Verfahren geht \u2013 wir stehen an Ihrer Seite: diskret, strukturiert und mit dem Ziel, das bestm\u00f6gliche Ergebnis f\u00fcr Sie zu erreichen.<\/p>\n<p style=\"text-align: left;\">[\/et_pb_text][et_pb_text _builder_version=&#8220;4.21.0&#8243; _module_preset=&#8220;default&#8220; header_2_font=&#8220;Conneqt Bold|||||on|||&#8220; header_2_text_color=&#8220;#666666&#8243; header_2_font_size=&#8220;20px&#8220; custom_margin=&#8220;||35px|||&#8220; global_colors_info=&#8220;{}&#8220;]<\/p>\n<h2 style=\"text-align: left;\">So unterst\u00fctzen wir Sie<\/h2>\n<p style=\"text-align: left;\">Vom ersten Gespr\u00e4ch bis zum Abschluss des Verfahrens begleiten wir Sie mit einem klaren Plan und einer auf Ihre Situation zugeschnittenen Strategie. Dabei stehen Ihre wirtschaftlichen Interessen und Ihre pers\u00f6nliche Entlastung im Mittelpunkt.<\/p>\n<p style=\"text-align: left;\">Wir analysieren die Vorw\u00fcrfe gr\u00fcndlich, werten Ermittlungsunterlagen aus und entwickeln eine Verteidigung, die nicht nur juristisch \u00fcberzeugt, sondern auch taktisch durchdacht ist. Wenn sinnvoll, suchen wir fr\u00fchzeitig den Kontakt zu den Ermittlungsbeh\u00f6rden \u2013 immer mit dem Ziel, Verfahren zu verk\u00fcrzen, Belastungen zu minimieren und Eskalationen zu vermeiden.<\/p>\n<p style=\"text-align: left;\">Diskretion, Verl\u00e4sslichkeit und Zielstrebigkeit pr\u00e4gen unsere Arbeitsweise \u2013 damit Sie schnell wieder handlungsf\u00e4hig sind.<\/p>\n<p style=\"text-align: left;\">[\/et_pb_text][et_pb_text _builder_version=&#8220;4.27.4&#8243; _module_preset=&#8220;default&#8220; header_2_font=&#8220;Conneqt Bold|||||on|||&#8220; header_2_text_color=&#8220;#666666&#8243; header_2_font_size=&#8220;20px&#8220; custom_margin=&#8220;||35px|||&#8220; hover_enabled=&#8220;0&#8243; global_colors_info=&#8220;{}&#8220; sticky_enabled=&#8220;0&#8243;]<\/p>\n<h2 style=\"text-align: left;\">Ihr Kontakt im Wirtschaftsstrafrecht in der Hamburger Neustadt<\/h2>\n<p style=\"text-align: left;\">Wenn Sie mit dem Vorwurf eines wirtschaftsstrafrechtlichen Delikts konfrontiert sind, sollten Sie fr\u00fchzeitig handeln. Wir stehen Ihnen f\u00fcr eine diskrete und fundierte Erstberatung zur Verf\u00fcgung \u2013 telefonisch oder in unserer Kanzlei.<\/p>\n<p style=\"text-align: left;\">Ob es um Betrug, Steuerhinterziehung, Untreue oder ein anderes wirtschaftsbezogenes Verfahren geht: Lassen Sie uns gemeinsam besprechen, wie wir Sie als Strafverteidiger in der Hamburger Neustadt bestm\u00f6glich unterst\u00fctzen k\u00f6nnen.<\/p>\n<p>[\/et_pb_text][\/et_pb_column][et_pb_column type=&#8220;1_2&#8243; disabled_on=&#8220;on|off|off&#8220; _builder_version=&#8220;4.16&#8243; use_background_color_gradient=&#8220;on&#8220; background_color_gradient_stops=&#8220;rgba(18,18,18,0.5) 0%|#121212 100%&#8220; background_color_gradient_overlays_image=&#8220;on&#8220; background_color_gradient_start=&#8220;rgba(18,18,18,0.5)&#8220; background_color_gradient_end=&#8220;#121212&#8243; background_image=&#8220;https:\/\/defenza.de\/wp-content\/uploads\/2021\/05\/IMG_2732-2-scaled.jpg&#8220; custom_padding=&#8220;100px||100px|&#8220; custom_padding_tablet=&#8220;60px||60px|&#8220; custom_padding_phone=&#8220;&#8220; custom_padding_last_edited=&#8220;on|desktop&#8220; global_colors_info=&#8220;{}&#8220; padding_tablet=&#8220;60px||60px|&#8220; padding_last_edited=&#8220;on|desktop&#8220; custom_padding__hover=&#8220;|||&#8220; padding_phone=&#8220;60px||60px|&#8220;][et_pb_image src=&#8220;https:\/\/defenza.de\/wp-content\/uploads\/2021\/05\/IMG_2732-2-scaled.jpg&#8220; alt=&#8220;Rechtsanw\u00e4lt*innen&#8220; title_text=&#8220;G\u00fcl Pinar \/ Arne Weller \/ Andreas Thiel&#8220; align_tablet=&#8220;center&#8220; align_phone=&#8220;&#8220; align_last_edited=&#8220;on|desktop&#8220; disabled_on=&#8220;on|off|off&#8220; _builder_version=&#8220;4.16&#8243; max_width=&#8220;600px&#8220; max_width_tablet=&#8220;&#8220; max_width_phone=&#8220;&#8220; max_width_last_edited=&#8220;on|desktop&#8220; custom_margin=&#8220;|||-8%&#8220; custom_margin_tablet=&#8220;60px|60px|60px|60px&#8220; custom_margin_phone=&#8220;&#8220; custom_margin_last_edited=&#8220;on|desktop&#8220; custom_padding=&#8220;|||&#8220; animation_style=&#8220;slide&#8220; animation_direction=&#8220;right&#8220; animation_intensity_slide=&#8220;4%&#8220; animation_starting_opacity=&#8220;50%&#8220; box_shadow_style=&#8220;preset3&#8243; box_shadow_blur=&#8220;80px&#8220; global_colors_info=&#8220;{}&#8220;][\/et_pb_image][\/et_pb_column][\/et_pb_row][\/et_pb_section]<\/p>\n","protected":false},"excerpt":{"rendered":"<p>Avocat p\u00e9naliste en col blanc dans le quartier de Neustadt \u00e0 Hambourg : d\u00e9fense p\u00e9nale en cas de fraude fiscale, de fraude aux subventions, d&#039;abus de confiance et d&#039;infractions d&#039;insolvabilit\u00e9 - exp\u00e9riment\u00e9 et discret.<\/p>","protected":false},"author":4,"featured_media":0,"parent":0,"menu_order":0,"comment_status":"closed","ping_status":"closed","template":"","meta":{"_et_pb_use_builder":"on","_et_pb_old_content":"","_et_gb_content_width":"","om_disable_all_campaigns":false,"_monsterinsights_skip_tracking":false,"_monsterinsights_sitenote_active":false,"_monsterinsights_sitenote_note":"","_monsterinsights_sitenote_category":0,"footnotes":""},"class_list":["post-3588","page","type-page","status-publish","hentry"],"aioseo_notices":[],"_links":{"self":[{"href":"https:\/\/defenza.de\/fr\/wp-json\/wp\/v2\/pages\/3588","targetHints":{"allow":["GET"]}}],"collection":[{"href":"https:\/\/defenza.de\/fr\/wp-json\/wp\/v2\/pages"}],"about":[{"href":"https:\/\/defenza.de\/fr\/wp-json\/wp\/v2\/types\/page"}],"author":[{"embeddable":true,"href":"https:\/\/defenza.de\/fr\/wp-json\/wp\/v2\/users\/4"}],"replies":[{"embeddable":true,"href":"https:\/\/defenza.de\/fr\/wp-json\/wp\/v2\/comments?post=3588"}],"version-history":[{"count":3,"href":"https:\/\/defenza.de\/fr\/wp-json\/wp\/v2\/pages\/3588\/revisions"}],"predecessor-version":[{"id":3591,"href":"https:\/\/defenza.de\/fr\/wp-json\/wp\/v2\/pages\/3588\/revisions\/3591"}],"wp:attachment":[{"href":"https:\/\/defenza.de\/fr\/wp-json\/wp\/v2\/media?parent=3588"}],"curies":[{"name":"wp","href":"https:\/\/api.w.org\/{rel}","templated":true}]}}