{"id":2985,"date":"2025-04-14T07:44:58","date_gmt":"2025-04-14T05:44:58","guid":{"rendered":"https:\/\/twp-strafrecht.de\/?page_id=2985"},"modified":"2025-06-20T10:56:19","modified_gmt":"2025-06-20T08:56:19","slug":"advogado-de-direito-penal-internacional-da-interpol-em-hamburgo","status":"publish","type":"page","link":"https:\/\/defenza.de\/pt\/auslieferungsrecht-interpol-verfahren-anwalt-fuer-internationales-strafrecht-in-hamburg\/","title":{"rendered":"Direito de extradi\u00e7\u00e3o e processos da Interpol \u2013 Advogado de direito penal internacional em Hamburgo"},"content":{"rendered":"\n[et_pb_section fb_built=&#8220;1&#8243; disabled_on=&#8220;off|on|on&#8220; admin_label=&#8220;Hero Section&#8220; _builder_version=&#8220;4.16&#8243; custom_padding=&#8220;0|0px|0px|0px&#8220; global_colors_info=&#8220;{}&#8220;][et_pb_row use_custom_gutter=&#8220;on&#8220; make_equal=&#8220;on&#8220; _builder_version=&#8220;4.16&#8243; width=&#8220;100%&#8220; max_width=&#8220;100%&#8220; custom_padding=&#8220;0px|0|0px|&#8220; use_custom_width=&#8220;on&#8220; width_unit=&#8220;off&#8220; custom_width_percent=&#8220;100%&#8220; global_colors_info=&#8220;{}&#8220;][et_pb_column type=&#8220;4_4&#8243; _builder_version=&#8220;4.16&#8243; custom_padding=&#8220;200px|4%|200px|8%&#8220; custom_padding_tablet=&#8220;60px|10%|60px|10%&#8220; custom_padding_phone=&#8220;&#8220; custom_padding_last_edited=&#8220;on|tablet&#8220; global_colors_info=&#8220;{}&#8220; padding_tablet=&#8220;60px|10%|60px|10%&#8220; padding_last_edited=&#8220;on|tablet&#8220; custom_padding__hover=&#8220;|||&#8220; padding_phone=&#8220;60px|10%|60px|10%&#8220;][et_pb_image src=&#8220;https:\/\/defenza.de\/wp-content\/uploads\/2021\/05\/IMG_2732-2-scaled.jpg&#8220; alt=&#8220;Rechtsanw\u00e4lt*innen&#8220; title_text=&#8220;G\u00fcl Pinar \/ Arne Weller \/ Andreas Thiel&#8220; align_tablet=&#8220;center&#8220; align_phone=&#8220;&#8220; align_last_edited=&#8220;on|desktop&#8220; disabled_on=&#8220;off|on|on&#8220; _builder_version=&#8220;4.16&#8243; max_width=&#8220;600px&#8220; max_width_tablet=&#8220;&#8220; max_width_phone=&#8220;&#8220; max_width_last_edited=&#8220;on|desktop&#8220; custom_margin=&#8220;|||-8%&#8220; custom_margin_tablet=&#8220;60px|60px|60px|60px&#8220; custom_margin_phone=&#8220;0px|0px|0px|0px|false|false&#8220; custom_margin_last_edited=&#8220;on|phone&#8220; custom_padding=&#8220;|||&#8220; animation_style=&#8220;slide&#8220; animation_direction=&#8220;right&#8220; animation_intensity_slide=&#8220;4%&#8220; animation_starting_opacity=&#8220;50%&#8220; box_shadow_style=&#8220;preset3&#8243; box_shadow_blur=&#8220;80px&#8220; global_colors_info=&#8220;{}&#8220;][\/et_pb_image][\/et_pb_column][\/et_pb_row][\/et_pb_section][et_pb_section fb_built=&#8220;1&#8243; admin_label=&#8220;Hero Section&#8220; _builder_version=&#8220;4.16&#8243; custom_padding=&#8220;0|0px|0px|0px&#8220; global_colors_info=&#8220;{}&#8220;][et_pb_row column_structure=&#8220;1_2,1_2&#8243; use_custom_gutter=&#8220;on&#8220; make_equal=&#8220;on&#8220; _builder_version=&#8220;4.16&#8243; width=&#8220;100%&#8220; max_width=&#8220;100%&#8220; custom_padding=&#8220;0px|0px|0px|||&#8220; use_custom_width=&#8220;on&#8220; width_unit=&#8220;off&#8220; custom_width_percent=&#8220;100%&#8220; global_colors_info=&#8220;{}&#8220;][et_pb_column type=&#8220;1_2&#8243; _builder_version=&#8220;4.16&#8243; custom_padding=&#8220;200px|4%|200px|8%&#8220; custom_padding_tablet=&#8220;60px|10%|60px|10%&#8220; custom_padding_phone=&#8220;&#8220; custom_padding_last_edited=&#8220;on|tablet&#8220; global_colors_info=&#8220;{}&#8220; padding_tablet=&#8220;60px|10%|60px|10%&#8220; padding_last_edited=&#8220;on|tablet&#8220; custom_padding__hover=&#8220;|||&#8220; padding_phone=&#8220;60px|10%|60px|10%&#8220;][et_pb_text _builder_version=&#8220;4.16&#8243; header_font=&#8220;Nunito||||||||&#8220; header_3_font=&#8220;Karla|700||on|||||&#8220; header_3_text_color=&#8220;#b51f1f&#8220; header_3_font_size=&#8220;16px&#8220; header_3_letter_spacing=&#8220;1px&#8220; transform_scale=&#8220;100%|100%&#8220; background_layout=&#8220;dark&#8220; custom_margin=&#8220;0px||20px||false|false&#8220; custom_margin_tablet=&#8220;&#8220; custom_margin_phone=&#8220;-60px||||false|false&#8220; custom_margin_last_edited=&#8220;on|phone&#8220; locked=&#8220;off&#8220; global_colors_info=&#8220;{}&#8220;]<h3><\/h3>[\/et_pb_text][et_pb_divider color=&#8220;#b51f1e&#8220; divider_weight=&#8220;2px&#8220; _builder_version=&#8220;4.16&#8243; transform_scale=&#8220;100%|100%&#8220; max_width=&#8220;150px&#8220; module_alignment=&#8220;right&#8220; height=&#8220;2px&#8220; custom_margin=&#8220;|||&#8220; custom_padding=&#8220;|-60px||&#8220; custom_padding_tablet=&#8220;|0px||&#8220; custom_padding_last_edited=&#8220;off|desktop&#8220; locked=&#8220;off&#8220; global_colors_info=&#8220;{}&#8220;][\/et_pb_divider][et_pb_text _builder_version=&#8220;4.21.0&#8243; locked=&#8220;off&#8220; global_colors_info=&#8220;{}&#8220;]<h1>Auslieferungsrecht &amp; Interpol-Verfahren \u2013 Anwalt f\u00fcr internationales Strafrecht in Hamburg<\/h1>\n<p style=\"text-align: left;\">Ein Auslieferungsverfahren stellt f\u00fcr die betroffene Person eine erhebliche Belastung dar \u2013 sowohl rechtlich als auch pers\u00f6nlich. Die drohende Auslieferung kann nicht nur die Freiheit einschr\u00e4nken, sondern unter Umst\u00e4nden auch die k\u00f6rperliche Unversehrtheit gef\u00e4hrden. F\u00fcr Betroffene und deren Umfeld bedeutet dies eine Ausnahmesituation, die schnelles und fundiertes juristisches Handeln erfordert.<\/p>\n<p style=\"text-align: left;\">Als Strafrechtskanzlei mit Sitz in Hamburg und besonderer Erfahrung im Auslieferungs- und Interpol-Recht geben wir Ihnen einen \u00dcberblick \u00fcber rechtliche M\u00f6glichkeiten, Fallstricke und die wichtigsten Schritte in einer solch au\u00dfergew\u00f6hnlichen Situation.<\/p>[\/et_pb_text][et_pb_text _builder_version=&#8220;4.27.4&#8243; hover_enabled=&#8220;0&#8243; locked=&#8220;off&#8220; global_colors_info=&#8220;{}&#8220; sticky_enabled=&#8220;0&#8243; header_2_font_size=&#8220;20px&#8220; header_2_font=&#8220;Conneqt Bold|||||on|||&#8220; header_2_text_color=&#8220;#666666&#8243;]<h2 style=\"text-align: left;\">Ablauf eines Auslieferungsverfahrens<\/h2>\n<p style=\"text-align: left;\">Ein Auslieferungsverfahren beginnt in der Regel mit dem Eingang eines Rechtshilfeersuchens eines ausl\u00e4ndischen Staates. Die internationale Fahndung nach einer Person kann \u00fcber das Schengener Informationssystem (SIS), Interpol oder durch bilaterale Ersuchen erfolgen. Innerhalb der Europ\u00e4ischen Union steht dar\u00fcber hinaus der Europ\u00e4ische Haftbefehl zur Verf\u00fcgung, der die grenz\u00fcberschreitende Zusammenarbeit erleichtern soll.<\/p>\n<p style=\"text-align: left;\">Nach Eingang des Ersuchens pr\u00fcft das Bundesamt f\u00fcr Justiz \u2013 im Einvernehmen mit dem Ausw\u00e4rtigen Amt und gegebenenfalls weiteren Stellen \u2013 ob rechtliche oder politische Gr\u00fcnde gegen eine Auslieferung sprechen. Ist dies nicht der Fall, wird das Ersuchen an die zust\u00e4ndige Generalstaatsanwaltschaft weitergeleitet. Diese leitet die Fahndung ein; das zust\u00e4ndige Oberlandesgericht erl\u00e4sst gegebenenfalls einen Auslieferungshaftbefehl.<\/p>\n<h2 style=\"text-align: left;\">Anfechtung eines Europ\u00e4ischen Haftbefehls<\/h2>\n<p style=\"text-align: left;\">Der Europ\u00e4ische Haftbefehl (EAW) dient der Vereinfachung der strafrechtlichen Zusammenarbeit innerhalb der Europ\u00e4ischen Union. Er kann sowohl zur Strafverfolgung als auch zur Vollstreckung einer Freiheitsstrafe ausgestellt werden und verpflichtet alle Mitgliedstaaten, die betroffene Person festzunehmen und an den ersuchenden Staat auszuliefern.<\/p>\n<p style=\"text-align: left;\">Betroffene sollten fr\u00fchzeitig rechtliche Unterst\u00fctzung in Anspruch nehmen. Die Pr\u00fcfung der formellen und materiellen Voraussetzungen des Haftbefehls sowie m\u00f6glicher Auslieferungshindernisse ist f\u00fcr eine effektive Verteidigung unerl\u00e4sslich. Unsere Kanzlei analysiert die Rechtslage im konkreten Einzelfall und entwickelt gegebenenfalls eine Strategie zur Anfechtung des Haftbefehls \u2013 mit dem Ziel, eine Auslieferung abzuwenden oder zumindest zu verz\u00f6gern.<\/p>\n<h2 style=\"text-align: left;\">Verfassungsbeschwerde gegen Auslieferungsentscheidungen<\/h2>\n<p style=\"text-align: left;\">Wird ein Auslieferungsbeschluss durch ein deutsches Gericht erlassen, besteht unter bestimmten Voraussetzungen die M\u00f6glichkeit, Verfassungsbeschwerde beim Bundesverfassungsgericht einzulegen. Dies ist dann zul\u00e4ssig, wenn die betroffene Person geltend machen kann, in einem ihrer Grundrechte verletzt worden zu sein.<\/p>\n<p style=\"text-align: left;\">Die Verfassungsbeschwerde muss innerhalb eines Monats nach Bekanntgabe der Entscheidung eingereicht und schriftlich begr\u00fcndet werden. Das Bundesverfassungsgericht pr\u00fcft dabei ausschlie\u00dflich m\u00f6gliche Verletzungen von Verfassungsrechten \u2013 einfache Rechtsfehler bleiben unber\u00fccksichtigt. Kommt das Gericht zu dem Ergebnis, dass ein Versto\u00df vorliegt, kann die Auslieferungsentscheidung aufgehoben und an das zust\u00e4ndige Oberlandesgericht zur\u00fcckverwiesen werden.<\/p>\n<p style=\"text-align: left;\">Die Verfassungsbeschwerde ist ein komplexes Verfahren mit hohen formellen Anforderungen. Eine fr\u00fchzeitige anwaltliche Begleitung ist daher dringend zu empfehlen.<\/p>\n<h2 style=\"text-align: left;\">Anfechtung eines Auslieferungsbeschlusses<\/h2>\n<p style=\"text-align: left;\">Wird eine Person aufgrund eines ausl\u00e4ndischen Haftbefehls in Deutschland festgenommen, kann sie der Auslieferung zustimmen oder dieser widersprechen. Im Fall eines Widerspruchs wird das Auslieferungsverfahren vor dem zust\u00e4ndigen Oberlandesgericht durchgef\u00fchrt. Eine Auslieferung ist nur zul\u00e4ssig, wenn das Gericht die rechtlichen Voraussetzungen nach dem Gesetz \u00fcber die internationale Rechtshilfe in Strafsachen (IRG) bejaht.<\/p>\n<p style=\"text-align: left;\">Eine Auslieferung kann unter anderem dann unzul\u00e4ssig sein, wenn:<\/p>\n<ul style=\"text-align: left;\">\n<li>die zur Last gelegte Tat nach deutschem Recht keine Straftat darstellt,<\/li>\n<li>dem Betroffenen im ersuchenden Staat Folter, unmenschliche Haftbedingungen oder die Todesstrafe drohen,<\/li>\n<li>politische Motive im Hintergrund stehen,<\/li>\n<li>der Beschuldigte deutscher Staatsangeh\u00f6riger ist (au\u00dfer in bestimmten Ausnahmef\u00e4llen),<\/li>\n<li>eine schwere Krankheit oder Suizidgefahr besteht,<\/li>\n<li>kein faires Verfahren im ersuchenden Staat zu erwarten ist,<\/li>\n<li>oder die Auslieferung gegen fundamentale Prinzipien der deutschen Rechtsordnung versto\u00dfen w\u00fcrde.<\/li>\n<\/ul>\n<p style=\"text-align: left;\">In jedem Fall ist eine sorgf\u00e4ltige rechtliche Pr\u00fcfung erforderlich, um m\u00f6gliche Auslieferungshindernisse fr\u00fchzeitig zu erkennen und geltend zu machen.<\/p>[\/et_pb_text][et_pb_text _builder_version=&#8220;4.27.4&#8243; hover_enabled=&#8220;0&#8243; locked=&#8220;off&#8220; global_colors_info=&#8220;{}&#8220; sticky_enabled=&#8220;0&#8243; header_2_font=&#8220;Conneqt Bold|||||on|||&#8220; header_2_text_color=&#8220;#666666&#8243; header_2_font_size=&#8220;20px&#8220;]<h2 style=\"text-align: left;\">L\u00e4nderspezifische Besonderheiten im Auslieferungsrecht<\/h2>\n<p style=\"text-align: left;\">Die rechtlichen Rahmenbedingungen f\u00fcr Auslieferungen unterscheiden sich je nach ersuchendem Staat. W\u00e4hrend innerhalb der Europ\u00e4ischen Union weitgehend einheitliche Standards \u00fcber den Europ\u00e4ischen Haftbefehl gelten, sind Auslieferungen in sogenannte Drittstaaten \u2013 wie die USA, Russland oder Gro\u00dfbritannien \u2013 h\u00e4ufig deutlich komplexer.<\/p>\n<p style=\"text-align: left;\">Die Auslieferung deutscher Staatsangeh\u00f6riger ist nach deutschem Recht nur unter engen Voraussetzungen zul\u00e4ssig, insbesondere bei Ersuchen aus EU-Mitgliedstaaten oder internationalen Gerichten. Bei Auslieferungen in Drittstaaten gelten erh\u00f6hte Anforderungen hinsichtlich Menschenrechtsstandards, rechtsstaatlicher Verfahren und der Gegenseitigkeit.<\/p>\n<p style=\"text-align: left;\">Unsere anwaltliche T\u00e4tigkeit ber\u00fccksichtigt die l\u00e4nderspezifischen Voraussetzungen und Risiken. Wir pr\u00fcfen bilaterale Abkommen, bestehende Rechtsprechung und individuelle Besonderheiten im Umgang mit dem ersuchenden Staat \u2013 stets mit dem Ziel, Ihre Rechte umfassend zu sch\u00fctzen.<\/p>\n<h2 style=\"text-align: left;\">Haftverschonung im Auslieferungsverfahren<\/h2>\n<p style=\"text-align: left;\">Die Anordnung von Auslieferungshaft stellt f\u00fcr die Betroffenen eine erhebliche Belastung dar. In bestimmten F\u00e4llen besteht jedoch die M\u00f6glichkeit, eine Haftverschonung zu erreichen \u2013 etwa durch geeignete Auflagen oder die Stellung eines Antrags auf Aussetzung des Vollzugs.<\/p>\n<p style=\"text-align: left;\">Voraussetzung hierf\u00fcr ist regelm\u00e4\u00dfig, dass keine Fluchtgefahr besteht und der Betroffene sich bereit erkl\u00e4rt, an dem Verfahren mitzuwirken. Eine fr\u00fchzeitige anwaltliche Intervention kann entscheidend sein, um eine Freilassung aus der Auslieferungshaft zu erwirken oder diese zu vermeiden.<\/p>\n<p style=\"text-align: left;\">Im Rahmen der rechtlichen Verteidigung pr\u00fcfen wir s\u00e4mtliche Optionen zur Haftverschonung und setzen uns daf\u00fcr ein, dass Ihre pers\u00f6nlichen Rechte und Freiheiten gewahrt bleiben.<\/p>\n<h2 style=\"text-align: left;\">Rechtlicher Schutz bei politisch motivierten Auslieferungsverfahren<\/h2>\n<p style=\"text-align: left;\">Politisch motivierte Auslieferungsersuchen stellen eine besondere Herausforderung dar. Nicht selten stehen diese im Zusammenhang mit Machtkonflikten, politischer Verfolgung, Korruptionsvorw\u00fcrfen oder anderweitigen interessengeleiteten Verfahren im Herkunftsstaat der betroffenen Person.<\/p>\n<p style=\"text-align: left;\">In solchen F\u00e4llen pr\u00fcfen wir sorgf\u00e4ltig, ob ein Auslieferungshindernis gem\u00e4\u00df \u00a7\u202f6 IRG wegen politischer Verfolgung vorliegt. Auch die Einhaltung der Verfahrensgarantien nach Artikel\u202f6 EMRK \u2013 insbesondere das Recht auf ein faires Verfahren \u2013 spielt hier eine zentrale Rolle.<\/p>\n<p style=\"text-align: left;\">Die Verteidigung gegen politisch motivierte Auslieferungen erfordert eine enge Zusammenarbeit zwischen Mandant und Anwalt sowie eine fundierte Beweisdarlegung. In geeigneten F\u00e4llen begleiten wir auch Verfahren im Ausland oder f\u00fchren Gespr\u00e4che mit internationalen Institutionen.<\/p>\n<h2 style=\"text-align: left;\">Interpol Red Notices \u2013 rechtliche Einordnung und Verteidigungsm\u00f6glichkeiten<\/h2>\n<p style=\"text-align: left;\">Interpol ver\u00f6ffentlicht sogenannte Red Notices, wenn ein Mitgliedstaat um die Festnahme einer Person zur Auslieferung ersucht. Diese Ausschreibungen k\u00f6nnen zur internationalen Fahndung und letztlich zu einer Festnahme bei Grenz\u00fcbertritt f\u00fchren \u2013 auch an deutschen Flugh\u00e4fen.<\/p>\n<p style=\"text-align: left;\">Red Notices sind keine internationalen Haftbefehle im engeren Sinne, sondern dienen der Informationsweitergabe zwischen den Polizeibeh\u00f6rden der Mitgliedsstaaten. Ob tats\u00e4chlich ein Haftbefehl erlassen wird, liegt stets im Ermessen des jeweiligen Staates.<\/p>\n<p style=\"text-align: left;\">Wir pr\u00fcfen, ob eine Red Notice rechtskonform erfolgt ist und unterst\u00fctzen Sie bei der Einleitung rechtlicher Schritte \u2013 sowohl im Inland als auch bei der zust\u00e4ndigen Interpol-Kommission zur Kontrolle von Daten (CCF), etwa mit dem Ziel der L\u00f6schung oder Korrektur des Eintrags.<\/p>\n<h2 style=\"text-align: left;\">Verhaftung an deutschen Flugh\u00e4fen im Zusammenhang mit Auslieferungsverfahren<\/h2>\n<p style=\"text-align: left;\">Die Festnahme am Flughafen stellt f\u00fcr viele Betroffene einen \u00fcberraschenden und belastenden Moment dar. Grundlage hierf\u00fcr kann ein internationaler Haftbefehl, eine Interpol Red Notice oder eine Ausschreibung im Schengener Informationssystem (SIS) sein.<\/p>\n<p style=\"text-align: left;\">H\u00e4ufige Hintergr\u00fcnde sind Auslieferungsersuchen wegen angeblicher Straftaten wie Drogen- oder Waffenschmuggel, Finanzdelikte oder Verst\u00f6\u00dfe gegen Einfuhrvorschriften. Die Betroffenen befinden sich dabei oft auf Durchreise oder betreten erstmals wieder deutschen Boden.<\/p>\n<p style=\"text-align: left;\">In solchen F\u00e4llen ist schnelles und besonnenes Handeln entscheidend. Wir raten dringend davon ab, ohne anwaltliche Beratung Aussagen gegen\u00fcber den Ermittlungsbeh\u00f6rden zu machen. Unsere Kanzlei steht Ihnen unmittelbar zur Seite \u2013 sowohl bei der Festnahme als auch in der anschlie\u00dfenden Verteidigung gegen das Auslieferungsverfahren.<\/p>[\/et_pb_text][et_pb_text _builder_version=&#8220;4.27.4&#8243; hover_enabled=&#8220;0&#8243; locked=&#8220;off&#8220; global_colors_info=&#8220;{}&#8220; sticky_enabled=&#8220;0&#8243; header_2_font=&#8220;Conneqt Bold|||||on|||&#8220; header_2_text_color=&#8220;#666666&#8243; header_2_font_size=&#8220;20px&#8220;]<h2 style=\"text-align: left;\">Auskunftsersuchen bei Interpol \u2013 Pr\u00fcfung und L\u00f6schung von Eintr\u00e4gen<\/h2>\n<p style=\"text-align: left;\">Wenn der Verdacht besteht, dass eine Interpol-Ausschreibung gegen Sie vorliegt, kann ein Auskunftsersuchen bei der zust\u00e4ndigen Kommission (Commission for the Control of Files \u2013 CCF) gestellt werden. Die CCF pr\u00fcft, ob ein Eintrag im Interpol-Informationssystem vorhanden ist und ob dieser mit den Regeln von Interpol vereinbar ist.<\/p>\n<p style=\"text-align: left;\">Unsere Kanzlei unterst\u00fctzt Sie bei der Erstellung und Einreichung eines solchen Auskunftsersuchens. Wir \u00fcbernehmen die Kommunikation mit der Kommission, stellen die erforderlichen Unterlagen zusammen und vertreten Ihre Interessen w\u00e4hrend des gesamten Pr\u00fcfverfahrens. Sollte der Eintrag gegen Interpol-Regularien versto\u00dfen, kann ein Antrag auf L\u00f6schung oder Korrektur gestellt werden.<\/p>\n<p style=\"text-align: left;\">Da die Bearbeitungsdauer mehrere Monate betragen kann, ist eine rechtzeitige Antragstellung empfehlenswert. Unsere Erfahrung in der Zusammenarbeit mit Interpol gew\u00e4hrleistet, dass der Antrag formal korrekt und inhaltlich \u00fcberzeugend eingereicht wird.<\/p>\n<h2 style=\"text-align: left;\">SIS-Ausschreibungen \u2013 \u00dcberpr\u00fcfung und L\u00f6schung unrechtm\u00e4\u00dfiger Eintr\u00e4ge<\/h2>\n<p style=\"text-align: left;\">Das Schengener Informationssystem (SIS) ist ein zentrales Fahndungsinstrument im Raum der Europ\u00e4ischen Union. Es erm\u00f6glicht unter anderem die europaweite Ausschreibung von Personen zur Festnahme, zur Einreiseverweigerung oder zur Sicherstellung von Gegenst\u00e4nden. Ein Eintrag im SIS kann schwerwiegende Folgen haben \u2013 bis hin zur Festnahme bei Grenz\u00fcbertritt.<\/p>\n<p style=\"text-align: left;\">Nicht jeder Eintrag ist jedoch rechtm\u00e4\u00dfig. Bei fehlerhaften oder rechtswidrigen Ausschreibungen besteht das Recht auf Auskunft, Berichtigung und unter bestimmten Voraussetzungen auch auf L\u00f6schung. Dies gilt insbesondere dann, wenn personenbezogene Daten unzul\u00e4ssig gespeichert oder veraltete Informationen nicht gel\u00f6scht wurden.<\/p>\n<p style=\"text-align: left;\">Wir pr\u00fcfen die Rechtm\u00e4\u00dfigkeit eines SIS-Eintrags in Ihrem Fall und setzen uns bei der zust\u00e4ndigen Beh\u00f6rde f\u00fcr die Korrektur oder L\u00f6schung ein. Eine fr\u00fchzeitige anwaltliche Einschaltung kann helfen, unn\u00f6tige Ma\u00dfnahmen wie Festnahmen oder Reisebeschr\u00e4nkungen zu vermeiden.<\/p>[\/et_pb_text][\/et_pb_column][et_pb_column type=&#8220;1_2&#8243; disabled_on=&#8220;on|off|off&#8220; _builder_version=&#8220;4.16&#8243; use_background_color_gradient=&#8220;on&#8220; background_color_gradient_stops=&#8220;rgba(18,18,18,0.5) 0%|#121212 100%&#8220; background_color_gradient_overlays_image=&#8220;on&#8220; background_color_gradient_start=&#8220;rgba(18,18,18,0.5)&#8220; background_color_gradient_end=&#8220;#121212&#8243; background_image=&#8220;https:\/\/defenza.de\/wp-content\/uploads\/2021\/05\/IMG_2732-2-scaled.jpg&#8220; custom_padding=&#8220;100px||100px|&#8220; custom_padding_tablet=&#8220;60px||60px|&#8220; custom_padding_phone=&#8220;&#8220; custom_padding_last_edited=&#8220;on|desktop&#8220; global_colors_info=&#8220;{}&#8220; padding_tablet=&#8220;60px||60px|&#8220; padding_last_edited=&#8220;on|desktop&#8220; custom_padding__hover=&#8220;|||&#8220; padding_phone=&#8220;60px||60px|&#8220;][et_pb_image src=&#8220;https:\/\/defenza.de\/wp-content\/uploads\/2021\/05\/IMG_2732-2-scaled.jpg&#8220; alt=&#8220;Rechtsanw\u00e4lt*innen&#8220; title_text=&#8220;G\u00fcl Pinar \/ Arne Weller \/ Andreas Thiel&#8220; align_tablet=&#8220;center&#8220; align_phone=&#8220;&#8220; align_last_edited=&#8220;on|desktop&#8220; disabled_on=&#8220;on|off|off&#8220; _builder_version=&#8220;4.16&#8243; max_width=&#8220;600px&#8220; max_width_tablet=&#8220;&#8220; max_width_phone=&#8220;&#8220; max_width_last_edited=&#8220;on|desktop&#8220; custom_margin=&#8220;|||-8%&#8220; custom_margin_tablet=&#8220;60px|60px|60px|60px&#8220; custom_margin_phone=&#8220;&#8220; custom_margin_last_edited=&#8220;on|desktop&#8220; custom_padding=&#8220;|||&#8220; animation_style=&#8220;slide&#8220; animation_direction=&#8220;right&#8220; animation_intensity_slide=&#8220;4%&#8220; animation_starting_opacity=&#8220;50%&#8220; box_shadow_style=&#8220;preset3&#8243; box_shadow_blur=&#8220;80px&#8220; global_colors_info=&#8220;{}&#8220;][\/et_pb_image][\/et_pb_column][\/et_pb_row][\/et_pb_section]\n","protected":false},"excerpt":{"rendered":"<p>Auslieferungsrecht &#038; Interpol-Verfahren: Was bei internationaler Strafverfolgung gilt, wie Auslieferung abl\u00e4uft \u2013 erkl\u00e4rt vom Rechtsanwalt f\u00fcr internationales Strafrecht in Hamburg.<\/p>","protected":false},"author":4,"featured_media":0,"parent":0,"menu_order":0,"comment_status":"closed","ping_status":"closed","template":"","meta":{"_et_pb_use_builder":"on","_et_pb_old_content":"","_et_gb_content_width":"","om_disable_all_campaigns":false,"_monsterinsights_skip_tracking":false,"_monsterinsights_sitenote_active":false,"_monsterinsights_sitenote_note":"","_monsterinsights_sitenote_category":0,"footnotes":""},"class_list":["post-2985","page","type-page","status-publish","hentry"],"aioseo_notices":[],"_links":{"self":[{"href":"https:\/\/defenza.de\/pt\/wp-json\/wp\/v2\/pages\/2985","targetHints":{"allow":["GET"]}}],"collection":[{"href":"https:\/\/defenza.de\/pt\/wp-json\/wp\/v2\/pages"}],"about":[{"href":"https:\/\/defenza.de\/pt\/wp-json\/wp\/v2\/types\/page"}],"author":[{"embeddable":true,"href":"https:\/\/defenza.de\/pt\/wp-json\/wp\/v2\/users\/4"}],"replies":[{"embeddable":true,"href":"https:\/\/defenza.de\/pt\/wp-json\/wp\/v2\/comments?post=2985"}],"version-history":[{"count":3,"href":"https:\/\/defenza.de\/pt\/wp-json\/wp\/v2\/pages\/2985\/revisions"}],"predecessor-version":[{"id":3295,"href":"https:\/\/defenza.de\/pt\/wp-json\/wp\/v2\/pages\/2985\/revisions\/3295"}],"wp:attachment":[{"href":"https:\/\/defenza.de\/pt\/wp-json\/wp\/v2\/media?parent=2985"}],"curies":[{"name":"wp","href":"https:\/\/api.w.org\/{rel}","templated":true}]}}