{"id":4139,"date":"2025-11-28T08:50:19","date_gmt":"2025-11-28T07:50:19","guid":{"rendered":"https:\/\/twp-strafrecht.de\/?page_id=4139"},"modified":"2025-12-17T14:56:58","modified_gmt":"2025-12-17T13:56:58","slug":"defesa-criminal-em-processos-do-ministerio-publico-europeu-eupo","status":"publish","type":"page","link":"https:\/\/defenza.de\/pt\/strafverteidigung-in-verfahren-der-europaeischen-staatsanwaltschaft-eusta-eppo\/","title":{"rendered":"Defesa criminal em processos perante o Minist\u00e9rio P\u00fablico Europeu (EPPO)"},"content":{"rendered":"<p>[et_pb_section fb_built=&#8220;1&#8243; disabled_on=&#8220;off|on|on&#8220; admin_label=&#8220;Hero Section&#8220; _builder_version=&#8220;4.16&#8243; custom_padding=&#8220;0|0px|0px|0px&#8220; global_colors_info=&#8220;{}&#8220;][et_pb_row use_custom_gutter=&#8220;on&#8220; make_equal=&#8220;on&#8220; _builder_version=&#8220;4.16&#8243; width=&#8220;100%&#8220; max_width=&#8220;100%&#8220; custom_padding=&#8220;0px|0|0px|&#8220; use_custom_width=&#8220;on&#8220; width_unit=&#8220;off&#8220; custom_width_percent=&#8220;100%&#8220; global_colors_info=&#8220;{}&#8220;][et_pb_column type=&#8220;4_4&#8243; _builder_version=&#8220;4.16&#8243; custom_padding=&#8220;200px|4%|200px|8%&#8220; custom_padding_tablet=&#8220;60px|10%|60px|10%&#8220; custom_padding_phone=&#8220;&#8220; custom_padding_last_edited=&#8220;on|tablet&#8220; global_colors_info=&#8220;{}&#8220; padding_tablet=&#8220;60px|10%|60px|10%&#8220; padding_last_edited=&#8220;on|tablet&#8220; custom_padding__hover=&#8220;|||&#8220; padding_phone=&#8220;60px|10%|60px|10%&#8220;][et_pb_image src=&#8220;https:\/\/defenza.de\/wp-content\/uploads\/2025\/11\/Strafverteidigung-in-Verfahren.jpg&#8220; alt=&#8220;Rechtsanw\u00e4lt*innen&#8220; title_text=&#8220;Strafverteidigung in Verfahren der Europ\u00e4ischen Staatsanwaltschaft (EUStA  EPPO)&#8220; align_tablet=&#8220;center&#8220; align_phone=&#8220;&#8220; align_last_edited=&#8220;on|desktop&#8220; disabled_on=&#8220;off|on|on&#8220; _builder_version=&#8220;4.27.4&#8243; max_width=&#8220;600px&#8220; max_width_tablet=&#8220;&#8220; max_width_phone=&#8220;&#8220; max_width_last_edited=&#8220;on|desktop&#8220; custom_margin=&#8220;|||-8%&#8220; custom_margin_tablet=&#8220;60px|60px|60px|60px&#8220; custom_margin_phone=&#8220;0px|0px|0px|0px|false|false&#8220; custom_margin_last_edited=&#8220;on|phone&#8220; custom_padding=&#8220;|||&#8220; animation_style=&#8220;slide&#8220; animation_direction=&#8220;right&#8220; animation_intensity_slide=&#8220;4%&#8220; animation_starting_opacity=&#8220;50%&#8220; box_shadow_style=&#8220;preset3&#8243; box_shadow_blur=&#8220;80px&#8220; global_colors_info=&#8220;{}&#8220;][\/et_pb_image][\/et_pb_column][\/et_pb_row][\/et_pb_section][et_pb_section fb_built=&#8220;1&#8243; admin_label=&#8220;Hero Section&#8220; _builder_version=&#8220;4.16&#8243; custom_padding=&#8220;0|0px|0px|0px&#8220; global_colors_info=&#8220;{}&#8220;][et_pb_row column_structure=&#8220;1_2,1_2&#8243; use_custom_gutter=&#8220;on&#8220; make_equal=&#8220;on&#8220; _builder_version=&#8220;4.27.4&#8243; width=&#8220;100%&#8220; max_width=&#8220;100%&#8220; custom_padding=&#8220;0px|0px|0px|||&#8220; use_custom_width=&#8220;on&#8220; width_unit=&#8220;off&#8220; custom_width_percent=&#8220;100%&#8220; global_colors_info=&#8220;{}&#8220;][et_pb_column type=&#8220;1_2&#8243; _builder_version=&#8220;4.16&#8243; custom_padding=&#8220;200px|4%|200px|8%&#8220; custom_padding_tablet=&#8220;60px|10%|60px|10%&#8220; custom_padding_phone=&#8220;&#8220; custom_padding_last_edited=&#8220;on|tablet&#8220; global_colors_info=&#8220;{}&#8220; padding_tablet=&#8220;60px|10%|60px|10%&#8220; padding_last_edited=&#8220;on|tablet&#8220; custom_padding__hover=&#8220;|||&#8220; padding_phone=&#8220;60px|10%|60px|10%&#8220;][et_pb_text _builder_version=&#8220;4.16&#8243; header_font=&#8220;Nunito||||||||&#8220; header_3_font=&#8220;Karla|700||on|||||&#8220; header_3_text_color=&#8220;#b51f1f&#8220; header_3_font_size=&#8220;16px&#8220; header_3_letter_spacing=&#8220;1px&#8220; transform_scale=&#8220;100%|100%&#8220; background_layout=&#8220;dark&#8220; custom_margin=&#8220;0px||20px||false|false&#8220; custom_margin_tablet=&#8220;&#8220; custom_margin_phone=&#8220;-60px||||false|false&#8220; custom_margin_last_edited=&#8220;on|phone&#8220; locked=&#8220;off&#8220; global_colors_info=&#8220;{}&#8220;]<\/p>\n<h3><\/h3>\n<p>[\/et_pb_text][et_pb_divider color=&#8220;#b51f1e&#8220; divider_weight=&#8220;2px&#8220; _builder_version=&#8220;4.16&#8243; transform_scale=&#8220;100%|100%&#8220; max_width=&#8220;150px&#8220; module_alignment=&#8220;right&#8220; height=&#8220;2px&#8220; custom_margin=&#8220;|||&#8220; custom_padding=&#8220;|-60px||&#8220; custom_padding_tablet=&#8220;|0px||&#8220; custom_padding_last_edited=&#8220;off|desktop&#8220; locked=&#8220;off&#8220; global_colors_info=&#8220;{}&#8220;][\/et_pb_divider][et_pb_text _builder_version=&#8220;4.27.4&#8243; header_2_font=&#8220;Conneqt Bold|||||on|||&#8220; header_2_text_color=&#8220;#666666&#8243; header_2_font_size=&#8220;20px&#8220; header_3_text_color=&#8220;#666666&#8243; custom_margin=&#8220;||35px|||&#8220; hover_enabled=&#8220;0&#8243; locked=&#8220;off&#8220; global_colors_info=&#8220;{}&#8220; sticky_enabled=&#8220;0&#8243;]<\/p>\n<h1>Strafverteidigung in Verfahren<br \/>der Europ\u00e4ischen Staatsanwaltschaft (EUStA \/ EPPO)<\/h1>\n<p style=\"text-align: left;\">Die Anw\u00e4lte und Anw\u00e4ltinnen unserer Strafrechtskanzlei mit Sitz in Hamburg verteidigen regelm\u00e4\u00dfig auch in Strafverfahren, die von der Europ\u00e4ischen Staatsanwaltschaft (kurz: EUStA bzw. EPPO = European Public Prosecutor\u2019s Office) gef\u00fchrt werden \u2013 in Hamburg, Norddeutschland und bundesweit. Wir haben umfassende Erfahrung in der Verteidigung von EUStA-Verfahren im Ermittlungsverfahren \u2013 denn das erste Ziel ist stets, eine Hauptverhandlung zu vermeiden. Wenn dies im konkreten Fall nicht m\u00f6glich ist, stehen wir mit Erfahrung und Blick f\u00fcr\u2019s Detail selbstverst\u00e4ndlich auch in einer gerichtlichen Hauptverhandlung an Ihrer Seite. Im Mittelpunkt steht dabei stets der wirksame Schutz Ihrer Rechte in komplexen, grenz\u00fcberschreitenden Strafverfahren mit oftmals sehr hohen Schadenssummen.\u200b<\/p>\n<h2 style=\"text-align: left;\">Was macht die Europ\u00e4ische Staatsanwaltschaft?<\/h2>\n<p style=\"text-align: left;\"><span style=\"font-weight: 400;\">Die EUStA ist eine unabh\u00e4ngige EU-Beh\u00f6rde mit Sitz in Luxemburg, die Straftaten zum Nachteil des EU-Haushalts verfolgt, etwa Betrug mit EU-F\u00f6rdermitteln, Korruptionsdelikte, Geldw\u00e4sche und grenz\u00fcberschreitenden Umsatzsteuerbetrug. Die Verfahren haben stets einen europ\u00e4ischen Bezug und in aller Regel sind mehrere EU-Mitgliedstaaten involviert.\u00a0<\/span><\/p>\n<p style=\"text-align: left;\"><span style=\"font-weight: 400;\">In Deutschland gibt es f\u00fcnf Zentren in Berlin, Hamburg, Frankfurt, K\u00f6ln und M\u00fcnchen, in welchen insgesamt elf sogenannte Delegierte Europ\u00e4ische Staatsanw\u00e4ltinnen und Staatsanw\u00e4lte arbeiten. Sie f\u00fchren eigenst\u00e4ndig Ermittlungen durch und arbeiten eng mit nationalen Polizei-, Zoll- und Steuerbeh\u00f6rden zusammen. Sie k\u00f6nnen dabei umfangreiche Eingriffsma\u00dfnahmen beantragen, zum Beispiel Hausdurchsuchungen, Sicherstellungen und verschiedene \u00dcberwachungsma\u00dfnahmen. Die EUStA hat eigene Anklagebefugnisse vor den nationalen Gerichten der jeweiligen EU-Mitgliedsstaaten, wobei bspw. die EUStA Hamburg nicht zwingend auch vor einem Hamburger Gericht Anklage erheben muss.\u00a0<\/span><\/p>\n<h2 style=\"text-align: left;\">Abgrenzung zu OLAF und Eurojust<\/h2>\n<p style=\"text-align: left;\"><span style=\"font-weight: 400;\">Bereits vor der EUStA gab es mit dem Europ\u00e4ischen Amt f\u00fcr Betrugsbek\u00e4mpfung (OLAF) eine Beh\u00f6rde, die Missbrauch von EU-Geldern aufdeckt, jedoch selbst keine Strafverfahren f\u00fchrt. Eurojust mit Sitz in Den Haag koordiniert seit Jahren die Zusammenarbeit nationaler Justizbeh\u00f6rden, unterst\u00fctzt gemeinsame Ermittlungsgruppen (Joint Investigation Teams, JITs) und den Vollzug europ\u00e4ischer Haftbefehle, nimmt aber keine eigene Anklagebefugnis wahr.\u200b<\/span><\/p>\n<h2 style=\"text-align: left;\">Ermittlungsma\u00dfnahmen, gerichtliche Kontrolle und Beschuldigtenrechte<\/h2>\n<p style=\"text-align: left;\"><span style=\"font-weight: 400;\">Auch wenn die EUStA-VO besondere Vorgaben enth\u00e4lt, richten sich Ablauf und Ermittlungsma\u00dfnahmen im Kern nach der Strafprozessordnung des jeweiligen EU-Mitgliedstaats. Die gerichtliche Kontrolle dessen wirft in der Praxis immer wieder Probleme auf. Der Europ\u00e4ische Gerichtshof hat in einer Entscheidung aus dem Jahr 2023 klargestellt, dass Gerichte im Staat der Vollstreckung einer von der EUStA veranlassten Ma\u00dfnahme grunds\u00e4tzlich nur die Durchf\u00fchrung, nicht aber die materiellen Gr\u00fcnde der Ma\u00dfnahme \u00fcberpr\u00fcfen d\u00fcrfen. Es ist zu erwarten, dass weitere Entscheidungen folgen und den Rahmen der richterlichen Kontrolle und der Verteidigungsm\u00f6glichkeiten in EUStA-Verfahren konkretisieren.\u200b\u00a0<\/span><\/p>\n<p style=\"text-align: left;\"><span style=\"font-weight: 400;\">Auch die Mehrsprachigkeit des Aktenmaterials, das h\u00e4ufig von Ermittlungsbeh\u00f6rden aus verschiedenen EU-Mitgliedstaaten und damit auf verschiedenen Sprachen zusammengetragen wird, stellt eine Besonderheit in der Verteidigung in EUStA-Verfahren dar. Daneben gilt es, mit grenz\u00fcberschreitenden Ermittlungsma\u00dfnahmen und deren rechtlichen Voraussetzungen umgehen zu k\u00f6nnen.<\/span><\/p>\n<h2 style=\"text-align: left;\">Typische Vorw\u00fcrfe und Besonderheiten der Verfahren<\/h2>\n<p style=\"text-align: left;\"><span style=\"font-weight: 400;\">In Deutschland betrifft ein gro\u00dfer Teil der EUStA-Verfahren komplexen Umsatzsteuerbetrug, der h\u00e4ufig in Form sogenannter Karussellgesch\u00e4fte organisiert ist. Die Verfahren zeichnen sich oft durch hohe Schadenssummen, lange Ermittlungsdauern, umfangreiche digitale Beweismittel und die Beteiligung mehrerer Staaten aus, was eine spezialisierte strafrechtliche Verteidigung zwingend erforderlich macht.\u200b<\/span><\/p>\n<h2 style=\"text-align: left;\">Strafverteidigung in Hamburg, Norddeutschland und bundesweit<\/h2>\n<p style=\"text-align: left;\"><span style=\"font-weight: 400;\">Von Hamburg aus verteidigen wir Beschuldigte und Angeklagte in Verfahren der Delegierten Europ\u00e4ischen Staatsanwaltschaft vor Gerichten in Hamburg, Schleswig-Holstein, Niedersachsen, Bremen und bundesweit. Wie haben bereits die Verteidigung in EUStA-Verfahren in D\u00fcsseldorf, M\u00fcnchen und mehrfach in Hamburg gepr\u00fcft.\u00a0<\/span><\/p>\n<p style=\"text-align: left;\"><span style=\"font-weight: 400;\">Gerade bei Durchsuchungen, Arrestma\u00dfnahmen oder der ersten Vorladung durch die Delegierte Europ\u00e4ische Staatsanwaltschaft oder andere Ermittlungsbeh\u00f6rden ist es entscheidend, fr\u00fchzeitig einen im Wirtschafts- und Steuerstrafrecht und insbesondere in der Verteidigung von EUStA-Verfahren erfahrenen Strafverteidiger einzuschalten.\u00a0<\/span><\/p>\n<p style=\"text-align: left;\"><span style=\"font-weight: 400;\">Als Kanzlei f\u00fcr Strafrecht in Hamburg mit umfangreicher Erfahrung in internationalen Strafverfahren stehen wir Mandantinnen und Mandanten in Norddeutschland und deutschlandweit kurzfristig zur Verf\u00fcgung \u2013 pers\u00f6nlich vor Ort oder per sicherer Videokonferenz. Wir analysieren die Beweislage, achten auf die Einhaltung nationaler und europ\u00e4ischer Verfahrensrechte und entwickeln eine ma\u00dfgeschneiderte Verteidigungsstrategie \u2013 vom Ermittlungsverfahren bis zur gerichtlichen Hauptverhandlung.\u200b<\/span><\/p>\n<p>[\/et_pb_text][\/et_pb_column][et_pb_column type=&#8220;1_2&#8243; disabled_on=&#8220;on|off|off&#8220; _builder_version=&#8220;4.27.4&#8243; use_background_color_gradient=&#8220;on&#8220; background_color_gradient_stops=&#8220;rgba(18,18,18,0.5) 0%|#121212 100%&#8220; background_color_gradient_overlays_image=&#8220;on&#8220; background_color_gradient_start=&#8220;rgba(18,18,18,0.5)&#8220; background_color_gradient_end=&#8220;#121212&#8243; background_image=&#8220;https:\/\/defenza.de\/wp-content\/uploads\/2025\/11\/Strafverteidigung-in-Verfahren.jpg&#8220; custom_padding=&#8220;100px||100px|&#8220; custom_padding_tablet=&#8220;60px||60px|&#8220; custom_padding_phone=&#8220;&#8220; custom_padding_last_edited=&#8220;on|desktop&#8220; global_colors_info=&#8220;{}&#8220; padding_tablet=&#8220;60px||60px|&#8220; padding_last_edited=&#8220;on|desktop&#8220; custom_padding__hover=&#8220;|||&#8220; padding_phone=&#8220;60px||60px|&#8220;][et_pb_image src=&#8220;https:\/\/defenza.de\/wp-content\/uploads\/2025\/11\/Strafverteidigung-in-Verfahren.jpg&#8220; alt=&#8220;Rechtsanw\u00e4lt*innen&#8220; title_text=&#8220;Strafverteidigung in Verfahren der Europ\u00e4ischen Staatsanwaltschaft (EUStA  EPPO)&#8220; align_tablet=&#8220;center&#8220; align_phone=&#8220;&#8220; align_last_edited=&#8220;on|desktop&#8220; disabled_on=&#8220;on|off|off&#8220; _builder_version=&#8220;4.27.4&#8243; max_width=&#8220;600px&#8220; max_width_tablet=&#8220;&#8220; max_width_phone=&#8220;&#8220; max_width_last_edited=&#8220;on|desktop&#8220; custom_margin=&#8220;|||-8%&#8220; custom_margin_tablet=&#8220;60px|60px|60px|60px&#8220; custom_margin_phone=&#8220;&#8220; custom_margin_last_edited=&#8220;on|desktop&#8220; custom_padding=&#8220;|||&#8220; animation_style=&#8220;slide&#8220; animation_direction=&#8220;right&#8220; animation_intensity_slide=&#8220;4%&#8220; animation_starting_opacity=&#8220;50%&#8220; box_shadow_style=&#8220;preset3&#8243; box_shadow_blur=&#8220;80px&#8220; global_colors_info=&#8220;{}&#8220;][\/et_pb_image][\/et_pb_column][\/et_pb_row][\/et_pb_section]<\/p>\n","protected":false},"excerpt":{"rendered":"<p>Em caso de den\u00fancia, intima\u00e7\u00e3o ou busca domiciliar, o apoio r\u00e1pido \u00e9 crucial. Nossos experientes advogados de defesa criminal em Kiel ir\u00e3o gui\u00e1-lo profissionalmente por investiga\u00e7\u00f5es e processos criminais \u2013 com acesso aos autos do processo, uma estrat\u00e9gia clara e uma defesa personalizada. Seja em direito penal geral, direito penal juvenil ou acusa\u00e7\u00f5es de crimes de colarinho branco: representamos clientes em Kiel com dedica\u00e7\u00e3o, discri\u00e7\u00e3o e vasta experi\u00eancia.<\/p>","protected":false},"author":4,"featured_media":0,"parent":0,"menu_order":0,"comment_status":"closed","ping_status":"closed","template":"","meta":{"_et_pb_use_builder":"on","_et_pb_old_content":"","_et_gb_content_width":"","om_disable_all_campaigns":false,"_monsterinsights_skip_tracking":false,"_monsterinsights_sitenote_active":false,"_monsterinsights_sitenote_note":"","_monsterinsights_sitenote_category":0,"footnotes":""},"class_list":["post-4139","page","type-page","status-publish","hentry"],"aioseo_notices":[],"_links":{"self":[{"href":"https:\/\/defenza.de\/pt\/wp-json\/wp\/v2\/pages\/4139","targetHints":{"allow":["GET"]}}],"collection":[{"href":"https:\/\/defenza.de\/pt\/wp-json\/wp\/v2\/pages"}],"about":[{"href":"https:\/\/defenza.de\/pt\/wp-json\/wp\/v2\/types\/page"}],"author":[{"embeddable":true,"href":"https:\/\/defenza.de\/pt\/wp-json\/wp\/v2\/users\/4"}],"replies":[{"embeddable":true,"href":"https:\/\/defenza.de\/pt\/wp-json\/wp\/v2\/comments?post=4139"}],"version-history":[{"count":4,"href":"https:\/\/defenza.de\/pt\/wp-json\/wp\/v2\/pages\/4139\/revisions"}],"predecessor-version":[{"id":4183,"href":"https:\/\/defenza.de\/pt\/wp-json\/wp\/v2\/pages\/4139\/revisions\/4183"}],"wp:attachment":[{"href":"https:\/\/defenza.de\/pt\/wp-json\/wp\/v2\/media?parent=4139"}],"curies":[{"name":"wp","href":"https:\/\/api.w.org\/{rel}","templated":true}]}}