{"id":2309,"date":"2023-02-13T17:49:36","date_gmt":"2023-02-13T16:49:36","guid":{"rendered":"https:\/\/twp-strafrecht.de\/?page_id=2309"},"modified":"2023-07-26T14:06:42","modified_gmt":"2023-07-26T12:06:42","slug":"korona-yardimi","status":"publish","type":"page","link":"https:\/\/defenza.de\/tr\/coronahilfen\/","title":{"rendered":"Korona yard\u0131m\u0131"},"content":{"rendered":"<p>[et_pb_section fb_built=&#8220;1&#8243; disabled_on=&#8220;off|on|on&#8220; admin_label=&#8220;Hero Section&#8220; _builder_version=&#8220;4.16&#8243; custom_padding=&#8220;0|0px|0px|0px&#8220; global_colors_info=&#8220;{}&#8220;][et_pb_row use_custom_gutter=&#8220;on&#8220; make_equal=&#8220;on&#8220; disabled_on=&#8220;off|on|on&#8220; _builder_version=&#8220;4.16&#8243; width=&#8220;100%&#8220; max_width=&#8220;100%&#8220; custom_padding=&#8220;0px|0|0px|&#8220; use_custom_width=&#8220;on&#8220; width_unit=&#8220;off&#8220; custom_width_percent=&#8220;100%&#8220; global_colors_info=&#8220;{}&#8220;][et_pb_column type=&#8220;4_4&#8243; _builder_version=&#8220;4.16&#8243; custom_padding=&#8220;200px|4%|200px|8%&#8220; custom_padding_tablet=&#8220;60px|10%|60px|10%&#8220; custom_padding_phone=&#8220;&#8220; custom_padding_last_edited=&#8220;on|tablet&#8220; global_colors_info=&#8220;{}&#8220; padding_tablet=&#8220;60px|10%|60px|10%&#8220; padding_last_edited=&#8220;on|tablet&#8220; custom_padding__hover=&#8220;|||&#8220; padding_phone=&#8220;60px|10%|60px|10%&#8220;][et_pb_image src=&#8220;https:\/\/defenza.de\/wp-content\/uploads\/2023\/02\/pexels-polina-tankilevitch-3735747-scaled.jpg&#8220; alt=&#8220;Mobile Phone&#8220; title_text=&#8220;pexels-polina-tankilevitch-3735747&#8243; align_tablet=&#8220;center&#8220; align_phone=&#8220;&#8220; align_last_edited=&#8220;on|desktop&#8220; disabled_on=&#8220;off|on|on&#8220; _builder_version=&#8220;4.16&#8243; max_width=&#8220;600px&#8220; max_width_tablet=&#8220;&#8220; max_width_phone=&#8220;&#8220; max_width_last_edited=&#8220;on|desktop&#8220; custom_margin=&#8220;|||-8%&#8220; custom_margin_tablet=&#8220;60px|60px|60px|60px&#8220; custom_margin_phone=&#8220;0px|0px|0px|0px|false|false&#8220; custom_margin_last_edited=&#8220;on|phone&#8220; custom_padding=&#8220;|||&#8220; animation_style=&#8220;slide&#8220; animation_direction=&#8220;right&#8220; animation_intensity_slide=&#8220;4%&#8220; animation_starting_opacity=&#8220;50%&#8220; box_shadow_style=&#8220;preset3&#8243; box_shadow_blur=&#8220;80px&#8220; global_colors_info=&#8220;{}&#8220;][\/et_pb_image][\/et_pb_column][\/et_pb_row][\/et_pb_section][et_pb_section fb_built=&#8220;1&#8243; disabled_on=&#8220;off|off|off&#8220; admin_label=&#8220;Hero Section&#8220; _builder_version=&#8220;4.16&#8243; custom_padding=&#8220;0|0px|0px|0px&#8220; global_colors_info=&#8220;{}&#8220;][et_pb_row column_structure=&#8220;1_2,1_2&#8243; use_custom_gutter=&#8220;on&#8220; make_equal=&#8220;on&#8220; _builder_version=&#8220;4.16&#8243; width=&#8220;100%&#8220; max_width=&#8220;100%&#8220; custom_padding=&#8220;0px|0|0px|&#8220; use_custom_width=&#8220;on&#8220; width_unit=&#8220;off&#8220; custom_width_percent=&#8220;100%&#8220; global_colors_info=&#8220;{}&#8220;][et_pb_column type=&#8220;1_2&#8243; _builder_version=&#8220;4.16&#8243; custom_padding=&#8220;200px|4%|200px|8%&#8220; custom_padding_tablet=&#8220;60px|10%|60px|10%&#8220; custom_padding_phone=&#8220;&#8220; custom_padding_last_edited=&#8220;on|tablet&#8220; global_colors_info=&#8220;{}&#8220; padding_tablet=&#8220;60px|10%|60px|10%&#8220; padding_last_edited=&#8220;on|tablet&#8220; custom_padding__hover=&#8220;|||&#8220; padding_phone=&#8220;60px|10%|60px|10%&#8220;][et_pb_text _builder_version=&#8220;4.16&#8243; header_font=&#8220;Nunito||||||||&#8220; header_3_font=&#8220;Karla|700||on|||||&#8220; header_3_text_color=&#8220;#b51f1f&#8220; header_3_font_size=&#8220;16px&#8220; header_3_letter_spacing=&#8220;1px&#8220; transform_scale=&#8220;100%|100%&#8220; background_layout=&#8220;dark&#8220; custom_margin=&#8220;0px||20px||false|false&#8220; custom_margin_tablet=&#8220;&#8220; custom_margin_phone=&#8220;-60px||||false|false&#8220; custom_margin_last_edited=&#8220;on|phone&#8220; locked=&#8220;off&#8220; global_colors_info=&#8220;{}&#8220;]<\/p>\n<h3><\/h3>\n<p>[\/et_pb_text][et_pb_divider color=&#8220;#b51f1e&#8220; divider_weight=&#8220;2px&#8220; _builder_version=&#8220;4.16&#8243; max_width=&#8220;150px&#8220; module_alignment=&#8220;right&#8220; height=&#8220;2px&#8220; custom_margin=&#8220;|||&#8220; custom_padding=&#8220;|-60px||&#8220; custom_padding_tablet=&#8220;|0px||&#8220; custom_padding_last_edited=&#8220;off|desktop&#8220; locked=&#8220;off&#8220; global_colors_info=&#8220;{}&#8220;][\/et_pb_divider][et_pb_text _builder_version=&#8220;4.16&#8243; locked=&#8220;off&#8220; global_colors_info=&#8220;{}&#8220;]<\/p>\n<h1>Coronahilfen<\/h1>\n<p style=\"font-weight: 400; text-align: left;\">W\u00e4hrend der sog. <strong>Coronapandemie<\/strong> wurden von Bund und L\u00e4ndern verschiedene <strong>Zusch\u00fcsse und F\u00f6rderungen<\/strong> an betroffene Unternehmen und Unternehmer\/innen gew\u00e4hrt. Im Zuge der \u201eunkomplizierten\u201c und \u201eschnellen\u201c F\u00f6rderung haben \u00dcberpr\u00fcfungen im Nachhinein oft nicht nur verwaltungsrechtliche <strong>R\u00fcckforderungsbescheide<\/strong>, sondern auch die Einleitung von <strong>Strafverfahren wegen Subventionsbetrugs<\/strong> zur Folge gehabt.<\/p>\n<p style=\"font-weight: 400; text-align: left;\">Neben den Geld- oder sogar Freiheitsstrafen, die bei einem Versto\u00df gegen \u00a7 264 StGB drohen, kann der Ruf und die Glaubw\u00fcrdigkeit beeintr\u00e4chtigt werden, was zu zuk\u00fcnftigen Problemen bei der Beantragung von Subventionen oder anderen Formen der staatlichen Unterst\u00fctzung f\u00fchren kann. Eine Verurteilung kann auch dazu f\u00fchren, dass Sie nach \u00a7 6 Abs. 2 Nr. 3 lit. e GmbHG die Berechtigung verlieren, als Gesch\u00e4ftsf\u00fchrer zu fungieren, <span>der dass Sie als Steuerberater oder Buchhalter ein Berufsverbot auferlegt bekommen. In bestimmten F\u00e4llen kann es zu einem Verm\u00f6gensarrest und nach Verurteilung zur Einziehung von Wertersatz kommen.<\/span><\/p>\n<p style=\"font-weight: 400; text-align: left;\">Viele solcher Verfahren haben wir bereits in der Hauptverhandlung begleitet, gerade in diesen F\u00e4llen l\u00e4sst sich ein <strong>Hauptverfahren<\/strong> unser Erfahrung nach aber <strong>auch vermeiden<\/strong>. Die Strafverfolgungsbeh\u00f6rden haben zum Teil nur begrenzte Informationsquellen, die zur Verfahrenseinleitung f\u00fchrenden R\u00fcckschl\u00fcsse beruhen nach unserer Erfahrung teilweise auch auf fehlender Branchenkenntnis. H\u00e4ufig handelt es sich daher auch <strong>nur<\/strong> um <strong>vermeintlich unrechtm\u00e4\u00dfig erhaltene Coronahilfen<\/strong>.<\/p>\n<p style=\"font-weight: 400; text-align: left;\">Wir stehen Ihnen zur Seite, um Sie durch die oftmals komplexen Verfahren zu f\u00fchren und Ihre Rechte und Interessen zu sch\u00fctzen.<\/p>\n<p>[\/et_pb_text][et_pb_button button_url=&#8220;tel:00494043274434&#8243; button_text=&#8220;Rufen Sie uns an&#8220; button_alignment=&#8220;center&#8220; _builder_version=&#8220;4.16&#8243; _module_preset=&#8220;default&#8220; custom_button=&#8220;on&#8220; button_text_color=&#8220;#b51f1e&#8220; button_font=&#8220;Nunito||||||||&#8220; button_icon_color=&#8220;RGBA(0,0,0,0)&#8220; background_layout=&#8220;dark&#8220; custom_margin=&#8220;0px|0px|0px|0px|false|false&#8220; custom_padding=&#8220;|20px||20px|false|false&#8220; button_text_size_tablet=&#8220;&#8220; button_text_size_phone=&#8220;18px&#8220; button_text_size_last_edited=&#8220;on|phone&#8220; custom_css_before=&#8220;white-space: nowrap;&#8220; custom_css_main_element=&#8220;white-space: nowrap;&#8220; custom_css_after=&#8220;white-space: nowrap;&#8220; global_colors_info=&#8220;{}&#8220;][\/et_pb_button][\/et_pb_column][et_pb_column type=&#8220;1_2&#8243; disabled_on=&#8220;on|off|off&#8220; _builder_version=&#8220;4.16&#8243; use_background_color_gradient=&#8220;on&#8220; background_color_gradient_stops=&#8220;rgba(18,18,18,0.5) 0%|#121212 100%&#8220; background_color_gradient_overlays_image=&#8220;on&#8220; background_color_gradient_start=&#8220;rgba(18,18,18,0.5)&#8220; background_color_gradient_end=&#8220;#121212&#8243; background_image=&#8220;https:\/\/defenza.de\/wp-content\/uploads\/2023\/02\/pexels-polina-tankilevitch-3735747-scaled.jpg&#8220; custom_padding=&#8220;100px||100px|&#8220; custom_padding_tablet=&#8220;60px||60px|&#8220; custom_padding_phone=&#8220;&#8220; custom_padding_last_edited=&#8220;on|desktop&#8220; global_colors_info=&#8220;{}&#8220; padding_tablet=&#8220;60px||60px|&#8220; padding_last_edited=&#8220;on|desktop&#8220; custom_padding__hover=&#8220;|||&#8220; padding_phone=&#8220;60px||60px|&#8220;][et_pb_image src=&#8220;https:\/\/defenza.de\/wp-content\/uploads\/2023\/02\/pexels-polina-tankilevitch-3735747-scaled.jpg&#8220; alt=&#8220;Mobile Phone&#8220; title_text=&#8220;pexels-polina-tankilevitch-3735747&#8243; align_tablet=&#8220;center&#8220; align_phone=&#8220;&#8220; align_last_edited=&#8220;on|desktop&#8220; disabled_on=&#8220;on|off|off&#8220; _builder_version=&#8220;4.16&#8243; max_width=&#8220;600px&#8220; max_width_tablet=&#8220;&#8220; max_width_phone=&#8220;&#8220; max_width_last_edited=&#8220;on|desktop&#8220; custom_margin=&#8220;|||-8%&#8220; custom_margin_tablet=&#8220;60px|60px|60px|60px&#8220; custom_margin_phone=&#8220;&#8220; custom_margin_last_edited=&#8220;on|desktop&#8220; custom_padding=&#8220;|||&#8220; animation_style=&#8220;slide&#8220; animation_direction=&#8220;right&#8220; animation_intensity_slide=&#8220;4%&#8220; animation_starting_opacity=&#8220;50%&#8220; box_shadow_style=&#8220;preset3&#8243; box_shadow_blur=&#8220;80px&#8220; global_colors_info=&#8220;{}&#8220;][\/et_pb_image][\/et_pb_column][\/et_pb_row][\/et_pb_section]<\/p>\n","protected":false},"excerpt":{"rendered":"<p>Coronahilfen W\u00e4hrend der sog. Coronapandemie wurden von Bund und L\u00e4ndern verschiedene Zusch\u00fcsse und F\u00f6rderungen an betroffene Unternehmen und Unternehmer\/innen gew\u00e4hrt. Im Zuge der \u201eunkomplizierten\u201c und \u201eschnellen\u201c F\u00f6rderung haben \u00dcberpr\u00fcfungen im Nachhinein oft nicht nur verwaltungsrechtliche R\u00fcckforderungsbescheide, sondern auch die Einleitung von Strafverfahren wegen Subventionsbetrugs zur Folge gehabt. Neben den Geld- oder sogar Freiheitsstrafen, die bei [&hellip;]<\/p>\n","protected":false},"author":2,"featured_media":0,"parent":0,"menu_order":0,"comment_status":"closed","ping_status":"closed","template":"","meta":{"_et_pb_use_builder":"on","_et_pb_old_content":"","_et_gb_content_width":"","om_disable_all_campaigns":false,"_monsterinsights_skip_tracking":false,"_monsterinsights_sitenote_active":false,"_monsterinsights_sitenote_note":"","_monsterinsights_sitenote_category":0,"footnotes":""},"class_list":["post-2309","page","type-page","status-publish","hentry"],"aioseo_notices":[],"_links":{"self":[{"href":"https:\/\/defenza.de\/tr\/wp-json\/wp\/v2\/pages\/2309","targetHints":{"allow":["GET"]}}],"collection":[{"href":"https:\/\/defenza.de\/tr\/wp-json\/wp\/v2\/pages"}],"about":[{"href":"https:\/\/defenza.de\/tr\/wp-json\/wp\/v2\/types\/page"}],"author":[{"embeddable":true,"href":"https:\/\/defenza.de\/tr\/wp-json\/wp\/v2\/users\/2"}],"replies":[{"embeddable":true,"href":"https:\/\/defenza.de\/tr\/wp-json\/wp\/v2\/comments?post=2309"}],"version-history":[{"count":10,"href":"https:\/\/defenza.de\/tr\/wp-json\/wp\/v2\/pages\/2309\/revisions"}],"predecessor-version":[{"id":2570,"href":"https:\/\/defenza.de\/tr\/wp-json\/wp\/v2\/pages\/2309\/revisions\/2570"}],"wp:attachment":[{"href":"https:\/\/defenza.de\/tr\/wp-json\/wp\/v2\/media?parent=2309"}],"curies":[{"name":"wp","href":"https:\/\/api.w.org\/{rel}","templated":true}]}}