{"id":2372,"date":"2023-07-24T15:10:12","date_gmt":"2023-07-24T13:10:12","guid":{"rendered":"https:\/\/twp-strafrecht.de\/?page_id=2372"},"modified":"2025-06-23T09:45:50","modified_gmt":"2025-06-23T07:45:50","slug":"tuerk-vergi-verileri","status":"publish","type":"page","link":"https:\/\/defenza.de\/tr\/tuerkische-steuerdaten\/","title":{"rendered":"T\u00fcrk vergi verileri"},"content":{"rendered":"<p>[et_pb_section fb_built=&#8220;1&#8243; disabled_on=&#8220;off|on|on&#8220; admin_label=&#8220;Hero Section&#8220; _builder_version=&#8220;4.16&#8243; custom_padding=&#8220;0|0px|0px|0px&#8220; global_colors_info=&#8220;{}&#8220;][et_pb_row use_custom_gutter=&#8220;on&#8220; make_equal=&#8220;on&#8220; disabled_on=&#8220;off|on|on&#8220; _builder_version=&#8220;4.16&#8243; width=&#8220;100%&#8220; max_width=&#8220;100%&#8220; custom_padding=&#8220;0px|0|0px|&#8220; use_custom_width=&#8220;on&#8220; width_unit=&#8220;off&#8220; custom_width_percent=&#8220;100%&#8220; global_colors_info=&#8220;{}&#8220;][et_pb_column type=&#8220;4_4&#8243; _builder_version=&#8220;4.16&#8243; custom_padding=&#8220;200px|4%|200px|8%&#8220; custom_padding_tablet=&#8220;60px|10%|60px|10%&#8220; custom_padding_phone=&#8220;&#8220; custom_padding_last_edited=&#8220;on|tablet&#8220; global_colors_info=&#8220;{}&#8220; padding_tablet=&#8220;60px|10%|60px|10%&#8220; padding_last_edited=&#8220;on|tablet&#8220; custom_padding__hover=&#8220;|||&#8220; padding_phone=&#8220;60px|10%|60px|10%&#8220;][et_pb_image src=&#8220;https:\/\/defenza.de\/wp-content\/uploads\/2021\/05\/IMG_2843-1-scaled.jpg&#8220; alt=&#8220;Rechtsanw\u00e4ltin Pinar&#8220; title_text=&#8220;G\u00fcl Pinar&#8220; align_tablet=&#8220;center&#8220; align_phone=&#8220;&#8220; align_last_edited=&#8220;on|desktop&#8220; disabled_on=&#8220;off|on|on&#8220; _builder_version=&#8220;4.16&#8243; max_width=&#8220;600px&#8220; max_width_tablet=&#8220;&#8220; max_width_phone=&#8220;&#8220; max_width_last_edited=&#8220;on|desktop&#8220; custom_margin=&#8220;|||-8%&#8220; custom_margin_tablet=&#8220;60px|60px|60px|60px&#8220; custom_margin_phone=&#8220;0px|0px|0px|0px|false|false&#8220; custom_margin_last_edited=&#8220;on|phone&#8220; custom_padding=&#8220;|||&#8220; animation_style=&#8220;slide&#8220; animation_direction=&#8220;right&#8220; animation_intensity_slide=&#8220;4%&#8220; animation_starting_opacity=&#8220;50%&#8220; box_shadow_style=&#8220;preset3&#8243; box_shadow_blur=&#8220;80px&#8220; global_colors_info=&#8220;{}&#8220;][\/et_pb_image][\/et_pb_column][\/et_pb_row][\/et_pb_section][et_pb_section fb_built=&#8220;1&#8243; disabled_on=&#8220;off|off|off&#8220; admin_label=&#8220;Hero Section&#8220; _builder_version=&#8220;4.16&#8243; custom_padding=&#8220;0|0px|0px|0px&#8220; global_colors_info=&#8220;{}&#8220;][et_pb_row column_structure=&#8220;1_2,1_2&#8243; use_custom_gutter=&#8220;on&#8220; make_equal=&#8220;on&#8220; _builder_version=&#8220;4.16&#8243; width=&#8220;100%&#8220; max_width=&#8220;100%&#8220; custom_padding=&#8220;0px|0|0px|&#8220; use_custom_width=&#8220;on&#8220; width_unit=&#8220;off&#8220; custom_width_percent=&#8220;100%&#8220; global_colors_info=&#8220;{}&#8220;][et_pb_column type=&#8220;1_2&#8243; _builder_version=&#8220;4.16&#8243; custom_padding=&#8220;200px|4%|200px|8%&#8220; custom_padding_tablet=&#8220;60px|10%|60px|10%&#8220; custom_padding_phone=&#8220;&#8220; custom_padding_last_edited=&#8220;on|tablet&#8220; global_colors_info=&#8220;{}&#8220; padding_tablet=&#8220;60px|10%|60px|10%&#8220; padding_last_edited=&#8220;on|tablet&#8220; custom_padding__hover=&#8220;|||&#8220; padding_phone=&#8220;60px|10%|60px|10%&#8220;][et_pb_text _builder_version=&#8220;4.16&#8243; header_font=&#8220;Nunito||||||||&#8220; header_3_font=&#8220;Karla|700||on|||||&#8220; header_3_text_color=&#8220;#b51f1f&#8220; header_3_font_size=&#8220;16px&#8220; header_3_letter_spacing=&#8220;1px&#8220; transform_scale=&#8220;100%|100%&#8220; background_layout=&#8220;dark&#8220; custom_margin=&#8220;0px||20px||false|false&#8220; custom_margin_tablet=&#8220;&#8220; custom_margin_phone=&#8220;-60px||||false|false&#8220; custom_margin_last_edited=&#8220;on|phone&#8220; locked=&#8220;off&#8220; global_colors_info=&#8220;{}&#8220;]<\/p>\n<h3><\/h3>\n<p>[\/et_pb_text][et_pb_divider color=&#8220;#b51f1e&#8220; divider_weight=&#8220;2px&#8220; _builder_version=&#8220;4.16&#8243; max_width=&#8220;150px&#8220; module_alignment=&#8220;right&#8220; height=&#8220;2px&#8220; custom_margin=&#8220;|||&#8220; custom_padding=&#8220;|-60px||&#8220; custom_padding_tablet=&#8220;|0px||&#8220; custom_padding_last_edited=&#8220;off|desktop&#8220; locked=&#8220;off&#8220; global_colors_info=&#8220;{}&#8220;][\/et_pb_divider][et_pb_text _builder_version=&#8220;4.21.0&#8243; locked=&#8220;off&#8220; global_colors_info=&#8220;{}&#8220;]<\/p>\n<h1 style=\"font-weight: 400; text-align: right;\">T\u00fcrkei gibt Auskunft \u00fcber t\u00fcrkische Konten an deutsche Finanzbeh\u00f6rden<\/h1>\n<p style=\"text-align: left;\">Bislang konnte das deutsche Finanzamt keine Kenntnis von <strong>Geld auf t\u00fcrkischen Konten<\/strong> haben. Seit 2014 bestehen zur Bek\u00e4mpfung von Steuerausf\u00e4llen und -hinterziehung Abkommen zwischen zahlreichen L\u00e4ndern, wonach diese automatisch und elektronisch Informationen \u00fcber Bankkonten \u2013 darunter Kontonummern, Kontosalden und Zinsen, Dividenden oder sonstige Eink\u00fcnfte \u2013 austauschen. Auch die T\u00fcrkei trat dem Abkommen im April 2017 bei, hatte jahrelang aber keine Daten \u00fcbermittelt. Nach einem Pr\u00e4sidialerlass <strong>\u00fcbermittelt die T\u00fcrkei<\/strong> nun seit September 2021 <strong>Steuerdaten an die deutschen Finanzbeh\u00f6rden.<\/strong><\/p>\n<p style=\"text-align: left;\">Betroffen sind Finanzdaten zu Konten bei t\u00fcrkischen Banken und Versicherungen sowie dortigen Niederlassungen von Banken aus dem Ausland. Wer seinen <strong>Hauptwohnsitz in Deutschland<\/strong> hat und <strong>Kunde einer solchen Bank in der T\u00fcrkei<\/strong> ist, sollte sich \u00fcber diese Ver\u00e4nderung im Klaren sein. Das gilt auch f\u00fcr t\u00fcrkische Staatsangeh\u00f6rige, sogar wenn sie eine zweite Adresse in der T\u00fcrkei haben. Nur bei einem Hauptwohnsitz in der T\u00fcrkei m\u00fcssen die Daten nicht \u00fcbermittelt werden.<\/p>\n<p style=\"text-align: left;\">Das Finanzamt in Deutschland \u00fcberpr\u00fcft anhand der \u00fcbermittelten Daten, ob die <strong>Gelder<\/strong> auf den t\u00fcrkischen Konten <strong>richtig in der deutschen Einkommenssteuererkl\u00e4rung angegeben<\/strong> wurden. Die T\u00fcrkei hat den deutschen Steuerbeh\u00f6rden bereits die Steuerdaten f\u00fcr die Jahre 2020 bis 2023 zur Verf\u00fcgung gestellt. Seither sind die Daten des jeweiligen Vorjahres jeweils bis zum 31. Juli des Folgejahres \u00fcber das Bundeszentralamt f\u00fcr Steuern zu \u00fcbermitteln. Das kann eine Steuernachzahlung zur Folge haben, aber auch strafrechtliche Folgen wie insbesondere Ermittlungen wegen des <strong>Vorwurfs der Steuerhinterziehung<\/strong> nach sich ziehen.<\/p>\n<p style=\"text-align: left;\">Bei einer fr\u00fchzeitigen anwaltlichen Beratung besteht die M\u00f6glichkeit, einer Strafbarkeit durch eine sog. <strong>Selbstanzeige<\/strong> zu entgehen. Wenn Sie einen entsprechenden Brief vom Finanzamt bekommen, aber eben insbesondere auch schon davor, beraten wir Sie gerne \u2013 auf Deutsch oder <strong>auch auf T\u00fcrkisch<\/strong>.<\/p>\n<p>[\/et_pb_text][\/et_pb_column][et_pb_column type=&#8220;1_2&#8243; disabled_on=&#8220;on|off|off&#8220; _builder_version=&#8220;4.16&#8243; use_background_color_gradient=&#8220;on&#8220; background_color_gradient_stops=&#8220;rgba(18,18,18,0.5) 0%|#121212 100%&#8220; background_color_gradient_overlays_image=&#8220;on&#8220; background_color_gradient_start=&#8220;rgba(18,18,18,0.5)&#8220; background_color_gradient_end=&#8220;#121212&#8243; background_image=&#8220;https:\/\/defenza.de\/wp-content\/uploads\/2021\/05\/IMG_2843-1-scaled.jpg&#8220; custom_padding=&#8220;100px||100px|&#8220; custom_padding_tablet=&#8220;60px||60px|&#8220; custom_padding_phone=&#8220;&#8220; custom_padding_last_edited=&#8220;on|desktop&#8220; global_colors_info=&#8220;{}&#8220; padding_tablet=&#8220;60px||60px|&#8220; padding_last_edited=&#8220;on|desktop&#8220; custom_padding__hover=&#8220;|||&#8220; padding_phone=&#8220;60px||60px|&#8220;][et_pb_image src=&#8220;https:\/\/defenza.de\/wp-content\/uploads\/2021\/05\/IMG_2843-1-scaled.jpg&#8220; alt=&#8220;Rechtsanw\u00e4ltin Pinar&#8220; title_text=&#8220;G\u00fcl Pinar&#8220; align_tablet=&#8220;center&#8220; align_phone=&#8220;&#8220; align_last_edited=&#8220;on|desktop&#8220; disabled_on=&#8220;on|off|off&#8220; _builder_version=&#8220;4.16&#8243; max_width=&#8220;600px&#8220; max_width_tablet=&#8220;&#8220; max_width_phone=&#8220;&#8220; max_width_last_edited=&#8220;on|desktop&#8220; custom_margin=&#8220;|||-8%&#8220; custom_margin_tablet=&#8220;60px|60px|60px|60px&#8220; custom_margin_phone=&#8220;&#8220; custom_margin_last_edited=&#8220;on|desktop&#8220; custom_padding=&#8220;|||&#8220; animation_style=&#8220;slide&#8220; animation_direction=&#8220;right&#8220; animation_intensity_slide=&#8220;4%&#8220; animation_starting_opacity=&#8220;50%&#8220; box_shadow_style=&#8220;preset3&#8243; box_shadow_blur=&#8220;80px&#8220; global_colors_info=&#8220;{}&#8220;][\/et_pb_image][\/et_pb_column][\/et_pb_row][\/et_pb_section]<\/p>\n","protected":false},"excerpt":{"rendered":"<p>T\u00fcrkei gibt Auskunft \u00fcber t\u00fcrkische Konten an deutsche Finanzbeh\u00f6rden Bislang konnte das deutsche Finanzamt keine Kenntnis von Geld auf t\u00fcrkischen Konten haben. Seit 2014 bestehen zur Bek\u00e4mpfung von Steuerausf\u00e4llen und -hinterziehung Abkommen zwischen zahlreichen L\u00e4ndern, wonach diese automatisch und elektronisch Informationen \u00fcber Bankkonten \u2013 darunter Kontonummern, Kontosalden und Zinsen, Dividenden oder sonstige Eink\u00fcnfte \u2013 austauschen. [&hellip;]<\/p>\n","protected":false},"author":2,"featured_media":0,"parent":0,"menu_order":0,"comment_status":"closed","ping_status":"closed","template":"","meta":{"_et_pb_use_builder":"on","_et_pb_old_content":"","_et_gb_content_width":"","om_disable_all_campaigns":false,"_monsterinsights_skip_tracking":false,"_monsterinsights_sitenote_active":false,"_monsterinsights_sitenote_note":"","_monsterinsights_sitenote_category":0,"footnotes":""},"class_list":["post-2372","page","type-page","status-publish","hentry"],"aioseo_notices":[],"_links":{"self":[{"href":"https:\/\/defenza.de\/tr\/wp-json\/wp\/v2\/pages\/2372","targetHints":{"allow":["GET"]}}],"collection":[{"href":"https:\/\/defenza.de\/tr\/wp-json\/wp\/v2\/pages"}],"about":[{"href":"https:\/\/defenza.de\/tr\/wp-json\/wp\/v2\/types\/page"}],"author":[{"embeddable":true,"href":"https:\/\/defenza.de\/tr\/wp-json\/wp\/v2\/users\/2"}],"replies":[{"embeddable":true,"href":"https:\/\/defenza.de\/tr\/wp-json\/wp\/v2\/comments?post=2372"}],"version-history":[{"count":10,"href":"https:\/\/defenza.de\/tr\/wp-json\/wp\/v2\/pages\/2372\/revisions"}],"predecessor-version":[{"id":3323,"href":"https:\/\/defenza.de\/tr\/wp-json\/wp\/v2\/pages\/2372\/revisions\/3323"}],"wp:attachment":[{"href":"https:\/\/defenza.de\/tr\/wp-json\/wp\/v2\/media?parent=2372"}],"curies":[{"name":"wp","href":"https:\/\/api.w.org\/{rel}","templated":true}]}}