{"id":3733,"date":"2025-08-29T10:26:35","date_gmt":"2025-08-29T08:26:35","guid":{"rendered":"https:\/\/twp-strafrecht.de\/?page_id=3733"},"modified":"2026-01-09T15:15:57","modified_gmt":"2026-01-09T14:15:57","slug":"kara-para-aklama-ve-hawala-bankaciligi-neumuensterdeki-avukatlariniz","status":"publish","type":"page","link":"https:\/\/defenza.de\/tr\/geldwaesche-und-hawala-banking-ihre-rechtsanwaelte-fuer-neumuenster\/","title":{"rendered":"Neum\u00fcnster&#039;de kara para aklama davalar\u0131nda uzmanla\u015fm\u0131\u015f avukat | Ceza savunmas\u0131 ve dan\u0131\u015fmanl\u0131k"},"content":{"rendered":"<p>[et_pb_section fb_built=&#8220;1&#8243; disabled_on=&#8220;off|on|on&#8220; admin_label=&#8220;Hero Section&#8220; _builder_version=&#8220;4.16&#8243; custom_padding=&#8220;0|0px|0px|0px&#8220; global_colors_info=&#8220;{}&#8220;][et_pb_row use_custom_gutter=&#8220;on&#8220; make_equal=&#8220;on&#8220; _builder_version=&#8220;4.16&#8243; width=&#8220;100%&#8220; max_width=&#8220;100%&#8220; custom_padding=&#8220;0px|0|0px|&#8220; use_custom_width=&#8220;on&#8220; width_unit=&#8220;off&#8220; custom_width_percent=&#8220;100%&#8220; global_colors_info=&#8220;{}&#8220;][et_pb_column type=&#8220;4_4&#8243; _builder_version=&#8220;4.16&#8243; custom_padding=&#8220;200px|4%|200px|8%&#8220; custom_padding_tablet=&#8220;60px|10%|60px|10%&#8220; custom_padding_phone=&#8220;&#8220; custom_padding_last_edited=&#8220;on|tablet&#8220; global_colors_info=&#8220;{}&#8220; padding_tablet=&#8220;60px|10%|60px|10%&#8220; padding_last_edited=&#8220;on|tablet&#8220; custom_padding__hover=&#8220;|||&#8220; padding_phone=&#8220;60px|10%|60px|10%&#8220;][et_pb_image src=&#8220;https:\/\/defenza.de\/wp-content\/uploads\/2021\/05\/IMG_2752-2-scaled.jpg&#8220; alt=&#8220;Rechtsanw\u00e4lt*innen&#8220; title_text=&#8220;G\u00fcl Pinar \/ Arne Weller \/ Andreas Thiel&#8220; align_tablet=&#8220;center&#8220; align_phone=&#8220;&#8220; align_last_edited=&#8220;on|desktop&#8220; disabled_on=&#8220;off|on|on&#8220; _builder_version=&#8220;4.21.0&#8243; max_width=&#8220;600px&#8220; max_width_tablet=&#8220;&#8220; max_width_phone=&#8220;&#8220; max_width_last_edited=&#8220;on|desktop&#8220; custom_margin=&#8220;|||-8%&#8220; custom_margin_tablet=&#8220;60px|60px|60px|60px&#8220; custom_margin_phone=&#8220;0px|0px|0px|0px|false|false&#8220; custom_margin_last_edited=&#8220;on|phone&#8220; custom_padding=&#8220;|||&#8220; animation_style=&#8220;slide&#8220; animation_direction=&#8220;right&#8220; animation_intensity_slide=&#8220;4%&#8220; animation_starting_opacity=&#8220;50%&#8220; box_shadow_style=&#8220;preset3&#8243; box_shadow_blur=&#8220;80px&#8220; global_colors_info=&#8220;{}&#8220;][\/et_pb_image][\/et_pb_column][\/et_pb_row][\/et_pb_section][et_pb_section fb_built=&#8220;1&#8243; admin_label=&#8220;Hero Section&#8220; _builder_version=&#8220;4.16&#8243; custom_padding=&#8220;0|0px|0px|0px&#8220; global_colors_info=&#8220;{}&#8220;][et_pb_row column_structure=&#8220;1_2,1_2&#8243; use_custom_gutter=&#8220;on&#8220; make_equal=&#8220;on&#8220; _builder_version=&#8220;4.21.0&#8243; width=&#8220;100%&#8220; max_width=&#8220;100%&#8220; custom_padding=&#8220;0px|0px|0px|||&#8220; use_custom_width=&#8220;on&#8220; width_unit=&#8220;off&#8220; custom_width_percent=&#8220;100%&#8220; global_colors_info=&#8220;{}&#8220;][et_pb_column type=&#8220;1_2&#8243; _builder_version=&#8220;4.16&#8243; custom_padding=&#8220;200px|4%|200px|8%&#8220; custom_padding_tablet=&#8220;60px|10%|60px|10%&#8220; custom_padding_phone=&#8220;&#8220; custom_padding_last_edited=&#8220;on|tablet&#8220; global_colors_info=&#8220;{}&#8220; padding_tablet=&#8220;60px|10%|60px|10%&#8220; padding_last_edited=&#8220;on|tablet&#8220; custom_padding__hover=&#8220;|||&#8220; padding_phone=&#8220;60px|10%|60px|10%&#8220;][et_pb_text _builder_version=&#8220;4.16&#8243; header_font=&#8220;Nunito||||||||&#8220; header_3_font=&#8220;Karla|700||on|||||&#8220; header_3_text_color=&#8220;#b51f1f&#8220; header_3_font_size=&#8220;16px&#8220; header_3_letter_spacing=&#8220;1px&#8220; transform_scale=&#8220;100%|100%&#8220; background_layout=&#8220;dark&#8220; custom_margin=&#8220;0px||20px||false|false&#8220; custom_margin_tablet=&#8220;&#8220; custom_margin_phone=&#8220;-60px||||false|false&#8220; custom_margin_last_edited=&#8220;on|phone&#8220; locked=&#8220;off&#8220; global_colors_info=&#8220;{}&#8220;]<\/p>\n<h3><\/h3>\n<p>[\/et_pb_text][et_pb_divider color=&#8220;#b51f1e&#8220; divider_weight=&#8220;2px&#8220; _builder_version=&#8220;4.16&#8243; transform_scale=&#8220;100%|100%&#8220; max_width=&#8220;150px&#8220; module_alignment=&#8220;right&#8220; height=&#8220;2px&#8220; custom_margin=&#8220;|||&#8220; custom_padding=&#8220;|-60px||&#8220; custom_padding_tablet=&#8220;|0px||&#8220; custom_padding_last_edited=&#8220;off|desktop&#8220; locked=&#8220;off&#8220; global_colors_info=&#8220;{}&#8220;][\/et_pb_divider][et_pb_text _builder_version=&#8220;4.27.4&#8243; header_2_font=&#8220;Conneqt Bold|||||on|||&#8220; header_2_text_color=&#8220;#666666&#8243; header_2_font_size=&#8220;20px&#8220; header_3_text_color=&#8220;#666666&#8243; hover_enabled=&#8220;0&#8243; locked=&#8220;off&#8220; global_colors_info=&#8220;{}&#8220; sticky_enabled=&#8220;0&#8243; custom_margin=&#8220;||30px|||&#8220;]<\/p>\n<h1>Anwalt bei Geldw\u00e4sche f\u00fcr Neum\u00fcnster \u2013 Spezialisierte Strafverteidigung<\/h1>\n<p class=\"font-claude-response-body break-words whitespace-normal leading-[1.7]\" style=\"text-align: left;\">Als erfahrener Anwalt bei Geldw\u00e4sche f\u00fcr Neum\u00fcnster stehen wir Ihnen in allen Fragen rund um Geldw\u00e4scheverdacht, Hawala-Banking und das Geldw\u00e4schegesetz zur Seite. Unter Geldw\u00e4sche (engl. <em>money laundering<\/em>, ML) versteht man die Einschleusung illegal erwirtschafteter Verm\u00f6genswerte in den legalen Wirtschaftskreislauf unter Verschleierung der wahren Herkunft. Die Strafbarkeit ist in \u00a7 261 des Strafgesetzbuches normiert und kann schwerwiegende rechtliche Folgen nach sich ziehen.<\/p>\n<p class=\"font-claude-response-body break-words whitespace-normal leading-[1.7]\" style=\"text-align: left;\">Im Rahmen einer effektiven Bek\u00e4mpfung von Geldw\u00e4sche und Terrorismusfinanzierung werden bestimmten Unternehmen und Personengruppen durch das Geldw\u00e4schegesetz (GwG) verschiedene Pflichten auferlegt. Diese Verpflichtungen sind kompliziert und umfangreich \u2013 ihre Beachtung ist von gro\u00dfer Bedeutung f\u00fcr Unternehmen und Privatpersonen in Neum\u00fcnster.<\/p>\n<h2 class=\"font-claude-response-body break-words whitespace-normal leading-[1.7]\" style=\"text-align: left;\">Ihr Rechtsanwalt f\u00fcr Geldw\u00e4sche f\u00fcr Neum\u00fcnster \u2013 Strafbarkeit nach dem StGB<\/h2>\n<p class=\"font-claude-response-body break-words whitespace-normal leading-[1.7]\" style=\"text-align: left;\">Nach \u00a7 261 Abs. 1 StGB macht sich der Geldw\u00e4sche strafbar, wer die Herkunft unrechtm\u00e4\u00dfig erlangter Verm\u00f6genswerte verschleiert. In Neum\u00fcnster wie auch deutschlandweit handelt es sich dabei h\u00e4ufig um Gelder aus Straftaten wie Hehlerei (\u00a7 259 StGB), Raub (\u00a7 250 StGB), Steuerhinterziehung (\u00a7 370 AO), Korruptionsdelikten oder dem Drogen- und Waffenhandel.<\/p>\n<p class=\"font-claude-response-body break-words whitespace-normal leading-[1.7]\" style=\"text-align: left;\">Die Voraussetzungen zur Tatbestandserf\u00fcllung sind dabei folgende:<\/p>\n<ul class=\"[li_&amp;]:mb-0 [li_&amp;]:mt-1.5 [li_&amp;]:gap-1.5 [&amp;:not(:last-child)_ul]:pb-1 [&amp;:not(:last-child)_ol]:pb-1 list-disc flex flex-col gap-2 pl-8 mb-3\" style=\"text-align: left;\">\n<li class=\"whitespace-normal break-words pl-2\">Der fragliche Verm\u00f6genswert muss aus einer rechtswidrigen Vortat stammen.<\/li>\n<li class=\"whitespace-normal break-words pl-2\">Eine geeignete Tathandlung muss vorliegen:\n<ul class=\"[li_&amp;]:mb-0 [li_&amp;]:mt-1.5 [li_&amp;]:gap-1.5 [&amp;:not(:last-child)_ul]:pb-1 [&amp;:not(:last-child)_ol]:pb-1 list-disc flex flex-col gap-2 pl-8 mb-3\">\n<li class=\"whitespace-normal break-words pl-2\">\u00a7 261 Abs. 1 S. 1 Nr. 1 StGB: Verbergen des Gegenstandes<\/li>\n<li class=\"whitespace-normal break-words pl-2\">\u00a7 261 Abs. 1 S. 1 Nr. 2 StGB: Umtauschen, \u00dcbertragen oder Verbringen des Gegenstandes in der Absicht dessen Auffinden, Einziehung oder die Ermittlung der Herkunft zu vereiteln<\/li>\n<li class=\"whitespace-normal break-words pl-2\">\u00a7 261 Abs. 1 S. 1 Nr. 3 StGB: Verschaffen des Gegenstandes (sich oder einem Dritten)<\/li>\n<li class=\"whitespace-normal break-words pl-2\">\u00a7 261 Abs. 1 S. 1 Nr. 4 StGB: Verwahren oder Verwenden des Gegenstandes, wenn dessen Herkunft bei Erlangung bekannt war<\/li>\n<li class=\"whitespace-normal break-words pl-2\">\u00a7 261 Abs. 3 StGB: Verheimlichen oder Verschleiern von Tatsachen, die f\u00fcr das Auffinden, die Einziehung oder die Ermittlung der Herkunft des Gegenstandes von Bedeutung sein k\u00f6nnten<\/li>\n<\/ul>\n<\/li>\n<li class=\"whitespace-normal break-words pl-2\">Die Herkunft der Verm\u00f6genswerte muss bekannt sein oder zumindest grob fahrl\u00e4ssig (leichtfertig) verkannt werden.<\/li>\n<\/ul>\n<p class=\"font-claude-response-body break-words whitespace-normal leading-[1.7]\" style=\"text-align: left;\">Das Gesetz sieht f\u00fcr die Erf\u00fcllung des Tatbestands grunds\u00e4tzlich eine Freiheitsstrafe von bis zu 5 Jahren oder eine Geldstrafe vor. Verpflichtete im Sinne des \u00a7 2 GwG haben mit einer Freiheitsstrafe von 3 Monaten bis zu 5 Jahren zu rechnen. In besonders schweren F\u00e4llen, z. B. bei gewerbsm\u00e4\u00dfigem Handeln oder organisierter Geldw\u00e4sche durch Banden, betr\u00e4gt die Freiheitsstrafe zwischen 6 Monaten und 10 Jahren. Auch das leichtfertige Verkennen der rechtswidrigen Herkunft von Geldern ist bereits strafbar.<\/p>\n<p class=\"font-claude-response-body break-words whitespace-normal leading-[1.7]\" style=\"text-align: left;\">F\u00fcr Neum\u00fcnster t\u00e4tige Rechtsanw\u00e4lte k\u00f6nnen in solchen F\u00e4llen nicht nur die rechtlichen M\u00f6glichkeiten pr\u00fcfen, sondern auch bei der freiwilligen Anzeige bei den zust\u00e4ndigen Beh\u00f6rden unterst\u00fctzen, um einer Strafe zu entgehen.<\/p>\n<h2 class=\"font-claude-response-body break-words whitespace-normal leading-[1.7]\" style=\"text-align: left;\">Geldw\u00e4schegesetz (GwG) \u2013 Beratung durch Ihren Anwalt f\u00fcr Neum\u00fcnster<\/h2>\n<p class=\"font-claude-response-body break-words whitespace-normal leading-[1.7]\" style=\"text-align: left;\">Basis f\u00fcr die nationale Gesetzgebung ist die jeweils aktuelle EU-Geldw\u00e4scherichtlinie, die in regelm\u00e4\u00dfigen Abst\u00e4nden, zuletzt 2024, \u00fcberarbeitet wurde. Die 6. EU-Geldw\u00e4scherichtlinie muss bis zum 10.07.2027 von den EU-Mitgliedsstaaten in nationales Recht umgesetzt werden. Sie baut auf den bisherigen Richtlinien auf, versch\u00e4rft jedoch Vorgaben und schreibt noch konsequentere Ma\u00dfnahmen gegen kriminelle Aktivit\u00e4ten zur effektiven Bek\u00e4mpfung von Geldw\u00e4sche und Terrorismusfinanzierung vor. Allein in Deutschland hat sich die Zahl polizeilich erfasster Geldw\u00e4schedelikte zwischen 2020 und 2023 mehr als verdreifacht. Das weltweite Geldw\u00e4schevolumen wird auf bis zu 2 Billionen US-Dollar gesch\u00e4tzt.<\/p>\n<p class=\"font-claude-response-body break-words whitespace-normal leading-[1.7]\" style=\"text-align: left;\">F\u00fcr Unternehmen, Banken, Finanzdienstleister und Privatpersonen in Neum\u00fcnster ist das GwG von gro\u00dfer Bedeutung. Es regelt insbesondere Verantwortlichkeiten zur Bek\u00e4mpfung von Geldw\u00e4sche sowie damit verbundene Vorsichtsma\u00dfnahmen. Dazu z\u00e4hlen insbesondere Melde-, \u00dcberwachungs-, Dokumentations- und Sorgfaltspflichten. So besteht gem\u00e4\u00df \u00a7 2 GwG die Verpflichtung, bei bestimmten Transaktionen Verdachtsmeldungen an die zust\u00e4ndigen Beh\u00f6rden zu \u00fcbermitteln \u2013 unabh\u00e4ngig von der Zahlungsart oder H\u00f6he des Gesch\u00e4fts. Rechtsanw\u00e4lte f\u00fcr Neum\u00fcnster unterst\u00fctzen Mandanten dabei, die komplexen Anforderungen praxisnah umzusetzen.<\/p>\n<p class=\"font-claude-response-body break-words whitespace-normal leading-[1.7]\" style=\"text-align: left;\"><strong>Verpflichtete<\/strong> im Sinne des GwG sind insbesondere<\/p>\n<ul class=\"[li_&amp;]:mb-0 [li_&amp;]:mt-1.5 [li_&amp;]:gap-1.5 [&amp;:not(:last-child)_ul]:pb-1 [&amp;:not(:last-child)_ol]:pb-1 list-disc flex flex-col gap-2 pl-8 mb-3\" style=\"text-align: left;\">\n<li class=\"whitespace-normal break-words pl-2\">Banken, Kreditinstitute, Finanzunternehmen und Verm\u00f6gensverwalter<\/li>\n<li class=\"whitespace-normal break-words pl-2\">Rechtsbeist\u00e4nde, Steuerberater und Notare<\/li>\n<li class=\"whitespace-normal break-words pl-2\">Versicherungen<\/li>\n<li class=\"whitespace-normal break-words pl-2\">Wirtschaftspr\u00fcfer<\/li>\n<li class=\"whitespace-normal break-words pl-2\">Gl\u00fccksspielanbieter<\/li>\n<li class=\"whitespace-normal break-words pl-2\">Gewerbetreibende mit hohem Bargeldverkehr<\/li>\n<li class=\"whitespace-normal break-words pl-2\">Zollbeamte<\/li>\n<li class=\"whitespace-normal break-words pl-2\">Immobilienmakler<\/li>\n<li class=\"whitespace-normal break-words pl-2\">Kunstvermittler<\/li>\n<\/ul>\n<p class=\"font-claude-response-body break-words whitespace-normal leading-[1.7]\" style=\"text-align: left;\">Bei Verst\u00f6\u00dfen drohen Bu\u00dfgelder von bis zu einer Million Euro oder bis zum Zweifachen des wirtschaftlichen Vorteils, der aus dem Versto\u00df gezogen wurde. Unternehmen in Neum\u00fcnster sollten daher unbedingt pr\u00fcfen, ob ihre internen Prozesse den Vorgaben des GwG entsprechen.<\/p>\n<h2 class=\"font-claude-response-body break-words whitespace-normal leading-[1.7]\" style=\"text-align: left;\">Hawala-Banking \u2013 Rechtliche Risiken und Verteidigung in Neum\u00fcnster<\/h2>\n<p class=\"font-claude-response-body break-words whitespace-normal leading-[1.7]\" style=\"text-align: left;\">Der Begriff \u201eHawala&#8220; stammt aus dem Arabischen und bedeutet \u201e\u00dcberweisung&#8220;. Das Hawala-Bankingsystem erm\u00f6glicht weltweite informelle Finanztransfergesch\u00e4fte und existiert seit Jahrzehnten. Es erlaubt das Umgehen direkter Geldtransaktionen und basiert ausschlie\u00dflich auf Vertrauen und Verschwiegenheit. Hawala-Banking arbeitet ohne staatliche Zulassung, ohne Bankkonten und ohne belegbare Transaktionen.<\/p>\n<p class=\"font-claude-response-body break-words whitespace-normal leading-[1.7]\" style=\"text-align: left;\">F\u00fcr Neum\u00fcnster bedeutet das: Auch lokale Unternehmen und Privatpersonen k\u00f6nnen unbewusst in Hawala-Transaktionen involviert sein, z. B. \u00fcber Mittelsm\u00e4nner in Gastronomien, L\u00e4den oder kleinen Handelsgesch\u00e4ften. Die Kontrolle solcher Systeme ist extrem schwierig. Weltweit wird ein Transfervolumen von etwa 200 Milliarden Euro pro Jahr \u00fcber Hawala gesch\u00e4tzt.<\/p>\n<p class=\"font-claude-response-body break-words whitespace-normal leading-[1.7]\" style=\"text-align: left;\">Das System funktioniert \u00fcber sogenannte Hawaladare:<\/p>\n<ol class=\"[li_&amp;]:mb-0 [li_&amp;]:mt-1.5 [li_&amp;]:gap-1.5 [&amp;:not(:last-child)_ul]:pb-1 [&amp;:not(:last-child)_ol]:pb-1 list-decimal flex flex-col gap-2 pl-8 mb-3\" style=\"text-align: left;\">\n<li class=\"whitespace-normal break-words pl-2\">Der Zahler \u00fcbergibt Bargeld an einen lokalen Hawaladar in Neum\u00fcnster.<\/li>\n<li class=\"whitespace-normal break-words pl-2\">Dieser nimmt Kontakt zu einem Hawaladar am Auszahlungsort auf und \u00fcbermittelt Geldsumme und Auszahlungscode.<\/li>\n<li class=\"whitespace-normal break-words pl-2\">Der Empf\u00e4nger legitimiert sich mit dem Code beim Auszahlenden und erh\u00e4lt das Geld.<\/li>\n<\/ol>\n<p class=\"font-claude-response-body break-words whitespace-normal leading-[1.7]\" style=\"text-align: left;\">Zwischen den Hawaladaren flie\u00dft meist kein direktes Geld; die Abwicklung erfolgt rein wirtschaftlich. Zum Teil werden Scheinkaufvertr\u00e4ge genutzt, um die Transaktionen zu verschleiern.<\/p>\n<p class=\"font-claude-response-body break-words whitespace-normal leading-[1.7]\" style=\"text-align: left;\">Hawala-Banking ist in Deutschland und der EU nicht erlaubt, da es gegen Geldw\u00e4scherichtlinien verst\u00f6\u00dft. In Neum\u00fcnster beobachten Strafverfolgungsbeh\u00f6rden vermehrt Hinweise auf solche Systeme und pr\u00fcfen auff\u00e4llige Transaktionen auf m\u00f6gliche Verbindungen zu kriminellen Aktivit\u00e4ten, z. B. Geldw\u00e4sche oder Terrorismusfinanzierung. Rechtsanw\u00e4lte f\u00fcr Neum\u00fcnster beraten Unternehmen und Privatpersonen bei der rechtlichen Absicherung und bei Ermittlungen, um Risiken fr\u00fchzeitig zu erkennen und zu minimieren.<\/p>\n<h2 class=\"font-claude-response-body break-words whitespace-normal leading-[1.7]\" style=\"text-align: left;\">H\u00e4ufig gestellte Fragen \u2013 Anwalt bei Geldw\u00e4sche f\u00fcr Neum\u00fcnster<\/h2>\n<p>[\/et_pb_text][et_pb_accordion _builder_version=&#8220;4.27.4&#8243; _module_preset=&#8220;default&#8220; max_width=&#8220;600px&#8220; module_alignment=&#8220;right&#8220; hover_enabled=&#8220;0&#8243; sticky_enabled=&#8220;0&#8243; locked=&#8220;off&#8220; custom_margin=&#8220;||30px|||&#8220;][et_pb_accordion_item title=&#8220;Wann sollte ich einen Anwalt bei Geldw\u00e4sche einschalten?&#8220; _builder_version=&#8220;4.27.4&#8243; _module_preset=&#8220;default&#8220; open=&#8220;on&#8220; hover_enabled=&#8220;0&#8243; sticky_enabled=&#8220;0&#8243;]<\/p>\n<p>Bereits bei ersten Ermittlungen, Durchsuchungen oder Vorladungen zur Vernehmung sollten Sie rechtlichen Beistand hinzuziehen. Auch bei Unsicherheiten bez\u00fcglich GwG-Pflichten oder internen Compliance-Fragen ist eine fr\u00fchzeitige Beratung empfehlenswert, um rechtliche Risiken zu minimieren.<\/p>\n<p>[\/et_pb_accordion_item][et_pb_accordion_item title=&#8220;Was droht mir bei einem Geldw\u00e4scheverdacht?&#8220; _builder_version=&#8220;4.27.4&#8243; _module_preset=&#8220;default&#8220; open=&#8220;off&#8220; hover_enabled=&#8220;0&#8243; sticky_enabled=&#8220;0&#8243;]<\/p>\n<p>Je nach Schwere des Falles sieht \u00a7 261 StGB Freiheitsstrafen von bis zu 5 Jahren oder Geldstrafen vor. In besonders schweren F\u00e4llen, etwa bei gewerbsm\u00e4\u00dfigem Handeln oder bandenm\u00e4\u00dfiger Begehung, k\u00f6nnen Freiheitsstrafen zwischen 6 Monaten und 10 Jahren verh\u00e4ngt werden. Hinzu k\u00f6nnen Einziehungen von Verm\u00f6genswerten kommen.<\/p>\n<p>[\/et_pb_accordion_item][et_pb_accordion_item title=&#8220;Kann ich mich selbst bei Geldw\u00e4scheverdacht anzeigen?&#8220; _builder_version=&#8220;4.27.4&#8243; _module_preset=&#8220;default&#8220; open=&#8220;off&#8220; hover_enabled=&#8220;0&#8243; sticky_enabled=&#8220;0&#8243;]<\/p>\n<p>Ja, eine freiwillige Selbstanzeige ist unter bestimmten Voraussetzungen m\u00f6glich und kann strafmildernd wirken oder zu einem Absehen von Strafe f\u00fchren. Die rechtlichen Voraussetzungen sind jedoch komplex und sollten vorab mit einem Anwalt besprochen werden, um Fehler zu vermeiden.<\/p>\n<p>[\/et_pb_accordion_item][et_pb_accordion_item title=&#8220;Welche Pflichten habe ich als Unternehmen nach dem GwG?&#8220; _builder_version=&#8220;4.27.4&#8243; _module_preset=&#8220;default&#8220; open=&#8220;off&#8220; hover_enabled=&#8220;0&#8243; sticky_enabled=&#8220;0&#8243;]<\/p>\n<p>Verpflichtete nach \u00a7 2 GwG m\u00fcssen unter anderem Sorgfaltspflichten bei Kundenbeziehungen erf\u00fcllen, Transaktionen \u00fcberwachen, verd\u00e4chtige Aktivit\u00e4ten melden und interne Schulungen durchf\u00fchren. Die konkreten Pflichten h\u00e4ngen von der Branche und Art der Gesch\u00e4ftst\u00e4tigkeit ab. Verst\u00f6\u00dfe k\u00f6nnen mit erheblichen Bu\u00dfgeldern geahndet werden.<\/p>\n<p>[\/et_pb_accordion_item][et_pb_accordion_item title=&#8220;Was ist der Unterschied zwischen Geldw\u00e4sche und Hawala-Banking?&#8220; _builder_version=&#8220;4.27.4&#8243; _module_preset=&#8220;default&#8220; open=&#8220;off&#8220; hover_enabled=&#8220;0&#8243; sticky_enabled=&#8220;0&#8243;]<\/p>\n<p>Geldw\u00e4sche bezeichnet die Verschleierung der Herkunft illegal erlangter Gelder. Hawala-Banking ist ein informelles Transfersystem ohne Bankkonten und belegbare Transaktionen, das h\u00e4ufig zur Geldw\u00e4sche genutzt wird. Beide sind in Deutschland strafbar, k\u00f6nnen aber unterschiedliche rechtliche Konsequenzen nach sich ziehen.<\/p>\n<p>[\/et_pb_accordion_item][\/et_pb_accordion][et_pb_text _builder_version=&#8220;4.27.4&#8243; _module_preset=&#8220;default&#8220; header_2_font=&#8220;Conneqt Bold|||||on|||&#8220; header_2_text_color=&#8220;#666666&#8243; header_2_font_size=&#8220;20px&#8220; custom_margin=&#8220;|||254px|false|false&#8220; hover_enabled=&#8220;0&#8243; global_colors_info=&#8220;{}&#8220; sticky_enabled=&#8220;0&#8243; locked=&#8220;off&#8220;]<\/p>\n<h2 class=\"font-claude-response-body break-words whitespace-normal leading-[1.7]\" style=\"text-align: left;\">Ihr Anwalt bei Geldw\u00e4sche f\u00fcr Neum\u00fcnster \u2013 Jetzt Kontakt aufnehmen<\/h2>\n<p class=\"font-claude-response-body break-words whitespace-normal leading-[1.7]\" style=\"text-align: left;\">Sie ben\u00f6tigen rechtliche Beratung bei Geldw\u00e4scheverdacht oder GwG-Compliance? Kontaktieren Sie uns f\u00fcr ein vertrauliches Erstgespr\u00e4ch. Als erfahrene Rechtsanw\u00e4lte f\u00fcr Neum\u00fcnster stehen wir Ihnen zur Seite.<\/p>\n<p>[\/et_pb_text][\/et_pb_column][et_pb_column type=&#8220;1_2&#8243; disabled_on=&#8220;on|off|off&#8220; _builder_version=&#8220;4.21.0&#8243; use_background_color_gradient=&#8220;on&#8220; background_color_gradient_stops=&#8220;rgba(18,18,18,0.5) 0%|#121212 100%&#8220; background_color_gradient_overlays_image=&#8220;on&#8220; background_color_gradient_start=&#8220;rgba(18,18,18,0.5)&#8220; background_color_gradient_end=&#8220;#121212&#8243; background_image=&#8220;https:\/\/defenza.de\/wp-content\/uploads\/2021\/05\/IMG_2752-2-scaled.jpg&#8220; custom_padding=&#8220;100px||100px|&#8220; custom_padding_tablet=&#8220;60px||60px|&#8220; custom_padding_phone=&#8220;&#8220; custom_padding_last_edited=&#8220;on|desktop&#8220; global_colors_info=&#8220;{}&#8220; padding_tablet=&#8220;60px||60px|&#8220; padding_last_edited=&#8220;on|desktop&#8220; custom_padding__hover=&#8220;|||&#8220; padding_phone=&#8220;60px||60px|&#8220;][et_pb_image src=&#8220;https:\/\/defenza.de\/wp-content\/uploads\/2021\/05\/IMG_2752-2-scaled.jpg&#8220; alt=&#8220;Rechtsanw\u00e4lt*innen&#8220; title_text=&#8220;G\u00fcl Pinar \/ Arne Weller \/ Andreas Thiel&#8220; align_tablet=&#8220;center&#8220; align_phone=&#8220;&#8220; align_last_edited=&#8220;on|desktop&#8220; disabled_on=&#8220;on|off|off&#8220; _builder_version=&#8220;4.21.0&#8243; max_width=&#8220;600px&#8220; max_width_tablet=&#8220;&#8220; max_width_phone=&#8220;&#8220; max_width_last_edited=&#8220;on|desktop&#8220; custom_margin=&#8220;|||-8%&#8220; custom_margin_tablet=&#8220;60px|60px|60px|60px&#8220; custom_margin_phone=&#8220;&#8220; custom_margin_last_edited=&#8220;on|desktop&#8220; custom_padding=&#8220;|||&#8220; animation_style=&#8220;slide&#8220; animation_direction=&#8220;right&#8220; animation_intensity_slide=&#8220;4%&#8220; animation_starting_opacity=&#8220;50%&#8220; box_shadow_style=&#8220;preset3&#8243; box_shadow_blur=&#8220;80px&#8220; global_colors_info=&#8220;{}&#8220;][\/et_pb_image][\/et_pb_column][\/et_pb_row][\/et_pb_section]<\/p>\n","protected":false},"excerpt":{"rendered":"<p>Erfahrener Anwalt bei Geldw\u00e4sche f\u00fcr Neum\u00fcnster. Spezialisierte Strafverteidigung bei Geldw\u00e4scheverdacht, Hawala-Banking &#038; GwG-Compliance. Jetzt beraten lassen!<\/p>","protected":false},"author":3,"featured_media":0,"parent":0,"menu_order":0,"comment_status":"closed","ping_status":"closed","template":"","meta":{"_et_pb_use_builder":"on","_et_pb_old_content":"","_et_gb_content_width":"","om_disable_all_campaigns":false,"_monsterinsights_skip_tracking":false,"_monsterinsights_sitenote_active":false,"_monsterinsights_sitenote_note":"","_monsterinsights_sitenote_category":0,"footnotes":""},"class_list":["post-3733","page","type-page","status-publish","hentry"],"aioseo_notices":[],"_links":{"self":[{"href":"https:\/\/defenza.de\/tr\/wp-json\/wp\/v2\/pages\/3733","targetHints":{"allow":["GET"]}}],"collection":[{"href":"https:\/\/defenza.de\/tr\/wp-json\/wp\/v2\/pages"}],"about":[{"href":"https:\/\/defenza.de\/tr\/wp-json\/wp\/v2\/types\/page"}],"author":[{"embeddable":true,"href":"https:\/\/defenza.de\/tr\/wp-json\/wp\/v2\/users\/3"}],"replies":[{"embeddable":true,"href":"https:\/\/defenza.de\/tr\/wp-json\/wp\/v2\/comments?post=3733"}],"version-history":[{"count":6,"href":"https:\/\/defenza.de\/tr\/wp-json\/wp\/v2\/pages\/3733\/revisions"}],"predecessor-version":[{"id":4292,"href":"https:\/\/defenza.de\/tr\/wp-json\/wp\/v2\/pages\/3733\/revisions\/4292"}],"wp:attachment":[{"href":"https:\/\/defenza.de\/tr\/wp-json\/wp\/v2\/media?parent=3733"}],"curies":[{"name":"wp","href":"https:\/\/api.w.org\/{rel}","templated":true}]}}