{"id":4008,"date":"2025-10-22T07:45:05","date_gmt":"2025-10-22T05:45:05","guid":{"rendered":"https:\/\/twp-strafrecht.de\/?page_id=4008"},"modified":"2026-02-03T12:38:50","modified_gmt":"2026-02-03T11:38:50","slug":"cezai-emir-nedir","status":"publish","type":"page","link":"https:\/\/defenza.de\/tr\/was-ist-ein-strafbefehl\/","title":{"rendered":"Cezai emir nedir?"},"content":{"rendered":"<p>[et_pb_section fb_built=&#8220;1&#8243; disabled_on=&#8220;off|on|on&#8220; admin_label=&#8220;Hero Section&#8220; _builder_version=&#8220;4.16&#8243; custom_padding=&#8220;0|0px|0px|0px&#8220; global_colors_info=&#8220;{}&#8220;][et_pb_row use_custom_gutter=&#8220;on&#8220; make_equal=&#8220;on&#8220; _builder_version=&#8220;4.16&#8243; width=&#8220;100%&#8220; max_width=&#8220;100%&#8220; custom_padding=&#8220;0px|0|0px|&#8220; use_custom_width=&#8220;on&#8220; width_unit=&#8220;off&#8220; custom_width_percent=&#8220;100%&#8220; global_colors_info=&#8220;{}&#8220;][et_pb_column type=&#8220;4_4&#8243; _builder_version=&#8220;4.16&#8243; custom_padding=&#8220;200px|4%|200px|8%&#8220; custom_padding_tablet=&#8220;60px|10%|60px|10%&#8220; custom_padding_phone=&#8220;&#8220; custom_padding_last_edited=&#8220;on|tablet&#8220; global_colors_info=&#8220;{}&#8220; padding_tablet=&#8220;60px|10%|60px|10%&#8220; padding_last_edited=&#8220;on|tablet&#8220; custom_padding__hover=&#8220;|||&#8220; padding_phone=&#8220;60px|10%|60px|10%&#8220;][et_pb_image src=&#8220;https:\/\/defenza.de\/wp-content\/uploads\/2025\/12\/AdobeStock_553105295-1-1-scaled.jpg&#8220; alt=&#8220;Rechtsanw\u00e4ltin Pinar&#8220; title_text=&#8220;AdobeStock_553105295 1&#8243; align_tablet=&#8220;center&#8220; align_phone=&#8220;&#8220; align_last_edited=&#8220;on|desktop&#8220; disabled_on=&#8220;off|on|on&#8220; _builder_version=&#8220;4.27.4&#8243; max_width=&#8220;600px&#8220; max_width_tablet=&#8220;&#8220; max_width_phone=&#8220;&#8220; max_width_last_edited=&#8220;on|desktop&#8220; custom_margin=&#8220;|||-8%&#8220; custom_margin_tablet=&#8220;60px|60px|60px|60px&#8220; custom_margin_phone=&#8220;0px|0px|0px|0px|false|false&#8220; custom_margin_last_edited=&#8220;on|phone&#8220; custom_padding=&#8220;|||&#8220; animation_style=&#8220;slide&#8220; animation_direction=&#8220;right&#8220; animation_intensity_slide=&#8220;4%&#8220; animation_starting_opacity=&#8220;50%&#8220; box_shadow_style=&#8220;preset3&#8243; box_shadow_blur=&#8220;80px&#8220; global_colors_info=&#8220;{}&#8220;][\/et_pb_image][\/et_pb_column][\/et_pb_row][\/et_pb_section][et_pb_section fb_built=&#8220;1&#8243; admin_label=&#8220;Hero Section&#8220; _builder_version=&#8220;4.16&#8243; custom_padding=&#8220;0|0px|0px|0px&#8220; global_colors_info=&#8220;{}&#8220;][et_pb_row column_structure=&#8220;1_2,1_2&#8243; use_custom_gutter=&#8220;on&#8220; make_equal=&#8220;on&#8220; _builder_version=&#8220;4.27.4&#8243; width=&#8220;100%&#8220; max_width=&#8220;100%&#8220; custom_padding=&#8220;0px|0px|0px|||&#8220; use_custom_width=&#8220;on&#8220; width_unit=&#8220;off&#8220; custom_width_percent=&#8220;100%&#8220; global_colors_info=&#8220;{}&#8220;][et_pb_column type=&#8220;1_2&#8243; _builder_version=&#8220;4.16&#8243; custom_padding=&#8220;200px|4%|200px|8%&#8220; custom_padding_tablet=&#8220;60px|10%|60px|10%&#8220; custom_padding_phone=&#8220;&#8220; custom_padding_last_edited=&#8220;on|tablet&#8220; global_colors_info=&#8220;{}&#8220; padding_tablet=&#8220;60px|10%|60px|10%&#8220; padding_last_edited=&#8220;on|tablet&#8220; custom_padding__hover=&#8220;|||&#8220; padding_phone=&#8220;60px|10%|60px|10%&#8220;][et_pb_text _builder_version=&#8220;4.16&#8243; header_font=&#8220;Nunito||||||||&#8220; header_3_font=&#8220;Karla|700||on|||||&#8220; header_3_text_color=&#8220;#b51f1f&#8220; header_3_font_size=&#8220;16px&#8220; header_3_letter_spacing=&#8220;1px&#8220; transform_scale=&#8220;100%|100%&#8220; background_layout=&#8220;dark&#8220; custom_margin=&#8220;0px||20px||false|false&#8220; custom_margin_tablet=&#8220;&#8220; custom_margin_phone=&#8220;-60px||||false|false&#8220; custom_margin_last_edited=&#8220;on|phone&#8220; locked=&#8220;off&#8220; global_colors_info=&#8220;{}&#8220;]<\/p>\n<h3><\/h3>\n<p>[\/et_pb_text][et_pb_divider color=&#8220;#b51f1e&#8220; divider_weight=&#8220;2px&#8220; _builder_version=&#8220;4.16&#8243; transform_scale=&#8220;100%|100%&#8220; max_width=&#8220;150px&#8220; module_alignment=&#8220;right&#8220; height=&#8220;2px&#8220; custom_margin=&#8220;|||&#8220; custom_padding=&#8220;|-60px||&#8220; custom_padding_tablet=&#8220;|0px||&#8220; custom_padding_last_edited=&#8220;off|desktop&#8220; locked=&#8220;off&#8220; global_colors_info=&#8220;{}&#8220;][\/et_pb_divider][et_pb_text _builder_version=&#8220;4.27.4&#8243; header_2_font=&#8220;Conneqt Bold|||||on|||&#8220; header_2_text_color=&#8220;#666666&#8243; header_2_font_size=&#8220;20px&#8220; header_3_text_color=&#8220;#666666&#8243; custom_margin=&#8220;||35px|||&#8220; locked=&#8220;off&#8220; global_colors_info=&#8220;{}&#8220;]<\/p>\n<h1>Was ist ein Strafbefehl?<\/h1>\n<p style=\"text-align: left;\">Zu einer strafrechtlichen Verurteilung kann es nicht nur kommen, wenn eine m\u00fcndliche Hauptverhandlung vor Gericht stattgefunden hat. Im Rahmen einer solchen Hauptverhandlung findet eine Beweisaufnahme statt und der Angeklagte hat die M\u00f6glichkeit zur \u00c4u\u00dferung, bevor er ggfs. f\u00fcr schuldig befunden wird. Ein Strafbefehl dagegen ist ein f\u00f6rmliches Schreiben des Gerichts, welches eine Strafe f\u00fcr einen Angeklagten ohne eine Verhandlung vor Gericht festsetzt. Ebenso wie bei einem Urteil kommt es so zu einer rechtskr\u00e4ftigen Verurteilung mit weitestgehend denselben Rechtsfolgen. Ein rechtskr\u00e4ftiger Strafbefehl, gegen den kein Einspruch eingelegt wird, kann \u2013 wie ein normales Urteil \u2013 auch zu einer Vorstrafe und damit zu einem Eintrag in das Bundeszentralregister (BZR) f\u00fchren.<\/p>\n<p style=\"text-align: left;\">Die M\u00f6glichkeit einer Verurteilung mittels eines Strafbefehls dient vorrangig der <strong>Entlastung der Gerichte<\/strong>. Insbesondere Delikte der Kleinkriminalit\u00e4t k\u00f6nnen so schneller, kosteng\u00fcnstiger und mit weitaus geringerem Aufwand bestraft werden \u2013 ohne, dass eine Hauptverhandlung mit einer langwierigen Beweisaufnahme n\u00f6tig ist. Ein Strafbefehl kommt jedoch nur dann infrage, wenn es der Tatvorwurf sog. Vergehen betrifft, also Straftaten, die mit Geldstrafe oder Freiheitsstrafe unter einem Jahr bestraft werden. Verbrechen hingegen sind Delikte, die mit einem Mindeststrafma\u00df von \u00fcber einem Jahr geahndet werden. Wegen eines Verbrechens kann eine Verurteilung nicht im Wege eines Strafbefehls erfolgen.<\/p>\n<p style=\"text-align: left;\">Beachtlich ist jedoch, dass in der Praxis wegen hoher Arbeitsbelastung der Justiz zum Teil auch bei umfangreicheren Tatbest\u00e4nden, die eigentlich ein gerichtliches Hauptverfahren erfordern, die Strafe mittels eines Strafbefehls festgesetzt wird. Dies hat zur Folge, dass Zeugen nicht geh\u00f6rt werden oder auch dass sich das Gericht kein eigenes Bild vom Angeklagten machen kann. Daher ist es h\u00e4ufig geboten, sich gegen einen Strafbefehl zu wehren.<\/p>\n<h2 style=\"text-align: left;\">Was kann man bei einem Strafbefehl tun?<\/h2>\n<p style=\"text-align: left;\">Gegen einen Strafbefehl kann gem\u00e4\u00df \u00a7 410 Abs. 1 Satz 1 StPO <strong>innerhalb von 2 Wochen Einspruch<\/strong> eingelegt werden, sodass dieser nicht rechtskr\u00e4ftig wird. Diese Einspruchsfrist beginnt ab dem Tag der Zustellung zu laufen. Ein Einspruch kann entweder schriftlich oder zu Protokoll bei der Gesch\u00e4ftsstelle des Gerichts, das den Strafbefehl erlassen hat, eingelegt werden, ohne dass eine Begr\u00fcndung erforderlich ist.<\/p>\n<p style=\"text-align: left;\"><strong>Sollten Sie einen Strafbefehl erhalten haben, ist es daher von \u00e4u\u00dferster Notwendigkeit sich schnell an einen Anwalt zu wenden<\/strong>, da der Strafbefehl nach Ablauf der 2-Wochen-Frist rechtskr\u00e4ftig wird. Da ein Einspruch nachtr\u00e4glich auch noch zur\u00fcckgenommen werden kann, kann es ratsam sein, zun\u00e4chst einmal Einspruch einzulegen, die Ermittlungsakte anzufordern und dann das weitere Vorgehen \u2013 das auch die R\u00fccknahme des Einspruchs sein kann \u2013 zu pr\u00fcfen.<\/p>\n<p>[\/et_pb_text][et_pb_accordion _builder_version=&#8220;4.27.4&#8243; _module_preset=&#8220;default&#8220; max_width=&#8220;600px&#8220; module_alignment=&#8220;right&#8220; global_colors_info=&#8220;{}&#8220;][et_pb_accordion_item title=&#8220;BGH, Urteil vom 14.01.2021 (4 StR 95\/20) zur Einspruchsr\u00fccknahme nach einer Verfahrensverbindung:&#8220; open=&#8220;on&#8220; _builder_version=&#8220;4.27.4&#8243; _module_preset=&#8220;default&#8220; global_colors_info=&#8220;{}&#8220;]<\/p>\n<p>Der Bundesgerichtshof hat mit Urteil vom 14.01.2021 beschlossen, dass ein Einspruch gegen einen Strafbefehl nicht mehr zur\u00fcckgenommen werden kann, wenn das Strafbefehlsverfahren zuvor zu einem erstinstanzlichen landgerichtlichen Verfahren gem\u00e4\u00df \u00a7 4 Abs. 1 StPO verbunden wurde. <br \/>Im zugrunde liegenden Sachverhalt wurde gegen den Angeklagten in einem Strafverfahren wegen gef\u00e4hrlicher K\u00f6rperverletzung ein Strafbefehl \u00fcber eine Freiheitsstrafe von 1 Jahr ausgestellt, deren Vollstreckung zur Bew\u00e4hrung ausgesetzt wurde. Der Angeklagte legte anschlie\u00dfend fristgerecht Einspruch ein. Etwa 5 Monate danach wurde gegen den Angeklagten Anklage in einer anderen Strafsache erhoben. Das Strafbefehlsverfahren wurde dann zu dem angeklagten Verfahren verbunden. Noch vor Beginn der Hauptverhandlung, aber nach Er\u00f6ffnung des Hauptverfahrens nahm der Angeklagte den Einspruch zur\u00fcck. Diese R\u00fccknahme ist allerdings ausgeschlossen, sodass der Strafbefehl mit der vermeintlichen R\u00fccknahme nicht vollst\u00e4ndig in Rechtskraft erwachsen ist. Im Ergebnis konnte der Strafbefehl f\u00fcr eine nachtr\u00e4gliche Gesamtstrafenbildung nach \u00a7 55 StGB nicht herangezogen werden.<\/p>\n<p>[\/et_pb_accordion_item][\/et_pb_accordion][et_pb_text _builder_version=&#8220;4.27.4&#8243; header_2_font=&#8220;Conneqt Bold|||||on|||&#8220; header_2_text_color=&#8220;#666666&#8243; header_2_font_size=&#8220;20px&#8220; header_3_text_color=&#8220;#666666&#8243; custom_margin=&#8220;||35px|||&#8220; locked=&#8220;off&#8220; global_colors_info=&#8220;{}&#8220;]<\/p>\n<p style=\"text-align: left;\">Mit einem Einspruch kann man sich entweder gegen die Verurteilung an sich oder auch nur gegen die Rechtsfolgen des Strafbefehls wehren. Anhand dessen, dass der Richter den Strafbefehl \u2013 auf Antrag der Staatsanwaltschaft \u2013 erlassen hat, bildet sich in der Regel schon ab, dass der Richter eine Strafbarkeit annimmt. Vor diesem Gesichtspunkt kann es angemessen sein, allein gegen das Strafma\u00df vorzugehen. Es sollte stets durch einen Anwalt gepr\u00fcft werden, was sinnvollerweise dargelegt werden kann.<\/p>\n<h2 style=\"text-align: left;\">Wie l\u00e4uft das Strafbefehlsverfahren ab?<\/h2>\n<p style=\"text-align: left;\">Das Strafbefehlsverfahren richtet sich nach den \u00a7\u00a7 407 ff. der Strafprozessordnung (StPO). Um eine Strafe mittels eines Strafbefehls festzusetzen, muss der f\u00fcr das Verfahren zust\u00e4ndige Staatsanwalt bei dem Strafrichter des zust\u00e4ndigen Amtsgerichts einen Strafbefehl beantragen.<\/p>\n<p style=\"text-align: left;\">H\u00e4lt der Richter den Angeschuldigten f\u00fcr <strong>nicht hinreichend tatverd\u00e4chtig<\/strong>, lehnt er den Erlass eines Strafbefehls mit einem Beschluss ab. Dagegen kann die Staatsanwaltschaft wiederum eine sofortige Beschwerde einlegen, \u00fcber die dann erneut entschieden werden muss. Hat der Richter Bedenken hinsichtlich des Erlasses eines Strafbefehls oder m\u00f6chte er andere als die von der Staatsanwaltschaft beantragten Rechtsfolgen festsetzen, kann er auch eine m\u00fcndliche Hauptverhandlung anberaumen. Liegt nach Annahme des Richters hingegen ein <strong>hinreichender Tatverdacht<\/strong> vor, erl\u00e4sst er einen Strafbefehl, welcher den zugrundeliegenden Sachverhalt und die Strafe enth\u00e4lt.<\/p>\n<p style=\"text-align: left;\">In den meisten F\u00e4llen handelt es sich bei den im Strafbefehlswege festgesetzten Strafen um Geldstrafen nach \u00a7 40 StGB, allerdings ist beispielsweise auch eine Verwarnung mit Strafvorbehalt gem\u00e4\u00df \u00a7 59 StGB, ein Fahrverbot nach \u00a7 44 StGB, eine Einziehung gem\u00e4\u00df \u00a7 74 StGB oder das Entziehen der Fahrerlaubnis gem\u00e4\u00df \u00a7 69 StGB denkbar. F\u00fcr den Fall, dass durch einen Strafbefehl eine Freiheitsstrafe verh\u00e4ngt wird, wird diese zur Bew\u00e4hrung ausgesetzt.<\/p>\n<p style=\"text-align: left;\">Wird nach dem Erlass eines Strafbefehls Einspruch eingelegt, kann dieser verworfen werden. Das ist zum Beispiel dann der Fall, wenn er nicht frist- oder formgerecht eingelegt wurde. Gegen einen solchen Beschluss kann der Angeklagte jedoch noch sofortige Beschwerde einlegen. Ist der Einspruch hingegen zul\u00e4ssig, kommt es anschlie\u00dfend zu einer <strong>m\u00fcndlichen Hauptverhandlung<\/strong>, also einem klassischen Verfahren vor Gericht. F\u00fcr den Fall, dass der Angeklagte trotz ordnungsgem\u00e4\u00dfer Ladung zu diesem Termin nicht erscheint und sich auch nicht durch einen Verteidiger vertreten l\u00e4sst, wird der Einspruch ohne eine m\u00fcndliche Verhandlung durch ein Urteil verworfen. Dagegen kann der Angeklagte noch Rechtsmittel in Form einer Berufung oder einer Revision einlegen. <br \/>Unter Umst\u00e4nden, n\u00e4mlich wenn neue Erkenntnisse oder rechtlich ver\u00e4nderte Gegebenheiten vorliegen, kann auch noch die Einstellung des Verfahrens vor einer Hauptverhandlung erzielt werden.<\/p>\n<h2 style=\"text-align: left;\">Strafbefehl im Jugendstrafrecht<\/h2>\n<p style=\"text-align: left;\">Eine Besonderheit besteht im Jugendstrafrecht, da gegen Jugendliche im Alter von 14-17 Jahren grunds\u00e4tzlich kein Strafbefehl ergehen werden darf. Gegen\u00fcber Heranwachsenden im Alter von 18-21 Jahren kann ein Strafbefehl nur dann erlassen werden, wenn dieser keine Freiheitsstrafe vorsieht.<\/p>\n<p style=\"text-align: left;\">Sollten Sie einen Strafbefehl erhalten haben, stehen wir Ihnen gerne als <a href=\"#kontakt\">erfahrene Strafverteidiger<\/a> zur Seite.<\/p>\n<p>[\/et_pb_text][et_pb_text _builder_version=&#8220;4.27.4&#8243; _module_preset=&#8220;default&#8220; sticky_enabled=&#8220;0&#8243; header_2_font=&#8220;Conneqt Bold|||||on|||&#8220; header_2_text_color=&#8220;#666666&#8243; header_2_font_size=&#8220;20px&#8220; header_3_text_color=&#8220;#666666&#8243; custom_margin=&#8220;||35px|||&#8220; hover_enabled=&#8220;0&#8243;]<\/p>\n<h2 style=\"text-align: left;\">FAQ<\/h2>\n<p>[\/et_pb_text][et_pb_accordion _builder_version=&#8220;4.27.4&#8243; _module_preset=&#8220;default&#8220; hover_enabled=&#8220;0&#8243; sticky_enabled=&#8220;0&#8243; max_width=&#8220;600px&#8220; module_alignment=&#8220;right&#8220;][et_pb_accordion_item title=&#8220;Was ist ein Strafbefehl?&#8220; _builder_version=&#8220;4.27.4&#8243; _module_preset=&#8220;default&#8220; open=&#8220;on&#8220; hover_enabled=&#8220;0&#8243; sticky_enabled=&#8220;0&#8243;]<\/p>\n<p><span style=\"font-weight: 400;\">Ein Strafbefehl ist ein f\u00f6rmliches Gerichtsschreiben, mit dem eine Strafe festgesetzt wird, ohne dass eine Hauptverhandlung stattgefunden hat.<\/span><\/p>\n<p>[\/et_pb_accordion_item][et_pb_accordion_item title=&#8220;Ist ein Strafbefehl eine Verurteilung?&#8220; _builder_version=&#8220;4.27.4&#8243; _module_preset=&#8220;default&#8220; open=&#8220;on&#8220; hover_enabled=&#8220;0&#8243; sticky_enabled=&#8220;0&#8243;]<\/p>\n<p><span style=\"font-weight: 400;\">Ja, ein Strafbefehl wirkt wie ein rechtskr\u00e4ftiges Urteil \u2013 wenn kein Einspruch eingelegt wird.<\/span><\/p>\n<p>[\/et_pb_accordion_item][et_pb_accordion_item title=&#8220;Wie kann man gegen einen Strafbefehl vorgehen?&#8220; _builder_version=&#8220;4.27.4&#8243; _module_preset=&#8220;default&#8220; open=&#8220;off&#8220; hover_enabled=&#8220;0&#8243; sticky_enabled=&#8220;0&#8243;]<\/p>\n<p><span style=\"font-weight: 400;\">Gegen einen Strafbefehl kann man Einspruch einlegen, entweder gegen die Verurteilung an sich oder nur gegen die damit festgesetzten Rechtsfolgen.<\/span><\/p>\n<p>[\/et_pb_accordion_item][et_pb_accordion_item title=&#8220;Wie lange hat man f\u00fcr einen Einspruch Zeit?&#8220; _builder_version=&#8220;4.27.4&#8243; _module_preset=&#8220;default&#8220; open=&#8220;off&#8220; hover_enabled=&#8220;0&#8243; sticky_enabled=&#8220;0&#8243;]<\/p>\n<p><span style=\"font-weight: 400;\">Die Einspruchsfrist betr\u00e4gt 2 Wochen (14 Tage) ab Zustellung des Strafbefehls.<\/span><\/p>\n<p>[\/et_pb_accordion_item][et_pb_accordion_item title=&#8220;Was passiert nach einem Einspruch?&#8220; _builder_version=&#8220;4.27.4&#8243; _module_preset=&#8220;default&#8220; open=&#8220;off&#8220; hover_enabled=&#8220;0&#8243; sticky_enabled=&#8220;0&#8243;]<\/p>\n<p><span style=\"font-weight: 400;\">Wenn der Einspruch zul\u00e4ssig ist, kommt es anschlie\u00dfend zu einer m\u00fcndlichen Hauptverhandlung, also einem klassischen Verfahren vor Gericht.<\/span><\/p>\n<p>[\/et_pb_accordion_item][et_pb_accordion_item title=&#8220;Welche Strafen k\u00f6nnen in einem Strafbefehl stehen?&#8220; _builder_version=&#8220;4.27.4&#8243; _module_preset=&#8220;default&#8220; open=&#8220;off&#8220; hover_enabled=&#8220;0&#8243; sticky_enabled=&#8220;0&#8243;]<\/p>\n<p><span style=\"font-weight: 400;\">Meistens wird mit einem Strafbefehl eine Geldstrafe festgesetzt. Denkbar sind dar\u00fcber hinaus ein Fahrverbot, der Entzug der Fahrerlaubnis, eine Verwarnung mit Strafvorbehalt sowie andere Nebenstrafen. Mit einem Strafbefehl kann aber auch eine Freiheitsstrafe festgesetzt werden, die dann aber zwingend zur Bew\u00e4hrung auszusetzen ist.<\/span><\/p>\n<p>[\/et_pb_accordion_item][et_pb_accordion_item title=&#8220;Sorgt ein Strafbefehl f\u00fcr eine Eintragung im F\u00fchrungszeugnis?&#8220; _builder_version=&#8220;4.27.4&#8243; _module_preset=&#8220;default&#8220; open=&#8220;off&#8220; hover_enabled=&#8220;0&#8243; sticky_enabled=&#8220;0&#8243;]<\/p>\n<p><span style=\"font-weight: 400;\">Nicht zwingend. Eine Verurteilung durch einen Strafbefehl wird nur ins F\u00fchrungszeugnis eingetragen, wenn es sich um eine Geldstrafe \u00fcber 90 Tagess\u00e4tzen handelt oder wenn die verh\u00e4ngte Strafe eine Freiheitsstrafe von \u00fcber 3 Monaten ist. Ein Strafbefehl wird aber immer im Bundeszentralregister eingetragen.<\/span><\/p>\n<p>[\/et_pb_accordion_item][et_pb_accordion_item title=&#8220;In welchen F\u00e4llen wird ein Strafbefehl erlassen?&#8220; _builder_version=&#8220;4.27.4&#8243; _module_preset=&#8220;default&#8220; open=&#8220;off&#8220; hover_enabled=&#8220;0&#8243; sticky_enabled=&#8220;0&#8243;]<\/p>\n<p><span style=\"font-weight: 400;\">Ein Strafbefehl kann nur bei Vergehen, also bei Straftaten, die mit Geldstrafe oder Freiheitsstrafe unter 1 Jahr bestraft werden, ergehen. Meist wird er bei Delikten der Kleinkriminalit\u00e4t eingesetzt, beispielsweise bei Verkehrsdelikten.<\/span><\/p>\n<p>[\/et_pb_accordion_item][et_pb_accordion_item title=&#8220;Wie hoch sind die Kosten und Folgen eines Strafbefehls?&#8220; _builder_version=&#8220;4.27.4&#8243; _module_preset=&#8220;default&#8220; open=&#8220;off&#8220; hover_enabled=&#8220;0&#8243; sticky_enabled=&#8220;0&#8243;]<\/p>\n<p>Wird eine Geldstrafe verh\u00e4ngt, muss diese bezahlt werden. Dazu kommen Gerichtskosten und Auslagen, die meist ein zweistelliger oder niedriger dreistelliger Betrag sind. Falls ein Anwalt beauftragt wurde, ist auch dieser zu bezahlen.<\/p>\n<p>[\/et_pb_accordion_item][et_pb_accordion_item title=&#8220;Was passiert, wenn man die im Strafbefehl festgesetzte Geldstrafe nicht bezahlt?&#8220; _builder_version=&#8220;4.27.4&#8243; _module_preset=&#8220;default&#8220; open=&#8220;off&#8220; hover_enabled=&#8220;0&#8243; sticky_enabled=&#8220;0&#8243;]<\/p>\n<p>Zun\u00e4chst wird eine Zahlungserinnerung von der Staatsanwaltschaft kommen. Es ist zu beachten, dass bei Darlegung von triftigen Gr\u00fcnden auch eine Ratenzahlung oder eine Stundung beantragt werden kann. Wenn weiterhin nicht gezahlt wird, kann es zur Zwangsvollstreckung kommen oder die Geldstrafe wird in eine Ersatzfreiheitsstrafe umgewandelt.<\/p>\n<p>[\/et_pb_accordion_item][\/et_pb_accordion][\/et_pb_column][et_pb_column type=&#8220;1_2&#8243; disabled_on=&#8220;on|off|off&#8220; _builder_version=&#8220;4.27.4&#8243; use_background_color_gradient=&#8220;on&#8220; background_color_gradient_stops=&#8220;rgba(18,18,18,0.5) 0%|#121212 100%&#8220; background_color_gradient_overlays_image=&#8220;on&#8220; background_color_gradient_start=&#8220;rgba(18,18,18,0.5)&#8220; background_color_gradient_end=&#8220;#121212&#8243; background_image=&#8220;https:\/\/defenza.de\/wp-content\/uploads\/2025\/12\/AdobeStock_553105295-1-1-scaled.jpg&#8220; custom_padding=&#8220;100px||100px|&#8220; custom_padding_tablet=&#8220;60px||60px|&#8220; custom_padding_phone=&#8220;&#8220; custom_padding_last_edited=&#8220;on|desktop&#8220; global_colors_info=&#8220;{}&#8220; padding_tablet=&#8220;60px||60px|&#8220; padding_last_edited=&#8220;on|desktop&#8220; custom_padding__hover=&#8220;|||&#8220; padding_phone=&#8220;60px||60px|&#8220;][et_pb_image src=&#8220;https:\/\/defenza.de\/wp-content\/uploads\/2025\/12\/AdobeStock_553105295-1-1-scaled.jpg&#8220; alt=&#8220;Rechtsanw\u00e4ltin Pinar&#8220; title_text=&#8220;AdobeStock_553105295 1&#8243; align_tablet=&#8220;center&#8220; align_phone=&#8220;&#8220; align_last_edited=&#8220;on|desktop&#8220; disabled_on=&#8220;on|off|off&#8220; _builder_version=&#8220;4.27.4&#8243; max_width=&#8220;600px&#8220; max_width_tablet=&#8220;&#8220; max_width_phone=&#8220;&#8220; max_width_last_edited=&#8220;on|desktop&#8220; custom_margin=&#8220;|||-8%&#8220; custom_margin_tablet=&#8220;60px|60px|60px|60px&#8220; custom_margin_phone=&#8220;&#8220; custom_margin_last_edited=&#8220;on|desktop&#8220; custom_padding=&#8220;|||&#8220; animation_style=&#8220;slide&#8220; animation_direction=&#8220;right&#8220; animation_intensity_slide=&#8220;4%&#8220; animation_starting_opacity=&#8220;50%&#8220; box_shadow_style=&#8220;preset3&#8243; box_shadow_blur=&#8220;80px&#8220; global_colors_info=&#8220;{}&#8220;][\/et_pb_image][\/et_pb_column][\/et_pb_row][\/et_pb_section]<\/p>\n","protected":false},"excerpt":{"rendered":"<p>Cezai karar\u0131n ne oldu\u011funu, sonu\u00e7lar\u0131n\u0131 ve nas\u0131l itiraz edilece\u011fini \u00f6\u011frenin. TWP Ceza Savunma Avukatlar\u0131 Hamburg, yetkin ve \u00f6zverili dan\u0131\u015fmanl\u0131k hizmeti sunar.<\/p>","protected":false},"author":4,"featured_media":0,"parent":0,"menu_order":0,"comment_status":"closed","ping_status":"closed","template":"","meta":{"_et_pb_use_builder":"on","_et_pb_old_content":"","_et_gb_content_width":"","om_disable_all_campaigns":false,"_monsterinsights_skip_tracking":false,"_monsterinsights_sitenote_active":false,"_monsterinsights_sitenote_note":"","_monsterinsights_sitenote_category":0,"footnotes":""},"class_list":["post-4008","page","type-page","status-publish","hentry"],"aioseo_notices":[],"_links":{"self":[{"href":"https:\/\/defenza.de\/tr\/wp-json\/wp\/v2\/pages\/4008","targetHints":{"allow":["GET"]}}],"collection":[{"href":"https:\/\/defenza.de\/tr\/wp-json\/wp\/v2\/pages"}],"about":[{"href":"https:\/\/defenza.de\/tr\/wp-json\/wp\/v2\/types\/page"}],"author":[{"embeddable":true,"href":"https:\/\/defenza.de\/tr\/wp-json\/wp\/v2\/users\/4"}],"replies":[{"embeddable":true,"href":"https:\/\/defenza.de\/tr\/wp-json\/wp\/v2\/comments?post=4008"}],"version-history":[{"count":7,"href":"https:\/\/defenza.de\/tr\/wp-json\/wp\/v2\/pages\/4008\/revisions"}],"predecessor-version":[{"id":4363,"href":"https:\/\/defenza.de\/tr\/wp-json\/wp\/v2\/pages\/4008\/revisions\/4363"}],"wp:attachment":[{"href":"https:\/\/defenza.de\/tr\/wp-json\/wp\/v2\/media?parent=4008"}],"curies":[{"name":"wp","href":"https:\/\/api.w.org\/{rel}","templated":true}]}}