{"id":4043,"date":"2025-11-18T07:31:57","date_gmt":"2025-11-18T06:31:57","guid":{"rendered":"https:\/\/twp-strafrecht.de\/?page_id=4043"},"modified":"2025-11-18T07:31:57","modified_gmt":"2025-11-18T06:31:57","slug":"ceza-hukukunda-acil-yardim-hamburg-ve-kuzey-almanyadaki-deneyimli-ceza-savunma-avukatlariniz","status":"publish","type":"page","link":"https:\/\/defenza.de\/tr\/soforthilfe-im-strafrecht-ihre-erfahrenen-strafverteidigerinnen-in-hamburg-und-norddeutschland\/","title":{"rendered":"Ceza hukukunda acil yard\u0131m \u2013 Hamburg ve Kuzey Almanya&#039;daki deneyimli ceza savunma avukatlar\u0131n\u0131z"},"content":{"rendered":"<p>[et_pb_section fb_built=&#8220;1&#8243; disabled_on=&#8220;off|on|on&#8220; admin_label=&#8220;Hero Section&#8220; _builder_version=&#8220;4.16&#8243; custom_padding=&#8220;0|0px|0px|0px&#8220; global_colors_info=&#8220;{}&#8220;][et_pb_row use_custom_gutter=&#8220;on&#8220; make_equal=&#8220;on&#8220; _builder_version=&#8220;4.16&#8243; width=&#8220;100%&#8220; max_width=&#8220;100%&#8220; custom_padding=&#8220;0px|0|0px|&#8220; use_custom_width=&#8220;on&#8220; width_unit=&#8220;off&#8220; custom_width_percent=&#8220;100%&#8220; global_colors_info=&#8220;{}&#8220;][et_pb_column type=&#8220;4_4&#8243; _builder_version=&#8220;4.16&#8243; custom_padding=&#8220;200px|4%|200px|8%&#8220; custom_padding_tablet=&#8220;60px|10%|60px|10%&#8220; custom_padding_phone=&#8220;&#8220; custom_padding_last_edited=&#8220;on|tablet&#8220; global_colors_info=&#8220;{}&#8220; padding_tablet=&#8220;60px|10%|60px|10%&#8220; padding_last_edited=&#8220;on|tablet&#8220; custom_padding__hover=&#8220;|||&#8220; padding_phone=&#8220;60px|10%|60px|10%&#8220;][et_pb_image src=&#8220;https:\/\/defenza.de\/wp-content\/uploads\/2021\/05\/IMG_2752-2-scaled.jpg&#8220; alt=&#8220;Rechtsanw\u00e4lt*innen&#8220; title_text=&#8220;G\u00fcl Pinar \/ Arne Weller \/ Andreas Thiel&#8220; align_tablet=&#8220;center&#8220; align_phone=&#8220;&#8220; align_last_edited=&#8220;on|desktop&#8220; disabled_on=&#8220;off|on|on&#8220; _builder_version=&#8220;4.27.4&#8243; max_width=&#8220;600px&#8220; max_width_tablet=&#8220;&#8220; max_width_phone=&#8220;&#8220; max_width_last_edited=&#8220;on|desktop&#8220; custom_margin=&#8220;|||-8%&#8220; custom_margin_tablet=&#8220;60px|60px|60px|60px&#8220; custom_margin_phone=&#8220;0px|0px|0px|0px|false|false&#8220; custom_margin_last_edited=&#8220;on|phone&#8220; custom_padding=&#8220;|||&#8220; animation_style=&#8220;slide&#8220; animation_direction=&#8220;right&#8220; animation_intensity_slide=&#8220;4%&#8220; animation_starting_opacity=&#8220;50%&#8220; hover_enabled=&#8220;0&#8243; box_shadow_style=&#8220;preset3&#8243; box_shadow_blur=&#8220;80px&#8220; global_colors_info=&#8220;{}&#8220; sticky_enabled=&#8220;0&#8243;][\/et_pb_image][\/et_pb_column][\/et_pb_row][\/et_pb_section][et_pb_section fb_built=&#8220;1&#8243; admin_label=&#8220;Hero Section&#8220; _builder_version=&#8220;4.16&#8243; custom_padding=&#8220;0|0px|0px|0px&#8220; global_colors_info=&#8220;{}&#8220;][et_pb_row column_structure=&#8220;1_2,1_2&#8243; use_custom_gutter=&#8220;on&#8220; make_equal=&#8220;on&#8220; _builder_version=&#8220;4.27.4&#8243; width=&#8220;100%&#8220; max_width=&#8220;100%&#8220; custom_padding=&#8220;0px|0px|0px|||&#8220; hover_enabled=&#8220;0&#8243; use_custom_width=&#8220;on&#8220; width_unit=&#8220;off&#8220; custom_width_percent=&#8220;100%&#8220; global_colors_info=&#8220;{}&#8220; sticky_enabled=&#8220;0&#8243;][et_pb_column type=&#8220;1_2&#8243; _builder_version=&#8220;4.16&#8243; custom_padding=&#8220;200px|4%|200px|8%&#8220; custom_padding_tablet=&#8220;60px|10%|60px|10%&#8220; custom_padding_phone=&#8220;&#8220; custom_padding_last_edited=&#8220;on|tablet&#8220; global_colors_info=&#8220;{}&#8220; padding_tablet=&#8220;60px|10%|60px|10%&#8220; padding_last_edited=&#8220;on|tablet&#8220; custom_padding__hover=&#8220;|||&#8220; padding_phone=&#8220;60px|10%|60px|10%&#8220;][et_pb_text _builder_version=&#8220;4.16&#8243; header_font=&#8220;Nunito||||||||&#8220; header_3_font=&#8220;Karla|700||on|||||&#8220; header_3_text_color=&#8220;#b51f1f&#8220; header_3_font_size=&#8220;16px&#8220; header_3_letter_spacing=&#8220;1px&#8220; transform_scale=&#8220;100%|100%&#8220; background_layout=&#8220;dark&#8220; custom_margin=&#8220;0px||20px||false|false&#8220; custom_margin_tablet=&#8220;&#8220; custom_margin_phone=&#8220;-60px||||false|false&#8220; custom_margin_last_edited=&#8220;on|phone&#8220; locked=&#8220;off&#8220; global_colors_info=&#8220;{}&#8220;]<\/p>\n<h3><\/h3>\n<p>[\/et_pb_text][et_pb_divider color=&#8220;#b51f1e&#8220; divider_weight=&#8220;2px&#8220; _builder_version=&#8220;4.16&#8243; transform_scale=&#8220;100%|100%&#8220; max_width=&#8220;150px&#8220; module_alignment=&#8220;right&#8220; height=&#8220;2px&#8220; custom_margin=&#8220;|||&#8220; custom_padding=&#8220;|-60px||&#8220; custom_padding_tablet=&#8220;|0px||&#8220; custom_padding_last_edited=&#8220;off|desktop&#8220; locked=&#8220;off&#8220; global_colors_info=&#8220;{}&#8220;][\/et_pb_divider][et_pb_text _builder_version=&#8220;4.27.4&#8243; header_2_font=&#8220;Conneqt Bold|||||on|||&#8220; header_2_text_color=&#8220;#666666&#8243; header_2_font_size=&#8220;20px&#8220; header_3_text_color=&#8220;#666666&#8243; custom_margin=&#8220;||35px|||&#8220; hover_enabled=&#8220;0&#8243; locked=&#8220;off&#8220; global_colors_info=&#8220;{}&#8220; sticky_enabled=&#8220;0&#8243;]<\/p>\n<h1>Soforthilfe im Strafrecht \u2013 Ihre erfahrenen Strafverteidiger:innen in Hamburg und Norddeutschland<\/h1>\n<p style=\"text-align: left;\"><span style=\"font-weight: 400;\">Eine Strafanzeige, eine polizeiliche Vorladung oder gar eine Hausdurchsuchung \u2013 solche Situationen treffen die meisten Betroffenen v\u00f6llig \u00fcberraschend. F\u00fcr viele ist es das erste Mal, dass sie mit Ermittlungsbeh\u00f6rden zu tun haben.<\/span><\/p>\n<p style=\"text-align: left;\"><span style=\"font-weight: 400;\">In dieser belastenden Situation ist eines besonders wichtig: Ruhe bewahren und schnelle, professionelle Hilfe an Ihrer Seite wissen. Als erfahrene Fachanw\u00e4lt:innen f\u00fcr Strafrecht vertreten wir Mandant:innen sicher, diskret und mit durchdachter Verteidigungsstrategie.<\/span><\/p>\n<p style=\"text-align: left;\"><span style=\"font-weight: 400;\"><a href=\"#kontakt\">Rufen Sie uns jetzt an<\/a> \u2013 wir sind sofort f\u00fcr Sie da.<\/span><\/p>\n<h2 style=\"text-align: left;\">Was sollten Sie tun bei einer Anzeige oder Vorladung?<\/h2>\n<p style=\"text-align: left;\"><span style=\"font-weight: 400;\">Ein Schreiben von Polizei oder Staatsanwaltschaft bedeutet erst einmal nur eines: Es wird ermittelt. Gleichzeitig werden jedoch wichtige Weichen f\u00fcr den weiteren Verlauf gestellt.<\/span><\/p>\n<p style=\"text-align: left;\"><span style=\"font-weight: 400;\">Unsere wichtigste Empfehlung:\u00a0Sprechen Sie erst nach einer anwaltlichen Beratung! Jede unbedachte Aussage kann sp\u00e4ter gegen Sie verwendet werden.<\/span><\/p>\n<p style=\"text-align: left;\"><span style=\"font-weight: 400;\">Wir verschaffen uns durch Akteneinsicht einen umfassenden \u00dcberblick \u00fcber den Tatvorwurf, die Beweislage und die juristische Situation. Nur so k\u00f6nnen wir eine fundierte Entscheidung \u00fcber Ihre Verteidigung treffen.<\/span><\/p>\n<h2 style=\"text-align: left;\">Fr\u00fchzeitige Verteidigung zahlt sich aus<\/h2>\n<p style=\"text-align: left;\"><span style=\"font-weight: 400;\">Ein erfahrener Strafverteidiger kann meist schon im Ermittlungsverfahren daf\u00fcr sorgen, dass das Verfahren eingestellt wird \u2013 noch bevor es zu einer Hauptverhandlung kommt. So vermeiden Sie unn\u00f6tigen Stress, \u00f6ffentliche Belastungen und negative Eintr\u00e4ge im F\u00fchrungszeugnis.<\/span><\/p>\n<h2 style=\"text-align: left;\">Speziell f\u00fcr Eltern und Jugendliche: Mit Verst\u00e4ndnis und Ruhe<\/h2>\n<p style=\"text-align: left;\"><span style=\"font-weight: 400;\">Eltern sind oft besonders verunsichert, wenn das eigene Kind im Fokus von Ermittlungen steht. Wir begleiten Sie sachlich und verst\u00e4ndnisvoll durch diesen schwierigen Prozess. Im Jugendstrafrecht steht die Erziehung, nicht die Bestrafung, im Vordergrund. Unser Ziel ist es, Verfahren einzustellen und die Zukunft der Jugendlichen zu sichern.<\/span><\/p>\n<p style=\"text-align: left;\"><b>Unsere Kernkompetenzen im Strafrecht<\/b><\/p>\n<ul style=\"text-align: left;\">\n<li style=\"font-weight: 400;\" aria-level=\"1\"><span style=\"font-weight: 400;\">Allgemeines Strafrecht und Ermittlungsverfahren<\/span><\/li>\n<li style=\"font-weight: 400;\" aria-level=\"1\"><span style=\"font-weight: 400;\">Jugendstrafrecht und Elternberatung<\/span><\/li>\n<li style=\"font-weight: 400;\" aria-level=\"1\"><span style=\"font-weight: 400;\">K\u00f6rperverletzungs- und Eigentumsdelikte<\/span><\/li>\n<li style=\"font-weight: 400;\" aria-level=\"1\"><span style=\"font-weight: 400;\">Bet\u00e4ubungsmitteldelikte<\/span><\/li>\n<li style=\"font-weight: 400;\" aria-level=\"1\"><span style=\"font-weight: 400;\">Wirtschafts- und Steuerstrafrecht<\/span><\/li>\n<li style=\"font-weight: 400;\" aria-level=\"1\"><span style=\"font-weight: 400;\">Internationalem Strafrecht<\/span><\/li>\n<\/ul>\n<p style=\"text-align: left;\"><span style=\"font-weight: 400;\">Jeder Fall erh\u00e4lt bei uns eine individuelle Verteidigungsstrategie \u2013 keine Standardl\u00f6sungen.<\/span><\/p>\n<h2 style=\"text-align: left;\">Wie l\u00e4uft ein Strafverfahren ab \u2013 und wann ist die Verteidigung am wichtigsten?<\/h2>\n<p style=\"text-align: left;\"><span style=\"font-weight: 400;\">Das Strafverfahren gliedert sich in mehrere Phasen:<\/span><\/p>\n<ul style=\"text-align: left;\">\n<li style=\"font-weight: 400;\" aria-level=\"1\"><span style=\"font-weight: 400;\">Ermittlungsverfahren:\u00a0Polizei und Staatsanwaltschaft pr\u00fcfen, ob ein hinreichender Tatverdacht besteht. Jetzt sollten Sie einen Strafverteidiger einschalten.<\/span><\/li>\n<li style=\"font-weight: 400;\" aria-level=\"1\"><span style=\"font-weight: 400;\">Zwischenverfahren: Die Staatsanwaltschaft hat Anklage erhoben und die Sache liegt nun beim Gericht. Wenn Sie eine Anklageschrift zugestellt bekommen haben, befindet sich ihr Strafverfahren regelm\u00e4\u00dfig in dieser Phase.<\/span><\/li>\n<li style=\"font-weight: 400;\" aria-level=\"1\"><span style=\"font-weight: 400;\">Hauptverfahren: Das Gericht hat die Anklage zugelassen und das Hauptverfahren er\u00f6ffnet. Es wird eine Hauptverhandlung gegen Sie gef\u00fchrt.<\/span><\/li>\n<\/ul>\n<h2 style=\"text-align: left;\">Was k\u00f6nnen wir f\u00fcr Sie tun?<\/h2>\n<p style=\"text-align: left;\"><span style=\"font-weight: 400;\">Unabh\u00e4ngig von den unterschiedlichen Stadien eines Strafverfahrens werden wir immer wie folgt t\u00e4tig:<\/span><\/p>\n<ul style=\"text-align: left;\">\n<li style=\"font-weight: 400;\" aria-level=\"1\"><span style=\"font-weight: 400;\">Akteneinsicht:\u00a0Wir pr\u00fcfen die Ermittlungsakte, besprechen mit Ihnen die Inhalte, das Belastende, das Entlastende.\u00a0<\/span><\/li>\n<\/ul>\n<ul style=\"text-align: left;\">\n<li style=\"font-weight: 400;\" aria-level=\"1\"><span style=\"font-weight: 400;\">Strategie:\u00a0Gemeinsam entscheiden wir, ob Schweigen, Einlassung oder ein Antrag auf Einstellung sinnvoll ist. Wir erarbeiten mit Ihnen eine sinnvolle Stellungnahme.<\/span><\/li>\n<li style=\"font-weight: 400;\" aria-level=\"1\"><span style=\"font-weight: 400;\">An Ihrer Seite: Sollte es zu einer Hauptverhandlung kommen, vertreten wir Sie engagiert vor Gericht \u2013 mit Nachdruck und Erfahrung. Wir verf\u00fcgen \u00fcber eine langj\u00e4hrige Prozesserfahrung und sind in der Forensik zu Hause.<\/span><\/li>\n<\/ul>\n<p style=\"text-align: left;\"><span style=\"font-weight: 400;\">H\u00e4ufig kann durch eine fundierte Stellungnahme die Einstellung des Verfahrens erreicht werden. Es gilt, Vorw\u00fcrfe zu entkr\u00e4ften, Widerspr\u00fcche aufzudecken und die juristische Einordnung der Ermittlungsbeh\u00f6rde zu \u00fcberpr\u00fcfen.<\/span><\/p>\n<p style=\"text-align: left;\"><span style=\"font-weight: 400;\">Unser Ziel:<\/span><\/p>\n<p style=\"text-align: left;\"><span style=\"font-weight: 400;\">In vielen F\u00e4llen gelingt es, bereits im Ermittlungsverfahren eine Einstellung zu erreichen. Eine fr\u00fchzeitige und kompetente Verteidigung kann verhindern, dass es \u00fcberhaupt zu einer \u00f6ffentlichen Hauptverhandlung kommt.<\/span><\/p>\n<h2 style=\"text-align: left;\">Regional verwurzelt, deutschlandweit t\u00e4tig<\/h2>\n<p style=\"text-align: left;\"><span style=\"font-weight: 400;\">Unsere Kanzlei ist in ganz Deutschland f\u00fcr Sie t\u00e4tig und regional in Norddeutschland verwurzelt \u2013 insbesondere in Hamburg, Kiel, Flensburg, Husum, B\u00fcsum, Neum\u00fcnster, Stade und Itzehoe.<\/span><\/p>\n<p style=\"text-align: left;\"><span style=\"font-weight: 400;\">Wir vertreten Mandanten aus allen gesellschaftlichen Bereichen \u2013 unauff\u00e4llig, professionell und mit einem klaren Verst\u00e4ndnis f\u00fcr die pers\u00f6nliche Belastung, die ein Strafverfahren mit sich bringt.<\/span><\/p>\n<h2 style=\"text-align: left;\">Kontaktieren Sie uns fr\u00fchzeitig<\/h2>\n<p style=\"text-align: left;\"><span style=\"font-weight: 400;\">Warten Sie nicht, bis Fristen verstreichen oder sich Vorw\u00fcrfe verfestigen. Ein fr\u00fches Gespr\u00e4ch mit einem erfahrenen Strafverteidiger kann entscheidend daf\u00fcr sein, ob ein Verfahren eingestellt wird oder vor Gericht kommt.<\/span><\/p>\n<p style=\"text-align: left;\"><span style=\"font-weight: 400;\">Ob pers\u00f6nlicher Termin, telefonische Erstberatung oder Videokonferenz \u2013 Diskretion und Erreichbarkeit sind f\u00fcr uns selbstverst\u00e4ndlich.\u00a0<\/span><\/p>\n<p style=\"text-align: left;\"><span style=\"font-weight: 400;\">Strafverteidigung mit Erfahrung, Verantwortung und Menschlichkeit \u2013 f\u00fcr Sie, Ihre Familie und Ihre Zukunft.<\/span><\/p>\n<p>[\/et_pb_text][\/et_pb_column][et_pb_column type=&#8220;1_2&#8243; disabled_on=&#8220;on|off|off&#8220; _builder_version=&#8220;4.27.4&#8243; use_background_color_gradient=&#8220;on&#8220; background_color_gradient_stops=&#8220;rgba(18,18,18,0.5) 0%|#121212 100%&#8220; background_color_gradient_overlays_image=&#8220;on&#8220; background_color_gradient_start=&#8220;rgba(18,18,18,0.5)&#8220; background_color_gradient_end=&#8220;#121212&#8243; background_image=&#8220;https:\/\/defenza.de\/wp-content\/uploads\/2021\/05\/IMG_2752-2-scaled.jpg&#8220; custom_padding=&#8220;100px||100px|&#8220; custom_padding_tablet=&#8220;60px||60px|&#8220; custom_padding_phone=&#8220;&#8220; custom_padding_last_edited=&#8220;on|desktop&#8220; hover_enabled=&#8220;0&#8243; global_colors_info=&#8220;{}&#8220; padding_tablet=&#8220;60px||60px|&#8220; padding_last_edited=&#8220;on|desktop&#8220; custom_padding__hover=&#8220;|||&#8220; padding_phone=&#8220;60px||60px|&#8220; alt=&#8220;Rechtsanw\u00e4lt*innen&#8220; title_text=&#8220;G\u00fcl Pinar \/ Arne Weller \/ Andreas Thiel&#8220; sticky_enabled=&#8220;0&#8243;][et_pb_image src=&#8220;https:\/\/defenza.de\/wp-content\/uploads\/2021\/05\/IMG_2752-2-scaled.jpg&#8220; alt=&#8220;Rechtsanw\u00e4lt*innen&#8220; title_text=&#8220;G\u00fcl Pinar \/ Arne Weller \/ Andreas Thiel&#8220; align_tablet=&#8220;center&#8220; align_phone=&#8220;&#8220; align_last_edited=&#8220;on|desktop&#8220; disabled_on=&#8220;on|off|off&#8220; _builder_version=&#8220;4.27.4&#8243; max_width=&#8220;600px&#8220; max_width_tablet=&#8220;&#8220; max_width_phone=&#8220;&#8220; max_width_last_edited=&#8220;on|desktop&#8220; custom_margin=&#8220;|||-8%&#8220; custom_margin_tablet=&#8220;60px|60px|60px|60px&#8220; custom_margin_phone=&#8220;&#8220; custom_margin_last_edited=&#8220;on|desktop&#8220; custom_padding=&#8220;|||&#8220; animation_style=&#8220;slide&#8220; animation_direction=&#8220;right&#8220; animation_intensity_slide=&#8220;4%&#8220; animation_starting_opacity=&#8220;50%&#8220; hover_enabled=&#8220;0&#8243; box_shadow_style=&#8220;preset3&#8243; box_shadow_blur=&#8220;80px&#8220; global_colors_info=&#8220;{}&#8220; sticky_enabled=&#8220;0&#8243;][\/et_pb_image][\/et_pb_column][\/et_pb_row][\/et_pb_section]<\/p>\n","protected":false},"excerpt":{"rendered":"<p>Hamburg&#039;daki hukuk b\u00fcromuz, ceza hukuku konular\u0131nda size an\u0131nda ve profesyonel destek sunar. \u0130ster bir su\u00e7 duyurusu, ister bir polis celbi veya ev aramas\u0131yla kar\u015f\u0131 kar\u015f\u0131ya olun, h\u0131zl\u0131, gizli ve uzun y\u0131llara dayanan deneyimimizle yan\u0131n\u0131zday\u0131z. Dava dosyalar\u0131n\u0131 inceliyor, iyi d\u00fc\u015f\u00fcn\u00fclm\u00fc\u015f bir savunma stratejisi geli\u015ftiriyor ve genel ceza hukuku, \u00e7ocuk ceza hukuku ve mal, sald\u0131r\u0131, uyu\u015fturucu, beyaz yakal\u0131 ve vergi su\u00e7lar\u0131n\u0131 i\u00e7eren davalarda davalar\u0131n erken reddedilmesini hedefliyoruz. Kuzey Almanya&#039;da bulunan ofisimiz, Hamburg ve Almanya genelindeki m\u00fcvekkillerimizi g\u00fcvenilir bir \u015fekilde temsil etmektedir.<\/p>","protected":false},"author":4,"featured_media":0,"parent":0,"menu_order":0,"comment_status":"closed","ping_status":"closed","template":"","meta":{"_et_pb_use_builder":"on","_et_pb_old_content":"","_et_gb_content_width":"","om_disable_all_campaigns":false,"_monsterinsights_skip_tracking":false,"_monsterinsights_sitenote_active":false,"_monsterinsights_sitenote_note":"","_monsterinsights_sitenote_category":0,"footnotes":""},"class_list":["post-4043","page","type-page","status-publish","hentry"],"aioseo_notices":[],"_links":{"self":[{"href":"https:\/\/defenza.de\/tr\/wp-json\/wp\/v2\/pages\/4043","targetHints":{"allow":["GET"]}}],"collection":[{"href":"https:\/\/defenza.de\/tr\/wp-json\/wp\/v2\/pages"}],"about":[{"href":"https:\/\/defenza.de\/tr\/wp-json\/wp\/v2\/types\/page"}],"author":[{"embeddable":true,"href":"https:\/\/defenza.de\/tr\/wp-json\/wp\/v2\/users\/4"}],"replies":[{"embeddable":true,"href":"https:\/\/defenza.de\/tr\/wp-json\/wp\/v2\/comments?post=4043"}],"version-history":[{"count":4,"href":"https:\/\/defenza.de\/tr\/wp-json\/wp\/v2\/pages\/4043\/revisions"}],"predecessor-version":[{"id":4048,"href":"https:\/\/defenza.de\/tr\/wp-json\/wp\/v2\/pages\/4043\/revisions\/4048"}],"wp:attachment":[{"href":"https:\/\/defenza.de\/tr\/wp-json\/wp\/v2\/media?parent=4043"}],"curies":[{"name":"wp","href":"https:\/\/api.w.org\/{rel}","templated":true}]}}